{"id":909,"date":"2024-08-02T10:45:58","date_gmt":"2024-08-02T07:45:58","guid":{"rendered":"https:\/\/houkutteleva.fi\/?post_type=product&#038;p=909"},"modified":"2024-08-21T11:01:40","modified_gmt":"2024-08-21T08:01:40","slug":"majavan-koko-trofee","status":"publish","type":"product","link":"https:\/\/houkutteleva.fi\/sv\/tuote\/majavan-koko-trofee\/","title":{"rendered":"Majavan koko trofee"},"content":{"rendered":"<p>Euroopanmajava eli majava on Euroopan ja Aasian alkuper\u00e4inen majavalaji. Se oli 1800-luvulla v\u00e4h\u00e4ll\u00e4 kuolla sukupuuttoon liiallisen mets\u00e4styksen takia, mutta on my\u00f6hemmin runsastunut ja alkanut levitt\u00e4yty\u00e4 takaisin entisille elinalueilleen.<br \/>Kanadanmajava on luontaisesti Pohjois-Amerikassa el\u00e4v\u00e4 majavalaji, jota on sen arvokkaan turkin vuoksi siirtoistutettu my\u00f6s Etel\u00e4-Amerikkaan, It\u00e4-Aasiaan ja Eurooppaan. Suomeen laji tuotiin 1930-luvulla, ja nykyisin se on alueella huomattavasti runsaslukuisempi kuin alkuper\u00e4iseen lajistoon kuuluva euroopanmajava.<\/p>\n","protected":false},"excerpt":{"rendered":"<p>Euroopanmajava<em><strong>:<\/strong><\/em>\u00a0 Maan suurin jyrsij\u00e4, ruumiin pituus 65\u2013105 cm, h\u00e4nt\u00e4 22\u201338 cm, paino 12\u201333 kg<br \/>Kanadanmajava: Pituus:74 \u2013 90\u00a0cm (T\u00e4ysikasvuinen, Ilman h\u00e4nt\u00e4\u00e4), paino11 \u2013 32\u00a0kg<\/p>\n","protected":false},"featured_media":910,"template":"","meta":{"_et_pb_use_builder":"","_et_pb_old_content":"","_et_gb_content_width":""},"product_brand":[],"product_cat":[19],"product_tag":[],"class_list":{"0":"post-909","1":"product","2":"type-product","3":"status-publish","4":"has-post-thumbnail","6":"product_cat-trofeet","8":"first","9":"instock","10":"taxable","11":"shipping-taxable","12":"product-type-simple"},"yoast_head":"<!-- This site is optimized with the Yoast SEO plugin v26.6 - https:\/\/yoast.com\/wordpress\/plugins\/seo\/ -->\n<title>Majavan koko trofee - Houkutteleva<\/title>\n<meta name=\"robots\" content=\"index, follow, max-snippet:-1, max-image-preview:large, max-video-preview:-1\" \/>\n<link rel=\"canonical\" href=\"https:\/\/houkutteleva.fi\/sv\/tuote\/majavan-koko-trofee\/\" \/>\n<meta property=\"og:locale\" content=\"sv_SE\" \/>\n<meta property=\"og:type\" content=\"article\" \/>\n<meta property=\"og:title\" content=\"Majavan koko trofee - Houkutteleva\" \/>\n<meta property=\"og:description\" content=\"Euroopanmajava:\u00a0 Maan suurin jyrsij\u00e4, ruumiin pituus 65\u2013105 cm, h\u00e4nt\u00e4 22\u201338 cm, paino 12\u201333 kgKanadanmajava: Pituus:74 \u2013 90\u00a0cm (T\u00e4ysikasvuinen, Ilman h\u00e4nt\u00e4\u00e4), paino11 \u2013 32\u00a0kg\" \/>\n<meta property=\"og:url\" content=\"https:\/\/houkutteleva.fi\/sv\/tuote\/majavan-koko-trofee\/\" \/>\n<meta property=\"og:site_name\" content=\"Houkutteleva\" \/>\n<meta property=\"article:modified_time\" content=\"2024-08-21T08:01:40+00:00\" \/>\n<meta property=\"og:image\" content=\"https:\/\/houkutteleva.fi\/wp-content\/uploads\/Majava_2024-06-29-13-03-57.jpg\" \/>\n\t<meta property=\"og:image:width\" content=\"640\" \/>\n\t<meta property=\"og:image:height\" content=\"480\" \/>\n\t<meta property=\"og:image:type\" content=\"image\/jpeg\" \/>\n<meta name=\"twitter:card\" content=\"summary_large_image\" \/>\n<script type=\"application\/ld+json\" class=\"yoast-schema-graph\">{\"@context\":\"https:\/\/schema.org\",\"@graph\":[{\"@type\":\"WebPage\",\"@id\":\"https:\/\/houkutteleva.fi\/sv\/tuote\/majavan-koko-trofee\/\",\"url\":\"https:\/\/houkutteleva.fi\/sv\/tuote\/majavan-koko-trofee\/\",\"name\":\"Majavan koko trofee - Houkutteleva\",\"isPartOf\":{\"@id\":\"https:\/\/houkutteleva.fi\/sv\/#website\"},\"primaryImageOfPage\":{\"@id\":\"https:\/\/houkutteleva.fi\/sv\/tuote\/majavan-koko-trofee\/#primaryimage\"},\"image\":{\"@id\":\"https:\/\/houkutteleva.fi\/sv\/tuote\/majavan-koko-trofee\/#primaryimage\"},\"thumbnailUrl\":\"https:\/\/houkutteleva.fi\/wp-content\/uploads\/Majava_2024-06-29-13-03-57.jpg\",\"datePublished\":\"2024-08-02T07:45:58+00:00\",\"dateModified\":\"2024-08-21T08:01:40+00:00\",\"breadcrumb\":{\"@id\":\"https:\/\/houkutteleva.fi\/sv\/tuote\/majavan-koko-trofee\/#breadcrumb\"},\"inLanguage\":\"sv-SE\",\"potentialAction\":[{\"@type\":\"ReadAction\",\"target\":[\"https:\/\/houkutteleva.fi\/sv\/tuote\/majavan-koko-trofee\/\"]}]},{\"@type\":\"ImageObject\",\"inLanguage\":\"sv-SE\",\"@id\":\"https:\/\/houkutteleva.fi\/sv\/tuote\/majavan-koko-trofee\/#primaryimage\",\"url\":\"https:\/\/houkutteleva.fi\/wp-content\/uploads\/Majava_2024-06-29-13-03-57.jpg\",\"contentUrl\":\"https:\/\/houkutteleva.fi\/wp-content\/uploads\/Majava_2024-06-29-13-03-57.jpg\",\"width\":640,\"height\":480},{\"@type\":\"BreadcrumbList\",\"@id\":\"https:\/\/houkutteleva.fi\/sv\/tuote\/majavan-koko-trofee\/#breadcrumb\",\"itemListElement\":[{\"@type\":\"ListItem\",\"position\":1,\"name\":\"Etusivu\",\"item\":\"https:\/\/houkutteleva.fi\/sv\/\"},{\"@type\":\"ListItem\",\"position\":2,\"name\":\"Butik\",\"item\":\"https:\/\/houkutteleva.fi\/sv\/butik\/\"},{\"@type\":\"ListItem\",\"position\":3,\"name\":\"Majavan koko trofee\"}]},{\"@type\":\"WebSite\",\"@id\":\"https:\/\/houkutteleva.fi\/sv\/#website\",\"url\":\"https:\/\/houkutteleva.fi\/sv\/\",\"name\":\"Houkutteleva\",\"description\":\"Mets\u00e4stys ja luontomatkailu Suomessa\",\"potentialAction\":[{\"@type\":\"SearchAction\",\"target\":{\"@type\":\"EntryPoint\",\"urlTemplate\":\"https:\/\/houkutteleva.fi\/sv\/?s={search_term_string}\"},\"query-input\":{\"@type\":\"PropertyValueSpecification\",\"valueRequired\":true,\"valueName\":\"search_term_string\"}}],\"inLanguage\":\"sv-SE\"}]}<\/script>\n<!-- \/ Yoast SEO plugin. -->","yoast_head_json":{"title":"Majavan koko trofee - Houkutteleva","robots":{"index":"index","follow":"follow","max-snippet":"max-snippet:-1","max-image-preview":"max-image-preview:large","max-video-preview":"max-video-preview:-1"},"canonical":"https:\/\/houkutteleva.fi\/sv\/tuote\/majavan-koko-trofee\/","og_locale":"sv_SE","og_type":"article","og_title":"Majavan koko trofee - Houkutteleva","og_description":"Euroopanmajava:\u00a0 Maan suurin jyrsij\u00e4, ruumiin pituus 65\u2013105 cm, h\u00e4nt\u00e4 22\u201338 cm, paino 12\u201333 kgKanadanmajava: Pituus:74 \u2013 90\u00a0cm (T\u00e4ysikasvuinen, Ilman h\u00e4nt\u00e4\u00e4), paino11 \u2013 32\u00a0kg","og_url":"https:\/\/houkutteleva.fi\/sv\/tuote\/majavan-koko-trofee\/","og_site_name":"Houkutteleva","article_modified_time":"2024-08-21T08:01:40+00:00","og_image":[{"width":640,"height":480,"url":"https:\/\/houkutteleva.fi\/wp-content\/uploads\/Majava_2024-06-29-13-03-57.jpg","type":"image\/jpeg"}],"twitter_card":"summary_large_image","schema":{"@context":"https:\/\/schema.org","@graph":[{"@type":"WebPage","@id":"https:\/\/houkutteleva.fi\/sv\/tuote\/majavan-koko-trofee\/","url":"https:\/\/houkutteleva.fi\/sv\/tuote\/majavan-koko-trofee\/","name":"Majavan koko trofee - Houkutteleva","isPartOf":{"@id":"https:\/\/houkutteleva.fi\/sv\/#website"},"primaryImageOfPage":{"@id":"https:\/\/houkutteleva.fi\/sv\/tuote\/majavan-koko-trofee\/#primaryimage"},"image":{"@id":"https:\/\/houkutteleva.fi\/sv\/tuote\/majavan-koko-trofee\/#primaryimage"},"thumbnailUrl":"https:\/\/houkutteleva.fi\/wp-content\/uploads\/Majava_2024-06-29-13-03-57.jpg","datePublished":"2024-08-02T07:45:58+00:00","dateModified":"2024-08-21T08:01:40+00:00","breadcrumb":{"@id":"https:\/\/houkutteleva.fi\/sv\/tuote\/majavan-koko-trofee\/#breadcrumb"},"inLanguage":"sv-SE","potentialAction":[{"@type":"ReadAction","target":["https:\/\/houkutteleva.fi\/sv\/tuote\/majavan-koko-trofee\/"]}]},{"@type":"ImageObject","inLanguage":"sv-SE","@id":"https:\/\/houkutteleva.fi\/sv\/tuote\/majavan-koko-trofee\/#primaryimage","url":"https:\/\/houkutteleva.fi\/wp-content\/uploads\/Majava_2024-06-29-13-03-57.jpg","contentUrl":"https:\/\/houkutteleva.fi\/wp-content\/uploads\/Majava_2024-06-29-13-03-57.jpg","width":640,"height":480},{"@type":"BreadcrumbList","@id":"https:\/\/houkutteleva.fi\/sv\/tuote\/majavan-koko-trofee\/#breadcrumb","itemListElement":[{"@type":"ListItem","position":1,"name":"Etusivu","item":"https:\/\/houkutteleva.fi\/sv\/"},{"@type":"ListItem","position":2,"name":"Butik","item":"https:\/\/houkutteleva.fi\/sv\/butik\/"},{"@type":"ListItem","position":3,"name":"Majavan koko trofee"}]},{"@type":"WebSite","@id":"https:\/\/houkutteleva.fi\/sv\/#website","url":"https:\/\/houkutteleva.fi\/sv\/","name":"Houkutteleva","description":"Mets\u00e4stys ja luontomatkailu Suomessa","potentialAction":[{"@type":"SearchAction","target":{"@type":"EntryPoint","urlTemplate":"https:\/\/houkutteleva.fi\/sv\/?s={search_term_string}"},"query-input":{"@type":"PropertyValueSpecification","valueRequired":true,"valueName":"search_term_string"}}],"inLanguage":"sv-SE"}]}},"_links":{"self":[{"href":"https:\/\/houkutteleva.fi\/sv\/wp-json\/wp\/v2\/product\/909","targetHints":{"allow":["GET"]}}],"collection":[{"href":"https:\/\/houkutteleva.fi\/sv\/wp-json\/wp\/v2\/product"}],"about":[{"href":"https:\/\/houkutteleva.fi\/sv\/wp-json\/wp\/v2\/types\/product"}],"wp:featuredmedia":[{"embeddable":true,"href":"https:\/\/houkutteleva.fi\/sv\/wp-json\/wp\/v2\/media\/910"}],"wp:attachment":[{"href":"https:\/\/houkutteleva.fi\/sv\/wp-json\/wp\/v2\/media?parent=909"}],"wp:term":[{"taxonomy":"product_brand","embeddable":true,"href":"https:\/\/houkutteleva.fi\/sv\/wp-json\/wp\/v2\/product_brand?post=909"},{"taxonomy":"product_cat","embeddable":true,"href":"https:\/\/houkutteleva.fi\/sv\/wp-json\/wp\/v2\/product_cat?post=909"},{"taxonomy":"product_tag","embeddable":true,"href":"https:\/\/houkutteleva.fi\/sv\/wp-json\/wp\/v2\/product_tag?post=909"}],"curies":[{"name":"wp","href":"https:\/\/api.w.org\/{rel}","templated":true}]}}