{"id":906,"date":"2024-08-02T10:43:12","date_gmt":"2024-08-02T07:43:12","guid":{"rendered":"https:\/\/houkutteleva.fi\/?post_type=product&#038;p=906"},"modified":"2024-08-02T10:57:29","modified_gmt":"2024-08-02T07:57:29","slug":"seepran-poyta-trofee","status":"publish","type":"product","link":"https:\/\/houkutteleva.fi\/sv\/tuote\/seepran-poyta-trofee\/","title":{"rendered":"Seepran p\u00f6yt\u00e4 trofee"},"content":{"rendered":"<p>L\u00f6ytyy ruohotasangoilla tai hajallaan olevilla kolmipuualueilla. L\u00f6ytyy sek\u00e4 lis\u00e4\u00e4ntymis- ett\u00e4 poikamieslaumoista. Yleens\u00e4 kaukolaukaus 100-300 metrin p\u00e4\u00e4st\u00e4 maastosta riippuen, mutta ne ruokailevat yleens\u00e4 siell\u00e4, miss\u00e4 ei ole suojaa, mik\u00e4 tekee l\u00e4hestymisest\u00e4 vaikeaa.<\/p>\n","protected":false},"excerpt":{"rendered":"<p>S\u00e4k\u00e4korkeus: 1,36 metri\u00e4<br \/>Paino: 320 kiloa<\/p>\n","protected":false},"featured_media":907,"template":"","meta":{"_et_pb_use_builder":"","_et_pb_old_content":"","_et_gb_content_width":""},"product_brand":[],"product_cat":[19],"product_tag":[],"class_list":{"0":"post-906","1":"product","2":"type-product","3":"status-publish","4":"has-post-thumbnail","6":"product_cat-trofeet","8":"first","9":"instock","10":"taxable","11":"shipping-taxable","12":"product-type-simple"},"yoast_head":"<!-- This site is optimized with the Yoast SEO plugin v26.6 - https:\/\/yoast.com\/wordpress\/plugins\/seo\/ -->\n<title>Seepran p\u00f6yt\u00e4 trofee - Houkutteleva<\/title>\n<meta name=\"robots\" content=\"index, follow, max-snippet:-1, max-image-preview:large, max-video-preview:-1\" \/>\n<link rel=\"canonical\" href=\"https:\/\/houkutteleva.fi\/sv\/tuote\/seepran-poyta-trofee\/\" \/>\n<meta property=\"og:locale\" content=\"sv_SE\" \/>\n<meta property=\"og:type\" content=\"article\" \/>\n<meta property=\"og:title\" content=\"Seepran p\u00f6yt\u00e4 trofee - Houkutteleva\" \/>\n<meta property=\"og:description\" content=\"S\u00e4k\u00e4korkeus: 1,36 metri\u00e4Paino: 320 kiloa\" \/>\n<meta property=\"og:url\" content=\"https:\/\/houkutteleva.fi\/sv\/tuote\/seepran-poyta-trofee\/\" \/>\n<meta property=\"og:site_name\" content=\"Houkutteleva\" \/>\n<meta property=\"article:modified_time\" content=\"2024-08-02T07:57:29+00:00\" \/>\n<meta property=\"og:image\" content=\"https:\/\/houkutteleva.fi\/wp-content\/uploads\/Seepra-2024-06-29-13-03-51.jpg\" \/>\n\t<meta property=\"og:image:width\" content=\"480\" \/>\n\t<meta property=\"og:image:height\" content=\"640\" \/>\n\t<meta property=\"og:image:type\" content=\"image\/jpeg\" \/>\n<meta name=\"twitter:card\" content=\"summary_large_image\" \/>\n<script type=\"application\/ld+json\" class=\"yoast-schema-graph\">{\"@context\":\"https:\/\/schema.org\",\"@graph\":[{\"@type\":\"WebPage\",\"@id\":\"https:\/\/houkutteleva.fi\/sv\/tuote\/seepran-poyta-trofee\/\",\"url\":\"https:\/\/houkutteleva.fi\/sv\/tuote\/seepran-poyta-trofee\/\",\"name\":\"Seepran p\u00f6yt\u00e4 trofee - Houkutteleva\",\"isPartOf\":{\"@id\":\"https:\/\/houkutteleva.fi\/sv\/#website\"},\"primaryImageOfPage\":{\"@id\":\"https:\/\/houkutteleva.fi\/sv\/tuote\/seepran-poyta-trofee\/#primaryimage\"},\"image\":{\"@id\":\"https:\/\/houkutteleva.fi\/sv\/tuote\/seepran-poyta-trofee\/#primaryimage\"},\"thumbnailUrl\":\"https:\/\/houkutteleva.fi\/wp-content\/uploads\/Seepra-2024-06-29-13-03-51.jpg\",\"datePublished\":\"2024-08-02T07:43:12+00:00\",\"dateModified\":\"2024-08-02T07:57:29+00:00\",\"breadcrumb\":{\"@id\":\"https:\/\/houkutteleva.fi\/sv\/tuote\/seepran-poyta-trofee\/#breadcrumb\"},\"inLanguage\":\"sv-SE\",\"potentialAction\":[{\"@type\":\"ReadAction\",\"target\":[\"https:\/\/houkutteleva.fi\/sv\/tuote\/seepran-poyta-trofee\/\"]}]},{\"@type\":\"ImageObject\",\"inLanguage\":\"sv-SE\",\"@id\":\"https:\/\/houkutteleva.fi\/sv\/tuote\/seepran-poyta-trofee\/#primaryimage\",\"url\":\"https:\/\/houkutteleva.fi\/wp-content\/uploads\/Seepra-2024-06-29-13-03-51.jpg\",\"contentUrl\":\"https:\/\/houkutteleva.fi\/wp-content\/uploads\/Seepra-2024-06-29-13-03-51.jpg\",\"width\":480,\"height\":640},{\"@type\":\"BreadcrumbList\",\"@id\":\"https:\/\/houkutteleva.fi\/sv\/tuote\/seepran-poyta-trofee\/#breadcrumb\",\"itemListElement\":[{\"@type\":\"ListItem\",\"position\":1,\"name\":\"Etusivu\",\"item\":\"https:\/\/houkutteleva.fi\/sv\/\"},{\"@type\":\"ListItem\",\"position\":2,\"name\":\"Butik\",\"item\":\"https:\/\/houkutteleva.fi\/sv\/butik\/\"},{\"@type\":\"ListItem\",\"position\":3,\"name\":\"Seepran p\u00f6yt\u00e4 trofee\"}]},{\"@type\":\"WebSite\",\"@id\":\"https:\/\/houkutteleva.fi\/sv\/#website\",\"url\":\"https:\/\/houkutteleva.fi\/sv\/\",\"name\":\"Houkutteleva\",\"description\":\"Mets\u00e4stys ja luontomatkailu Suomessa\",\"potentialAction\":[{\"@type\":\"SearchAction\",\"target\":{\"@type\":\"EntryPoint\",\"urlTemplate\":\"https:\/\/houkutteleva.fi\/sv\/?s={search_term_string}\"},\"query-input\":{\"@type\":\"PropertyValueSpecification\",\"valueRequired\":true,\"valueName\":\"search_term_string\"}}],\"inLanguage\":\"sv-SE\"}]}<\/script>\n<!-- \/ Yoast SEO plugin. -->","yoast_head_json":{"title":"Seepran p\u00f6yt\u00e4 trofee - Houkutteleva","robots":{"index":"index","follow":"follow","max-snippet":"max-snippet:-1","max-image-preview":"max-image-preview:large","max-video-preview":"max-video-preview:-1"},"canonical":"https:\/\/houkutteleva.fi\/sv\/tuote\/seepran-poyta-trofee\/","og_locale":"sv_SE","og_type":"article","og_title":"Seepran p\u00f6yt\u00e4 trofee - Houkutteleva","og_description":"S\u00e4k\u00e4korkeus: 1,36 metri\u00e4Paino: 320 kiloa","og_url":"https:\/\/houkutteleva.fi\/sv\/tuote\/seepran-poyta-trofee\/","og_site_name":"Houkutteleva","article_modified_time":"2024-08-02T07:57:29+00:00","og_image":[{"width":480,"height":640,"url":"https:\/\/houkutteleva.fi\/wp-content\/uploads\/Seepra-2024-06-29-13-03-51.jpg","type":"image\/jpeg"}],"twitter_card":"summary_large_image","schema":{"@context":"https:\/\/schema.org","@graph":[{"@type":"WebPage","@id":"https:\/\/houkutteleva.fi\/sv\/tuote\/seepran-poyta-trofee\/","url":"https:\/\/houkutteleva.fi\/sv\/tuote\/seepran-poyta-trofee\/","name":"Seepran p\u00f6yt\u00e4 trofee - Houkutteleva","isPartOf":{"@id":"https:\/\/houkutteleva.fi\/sv\/#website"},"primaryImageOfPage":{"@id":"https:\/\/houkutteleva.fi\/sv\/tuote\/seepran-poyta-trofee\/#primaryimage"},"image":{"@id":"https:\/\/houkutteleva.fi\/sv\/tuote\/seepran-poyta-trofee\/#primaryimage"},"thumbnailUrl":"https:\/\/houkutteleva.fi\/wp-content\/uploads\/Seepra-2024-06-29-13-03-51.jpg","datePublished":"2024-08-02T07:43:12+00:00","dateModified":"2024-08-02T07:57:29+00:00","breadcrumb":{"@id":"https:\/\/houkutteleva.fi\/sv\/tuote\/seepran-poyta-trofee\/#breadcrumb"},"inLanguage":"sv-SE","potentialAction":[{"@type":"ReadAction","target":["https:\/\/houkutteleva.fi\/sv\/tuote\/seepran-poyta-trofee\/"]}]},{"@type":"ImageObject","inLanguage":"sv-SE","@id":"https:\/\/houkutteleva.fi\/sv\/tuote\/seepran-poyta-trofee\/#primaryimage","url":"https:\/\/houkutteleva.fi\/wp-content\/uploads\/Seepra-2024-06-29-13-03-51.jpg","contentUrl":"https:\/\/houkutteleva.fi\/wp-content\/uploads\/Seepra-2024-06-29-13-03-51.jpg","width":480,"height":640},{"@type":"BreadcrumbList","@id":"https:\/\/houkutteleva.fi\/sv\/tuote\/seepran-poyta-trofee\/#breadcrumb","itemListElement":[{"@type":"ListItem","position":1,"name":"Etusivu","item":"https:\/\/houkutteleva.fi\/sv\/"},{"@type":"ListItem","position":2,"name":"Butik","item":"https:\/\/houkutteleva.fi\/sv\/butik\/"},{"@type":"ListItem","position":3,"name":"Seepran p\u00f6yt\u00e4 trofee"}]},{"@type":"WebSite","@id":"https:\/\/houkutteleva.fi\/sv\/#website","url":"https:\/\/houkutteleva.fi\/sv\/","name":"Houkutteleva","description":"Mets\u00e4stys ja luontomatkailu Suomessa","potentialAction":[{"@type":"SearchAction","target":{"@type":"EntryPoint","urlTemplate":"https:\/\/houkutteleva.fi\/sv\/?s={search_term_string}"},"query-input":{"@type":"PropertyValueSpecification","valueRequired":true,"valueName":"search_term_string"}}],"inLanguage":"sv-SE"}]}},"_links":{"self":[{"href":"https:\/\/houkutteleva.fi\/sv\/wp-json\/wp\/v2\/product\/906","targetHints":{"allow":["GET"]}}],"collection":[{"href":"https:\/\/houkutteleva.fi\/sv\/wp-json\/wp\/v2\/product"}],"about":[{"href":"https:\/\/houkutteleva.fi\/sv\/wp-json\/wp\/v2\/types\/product"}],"wp:featuredmedia":[{"embeddable":true,"href":"https:\/\/houkutteleva.fi\/sv\/wp-json\/wp\/v2\/media\/907"}],"wp:attachment":[{"href":"https:\/\/houkutteleva.fi\/sv\/wp-json\/wp\/v2\/media?parent=906"}],"wp:term":[{"taxonomy":"product_brand","embeddable":true,"href":"https:\/\/houkutteleva.fi\/sv\/wp-json\/wp\/v2\/product_brand?post=906"},{"taxonomy":"product_cat","embeddable":true,"href":"https:\/\/houkutteleva.fi\/sv\/wp-json\/wp\/v2\/product_cat?post=906"},{"taxonomy":"product_tag","embeddable":true,"href":"https:\/\/houkutteleva.fi\/sv\/wp-json\/wp\/v2\/product_tag?post=906"}],"curies":[{"name":"wp","href":"https:\/\/api.w.org\/{rel}","templated":true}]}}