{"id":888,"date":"2024-07-24T12:59:19","date_gmt":"2024-07-24T09:59:19","guid":{"rendered":"https:\/\/houkutteleva.fi\/?post_type=product&#038;p=888"},"modified":"2024-07-24T13:20:22","modified_gmt":"2024-07-24T10:20:22","slug":"turkishattu-saukon-nahasta","status":"publish","type":"product","link":"https:\/\/houkutteleva.fi\/sv\/tuote\/turkishattu-saukon-nahasta\/","title":{"rendered":"Turkishattu, saukon nahasta"},"content":{"rendered":"<p>Anu on lakin tehnyt ja k\u00e4sity\u00f6nlaatu on erinomaista!<\/p>\n","protected":false},"excerpt":{"rendered":"<p>K\u00e4ytt\u00e4m\u00e4t\u00f6n Koivistolais hattu, jossa karvaosat ovat saukkoa. P\u00e4\u00e4laki tehty pehme\u00e4st\u00e4 mokkanahasta. Lakissa on k\u00e4\u00e4ntyv\u00e4t reunat ja lis\u00e4ksi siin\u00e4 on korval\u00e4p\u00e4t!<\/p>\n","protected":false},"featured_media":889,"template":"","meta":{"_et_pb_use_builder":"","_et_pb_old_content":"","_et_gb_content_width":""},"product_brand":[],"product_cat":[50],"product_tag":[],"class_list":{"0":"post-888","1":"product","2":"type-product","3":"status-publish","4":"has-post-thumbnail","6":"product_cat-tuotteet-metsastajalle","8":"first","9":"instock","10":"taxable","11":"shipping-taxable","12":"purchasable","13":"product-type-simple"},"yoast_head":"<!-- This site is optimized with the Yoast SEO plugin v26.6 - https:\/\/yoast.com\/wordpress\/plugins\/seo\/ -->\n<title>Turkishattu, saukon nahasta - Houkutteleva<\/title>\n<meta name=\"robots\" content=\"index, follow, max-snippet:-1, max-image-preview:large, max-video-preview:-1\" \/>\n<link rel=\"canonical\" href=\"https:\/\/houkutteleva.fi\/sv\/tuote\/turkishattu-saukon-nahasta\/\" \/>\n<meta property=\"og:locale\" content=\"sv_SE\" \/>\n<meta property=\"og:type\" content=\"article\" \/>\n<meta property=\"og:title\" content=\"Turkishattu, saukon nahasta - Houkutteleva\" \/>\n<meta property=\"og:description\" content=\"K\u00e4ytt\u00e4m\u00e4t\u00f6n Koivistolais hattu, jossa karvaosat ovat saukkoa. P\u00e4\u00e4laki tehty pehme\u00e4st\u00e4 mokkanahasta. Lakissa on k\u00e4\u00e4ntyv\u00e4t reunat ja lis\u00e4ksi siin\u00e4 on korval\u00e4p\u00e4t!\" \/>\n<meta property=\"og:url\" content=\"https:\/\/houkutteleva.fi\/sv\/tuote\/turkishattu-saukon-nahasta\/\" \/>\n<meta property=\"og:site_name\" content=\"Houkutteleva\" \/>\n<meta property=\"article:modified_time\" content=\"2024-07-24T10:20:22+00:00\" \/>\n<meta property=\"og:image\" content=\"https:\/\/houkutteleva.fi\/wp-content\/uploads\/IMG_3758_turkishattu_saukko.jpg\" \/>\n\t<meta property=\"og:image:width\" content=\"640\" \/>\n\t<meta property=\"og:image:height\" content=\"480\" \/>\n\t<meta property=\"og:image:type\" content=\"image\/jpeg\" \/>\n<meta name=\"twitter:card\" content=\"summary_large_image\" \/>\n<script type=\"application\/ld+json\" class=\"yoast-schema-graph\">{\"@context\":\"https:\/\/schema.org\",\"@graph\":[{\"@type\":\"WebPage\",\"@id\":\"https:\/\/houkutteleva.fi\/sv\/tuote\/turkishattu-saukon-nahasta\/\",\"url\":\"https:\/\/houkutteleva.fi\/sv\/tuote\/turkishattu-saukon-nahasta\/\",\"name\":\"Turkishattu, saukon nahasta - Houkutteleva\",\"isPartOf\":{\"@id\":\"https:\/\/houkutteleva.fi\/sv\/#website\"},\"primaryImageOfPage\":{\"@id\":\"https:\/\/houkutteleva.fi\/sv\/tuote\/turkishattu-saukon-nahasta\/#primaryimage\"},\"image\":{\"@id\":\"https:\/\/houkutteleva.fi\/sv\/tuote\/turkishattu-saukon-nahasta\/#primaryimage\"},\"thumbnailUrl\":\"https:\/\/houkutteleva.fi\/wp-content\/uploads\/IMG_3758_turkishattu_saukko.jpg\",\"datePublished\":\"2024-07-24T09:59:19+00:00\",\"dateModified\":\"2024-07-24T10:20:22+00:00\",\"breadcrumb\":{\"@id\":\"https:\/\/houkutteleva.fi\/sv\/tuote\/turkishattu-saukon-nahasta\/#breadcrumb\"},\"inLanguage\":\"sv-SE\",\"potentialAction\":[{\"@type\":\"ReadAction\",\"target\":[\"https:\/\/houkutteleva.fi\/sv\/tuote\/turkishattu-saukon-nahasta\/\"]}]},{\"@type\":\"ImageObject\",\"inLanguage\":\"sv-SE\",\"@id\":\"https:\/\/houkutteleva.fi\/sv\/tuote\/turkishattu-saukon-nahasta\/#primaryimage\",\"url\":\"https:\/\/houkutteleva.fi\/wp-content\/uploads\/IMG_3758_turkishattu_saukko.jpg\",\"contentUrl\":\"https:\/\/houkutteleva.fi\/wp-content\/uploads\/IMG_3758_turkishattu_saukko.jpg\",\"width\":640,\"height\":480},{\"@type\":\"BreadcrumbList\",\"@id\":\"https:\/\/houkutteleva.fi\/sv\/tuote\/turkishattu-saukon-nahasta\/#breadcrumb\",\"itemListElement\":[{\"@type\":\"ListItem\",\"position\":1,\"name\":\"Etusivu\",\"item\":\"https:\/\/houkutteleva.fi\/sv\/\"},{\"@type\":\"ListItem\",\"position\":2,\"name\":\"Butik\",\"item\":\"https:\/\/houkutteleva.fi\/sv\/butik\/\"},{\"@type\":\"ListItem\",\"position\":3,\"name\":\"Turkishattu, saukon nahasta\"}]},{\"@type\":\"WebSite\",\"@id\":\"https:\/\/houkutteleva.fi\/sv\/#website\",\"url\":\"https:\/\/houkutteleva.fi\/sv\/\",\"name\":\"Houkutteleva\",\"description\":\"Mets\u00e4stys ja luontomatkailu Suomessa\",\"potentialAction\":[{\"@type\":\"SearchAction\",\"target\":{\"@type\":\"EntryPoint\",\"urlTemplate\":\"https:\/\/houkutteleva.fi\/sv\/?s={search_term_string}\"},\"query-input\":{\"@type\":\"PropertyValueSpecification\",\"valueRequired\":true,\"valueName\":\"search_term_string\"}}],\"inLanguage\":\"sv-SE\"}]}<\/script>\n<!-- \/ Yoast SEO plugin. -->","yoast_head_json":{"title":"Turkishattu, saukon nahasta - Houkutteleva","robots":{"index":"index","follow":"follow","max-snippet":"max-snippet:-1","max-image-preview":"max-image-preview:large","max-video-preview":"max-video-preview:-1"},"canonical":"https:\/\/houkutteleva.fi\/sv\/tuote\/turkishattu-saukon-nahasta\/","og_locale":"sv_SE","og_type":"article","og_title":"Turkishattu, saukon nahasta - Houkutteleva","og_description":"K\u00e4ytt\u00e4m\u00e4t\u00f6n Koivistolais hattu, jossa karvaosat ovat saukkoa. P\u00e4\u00e4laki tehty pehme\u00e4st\u00e4 mokkanahasta. Lakissa on k\u00e4\u00e4ntyv\u00e4t reunat ja lis\u00e4ksi siin\u00e4 on korval\u00e4p\u00e4t!","og_url":"https:\/\/houkutteleva.fi\/sv\/tuote\/turkishattu-saukon-nahasta\/","og_site_name":"Houkutteleva","article_modified_time":"2024-07-24T10:20:22+00:00","og_image":[{"width":640,"height":480,"url":"https:\/\/houkutteleva.fi\/wp-content\/uploads\/IMG_3758_turkishattu_saukko.jpg","type":"image\/jpeg"}],"twitter_card":"summary_large_image","schema":{"@context":"https:\/\/schema.org","@graph":[{"@type":"WebPage","@id":"https:\/\/houkutteleva.fi\/sv\/tuote\/turkishattu-saukon-nahasta\/","url":"https:\/\/houkutteleva.fi\/sv\/tuote\/turkishattu-saukon-nahasta\/","name":"Turkishattu, saukon nahasta - Houkutteleva","isPartOf":{"@id":"https:\/\/houkutteleva.fi\/sv\/#website"},"primaryImageOfPage":{"@id":"https:\/\/houkutteleva.fi\/sv\/tuote\/turkishattu-saukon-nahasta\/#primaryimage"},"image":{"@id":"https:\/\/houkutteleva.fi\/sv\/tuote\/turkishattu-saukon-nahasta\/#primaryimage"},"thumbnailUrl":"https:\/\/houkutteleva.fi\/wp-content\/uploads\/IMG_3758_turkishattu_saukko.jpg","datePublished":"2024-07-24T09:59:19+00:00","dateModified":"2024-07-24T10:20:22+00:00","breadcrumb":{"@id":"https:\/\/houkutteleva.fi\/sv\/tuote\/turkishattu-saukon-nahasta\/#breadcrumb"},"inLanguage":"sv-SE","potentialAction":[{"@type":"ReadAction","target":["https:\/\/houkutteleva.fi\/sv\/tuote\/turkishattu-saukon-nahasta\/"]}]},{"@type":"ImageObject","inLanguage":"sv-SE","@id":"https:\/\/houkutteleva.fi\/sv\/tuote\/turkishattu-saukon-nahasta\/#primaryimage","url":"https:\/\/houkutteleva.fi\/wp-content\/uploads\/IMG_3758_turkishattu_saukko.jpg","contentUrl":"https:\/\/houkutteleva.fi\/wp-content\/uploads\/IMG_3758_turkishattu_saukko.jpg","width":640,"height":480},{"@type":"BreadcrumbList","@id":"https:\/\/houkutteleva.fi\/sv\/tuote\/turkishattu-saukon-nahasta\/#breadcrumb","itemListElement":[{"@type":"ListItem","position":1,"name":"Etusivu","item":"https:\/\/houkutteleva.fi\/sv\/"},{"@type":"ListItem","position":2,"name":"Butik","item":"https:\/\/houkutteleva.fi\/sv\/butik\/"},{"@type":"ListItem","position":3,"name":"Turkishattu, saukon nahasta"}]},{"@type":"WebSite","@id":"https:\/\/houkutteleva.fi\/sv\/#website","url":"https:\/\/houkutteleva.fi\/sv\/","name":"Houkutteleva","description":"Mets\u00e4stys ja luontomatkailu Suomessa","potentialAction":[{"@type":"SearchAction","target":{"@type":"EntryPoint","urlTemplate":"https:\/\/houkutteleva.fi\/sv\/?s={search_term_string}"},"query-input":{"@type":"PropertyValueSpecification","valueRequired":true,"valueName":"search_term_string"}}],"inLanguage":"sv-SE"}]}},"_links":{"self":[{"href":"https:\/\/houkutteleva.fi\/sv\/wp-json\/wp\/v2\/product\/888","targetHints":{"allow":["GET"]}}],"collection":[{"href":"https:\/\/houkutteleva.fi\/sv\/wp-json\/wp\/v2\/product"}],"about":[{"href":"https:\/\/houkutteleva.fi\/sv\/wp-json\/wp\/v2\/types\/product"}],"wp:featuredmedia":[{"embeddable":true,"href":"https:\/\/houkutteleva.fi\/sv\/wp-json\/wp\/v2\/media\/889"}],"wp:attachment":[{"href":"https:\/\/houkutteleva.fi\/sv\/wp-json\/wp\/v2\/media?parent=888"}],"wp:term":[{"taxonomy":"product_brand","embeddable":true,"href":"https:\/\/houkutteleva.fi\/sv\/wp-json\/wp\/v2\/product_brand?post=888"},{"taxonomy":"product_cat","embeddable":true,"href":"https:\/\/houkutteleva.fi\/sv\/wp-json\/wp\/v2\/product_cat?post=888"},{"taxonomy":"product_tag","embeddable":true,"href":"https:\/\/houkutteleva.fi\/sv\/wp-json\/wp\/v2\/product_tag?post=888"}],"curies":[{"name":"wp","href":"https:\/\/api.w.org\/{rel}","templated":true}]}}