{"id":875,"date":"2024-07-18T11:44:33","date_gmt":"2024-07-18T08:44:33","guid":{"rendered":"https:\/\/houkutteleva.fi\/?post_type=product&#038;p=875"},"modified":"2024-08-27T17:01:46","modified_gmt":"2024-08-27T14:01:46","slug":"kyttayskopin-lammitin","status":"publish","type":"product","link":"https:\/\/houkutteleva.fi\/sv\/tuote\/kyttayskopin-lammitin\/","title":{"rendered":"Kytt\u00e4yskopin l\u00e4mmitin"},"content":{"rendered":"<p><strong>Kytt\u00e4yskopin l\u00e4mmitin, joka toimii tuikkukynttil\u00f6ill\u00e4.<\/strong>Tuotteessa on pohja ja kansi ja kynttil\u00e4t laitetaan<br \/>palamaan sis\u00e4lle.<br \/>Sinkitty<\/p>\n","protected":false},"excerpt":{"rendered":"<p><strong>Kytt\u00e4yskopin l\u00e4mmitin, joka toimii tuikkukynttil\u00f6ill\u00e4<\/strong><\/p>\n","protected":false},"featured_media":868,"template":"","meta":{"_et_pb_use_builder":"","_et_pb_old_content":"","_et_gb_content_width":""},"product_brand":[],"product_cat":[50],"product_tag":[],"class_list":{"0":"post-875","1":"product","2":"type-product","3":"status-publish","4":"has-post-thumbnail","6":"product_cat-tuotteet-metsastajalle","8":"first","9":"instock","10":"taxable","11":"shipping-taxable","12":"purchasable","13":"product-type-simple"},"yoast_head":"<!-- This site is optimized with the Yoast SEO plugin v26.6 - https:\/\/yoast.com\/wordpress\/plugins\/seo\/ -->\n<title>Kytt\u00e4yskopin l\u00e4mmitin - Houkutteleva<\/title>\n<meta name=\"robots\" content=\"index, follow, max-snippet:-1, max-image-preview:large, max-video-preview:-1\" \/>\n<link rel=\"canonical\" href=\"https:\/\/houkutteleva.fi\/sv\/tuote\/kyttayskopin-lammitin\/\" \/>\n<meta property=\"og:locale\" content=\"sv_SE\" \/>\n<meta property=\"og:type\" content=\"article\" \/>\n<meta property=\"og:title\" content=\"Kytt\u00e4yskopin l\u00e4mmitin - Houkutteleva\" \/>\n<meta property=\"og:description\" content=\"Kytt\u00e4yskopin l\u00e4mmitin, joka toimii tuikkukynttil\u00f6ill\u00e4\" \/>\n<meta property=\"og:url\" content=\"https:\/\/houkutteleva.fi\/sv\/tuote\/kyttayskopin-lammitin\/\" \/>\n<meta property=\"og:site_name\" content=\"Houkutteleva\" \/>\n<meta property=\"article:modified_time\" content=\"2024-08-27T14:01:46+00:00\" \/>\n<meta name=\"twitter:card\" content=\"summary_large_image\" \/>\n<script type=\"application\/ld+json\" class=\"yoast-schema-graph\">{\"@context\":\"https:\/\/schema.org\",\"@graph\":[{\"@type\":\"WebPage\",\"@id\":\"https:\/\/houkutteleva.fi\/sv\/tuote\/kyttayskopin-lammitin\/\",\"url\":\"https:\/\/houkutteleva.fi\/sv\/tuote\/kyttayskopin-lammitin\/\",\"name\":\"Kytt\u00e4yskopin l\u00e4mmitin - Houkutteleva\",\"isPartOf\":{\"@id\":\"https:\/\/houkutteleva.fi\/sv\/#website\"},\"primaryImageOfPage\":{\"@id\":\"https:\/\/houkutteleva.fi\/sv\/tuote\/kyttayskopin-lammitin\/#primaryimage\"},\"image\":{\"@id\":\"https:\/\/houkutteleva.fi\/sv\/tuote\/kyttayskopin-lammitin\/#primaryimage\"},\"thumbnailUrl\":\"https:\/\/houkutteleva.fi\/wp-content\/uploads\/kyttayskopin-lammitin.jpg\",\"datePublished\":\"2024-07-18T08:44:33+00:00\",\"dateModified\":\"2024-08-27T14:01:46+00:00\",\"breadcrumb\":{\"@id\":\"https:\/\/houkutteleva.fi\/sv\/tuote\/kyttayskopin-lammitin\/#breadcrumb\"},\"inLanguage\":\"sv-SE\",\"potentialAction\":[{\"@type\":\"ReadAction\",\"target\":[\"https:\/\/houkutteleva.fi\/sv\/tuote\/kyttayskopin-lammitin\/\"]}]},{\"@type\":\"ImageObject\",\"inLanguage\":\"sv-SE\",\"@id\":\"https:\/\/houkutteleva.fi\/sv\/tuote\/kyttayskopin-lammitin\/#primaryimage\",\"url\":\"https:\/\/houkutteleva.fi\/wp-content\/uploads\/kyttayskopin-lammitin.jpg\",\"contentUrl\":\"https:\/\/houkutteleva.fi\/wp-content\/uploads\/kyttayskopin-lammitin.jpg\",\"width\":901,\"height\":919,\"caption\":\"kytt\u00e4yskopin l\u00e4mmitin\"},{\"@type\":\"BreadcrumbList\",\"@id\":\"https:\/\/houkutteleva.fi\/sv\/tuote\/kyttayskopin-lammitin\/#breadcrumb\",\"itemListElement\":[{\"@type\":\"ListItem\",\"position\":1,\"name\":\"Etusivu\",\"item\":\"https:\/\/houkutteleva.fi\/sv\/\"},{\"@type\":\"ListItem\",\"position\":2,\"name\":\"Butik\",\"item\":\"https:\/\/houkutteleva.fi\/sv\/butik\/\"},{\"@type\":\"ListItem\",\"position\":3,\"name\":\"Kytt\u00e4yskopin l\u00e4mmitin\"}]},{\"@type\":\"WebSite\",\"@id\":\"https:\/\/houkutteleva.fi\/sv\/#website\",\"url\":\"https:\/\/houkutteleva.fi\/sv\/\",\"name\":\"Houkutteleva\",\"description\":\"Mets\u00e4stys ja luontomatkailu Suomessa\",\"potentialAction\":[{\"@type\":\"SearchAction\",\"target\":{\"@type\":\"EntryPoint\",\"urlTemplate\":\"https:\/\/houkutteleva.fi\/sv\/?s={search_term_string}\"},\"query-input\":{\"@type\":\"PropertyValueSpecification\",\"valueRequired\":true,\"valueName\":\"search_term_string\"}}],\"inLanguage\":\"sv-SE\"}]}<\/script>\n<!-- \/ Yoast SEO plugin. -->","yoast_head_json":{"title":"Kytt\u00e4yskopin l\u00e4mmitin - Houkutteleva","robots":{"index":"index","follow":"follow","max-snippet":"max-snippet:-1","max-image-preview":"max-image-preview:large","max-video-preview":"max-video-preview:-1"},"canonical":"https:\/\/houkutteleva.fi\/sv\/tuote\/kyttayskopin-lammitin\/","og_locale":"sv_SE","og_type":"article","og_title":"Kytt\u00e4yskopin l\u00e4mmitin - Houkutteleva","og_description":"Kytt\u00e4yskopin l\u00e4mmitin, joka toimii tuikkukynttil\u00f6ill\u00e4","og_url":"https:\/\/houkutteleva.fi\/sv\/tuote\/kyttayskopin-lammitin\/","og_site_name":"Houkutteleva","article_modified_time":"2024-08-27T14:01:46+00:00","twitter_card":"summary_large_image","schema":{"@context":"https:\/\/schema.org","@graph":[{"@type":"WebPage","@id":"https:\/\/houkutteleva.fi\/sv\/tuote\/kyttayskopin-lammitin\/","url":"https:\/\/houkutteleva.fi\/sv\/tuote\/kyttayskopin-lammitin\/","name":"Kytt\u00e4yskopin l\u00e4mmitin - Houkutteleva","isPartOf":{"@id":"https:\/\/houkutteleva.fi\/sv\/#website"},"primaryImageOfPage":{"@id":"https:\/\/houkutteleva.fi\/sv\/tuote\/kyttayskopin-lammitin\/#primaryimage"},"image":{"@id":"https:\/\/houkutteleva.fi\/sv\/tuote\/kyttayskopin-lammitin\/#primaryimage"},"thumbnailUrl":"https:\/\/houkutteleva.fi\/wp-content\/uploads\/kyttayskopin-lammitin.jpg","datePublished":"2024-07-18T08:44:33+00:00","dateModified":"2024-08-27T14:01:46+00:00","breadcrumb":{"@id":"https:\/\/houkutteleva.fi\/sv\/tuote\/kyttayskopin-lammitin\/#breadcrumb"},"inLanguage":"sv-SE","potentialAction":[{"@type":"ReadAction","target":["https:\/\/houkutteleva.fi\/sv\/tuote\/kyttayskopin-lammitin\/"]}]},{"@type":"ImageObject","inLanguage":"sv-SE","@id":"https:\/\/houkutteleva.fi\/sv\/tuote\/kyttayskopin-lammitin\/#primaryimage","url":"https:\/\/houkutteleva.fi\/wp-content\/uploads\/kyttayskopin-lammitin.jpg","contentUrl":"https:\/\/houkutteleva.fi\/wp-content\/uploads\/kyttayskopin-lammitin.jpg","width":901,"height":919,"caption":"kytt\u00e4yskopin l\u00e4mmitin"},{"@type":"BreadcrumbList","@id":"https:\/\/houkutteleva.fi\/sv\/tuote\/kyttayskopin-lammitin\/#breadcrumb","itemListElement":[{"@type":"ListItem","position":1,"name":"Etusivu","item":"https:\/\/houkutteleva.fi\/sv\/"},{"@type":"ListItem","position":2,"name":"Butik","item":"https:\/\/houkutteleva.fi\/sv\/butik\/"},{"@type":"ListItem","position":3,"name":"Kytt\u00e4yskopin l\u00e4mmitin"}]},{"@type":"WebSite","@id":"https:\/\/houkutteleva.fi\/sv\/#website","url":"https:\/\/houkutteleva.fi\/sv\/","name":"Houkutteleva","description":"Mets\u00e4stys ja luontomatkailu Suomessa","potentialAction":[{"@type":"SearchAction","target":{"@type":"EntryPoint","urlTemplate":"https:\/\/houkutteleva.fi\/sv\/?s={search_term_string}"},"query-input":{"@type":"PropertyValueSpecification","valueRequired":true,"valueName":"search_term_string"}}],"inLanguage":"sv-SE"}]}},"_links":{"self":[{"href":"https:\/\/houkutteleva.fi\/sv\/wp-json\/wp\/v2\/product\/875","targetHints":{"allow":["GET"]}}],"collection":[{"href":"https:\/\/houkutteleva.fi\/sv\/wp-json\/wp\/v2\/product"}],"about":[{"href":"https:\/\/houkutteleva.fi\/sv\/wp-json\/wp\/v2\/types\/product"}],"wp:featuredmedia":[{"embeddable":true,"href":"https:\/\/houkutteleva.fi\/sv\/wp-json\/wp\/v2\/media\/868"}],"wp:attachment":[{"href":"https:\/\/houkutteleva.fi\/sv\/wp-json\/wp\/v2\/media?parent=875"}],"wp:term":[{"taxonomy":"product_brand","embeddable":true,"href":"https:\/\/houkutteleva.fi\/sv\/wp-json\/wp\/v2\/product_brand?post=875"},{"taxonomy":"product_cat","embeddable":true,"href":"https:\/\/houkutteleva.fi\/sv\/wp-json\/wp\/v2\/product_cat?post=875"},{"taxonomy":"product_tag","embeddable":true,"href":"https:\/\/houkutteleva.fi\/sv\/wp-json\/wp\/v2\/product_tag?post=875"}],"curies":[{"name":"wp","href":"https:\/\/api.w.org\/{rel}","templated":true}]}}