{"id":857,"date":"2024-07-16T23:13:02","date_gmt":"2024-07-16T20:13:02","guid":{"rendered":"https:\/\/houkutteleva.fi\/?post_type=product&#038;p=857"},"modified":"2024-07-23T19:49:58","modified_gmt":"2024-07-23T16:49:58","slug":"hirvi","status":"publish","type":"product","link":"https:\/\/houkutteleva.fi\/sv\/tuote\/hirvi\/","title":{"rendered":"Hirvi"},"content":{"rendered":"<p><strong>Elk, Alces alces<\/strong>,<br \/>Hirvi\u00e4 on Suomessa mets\u00e4stetty jo vuosituhansia. Hirvi on ylivoimaisesti eniten suomessa mets\u00e4stetty sorkkael\u00e4in, vuosittaisten kaatom\u00e4\u00e4rien noustessa noin 60-75.000 yksil\u00f6\u00f6n. Mets\u00e4stysmuotoina yleisimm\u00e4t ovat\u00a0<a href=\"https:\/\/www.finnhunting.fi\/metsastysmatkat\/sorkkaelainten-metsastys\/hirvi.html#ajomets%C3%A4stys\">ajomets\u00e4stys<\/a>,\u00a0joko miesajona tai hirvikoiria apuna k\u00e4ytt\u00e4en, sek\u00e4\u00a0<a href=\"https:\/\/www.finnhunting.fi\/metsastysmatkat\/sorkkaelainten-metsastys\/hirvi.html#Hirven%20mets%C3%A4stys%20pys%C3%A4ytt%C3%A4v%C3%A4ll%C3%A4%20koiralla\">pys\u00e4ytt\u00e4v\u00e4lt\u00e4 hirvikoiralta mets\u00e4stys<\/a>.<br \/>Hirvikannan hoito perustuu pitk\u00e4lti hirvikannan terveeseen sukupuoli- ja ik\u00e4jakaumaan t\u00e4ht\u00e4\u00e4v\u00e4\u00e4n kannan verotukseen.<\/p>\n","protected":false},"excerpt":{"rendered":"<p><strong>Moose<\/strong>,<br \/>S\u00e4k\u00e4korkeus:<br \/>1,8 &#8211; 2,3 m<br \/>Paino: 200\u2013825 kg<br \/>Pituus: 2,0 \u2013 3,0 m<span style=\",sans-serif;color:#080404\"><\/span><\/p>\n<p>Voit vuokrata trofeita, tai ostaa sen omaksesi!<\/p>\n","protected":false},"featured_media":858,"template":"","meta":{"_et_pb_use_builder":"","_et_pb_old_content":"","_et_gb_content_width":""},"product_brand":[],"product_cat":[19],"product_tag":[],"class_list":{"0":"post-857","1":"product","2":"type-product","3":"status-publish","4":"has-post-thumbnail","6":"product_cat-trofeet","8":"first","9":"instock","10":"taxable","11":"shipping-taxable","12":"product-type-simple"},"yoast_head":"<!-- This site is optimized with the Yoast SEO plugin v26.6 - https:\/\/yoast.com\/wordpress\/plugins\/seo\/ -->\n<title>Hirvi - Houkutteleva<\/title>\n<meta name=\"robots\" content=\"index, follow, max-snippet:-1, max-image-preview:large, max-video-preview:-1\" \/>\n<link rel=\"canonical\" href=\"https:\/\/houkutteleva.fi\/sv\/tuote\/hirvi\/\" \/>\n<meta property=\"og:locale\" content=\"sv_SE\" \/>\n<meta property=\"og:type\" content=\"article\" \/>\n<meta property=\"og:title\" content=\"Hirvi - Houkutteleva\" \/>\n<meta property=\"og:description\" content=\"Moose,S\u00e4k\u00e4korkeus:1,8 - 2,3 mPaino: 200\u2013825 kgPituus: 2,0 \u2013 3,0 mVoit vuokrata trofeita, tai ostaa sen omaksesi!\" \/>\n<meta property=\"og:url\" content=\"https:\/\/houkutteleva.fi\/sv\/tuote\/hirvi\/\" \/>\n<meta property=\"og:site_name\" content=\"Houkutteleva\" \/>\n<meta property=\"article:modified_time\" content=\"2024-07-23T16:49:58+00:00\" \/>\n<meta property=\"og:image\" content=\"https:\/\/houkutteleva.fi\/wp-content\/uploads\/IMG_3555_hirvi-rotated.jpg\" \/>\n\t<meta property=\"og:image:width\" content=\"480\" \/>\n\t<meta property=\"og:image:height\" content=\"640\" \/>\n\t<meta property=\"og:image:type\" content=\"image\/jpeg\" \/>\n<meta name=\"twitter:card\" content=\"summary_large_image\" \/>\n<script type=\"application\/ld+json\" class=\"yoast-schema-graph\">{\"@context\":\"https:\/\/schema.org\",\"@graph\":[{\"@type\":\"WebPage\",\"@id\":\"https:\/\/houkutteleva.fi\/sv\/tuote\/hirvi\/\",\"url\":\"https:\/\/houkutteleva.fi\/sv\/tuote\/hirvi\/\",\"name\":\"Hirvi - Houkutteleva\",\"isPartOf\":{\"@id\":\"https:\/\/houkutteleva.fi\/sv\/#website\"},\"primaryImageOfPage\":{\"@id\":\"https:\/\/houkutteleva.fi\/sv\/tuote\/hirvi\/#primaryimage\"},\"image\":{\"@id\":\"https:\/\/houkutteleva.fi\/sv\/tuote\/hirvi\/#primaryimage\"},\"thumbnailUrl\":\"https:\/\/houkutteleva.fi\/wp-content\/uploads\/IMG_3555_hirvi-rotated.jpg\",\"datePublished\":\"2024-07-16T20:13:02+00:00\",\"dateModified\":\"2024-07-23T16:49:58+00:00\",\"breadcrumb\":{\"@id\":\"https:\/\/houkutteleva.fi\/sv\/tuote\/hirvi\/#breadcrumb\"},\"inLanguage\":\"sv-SE\",\"potentialAction\":[{\"@type\":\"ReadAction\",\"target\":[\"https:\/\/houkutteleva.fi\/sv\/tuote\/hirvi\/\"]}]},{\"@type\":\"ImageObject\",\"inLanguage\":\"sv-SE\",\"@id\":\"https:\/\/houkutteleva.fi\/sv\/tuote\/hirvi\/#primaryimage\",\"url\":\"https:\/\/houkutteleva.fi\/wp-content\/uploads\/IMG_3555_hirvi-rotated.jpg\",\"contentUrl\":\"https:\/\/houkutteleva.fi\/wp-content\/uploads\/IMG_3555_hirvi-rotated.jpg\",\"width\":480,\"height\":640},{\"@type\":\"BreadcrumbList\",\"@id\":\"https:\/\/houkutteleva.fi\/sv\/tuote\/hirvi\/#breadcrumb\",\"itemListElement\":[{\"@type\":\"ListItem\",\"position\":1,\"name\":\"Etusivu\",\"item\":\"https:\/\/houkutteleva.fi\/sv\/\"},{\"@type\":\"ListItem\",\"position\":2,\"name\":\"Butik\",\"item\":\"https:\/\/houkutteleva.fi\/sv\/butik\/\"},{\"@type\":\"ListItem\",\"position\":3,\"name\":\"Hirvi\"}]},{\"@type\":\"WebSite\",\"@id\":\"https:\/\/houkutteleva.fi\/sv\/#website\",\"url\":\"https:\/\/houkutteleva.fi\/sv\/\",\"name\":\"Houkutteleva\",\"description\":\"Mets\u00e4stys ja luontomatkailu Suomessa\",\"potentialAction\":[{\"@type\":\"SearchAction\",\"target\":{\"@type\":\"EntryPoint\",\"urlTemplate\":\"https:\/\/houkutteleva.fi\/sv\/?s={search_term_string}\"},\"query-input\":{\"@type\":\"PropertyValueSpecification\",\"valueRequired\":true,\"valueName\":\"search_term_string\"}}],\"inLanguage\":\"sv-SE\"}]}<\/script>\n<!-- \/ Yoast SEO plugin. -->","yoast_head_json":{"title":"Hirvi - Houkutteleva","robots":{"index":"index","follow":"follow","max-snippet":"max-snippet:-1","max-image-preview":"max-image-preview:large","max-video-preview":"max-video-preview:-1"},"canonical":"https:\/\/houkutteleva.fi\/sv\/tuote\/hirvi\/","og_locale":"sv_SE","og_type":"article","og_title":"Hirvi - Houkutteleva","og_description":"Moose,S\u00e4k\u00e4korkeus:1,8 - 2,3 mPaino: 200\u2013825 kgPituus: 2,0 \u2013 3,0 mVoit vuokrata trofeita, tai ostaa sen omaksesi!","og_url":"https:\/\/houkutteleva.fi\/sv\/tuote\/hirvi\/","og_site_name":"Houkutteleva","article_modified_time":"2024-07-23T16:49:58+00:00","og_image":[{"width":480,"height":640,"url":"https:\/\/houkutteleva.fi\/wp-content\/uploads\/IMG_3555_hirvi-rotated.jpg","type":"image\/jpeg"}],"twitter_card":"summary_large_image","schema":{"@context":"https:\/\/schema.org","@graph":[{"@type":"WebPage","@id":"https:\/\/houkutteleva.fi\/sv\/tuote\/hirvi\/","url":"https:\/\/houkutteleva.fi\/sv\/tuote\/hirvi\/","name":"Hirvi - Houkutteleva","isPartOf":{"@id":"https:\/\/houkutteleva.fi\/sv\/#website"},"primaryImageOfPage":{"@id":"https:\/\/houkutteleva.fi\/sv\/tuote\/hirvi\/#primaryimage"},"image":{"@id":"https:\/\/houkutteleva.fi\/sv\/tuote\/hirvi\/#primaryimage"},"thumbnailUrl":"https:\/\/houkutteleva.fi\/wp-content\/uploads\/IMG_3555_hirvi-rotated.jpg","datePublished":"2024-07-16T20:13:02+00:00","dateModified":"2024-07-23T16:49:58+00:00","breadcrumb":{"@id":"https:\/\/houkutteleva.fi\/sv\/tuote\/hirvi\/#breadcrumb"},"inLanguage":"sv-SE","potentialAction":[{"@type":"ReadAction","target":["https:\/\/houkutteleva.fi\/sv\/tuote\/hirvi\/"]}]},{"@type":"ImageObject","inLanguage":"sv-SE","@id":"https:\/\/houkutteleva.fi\/sv\/tuote\/hirvi\/#primaryimage","url":"https:\/\/houkutteleva.fi\/wp-content\/uploads\/IMG_3555_hirvi-rotated.jpg","contentUrl":"https:\/\/houkutteleva.fi\/wp-content\/uploads\/IMG_3555_hirvi-rotated.jpg","width":480,"height":640},{"@type":"BreadcrumbList","@id":"https:\/\/houkutteleva.fi\/sv\/tuote\/hirvi\/#breadcrumb","itemListElement":[{"@type":"ListItem","position":1,"name":"Etusivu","item":"https:\/\/houkutteleva.fi\/sv\/"},{"@type":"ListItem","position":2,"name":"Butik","item":"https:\/\/houkutteleva.fi\/sv\/butik\/"},{"@type":"ListItem","position":3,"name":"Hirvi"}]},{"@type":"WebSite","@id":"https:\/\/houkutteleva.fi\/sv\/#website","url":"https:\/\/houkutteleva.fi\/sv\/","name":"Houkutteleva","description":"Mets\u00e4stys ja luontomatkailu Suomessa","potentialAction":[{"@type":"SearchAction","target":{"@type":"EntryPoint","urlTemplate":"https:\/\/houkutteleva.fi\/sv\/?s={search_term_string}"},"query-input":{"@type":"PropertyValueSpecification","valueRequired":true,"valueName":"search_term_string"}}],"inLanguage":"sv-SE"}]}},"_links":{"self":[{"href":"https:\/\/houkutteleva.fi\/sv\/wp-json\/wp\/v2\/product\/857","targetHints":{"allow":["GET"]}}],"collection":[{"href":"https:\/\/houkutteleva.fi\/sv\/wp-json\/wp\/v2\/product"}],"about":[{"href":"https:\/\/houkutteleva.fi\/sv\/wp-json\/wp\/v2\/types\/product"}],"wp:featuredmedia":[{"embeddable":true,"href":"https:\/\/houkutteleva.fi\/sv\/wp-json\/wp\/v2\/media\/858"}],"wp:attachment":[{"href":"https:\/\/houkutteleva.fi\/sv\/wp-json\/wp\/v2\/media?parent=857"}],"wp:term":[{"taxonomy":"product_brand","embeddable":true,"href":"https:\/\/houkutteleva.fi\/sv\/wp-json\/wp\/v2\/product_brand?post=857"},{"taxonomy":"product_cat","embeddable":true,"href":"https:\/\/houkutteleva.fi\/sv\/wp-json\/wp\/v2\/product_cat?post=857"},{"taxonomy":"product_tag","embeddable":true,"href":"https:\/\/houkutteleva.fi\/sv\/wp-json\/wp\/v2\/product_tag?post=857"}],"curies":[{"name":"wp","href":"https:\/\/api.w.org\/{rel}","templated":true}]}}