{"id":849,"date":"2024-07-16T23:03:56","date_gmt":"2024-07-16T20:03:56","guid":{"rendered":"https:\/\/houkutteleva.fi\/?post_type=product&#038;p=849"},"modified":"2024-07-23T19:51:14","modified_gmt":"2024-07-23T16:51:14","slug":"lehmaantilooppi","status":"publish","type":"product","link":"https:\/\/houkutteleva.fi\/sv\/tuote\/lehmaantilooppi\/","title":{"rendered":"Lehm\u00e4antilooppi"},"content":{"rendered":"<p>Red Hartebeest,<br \/>L\u00f6ytyy ruohotasangoilla tai hajallaan olevilla tiheikk\u00f6alueilla. L\u00f6ytyy sek\u00e4 lis\u00e4\u00e4ntymis- ett\u00e4 poikamieslaumoista. Tavallisesti kaukolaukaus 100-300 metrin p\u00e4\u00e4st\u00e4 maastosta riippuen, mutta ne ruokailevat yleens\u00e4 siell\u00e4, miss\u00e4 on hyv\u00e4 suoja, jolloin l\u00e4hestyminen k\u00e4vellen on mahdollista. Eritt\u00e4in sitkeit\u00e4 el\u00e4imi\u00e4, ja laukauksen sijoittelu on t\u00e4rke\u00e4\u00e4. Haavoittuneena ne voivat juosta pitki\u00e4 matkoja, ja koska ne ovat yksi maailman nopeimmista antiloopeista, niiden seuraaminen on vaikeaa.<\/p>\n","protected":false},"excerpt":{"rendered":"<p>Kaama-antilooppi,<br \/>S\u00e4k\u00e4korkeus: 1,0 \u2013 1,5 metri\u00e4<br \/>Paino: 105 &#8211; 225 kiloa<\/p>\n<p>Voit vuokrata trofeita, tai ostaa sen omaksesi!<\/p>\n","protected":false},"featured_media":850,"template":"","meta":{"_et_pb_use_builder":"","_et_pb_old_content":"","_et_gb_content_width":""},"product_brand":[],"product_cat":[19],"product_tag":[],"class_list":{"0":"post-849","1":"product","2":"type-product","3":"status-publish","4":"has-post-thumbnail","6":"product_cat-trofeet","8":"first","9":"instock","10":"taxable","11":"shipping-taxable","12":"product-type-simple"},"yoast_head":"<!-- This site is optimized with the Yoast SEO plugin v26.6 - https:\/\/yoast.com\/wordpress\/plugins\/seo\/ -->\n<title>Lehm\u00e4antilooppi - Houkutteleva<\/title>\n<meta name=\"robots\" content=\"index, follow, max-snippet:-1, max-image-preview:large, max-video-preview:-1\" \/>\n<link rel=\"canonical\" href=\"https:\/\/houkutteleva.fi\/sv\/tuote\/lehmaantilooppi\/\" \/>\n<meta property=\"og:locale\" content=\"sv_SE\" \/>\n<meta property=\"og:type\" content=\"article\" \/>\n<meta property=\"og:title\" content=\"Lehm\u00e4antilooppi - Houkutteleva\" \/>\n<meta property=\"og:description\" content=\"Kaama-antilooppi,S\u00e4k\u00e4korkeus: 1,0 \u2013 1,5 metri\u00e4Paino: 105 - 225 kiloaVoit vuokrata trofeita, tai ostaa sen omaksesi!\" \/>\n<meta property=\"og:url\" content=\"https:\/\/houkutteleva.fi\/sv\/tuote\/lehmaantilooppi\/\" \/>\n<meta property=\"og:site_name\" content=\"Houkutteleva\" \/>\n<meta property=\"article:modified_time\" content=\"2024-07-23T16:51:14+00:00\" \/>\n<meta property=\"og:image\" content=\"https:\/\/houkutteleva.fi\/wp-content\/uploads\/IMG_3550_lehmaantilooppi_sarvet-rotated.jpg\" \/>\n\t<meta property=\"og:image:width\" content=\"480\" \/>\n\t<meta property=\"og:image:height\" content=\"640\" \/>\n\t<meta property=\"og:image:type\" content=\"image\/jpeg\" \/>\n<meta name=\"twitter:card\" content=\"summary_large_image\" \/>\n<script type=\"application\/ld+json\" class=\"yoast-schema-graph\">{\"@context\":\"https:\/\/schema.org\",\"@graph\":[{\"@type\":\"WebPage\",\"@id\":\"https:\/\/houkutteleva.fi\/sv\/tuote\/lehmaantilooppi\/\",\"url\":\"https:\/\/houkutteleva.fi\/sv\/tuote\/lehmaantilooppi\/\",\"name\":\"Lehm\u00e4antilooppi - Houkutteleva\",\"isPartOf\":{\"@id\":\"https:\/\/houkutteleva.fi\/sv\/#website\"},\"primaryImageOfPage\":{\"@id\":\"https:\/\/houkutteleva.fi\/sv\/tuote\/lehmaantilooppi\/#primaryimage\"},\"image\":{\"@id\":\"https:\/\/houkutteleva.fi\/sv\/tuote\/lehmaantilooppi\/#primaryimage\"},\"thumbnailUrl\":\"https:\/\/houkutteleva.fi\/wp-content\/uploads\/IMG_3550_lehmaantilooppi_sarvet-rotated.jpg\",\"datePublished\":\"2024-07-16T20:03:56+00:00\",\"dateModified\":\"2024-07-23T16:51:14+00:00\",\"breadcrumb\":{\"@id\":\"https:\/\/houkutteleva.fi\/sv\/tuote\/lehmaantilooppi\/#breadcrumb\"},\"inLanguage\":\"sv-SE\",\"potentialAction\":[{\"@type\":\"ReadAction\",\"target\":[\"https:\/\/houkutteleva.fi\/sv\/tuote\/lehmaantilooppi\/\"]}]},{\"@type\":\"ImageObject\",\"inLanguage\":\"sv-SE\",\"@id\":\"https:\/\/houkutteleva.fi\/sv\/tuote\/lehmaantilooppi\/#primaryimage\",\"url\":\"https:\/\/houkutteleva.fi\/wp-content\/uploads\/IMG_3550_lehmaantilooppi_sarvet-rotated.jpg\",\"contentUrl\":\"https:\/\/houkutteleva.fi\/wp-content\/uploads\/IMG_3550_lehmaantilooppi_sarvet-rotated.jpg\",\"width\":480,\"height\":640},{\"@type\":\"BreadcrumbList\",\"@id\":\"https:\/\/houkutteleva.fi\/sv\/tuote\/lehmaantilooppi\/#breadcrumb\",\"itemListElement\":[{\"@type\":\"ListItem\",\"position\":1,\"name\":\"Etusivu\",\"item\":\"https:\/\/houkutteleva.fi\/sv\/\"},{\"@type\":\"ListItem\",\"position\":2,\"name\":\"Butik\",\"item\":\"https:\/\/houkutteleva.fi\/sv\/butik\/\"},{\"@type\":\"ListItem\",\"position\":3,\"name\":\"Lehm\u00e4antilooppi\"}]},{\"@type\":\"WebSite\",\"@id\":\"https:\/\/houkutteleva.fi\/sv\/#website\",\"url\":\"https:\/\/houkutteleva.fi\/sv\/\",\"name\":\"Houkutteleva\",\"description\":\"Mets\u00e4stys ja luontomatkailu Suomessa\",\"potentialAction\":[{\"@type\":\"SearchAction\",\"target\":{\"@type\":\"EntryPoint\",\"urlTemplate\":\"https:\/\/houkutteleva.fi\/sv\/?s={search_term_string}\"},\"query-input\":{\"@type\":\"PropertyValueSpecification\",\"valueRequired\":true,\"valueName\":\"search_term_string\"}}],\"inLanguage\":\"sv-SE\"}]}<\/script>\n<!-- \/ Yoast SEO plugin. -->","yoast_head_json":{"title":"Lehm\u00e4antilooppi - Houkutteleva","robots":{"index":"index","follow":"follow","max-snippet":"max-snippet:-1","max-image-preview":"max-image-preview:large","max-video-preview":"max-video-preview:-1"},"canonical":"https:\/\/houkutteleva.fi\/sv\/tuote\/lehmaantilooppi\/","og_locale":"sv_SE","og_type":"article","og_title":"Lehm\u00e4antilooppi - Houkutteleva","og_description":"Kaama-antilooppi,S\u00e4k\u00e4korkeus: 1,0 \u2013 1,5 metri\u00e4Paino: 105 - 225 kiloaVoit vuokrata trofeita, tai ostaa sen omaksesi!","og_url":"https:\/\/houkutteleva.fi\/sv\/tuote\/lehmaantilooppi\/","og_site_name":"Houkutteleva","article_modified_time":"2024-07-23T16:51:14+00:00","og_image":[{"width":480,"height":640,"url":"https:\/\/houkutteleva.fi\/wp-content\/uploads\/IMG_3550_lehmaantilooppi_sarvet-rotated.jpg","type":"image\/jpeg"}],"twitter_card":"summary_large_image","schema":{"@context":"https:\/\/schema.org","@graph":[{"@type":"WebPage","@id":"https:\/\/houkutteleva.fi\/sv\/tuote\/lehmaantilooppi\/","url":"https:\/\/houkutteleva.fi\/sv\/tuote\/lehmaantilooppi\/","name":"Lehm\u00e4antilooppi - Houkutteleva","isPartOf":{"@id":"https:\/\/houkutteleva.fi\/sv\/#website"},"primaryImageOfPage":{"@id":"https:\/\/houkutteleva.fi\/sv\/tuote\/lehmaantilooppi\/#primaryimage"},"image":{"@id":"https:\/\/houkutteleva.fi\/sv\/tuote\/lehmaantilooppi\/#primaryimage"},"thumbnailUrl":"https:\/\/houkutteleva.fi\/wp-content\/uploads\/IMG_3550_lehmaantilooppi_sarvet-rotated.jpg","datePublished":"2024-07-16T20:03:56+00:00","dateModified":"2024-07-23T16:51:14+00:00","breadcrumb":{"@id":"https:\/\/houkutteleva.fi\/sv\/tuote\/lehmaantilooppi\/#breadcrumb"},"inLanguage":"sv-SE","potentialAction":[{"@type":"ReadAction","target":["https:\/\/houkutteleva.fi\/sv\/tuote\/lehmaantilooppi\/"]}]},{"@type":"ImageObject","inLanguage":"sv-SE","@id":"https:\/\/houkutteleva.fi\/sv\/tuote\/lehmaantilooppi\/#primaryimage","url":"https:\/\/houkutteleva.fi\/wp-content\/uploads\/IMG_3550_lehmaantilooppi_sarvet-rotated.jpg","contentUrl":"https:\/\/houkutteleva.fi\/wp-content\/uploads\/IMG_3550_lehmaantilooppi_sarvet-rotated.jpg","width":480,"height":640},{"@type":"BreadcrumbList","@id":"https:\/\/houkutteleva.fi\/sv\/tuote\/lehmaantilooppi\/#breadcrumb","itemListElement":[{"@type":"ListItem","position":1,"name":"Etusivu","item":"https:\/\/houkutteleva.fi\/sv\/"},{"@type":"ListItem","position":2,"name":"Butik","item":"https:\/\/houkutteleva.fi\/sv\/butik\/"},{"@type":"ListItem","position":3,"name":"Lehm\u00e4antilooppi"}]},{"@type":"WebSite","@id":"https:\/\/houkutteleva.fi\/sv\/#website","url":"https:\/\/houkutteleva.fi\/sv\/","name":"Houkutteleva","description":"Mets\u00e4stys ja luontomatkailu Suomessa","potentialAction":[{"@type":"SearchAction","target":{"@type":"EntryPoint","urlTemplate":"https:\/\/houkutteleva.fi\/sv\/?s={search_term_string}"},"query-input":{"@type":"PropertyValueSpecification","valueRequired":true,"valueName":"search_term_string"}}],"inLanguage":"sv-SE"}]}},"_links":{"self":[{"href":"https:\/\/houkutteleva.fi\/sv\/wp-json\/wp\/v2\/product\/849","targetHints":{"allow":["GET"]}}],"collection":[{"href":"https:\/\/houkutteleva.fi\/sv\/wp-json\/wp\/v2\/product"}],"about":[{"href":"https:\/\/houkutteleva.fi\/sv\/wp-json\/wp\/v2\/types\/product"}],"wp:featuredmedia":[{"embeddable":true,"href":"https:\/\/houkutteleva.fi\/sv\/wp-json\/wp\/v2\/media\/850"}],"wp:attachment":[{"href":"https:\/\/houkutteleva.fi\/sv\/wp-json\/wp\/v2\/media?parent=849"}],"wp:term":[{"taxonomy":"product_brand","embeddable":true,"href":"https:\/\/houkutteleva.fi\/sv\/wp-json\/wp\/v2\/product_brand?post=849"},{"taxonomy":"product_cat","embeddable":true,"href":"https:\/\/houkutteleva.fi\/sv\/wp-json\/wp\/v2\/product_cat?post=849"},{"taxonomy":"product_tag","embeddable":true,"href":"https:\/\/houkutteleva.fi\/sv\/wp-json\/wp\/v2\/product_tag?post=849"}],"curies":[{"name":"wp","href":"https:\/\/api.w.org\/{rel}","templated":true}]}}