{"id":845,"date":"2024-07-16T22:58:48","date_gmt":"2024-07-16T19:58:48","guid":{"rendered":"https:\/\/houkutteleva.fi\/?post_type=product&#038;p=845"},"modified":"2024-07-23T19:51:51","modified_gmt":"2024-07-23T16:51:51","slug":"nyala","status":"publish","type":"product","link":"https:\/\/houkutteleva.fi\/sv\/tuote\/nyala\/","title":{"rendered":"Nyala"},"content":{"rendered":"<p>L\u00f6ytyy rehevilt\u00e4 alueilta ja liittyy aina tiheisiin pusikkoisiin alueisiin ja korpimetsik\u00f6ihin. Yksin\u00e4isi\u00e4 el\u00e4imi\u00e4, mutta niit\u00e4 voi tavata yhdess\u00e4 ruokailun yhteydess\u00e4. Maastosta riippuen laukaus vaihtelee 10 &#8211; 250 metrin v\u00e4lill\u00e4; joskus voi hiipi\u00e4 l\u00e4hemm\u00e4s, jos maasto sen sallii. Tavallisesti kytt\u00e4\u00e4mme niit\u00e4 aamuisin ja iltaisin ja hiivimme niit\u00e4 jalkaisin, jos voimme. Joskus kuivia jokiuomia pitkin kulkemalla on hyv\u00e4t mahdollisuudet t\u00f6rm\u00e4t\u00e4 niihin l\u00e4hiet\u00e4isyydelt\u00e4 (10 metri\u00e4). Ne ovat siroja el\u00e4imi\u00e4, eiv\u00e4tk\u00e4 yleens\u00e4 juokse kauas, jos ne haavoittuvat. Ne eiv\u00e4t ole yht\u00e4 valppaita kuin Bushbuckit, joten on helpompaa l\u00e4hesty\u00e4 niit\u00e4 jalan, jos maasto sen sallii.<\/p>\n","protected":false},"excerpt":{"rendered":"<p>S\u00e4k\u00e4korkeus: 1 &#8211; 1,2 metri\u00e4.<br \/>Paino: 50 &#8211; 130 kilogrammaa<\/p>\n<p>Voit vuokrata trofeita, tai ostaa sen omaksesi!<\/p>\n","protected":false},"featured_media":846,"template":"","meta":{"_et_pb_use_builder":"","_et_pb_old_content":"","_et_gb_content_width":""},"product_brand":[],"product_cat":[19],"product_tag":[],"class_list":{"0":"post-845","1":"product","2":"type-product","3":"status-publish","4":"has-post-thumbnail","6":"product_cat-trofeet","8":"first","9":"instock","10":"taxable","11":"shipping-taxable","12":"product-type-simple"},"yoast_head":"<!-- This site is optimized with the Yoast SEO plugin v26.6 - https:\/\/yoast.com\/wordpress\/plugins\/seo\/ -->\n<title>Nyala - Houkutteleva<\/title>\n<meta name=\"robots\" content=\"index, follow, max-snippet:-1, max-image-preview:large, max-video-preview:-1\" \/>\n<link rel=\"canonical\" href=\"https:\/\/houkutteleva.fi\/sv\/tuote\/nyala\/\" \/>\n<meta property=\"og:locale\" content=\"sv_SE\" \/>\n<meta property=\"og:type\" content=\"article\" \/>\n<meta property=\"og:title\" content=\"Nyala - Houkutteleva\" \/>\n<meta property=\"og:description\" content=\"S\u00e4k\u00e4korkeus: 1 - 1,2 metri\u00e4.Paino: 50 - 130 kilogrammaaVoit vuokrata trofeita, tai ostaa sen omaksesi!\" \/>\n<meta property=\"og:url\" content=\"https:\/\/houkutteleva.fi\/sv\/tuote\/nyala\/\" \/>\n<meta property=\"og:site_name\" content=\"Houkutteleva\" \/>\n<meta property=\"article:modified_time\" content=\"2024-07-23T16:51:51+00:00\" \/>\n<meta property=\"og:image\" content=\"https:\/\/houkutteleva.fi\/wp-content\/uploads\/IMG_3546_nyala-I-rotated.jpg\" \/>\n\t<meta property=\"og:image:width\" content=\"480\" \/>\n\t<meta property=\"og:image:height\" content=\"640\" \/>\n\t<meta property=\"og:image:type\" content=\"image\/jpeg\" \/>\n<meta name=\"twitter:card\" content=\"summary_large_image\" \/>\n<meta name=\"twitter:label1\" content=\"Ber\u00e4knad l\u00e4stid\" \/>\n\t<meta name=\"twitter:data1\" content=\"1 minut\" \/>\n<script type=\"application\/ld+json\" class=\"yoast-schema-graph\">{\"@context\":\"https:\/\/schema.org\",\"@graph\":[{\"@type\":\"WebPage\",\"@id\":\"https:\/\/houkutteleva.fi\/sv\/tuote\/nyala\/\",\"url\":\"https:\/\/houkutteleva.fi\/sv\/tuote\/nyala\/\",\"name\":\"Nyala - Houkutteleva\",\"isPartOf\":{\"@id\":\"https:\/\/houkutteleva.fi\/sv\/#website\"},\"primaryImageOfPage\":{\"@id\":\"https:\/\/houkutteleva.fi\/sv\/tuote\/nyala\/#primaryimage\"},\"image\":{\"@id\":\"https:\/\/houkutteleva.fi\/sv\/tuote\/nyala\/#primaryimage\"},\"thumbnailUrl\":\"https:\/\/houkutteleva.fi\/wp-content\/uploads\/IMG_3546_nyala-I-rotated.jpg\",\"datePublished\":\"2024-07-16T19:58:48+00:00\",\"dateModified\":\"2024-07-23T16:51:51+00:00\",\"breadcrumb\":{\"@id\":\"https:\/\/houkutteleva.fi\/sv\/tuote\/nyala\/#breadcrumb\"},\"inLanguage\":\"sv-SE\",\"potentialAction\":[{\"@type\":\"ReadAction\",\"target\":[\"https:\/\/houkutteleva.fi\/sv\/tuote\/nyala\/\"]}]},{\"@type\":\"ImageObject\",\"inLanguage\":\"sv-SE\",\"@id\":\"https:\/\/houkutteleva.fi\/sv\/tuote\/nyala\/#primaryimage\",\"url\":\"https:\/\/houkutteleva.fi\/wp-content\/uploads\/IMG_3546_nyala-I-rotated.jpg\",\"contentUrl\":\"https:\/\/houkutteleva.fi\/wp-content\/uploads\/IMG_3546_nyala-I-rotated.jpg\",\"width\":480,\"height\":640},{\"@type\":\"BreadcrumbList\",\"@id\":\"https:\/\/houkutteleva.fi\/sv\/tuote\/nyala\/#breadcrumb\",\"itemListElement\":[{\"@type\":\"ListItem\",\"position\":1,\"name\":\"Etusivu\",\"item\":\"https:\/\/houkutteleva.fi\/sv\/\"},{\"@type\":\"ListItem\",\"position\":2,\"name\":\"Butik\",\"item\":\"https:\/\/houkutteleva.fi\/sv\/butik\/\"},{\"@type\":\"ListItem\",\"position\":3,\"name\":\"Nyala\"}]},{\"@type\":\"WebSite\",\"@id\":\"https:\/\/houkutteleva.fi\/sv\/#website\",\"url\":\"https:\/\/houkutteleva.fi\/sv\/\",\"name\":\"Houkutteleva\",\"description\":\"Mets\u00e4stys ja luontomatkailu Suomessa\",\"potentialAction\":[{\"@type\":\"SearchAction\",\"target\":{\"@type\":\"EntryPoint\",\"urlTemplate\":\"https:\/\/houkutteleva.fi\/sv\/?s={search_term_string}\"},\"query-input\":{\"@type\":\"PropertyValueSpecification\",\"valueRequired\":true,\"valueName\":\"search_term_string\"}}],\"inLanguage\":\"sv-SE\"}]}<\/script>\n<!-- \/ Yoast SEO plugin. -->","yoast_head_json":{"title":"Nyala - Houkutteleva","robots":{"index":"index","follow":"follow","max-snippet":"max-snippet:-1","max-image-preview":"max-image-preview:large","max-video-preview":"max-video-preview:-1"},"canonical":"https:\/\/houkutteleva.fi\/sv\/tuote\/nyala\/","og_locale":"sv_SE","og_type":"article","og_title":"Nyala - Houkutteleva","og_description":"S\u00e4k\u00e4korkeus: 1 - 1,2 metri\u00e4.Paino: 50 - 130 kilogrammaaVoit vuokrata trofeita, tai ostaa sen omaksesi!","og_url":"https:\/\/houkutteleva.fi\/sv\/tuote\/nyala\/","og_site_name":"Houkutteleva","article_modified_time":"2024-07-23T16:51:51+00:00","og_image":[{"width":480,"height":640,"url":"https:\/\/houkutteleva.fi\/wp-content\/uploads\/IMG_3546_nyala-I-rotated.jpg","type":"image\/jpeg"}],"twitter_card":"summary_large_image","twitter_misc":{"Ber\u00e4knad l\u00e4stid":"1 minut"},"schema":{"@context":"https:\/\/schema.org","@graph":[{"@type":"WebPage","@id":"https:\/\/houkutteleva.fi\/sv\/tuote\/nyala\/","url":"https:\/\/houkutteleva.fi\/sv\/tuote\/nyala\/","name":"Nyala - Houkutteleva","isPartOf":{"@id":"https:\/\/houkutteleva.fi\/sv\/#website"},"primaryImageOfPage":{"@id":"https:\/\/houkutteleva.fi\/sv\/tuote\/nyala\/#primaryimage"},"image":{"@id":"https:\/\/houkutteleva.fi\/sv\/tuote\/nyala\/#primaryimage"},"thumbnailUrl":"https:\/\/houkutteleva.fi\/wp-content\/uploads\/IMG_3546_nyala-I-rotated.jpg","datePublished":"2024-07-16T19:58:48+00:00","dateModified":"2024-07-23T16:51:51+00:00","breadcrumb":{"@id":"https:\/\/houkutteleva.fi\/sv\/tuote\/nyala\/#breadcrumb"},"inLanguage":"sv-SE","potentialAction":[{"@type":"ReadAction","target":["https:\/\/houkutteleva.fi\/sv\/tuote\/nyala\/"]}]},{"@type":"ImageObject","inLanguage":"sv-SE","@id":"https:\/\/houkutteleva.fi\/sv\/tuote\/nyala\/#primaryimage","url":"https:\/\/houkutteleva.fi\/wp-content\/uploads\/IMG_3546_nyala-I-rotated.jpg","contentUrl":"https:\/\/houkutteleva.fi\/wp-content\/uploads\/IMG_3546_nyala-I-rotated.jpg","width":480,"height":640},{"@type":"BreadcrumbList","@id":"https:\/\/houkutteleva.fi\/sv\/tuote\/nyala\/#breadcrumb","itemListElement":[{"@type":"ListItem","position":1,"name":"Etusivu","item":"https:\/\/houkutteleva.fi\/sv\/"},{"@type":"ListItem","position":2,"name":"Butik","item":"https:\/\/houkutteleva.fi\/sv\/butik\/"},{"@type":"ListItem","position":3,"name":"Nyala"}]},{"@type":"WebSite","@id":"https:\/\/houkutteleva.fi\/sv\/#website","url":"https:\/\/houkutteleva.fi\/sv\/","name":"Houkutteleva","description":"Mets\u00e4stys ja luontomatkailu Suomessa","potentialAction":[{"@type":"SearchAction","target":{"@type":"EntryPoint","urlTemplate":"https:\/\/houkutteleva.fi\/sv\/?s={search_term_string}"},"query-input":{"@type":"PropertyValueSpecification","valueRequired":true,"valueName":"search_term_string"}}],"inLanguage":"sv-SE"}]}},"_links":{"self":[{"href":"https:\/\/houkutteleva.fi\/sv\/wp-json\/wp\/v2\/product\/845","targetHints":{"allow":["GET"]}}],"collection":[{"href":"https:\/\/houkutteleva.fi\/sv\/wp-json\/wp\/v2\/product"}],"about":[{"href":"https:\/\/houkutteleva.fi\/sv\/wp-json\/wp\/v2\/types\/product"}],"wp:featuredmedia":[{"embeddable":true,"href":"https:\/\/houkutteleva.fi\/sv\/wp-json\/wp\/v2\/media\/846"}],"wp:attachment":[{"href":"https:\/\/houkutteleva.fi\/sv\/wp-json\/wp\/v2\/media?parent=845"}],"wp:term":[{"taxonomy":"product_brand","embeddable":true,"href":"https:\/\/houkutteleva.fi\/sv\/wp-json\/wp\/v2\/product_brand?post=845"},{"taxonomy":"product_cat","embeddable":true,"href":"https:\/\/houkutteleva.fi\/sv\/wp-json\/wp\/v2\/product_cat?post=845"},{"taxonomy":"product_tag","embeddable":true,"href":"https:\/\/houkutteleva.fi\/sv\/wp-json\/wp\/v2\/product_tag?post=845"}],"curies":[{"name":"wp","href":"https:\/\/api.w.org\/{rel}","templated":true}]}}