{"id":815,"date":"2024-07-10T09:37:40","date_gmt":"2024-07-10T06:37:40","guid":{"rendered":"https:\/\/houkutteleva.fi\/?post_type=product&#038;p=815"},"modified":"2024-07-23T19:54:45","modified_gmt":"2024-07-23T16:54:45","slug":"hyppyantiloopin-rintatrofee","status":"publish","type":"product","link":"https:\/\/houkutteleva.fi\/sv\/tuote\/hyppyantiloopin-rintatrofee\/","title":{"rendered":"Hyppyantiloopin rintatrofee"},"content":{"rendered":"<p><strong>Springbuck<\/strong><br \/>L\u00f6ytyy ruohotasangoilla tai hajallaan olevilla tiheikk\u00f6alueilla. L\u00f6ytyy sek\u00e4 lis\u00e4\u00e4ntymis- ett\u00e4 poikamieslaumoista. Yleens\u00e4 kaukolaukaus 100-300 metrin p\u00e4\u00e4st\u00e4 maastosta riippuen, mutta ne ruokailevat yleens\u00e4 siell\u00e4, miss\u00e4 ei ole suojaa, mik\u00e4 tekee v\u00e4ijymisest\u00e4 vaikeaa. Ne kaatuvat yleens\u00e4 kohtuullisella laukauksella, ja haavoittuneen Springbuckin seuraaminen on yleens\u00e4 helpompaa, koska ne etsiv\u00e4t turvaa avoimesta maastosta, jolloin n\u00e4kyvyys on helpompaa.<\/p>\n","protected":false},"excerpt":{"rendered":"<p>S\u00e4k\u00e4korkeus: 0.75 metri\u00e4<br \/>Paino: 30 &#8211; 50 kiloa<\/p>\n<p>Voit vuokrata trofeita, tai ostaa sen omaksesi!<\/p>\n","protected":false},"featured_media":759,"template":"","meta":{"_et_pb_use_builder":"","_et_pb_old_content":"","_et_gb_content_width":""},"product_brand":[],"product_cat":[19],"product_tag":[],"class_list":{"0":"post-815","1":"product","2":"type-product","3":"status-publish","4":"has-post-thumbnail","6":"product_cat-trofeet","8":"first","9":"instock","10":"taxable","11":"shipping-taxable","12":"product-type-simple"},"yoast_head":"<!-- This site is optimized with the Yoast SEO plugin v26.6 - https:\/\/yoast.com\/wordpress\/plugins\/seo\/ -->\n<title>Hyppyantiloopin rintatrofee - Houkutteleva<\/title>\n<meta name=\"robots\" content=\"index, follow, max-snippet:-1, max-image-preview:large, max-video-preview:-1\" \/>\n<link rel=\"canonical\" href=\"https:\/\/houkutteleva.fi\/sv\/tuote\/hyppyantiloopin-rintatrofee\/\" \/>\n<meta property=\"og:locale\" content=\"sv_SE\" \/>\n<meta property=\"og:type\" content=\"article\" \/>\n<meta property=\"og:title\" content=\"Hyppyantiloopin rintatrofee - Houkutteleva\" \/>\n<meta property=\"og:description\" content=\"S\u00e4k\u00e4korkeus: 0.75 metri\u00e4Paino: 30 - 50 kiloaVoit vuokrata trofeita, tai ostaa sen omaksesi!\" \/>\n<meta property=\"og:url\" content=\"https:\/\/houkutteleva.fi\/sv\/tuote\/hyppyantiloopin-rintatrofee\/\" \/>\n<meta property=\"og:site_name\" content=\"Houkutteleva\" \/>\n<meta property=\"article:modified_time\" content=\"2024-07-23T16:54:45+00:00\" \/>\n<meta property=\"og:image\" content=\"https:\/\/houkutteleva.fi\/wp-content\/uploads\/hyppyantilooppi.jpg\" \/>\n\t<meta property=\"og:image:width\" content=\"750\" \/>\n\t<meta property=\"og:image:height\" content=\"1000\" \/>\n\t<meta property=\"og:image:type\" content=\"image\/jpeg\" \/>\n<meta name=\"twitter:card\" content=\"summary_large_image\" \/>\n<script type=\"application\/ld+json\" class=\"yoast-schema-graph\">{\"@context\":\"https:\/\/schema.org\",\"@graph\":[{\"@type\":\"WebPage\",\"@id\":\"https:\/\/houkutteleva.fi\/sv\/tuote\/hyppyantiloopin-rintatrofee\/\",\"url\":\"https:\/\/houkutteleva.fi\/sv\/tuote\/hyppyantiloopin-rintatrofee\/\",\"name\":\"Hyppyantiloopin rintatrofee - Houkutteleva\",\"isPartOf\":{\"@id\":\"https:\/\/houkutteleva.fi\/sv\/#website\"},\"primaryImageOfPage\":{\"@id\":\"https:\/\/houkutteleva.fi\/sv\/tuote\/hyppyantiloopin-rintatrofee\/#primaryimage\"},\"image\":{\"@id\":\"https:\/\/houkutteleva.fi\/sv\/tuote\/hyppyantiloopin-rintatrofee\/#primaryimage\"},\"thumbnailUrl\":\"https:\/\/houkutteleva.fi\/wp-content\/uploads\/hyppyantilooppi.jpg\",\"datePublished\":\"2024-07-10T06:37:40+00:00\",\"dateModified\":\"2024-07-23T16:54:45+00:00\",\"breadcrumb\":{\"@id\":\"https:\/\/houkutteleva.fi\/sv\/tuote\/hyppyantiloopin-rintatrofee\/#breadcrumb\"},\"inLanguage\":\"sv-SE\",\"potentialAction\":[{\"@type\":\"ReadAction\",\"target\":[\"https:\/\/houkutteleva.fi\/sv\/tuote\/hyppyantiloopin-rintatrofee\/\"]}]},{\"@type\":\"ImageObject\",\"inLanguage\":\"sv-SE\",\"@id\":\"https:\/\/houkutteleva.fi\/sv\/tuote\/hyppyantiloopin-rintatrofee\/#primaryimage\",\"url\":\"https:\/\/houkutteleva.fi\/wp-content\/uploads\/hyppyantilooppi.jpg\",\"contentUrl\":\"https:\/\/houkutteleva.fi\/wp-content\/uploads\/hyppyantilooppi.jpg\",\"width\":750,\"height\":1000,\"caption\":\"Hyppyantilooppi\"},{\"@type\":\"BreadcrumbList\",\"@id\":\"https:\/\/houkutteleva.fi\/sv\/tuote\/hyppyantiloopin-rintatrofee\/#breadcrumb\",\"itemListElement\":[{\"@type\":\"ListItem\",\"position\":1,\"name\":\"Etusivu\",\"item\":\"https:\/\/houkutteleva.fi\/sv\/\"},{\"@type\":\"ListItem\",\"position\":2,\"name\":\"Butik\",\"item\":\"https:\/\/houkutteleva.fi\/sv\/butik\/\"},{\"@type\":\"ListItem\",\"position\":3,\"name\":\"Hyppyantiloopin rintatrofee\"}]},{\"@type\":\"WebSite\",\"@id\":\"https:\/\/houkutteleva.fi\/sv\/#website\",\"url\":\"https:\/\/houkutteleva.fi\/sv\/\",\"name\":\"Houkutteleva\",\"description\":\"Mets\u00e4stys ja luontomatkailu Suomessa\",\"potentialAction\":[{\"@type\":\"SearchAction\",\"target\":{\"@type\":\"EntryPoint\",\"urlTemplate\":\"https:\/\/houkutteleva.fi\/sv\/?s={search_term_string}\"},\"query-input\":{\"@type\":\"PropertyValueSpecification\",\"valueRequired\":true,\"valueName\":\"search_term_string\"}}],\"inLanguage\":\"sv-SE\"}]}<\/script>\n<!-- \/ Yoast SEO plugin. -->","yoast_head_json":{"title":"Hyppyantiloopin rintatrofee - Houkutteleva","robots":{"index":"index","follow":"follow","max-snippet":"max-snippet:-1","max-image-preview":"max-image-preview:large","max-video-preview":"max-video-preview:-1"},"canonical":"https:\/\/houkutteleva.fi\/sv\/tuote\/hyppyantiloopin-rintatrofee\/","og_locale":"sv_SE","og_type":"article","og_title":"Hyppyantiloopin rintatrofee - Houkutteleva","og_description":"S\u00e4k\u00e4korkeus: 0.75 metri\u00e4Paino: 30 - 50 kiloaVoit vuokrata trofeita, tai ostaa sen omaksesi!","og_url":"https:\/\/houkutteleva.fi\/sv\/tuote\/hyppyantiloopin-rintatrofee\/","og_site_name":"Houkutteleva","article_modified_time":"2024-07-23T16:54:45+00:00","og_image":[{"width":750,"height":1000,"url":"https:\/\/houkutteleva.fi\/wp-content\/uploads\/hyppyantilooppi.jpg","type":"image\/jpeg"}],"twitter_card":"summary_large_image","schema":{"@context":"https:\/\/schema.org","@graph":[{"@type":"WebPage","@id":"https:\/\/houkutteleva.fi\/sv\/tuote\/hyppyantiloopin-rintatrofee\/","url":"https:\/\/houkutteleva.fi\/sv\/tuote\/hyppyantiloopin-rintatrofee\/","name":"Hyppyantiloopin rintatrofee - Houkutteleva","isPartOf":{"@id":"https:\/\/houkutteleva.fi\/sv\/#website"},"primaryImageOfPage":{"@id":"https:\/\/houkutteleva.fi\/sv\/tuote\/hyppyantiloopin-rintatrofee\/#primaryimage"},"image":{"@id":"https:\/\/houkutteleva.fi\/sv\/tuote\/hyppyantiloopin-rintatrofee\/#primaryimage"},"thumbnailUrl":"https:\/\/houkutteleva.fi\/wp-content\/uploads\/hyppyantilooppi.jpg","datePublished":"2024-07-10T06:37:40+00:00","dateModified":"2024-07-23T16:54:45+00:00","breadcrumb":{"@id":"https:\/\/houkutteleva.fi\/sv\/tuote\/hyppyantiloopin-rintatrofee\/#breadcrumb"},"inLanguage":"sv-SE","potentialAction":[{"@type":"ReadAction","target":["https:\/\/houkutteleva.fi\/sv\/tuote\/hyppyantiloopin-rintatrofee\/"]}]},{"@type":"ImageObject","inLanguage":"sv-SE","@id":"https:\/\/houkutteleva.fi\/sv\/tuote\/hyppyantiloopin-rintatrofee\/#primaryimage","url":"https:\/\/houkutteleva.fi\/wp-content\/uploads\/hyppyantilooppi.jpg","contentUrl":"https:\/\/houkutteleva.fi\/wp-content\/uploads\/hyppyantilooppi.jpg","width":750,"height":1000,"caption":"Hyppyantilooppi"},{"@type":"BreadcrumbList","@id":"https:\/\/houkutteleva.fi\/sv\/tuote\/hyppyantiloopin-rintatrofee\/#breadcrumb","itemListElement":[{"@type":"ListItem","position":1,"name":"Etusivu","item":"https:\/\/houkutteleva.fi\/sv\/"},{"@type":"ListItem","position":2,"name":"Butik","item":"https:\/\/houkutteleva.fi\/sv\/butik\/"},{"@type":"ListItem","position":3,"name":"Hyppyantiloopin rintatrofee"}]},{"@type":"WebSite","@id":"https:\/\/houkutteleva.fi\/sv\/#website","url":"https:\/\/houkutteleva.fi\/sv\/","name":"Houkutteleva","description":"Mets\u00e4stys ja luontomatkailu Suomessa","potentialAction":[{"@type":"SearchAction","target":{"@type":"EntryPoint","urlTemplate":"https:\/\/houkutteleva.fi\/sv\/?s={search_term_string}"},"query-input":{"@type":"PropertyValueSpecification","valueRequired":true,"valueName":"search_term_string"}}],"inLanguage":"sv-SE"}]}},"_links":{"self":[{"href":"https:\/\/houkutteleva.fi\/sv\/wp-json\/wp\/v2\/product\/815","targetHints":{"allow":["GET"]}}],"collection":[{"href":"https:\/\/houkutteleva.fi\/sv\/wp-json\/wp\/v2\/product"}],"about":[{"href":"https:\/\/houkutteleva.fi\/sv\/wp-json\/wp\/v2\/types\/product"}],"wp:featuredmedia":[{"embeddable":true,"href":"https:\/\/houkutteleva.fi\/sv\/wp-json\/wp\/v2\/media\/759"}],"wp:attachment":[{"href":"https:\/\/houkutteleva.fi\/sv\/wp-json\/wp\/v2\/media?parent=815"}],"wp:term":[{"taxonomy":"product_brand","embeddable":true,"href":"https:\/\/houkutteleva.fi\/sv\/wp-json\/wp\/v2\/product_brand?post=815"},{"taxonomy":"product_cat","embeddable":true,"href":"https:\/\/houkutteleva.fi\/sv\/wp-json\/wp\/v2\/product_cat?post=815"},{"taxonomy":"product_tag","embeddable":true,"href":"https:\/\/houkutteleva.fi\/sv\/wp-json\/wp\/v2\/product_tag?post=815"}],"curies":[{"name":"wp","href":"https:\/\/api.w.org\/{rel}","templated":true}]}}