{"id":813,"date":"2024-07-10T09:34:39","date_gmt":"2024-07-10T06:34:39","guid":{"rendered":"https:\/\/houkutteleva.fi\/?post_type=product&#038;p=813"},"modified":"2024-07-23T19:56:31","modified_gmt":"2024-07-23T16:56:31","slug":"kauriin-rintatrofee","status":"publish","type":"product","link":"https:\/\/houkutteleva.fi\/sv\/tuote\/kauriin-rintatrofee\/","title":{"rendered":"Kauriin rintatrofee"},"content":{"rendered":"<p>Mets\u00e4kauris, <strong>Capreolus capreolus<\/strong><br \/>Mets\u00e4kauris on nopeana lis\u00e4\u00e4ntyj\u00e4n\u00e4 riistanhoidollisesti eritt\u00e4in kiitollinen kohde. Talvisella tukiruokinnalla, tehokkaalla petoverotuksella sek\u00e4 maltillisella ja oikein kohdistetulla mets\u00e4styksell\u00e4 kauriskannat pysyv\u00e4t alueillamme mets\u00e4styksen kest\u00e4v\u00e4ll\u00e4 tasolla.<\/p>\n","protected":false},"excerpt":{"rendered":"<p><strong>Roe Deer<\/strong>,<br \/>Kev\u00e4inen kaurisjahti aloittaa monille mets\u00e4styskauden ja on luontokokemuksena vertaansa vailla. Kev\u00e4isen luonnon her\u00e4tess\u00e4 uuden nurmen peitt\u00e4mill\u00e4 niityill\u00e4 ja aamuauringon heijastellessa miljoonista kastepisaroista, my\u00f6s kauriit saapuvat niityille, naaraat tankkaamaan talven kuluttamia energiavarojaan ja urokset tarkastelemaan onko niiden reviirille saapunut uusia kilpakosijoita. Toinen mielenkiintoinen sesonki on kauriin kiima-aika hein\u00e4-elokuun vaihteessa, t\u00e4ll\u00f6in pukit saadaan usein houkuteltua esille metsik\u00f6ist\u00e4 pillill\u00e4 kutsumalla.<\/p>\n<p>Voit vuokrata trofeita, tai ostaa sen omaksesi!<\/p>\n","protected":false},"featured_media":763,"template":"","meta":{"_et_pb_use_builder":"","_et_pb_old_content":"","_et_gb_content_width":""},"product_brand":[],"product_cat":[19],"product_tag":[],"class_list":{"0":"post-813","1":"product","2":"type-product","3":"status-publish","4":"has-post-thumbnail","6":"product_cat-trofeet","8":"first","9":"instock","10":"taxable","11":"shipping-taxable","12":"product-type-simple"},"yoast_head":"<!-- This site is optimized with the Yoast SEO plugin v26.6 - https:\/\/yoast.com\/wordpress\/plugins\/seo\/ -->\n<title>Kauriin rintatrofee - Houkutteleva<\/title>\n<meta name=\"robots\" content=\"index, follow, max-snippet:-1, max-image-preview:large, max-video-preview:-1\" \/>\n<link rel=\"canonical\" href=\"https:\/\/houkutteleva.fi\/sv\/tuote\/kauriin-rintatrofee\/\" \/>\n<meta property=\"og:locale\" content=\"sv_SE\" \/>\n<meta property=\"og:type\" content=\"article\" \/>\n<meta property=\"og:title\" content=\"Kauriin rintatrofee - Houkutteleva\" \/>\n<meta property=\"og:description\" content=\"Roe Deer,Kev\u00e4inen kaurisjahti aloittaa monille mets\u00e4styskauden ja on luontokokemuksena vertaansa vailla. Kev\u00e4isen luonnon her\u00e4tess\u00e4 uuden nurmen peitt\u00e4mill\u00e4 niityill\u00e4 ja aamuauringon heijastellessa miljoonista kastepisaroista, my\u00f6s kauriit saapuvat niityille, naaraat tankkaamaan talven kuluttamia energiavarojaan ja urokset tarkastelemaan onko niiden reviirille saapunut uusia kilpakosijoita. Toinen mielenkiintoinen sesonki on kauriin kiima-aika hein\u00e4-elokuun vaihteessa, t\u00e4ll\u00f6in pukit saadaan usein houkuteltua esille metsik\u00f6ist\u00e4 pillill\u00e4 kutsumalla.Voit vuokrata trofeita, tai ostaa sen omaksesi!\" \/>\n<meta property=\"og:url\" content=\"https:\/\/houkutteleva.fi\/sv\/tuote\/kauriin-rintatrofee\/\" \/>\n<meta property=\"og:site_name\" content=\"Houkutteleva\" \/>\n<meta property=\"article:modified_time\" content=\"2024-07-23T16:56:31+00:00\" \/>\n<meta property=\"og:image\" content=\"https:\/\/houkutteleva.fi\/wp-content\/uploads\/kauris-II.jpg\" \/>\n\t<meta property=\"og:image:width\" content=\"750\" \/>\n\t<meta property=\"og:image:height\" content=\"1000\" \/>\n\t<meta property=\"og:image:type\" content=\"image\/jpeg\" \/>\n<meta name=\"twitter:card\" content=\"summary_large_image\" \/>\n<script type=\"application\/ld+json\" class=\"yoast-schema-graph\">{\"@context\":\"https:\/\/schema.org\",\"@graph\":[{\"@type\":\"WebPage\",\"@id\":\"https:\/\/houkutteleva.fi\/sv\/tuote\/kauriin-rintatrofee\/\",\"url\":\"https:\/\/houkutteleva.fi\/sv\/tuote\/kauriin-rintatrofee\/\",\"name\":\"Kauriin rintatrofee - Houkutteleva\",\"isPartOf\":{\"@id\":\"https:\/\/houkutteleva.fi\/sv\/#website\"},\"primaryImageOfPage\":{\"@id\":\"https:\/\/houkutteleva.fi\/sv\/tuote\/kauriin-rintatrofee\/#primaryimage\"},\"image\":{\"@id\":\"https:\/\/houkutteleva.fi\/sv\/tuote\/kauriin-rintatrofee\/#primaryimage\"},\"thumbnailUrl\":\"https:\/\/houkutteleva.fi\/wp-content\/uploads\/kauris-II.jpg\",\"datePublished\":\"2024-07-10T06:34:39+00:00\",\"dateModified\":\"2024-07-23T16:56:31+00:00\",\"breadcrumb\":{\"@id\":\"https:\/\/houkutteleva.fi\/sv\/tuote\/kauriin-rintatrofee\/#breadcrumb\"},\"inLanguage\":\"sv-SE\",\"potentialAction\":[{\"@type\":\"ReadAction\",\"target\":[\"https:\/\/houkutteleva.fi\/sv\/tuote\/kauriin-rintatrofee\/\"]}]},{\"@type\":\"ImageObject\",\"inLanguage\":\"sv-SE\",\"@id\":\"https:\/\/houkutteleva.fi\/sv\/tuote\/kauriin-rintatrofee\/#primaryimage\",\"url\":\"https:\/\/houkutteleva.fi\/wp-content\/uploads\/kauris-II.jpg\",\"contentUrl\":\"https:\/\/houkutteleva.fi\/wp-content\/uploads\/kauris-II.jpg\",\"width\":750,\"height\":1000,\"caption\":\"Kauriin rintatrofee\"},{\"@type\":\"BreadcrumbList\",\"@id\":\"https:\/\/houkutteleva.fi\/sv\/tuote\/kauriin-rintatrofee\/#breadcrumb\",\"itemListElement\":[{\"@type\":\"ListItem\",\"position\":1,\"name\":\"Etusivu\",\"item\":\"https:\/\/houkutteleva.fi\/sv\/\"},{\"@type\":\"ListItem\",\"position\":2,\"name\":\"Butik\",\"item\":\"https:\/\/houkutteleva.fi\/sv\/butik\/\"},{\"@type\":\"ListItem\",\"position\":3,\"name\":\"Kauriin rintatrofee\"}]},{\"@type\":\"WebSite\",\"@id\":\"https:\/\/houkutteleva.fi\/sv\/#website\",\"url\":\"https:\/\/houkutteleva.fi\/sv\/\",\"name\":\"Houkutteleva\",\"description\":\"Mets\u00e4stys ja luontomatkailu Suomessa\",\"potentialAction\":[{\"@type\":\"SearchAction\",\"target\":{\"@type\":\"EntryPoint\",\"urlTemplate\":\"https:\/\/houkutteleva.fi\/sv\/?s={search_term_string}\"},\"query-input\":{\"@type\":\"PropertyValueSpecification\",\"valueRequired\":true,\"valueName\":\"search_term_string\"}}],\"inLanguage\":\"sv-SE\"}]}<\/script>\n<!-- \/ Yoast SEO plugin. -->","yoast_head_json":{"title":"Kauriin rintatrofee - Houkutteleva","robots":{"index":"index","follow":"follow","max-snippet":"max-snippet:-1","max-image-preview":"max-image-preview:large","max-video-preview":"max-video-preview:-1"},"canonical":"https:\/\/houkutteleva.fi\/sv\/tuote\/kauriin-rintatrofee\/","og_locale":"sv_SE","og_type":"article","og_title":"Kauriin rintatrofee - Houkutteleva","og_description":"Roe Deer,Kev\u00e4inen kaurisjahti aloittaa monille mets\u00e4styskauden ja on luontokokemuksena vertaansa vailla. Kev\u00e4isen luonnon her\u00e4tess\u00e4 uuden nurmen peitt\u00e4mill\u00e4 niityill\u00e4 ja aamuauringon heijastellessa miljoonista kastepisaroista, my\u00f6s kauriit saapuvat niityille, naaraat tankkaamaan talven kuluttamia energiavarojaan ja urokset tarkastelemaan onko niiden reviirille saapunut uusia kilpakosijoita. Toinen mielenkiintoinen sesonki on kauriin kiima-aika hein\u00e4-elokuun vaihteessa, t\u00e4ll\u00f6in pukit saadaan usein houkuteltua esille metsik\u00f6ist\u00e4 pillill\u00e4 kutsumalla.Voit vuokrata trofeita, tai ostaa sen omaksesi!","og_url":"https:\/\/houkutteleva.fi\/sv\/tuote\/kauriin-rintatrofee\/","og_site_name":"Houkutteleva","article_modified_time":"2024-07-23T16:56:31+00:00","og_image":[{"width":750,"height":1000,"url":"https:\/\/houkutteleva.fi\/wp-content\/uploads\/kauris-II.jpg","type":"image\/jpeg"}],"twitter_card":"summary_large_image","schema":{"@context":"https:\/\/schema.org","@graph":[{"@type":"WebPage","@id":"https:\/\/houkutteleva.fi\/sv\/tuote\/kauriin-rintatrofee\/","url":"https:\/\/houkutteleva.fi\/sv\/tuote\/kauriin-rintatrofee\/","name":"Kauriin rintatrofee - Houkutteleva","isPartOf":{"@id":"https:\/\/houkutteleva.fi\/sv\/#website"},"primaryImageOfPage":{"@id":"https:\/\/houkutteleva.fi\/sv\/tuote\/kauriin-rintatrofee\/#primaryimage"},"image":{"@id":"https:\/\/houkutteleva.fi\/sv\/tuote\/kauriin-rintatrofee\/#primaryimage"},"thumbnailUrl":"https:\/\/houkutteleva.fi\/wp-content\/uploads\/kauris-II.jpg","datePublished":"2024-07-10T06:34:39+00:00","dateModified":"2024-07-23T16:56:31+00:00","breadcrumb":{"@id":"https:\/\/houkutteleva.fi\/sv\/tuote\/kauriin-rintatrofee\/#breadcrumb"},"inLanguage":"sv-SE","potentialAction":[{"@type":"ReadAction","target":["https:\/\/houkutteleva.fi\/sv\/tuote\/kauriin-rintatrofee\/"]}]},{"@type":"ImageObject","inLanguage":"sv-SE","@id":"https:\/\/houkutteleva.fi\/sv\/tuote\/kauriin-rintatrofee\/#primaryimage","url":"https:\/\/houkutteleva.fi\/wp-content\/uploads\/kauris-II.jpg","contentUrl":"https:\/\/houkutteleva.fi\/wp-content\/uploads\/kauris-II.jpg","width":750,"height":1000,"caption":"Kauriin rintatrofee"},{"@type":"BreadcrumbList","@id":"https:\/\/houkutteleva.fi\/sv\/tuote\/kauriin-rintatrofee\/#breadcrumb","itemListElement":[{"@type":"ListItem","position":1,"name":"Etusivu","item":"https:\/\/houkutteleva.fi\/sv\/"},{"@type":"ListItem","position":2,"name":"Butik","item":"https:\/\/houkutteleva.fi\/sv\/butik\/"},{"@type":"ListItem","position":3,"name":"Kauriin rintatrofee"}]},{"@type":"WebSite","@id":"https:\/\/houkutteleva.fi\/sv\/#website","url":"https:\/\/houkutteleva.fi\/sv\/","name":"Houkutteleva","description":"Mets\u00e4stys ja luontomatkailu Suomessa","potentialAction":[{"@type":"SearchAction","target":{"@type":"EntryPoint","urlTemplate":"https:\/\/houkutteleva.fi\/sv\/?s={search_term_string}"},"query-input":{"@type":"PropertyValueSpecification","valueRequired":true,"valueName":"search_term_string"}}],"inLanguage":"sv-SE"}]}},"_links":{"self":[{"href":"https:\/\/houkutteleva.fi\/sv\/wp-json\/wp\/v2\/product\/813","targetHints":{"allow":["GET"]}}],"collection":[{"href":"https:\/\/houkutteleva.fi\/sv\/wp-json\/wp\/v2\/product"}],"about":[{"href":"https:\/\/houkutteleva.fi\/sv\/wp-json\/wp\/v2\/types\/product"}],"wp:featuredmedia":[{"embeddable":true,"href":"https:\/\/houkutteleva.fi\/sv\/wp-json\/wp\/v2\/media\/763"}],"wp:attachment":[{"href":"https:\/\/houkutteleva.fi\/sv\/wp-json\/wp\/v2\/media?parent=813"}],"wp:term":[{"taxonomy":"product_brand","embeddable":true,"href":"https:\/\/houkutteleva.fi\/sv\/wp-json\/wp\/v2\/product_brand?post=813"},{"taxonomy":"product_cat","embeddable":true,"href":"https:\/\/houkutteleva.fi\/sv\/wp-json\/wp\/v2\/product_cat?post=813"},{"taxonomy":"product_tag","embeddable":true,"href":"https:\/\/houkutteleva.fi\/sv\/wp-json\/wp\/v2\/product_tag?post=813"}],"curies":[{"name":"wp","href":"https:\/\/api.w.org\/{rel}","templated":true}]}}