{"id":812,"date":"2024-07-10T08:33:49","date_gmt":"2024-07-10T05:33:49","guid":{"rendered":"https:\/\/houkutteleva.fi\/?post_type=product&#038;p=812"},"modified":"2025-01-16T14:48:32","modified_gmt":"2025-01-16T12:48:32","slug":"muflon","status":"publish","type":"product","link":"https:\/\/houkutteleva.fi\/sv\/tuote\/muflon\/","title":{"rendered":"Muflon"},"content":{"rendered":"<p><strong>Ovis Aries Musimon<\/strong><br \/>\nMuflon on melko sopeutuvainen erilaisiin elinymp\u00e4rist\u00f6ihin, joskin ne usein viihtyv\u00e4t paremmin m\u00e4kisess\u00e4 maastossa kuin aivan tasamaalla. Suomen oloissa muflon vaatii aina talviruokinnan. My\u00f6s Keski-Euroopassa laumat ovat melko paikkauskollisia ja j\u00e4\u00e4v\u00e4t alueille miss\u00e4 niille mieluista ruokaa on tarjolla.<\/p>\n","protected":false},"excerpt":{"rendered":"<p>Alunperin Mufloni on kotoisin Lounais-Aasiasta, josta niit\u00e4 siirrettiin V\u00e4limeren saarille jo tuhansia vuosia sitten. Nykyinen Euroopanmufloni kanta onkin per\u00e4isin 1700-luvulla Korsikan ja Sardinian saarilta tehdyist\u00e4 siirtoistutuksista. Nykyisin n\u00e4iden saarten kanta on uhanalainen mutta pohjoisempaan Eurooppaan muodostunut kanta sen sijaan eritt\u00e4in elinvoimainen ja kest\u00e4\u00e4 hyvin mets\u00e4styst\u00e4. Kuusipeuran tavoin my\u00f6s muflonia on istutettu Suomeen ja niit\u00e4 mets\u00e4stet\u00e4\u00e4nkin joitakin vuosittain. Todelliseen muflonjahtiin kannattaa kyll\u00e4kin ainakin toistaiseksi l\u00e4hte\u00e4 Keski-Eurooppaan.<\/p>\n<p>Voit vuokrata trofeita, tai ostaa sen omaksesi!<\/p>\n","protected":false},"featured_media":777,"template":"","meta":{"_et_pb_use_builder":"","_et_pb_old_content":"","_et_gb_content_width":""},"product_brand":[],"product_cat":[19],"product_tag":[],"class_list":{"0":"post-812","1":"product","2":"type-product","3":"status-publish","4":"has-post-thumbnail","6":"product_cat-trofeet","8":"first","9":"instock","10":"taxable","11":"shipping-taxable","12":"product-type-simple"},"yoast_head":"<!-- This site is optimized with the Yoast SEO plugin v26.6 - https:\/\/yoast.com\/wordpress\/plugins\/seo\/ -->\n<title>Muflon - Houkutteleva<\/title>\n<meta name=\"description\" content=\"Alunperin Mufloni on kotoisin Lounais-Aasiasta, josta niit\u00e4 siirrettiin V\u00e4limeren saarille jo tuhansia vuosia sitten.\" \/>\n<meta name=\"robots\" content=\"index, follow, max-snippet:-1, max-image-preview:large, max-video-preview:-1\" \/>\n<link rel=\"canonical\" href=\"https:\/\/houkutteleva.fi\/sv\/tuote\/muflon\/\" \/>\n<meta property=\"og:locale\" content=\"sv_SE\" \/>\n<meta property=\"og:type\" content=\"article\" \/>\n<meta property=\"og:title\" content=\"Muflon - Houkutteleva\" \/>\n<meta property=\"og:description\" content=\"Alunperin Mufloni on kotoisin Lounais-Aasiasta, josta niit\u00e4 siirrettiin V\u00e4limeren saarille jo tuhansia vuosia sitten.\" \/>\n<meta property=\"og:url\" content=\"https:\/\/houkutteleva.fi\/sv\/tuote\/muflon\/\" \/>\n<meta property=\"og:site_name\" content=\"Houkutteleva\" \/>\n<meta property=\"article:modified_time\" content=\"2025-01-16T12:48:32+00:00\" \/>\n<meta property=\"og:image\" content=\"https:\/\/houkutteleva.fi\/wp-content\/uploads\/muflon.jpg\" \/>\n\t<meta property=\"og:image:width\" content=\"750\" \/>\n\t<meta property=\"og:image:height\" content=\"1000\" \/>\n\t<meta property=\"og:image:type\" content=\"image\/jpeg\" \/>\n<meta name=\"twitter:card\" content=\"summary_large_image\" \/>\n<meta name=\"twitter:label1\" content=\"Ber\u00e4knad l\u00e4stid\" \/>\n\t<meta name=\"twitter:data1\" content=\"1 minut\" \/>\n<script type=\"application\/ld+json\" class=\"yoast-schema-graph\">{\"@context\":\"https:\/\/schema.org\",\"@graph\":[{\"@type\":\"WebPage\",\"@id\":\"https:\/\/houkutteleva.fi\/sv\/tuote\/muflon\/\",\"url\":\"https:\/\/houkutteleva.fi\/sv\/tuote\/muflon\/\",\"name\":\"Muflon - Houkutteleva\",\"isPartOf\":{\"@id\":\"https:\/\/houkutteleva.fi\/sv\/#website\"},\"primaryImageOfPage\":{\"@id\":\"https:\/\/houkutteleva.fi\/sv\/tuote\/muflon\/#primaryimage\"},\"image\":{\"@id\":\"https:\/\/houkutteleva.fi\/sv\/tuote\/muflon\/#primaryimage\"},\"thumbnailUrl\":\"https:\/\/houkutteleva.fi\/wp-content\/uploads\/muflon.jpg\",\"datePublished\":\"2024-07-10T05:33:49+00:00\",\"dateModified\":\"2025-01-16T12:48:32+00:00\",\"description\":\"Alunperin Mufloni on kotoisin Lounais-Aasiasta, josta niit\u00e4 siirrettiin V\u00e4limeren saarille jo tuhansia vuosia sitten.\",\"breadcrumb\":{\"@id\":\"https:\/\/houkutteleva.fi\/sv\/tuote\/muflon\/#breadcrumb\"},\"inLanguage\":\"sv-SE\",\"potentialAction\":[{\"@type\":\"ReadAction\",\"target\":[\"https:\/\/houkutteleva.fi\/sv\/tuote\/muflon\/\"]}]},{\"@type\":\"ImageObject\",\"inLanguage\":\"sv-SE\",\"@id\":\"https:\/\/houkutteleva.fi\/sv\/tuote\/muflon\/#primaryimage\",\"url\":\"https:\/\/houkutteleva.fi\/wp-content\/uploads\/muflon.jpg\",\"contentUrl\":\"https:\/\/houkutteleva.fi\/wp-content\/uploads\/muflon.jpg\",\"width\":750,\"height\":1000,\"caption\":\"Muflon\"},{\"@type\":\"BreadcrumbList\",\"@id\":\"https:\/\/houkutteleva.fi\/sv\/tuote\/muflon\/#breadcrumb\",\"itemListElement\":[{\"@type\":\"ListItem\",\"position\":1,\"name\":\"Etusivu\",\"item\":\"https:\/\/houkutteleva.fi\/sv\/\"},{\"@type\":\"ListItem\",\"position\":2,\"name\":\"Butik\",\"item\":\"https:\/\/houkutteleva.fi\/sv\/butik\/\"},{\"@type\":\"ListItem\",\"position\":3,\"name\":\"Muflon\"}]},{\"@type\":\"WebSite\",\"@id\":\"https:\/\/houkutteleva.fi\/sv\/#website\",\"url\":\"https:\/\/houkutteleva.fi\/sv\/\",\"name\":\"Houkutteleva\",\"description\":\"Mets\u00e4stys ja luontomatkailu Suomessa\",\"potentialAction\":[{\"@type\":\"SearchAction\",\"target\":{\"@type\":\"EntryPoint\",\"urlTemplate\":\"https:\/\/houkutteleva.fi\/sv\/?s={search_term_string}\"},\"query-input\":{\"@type\":\"PropertyValueSpecification\",\"valueRequired\":true,\"valueName\":\"search_term_string\"}}],\"inLanguage\":\"sv-SE\"}]}<\/script>\n<!-- \/ Yoast SEO plugin. -->","yoast_head_json":{"title":"Muflon - Houkutteleva","description":"Alunperin Mufloni on kotoisin Lounais-Aasiasta, josta niit\u00e4 siirrettiin V\u00e4limeren saarille jo tuhansia vuosia sitten.","robots":{"index":"index","follow":"follow","max-snippet":"max-snippet:-1","max-image-preview":"max-image-preview:large","max-video-preview":"max-video-preview:-1"},"canonical":"https:\/\/houkutteleva.fi\/sv\/tuote\/muflon\/","og_locale":"sv_SE","og_type":"article","og_title":"Muflon - Houkutteleva","og_description":"Alunperin Mufloni on kotoisin Lounais-Aasiasta, josta niit\u00e4 siirrettiin V\u00e4limeren saarille jo tuhansia vuosia sitten.","og_url":"https:\/\/houkutteleva.fi\/sv\/tuote\/muflon\/","og_site_name":"Houkutteleva","article_modified_time":"2025-01-16T12:48:32+00:00","og_image":[{"width":750,"height":1000,"url":"https:\/\/houkutteleva.fi\/wp-content\/uploads\/muflon.jpg","type":"image\/jpeg"}],"twitter_card":"summary_large_image","twitter_misc":{"Ber\u00e4knad l\u00e4stid":"1 minut"},"schema":{"@context":"https:\/\/schema.org","@graph":[{"@type":"WebPage","@id":"https:\/\/houkutteleva.fi\/sv\/tuote\/muflon\/","url":"https:\/\/houkutteleva.fi\/sv\/tuote\/muflon\/","name":"Muflon - Houkutteleva","isPartOf":{"@id":"https:\/\/houkutteleva.fi\/sv\/#website"},"primaryImageOfPage":{"@id":"https:\/\/houkutteleva.fi\/sv\/tuote\/muflon\/#primaryimage"},"image":{"@id":"https:\/\/houkutteleva.fi\/sv\/tuote\/muflon\/#primaryimage"},"thumbnailUrl":"https:\/\/houkutteleva.fi\/wp-content\/uploads\/muflon.jpg","datePublished":"2024-07-10T05:33:49+00:00","dateModified":"2025-01-16T12:48:32+00:00","description":"Alunperin Mufloni on kotoisin Lounais-Aasiasta, josta niit\u00e4 siirrettiin V\u00e4limeren saarille jo tuhansia vuosia sitten.","breadcrumb":{"@id":"https:\/\/houkutteleva.fi\/sv\/tuote\/muflon\/#breadcrumb"},"inLanguage":"sv-SE","potentialAction":[{"@type":"ReadAction","target":["https:\/\/houkutteleva.fi\/sv\/tuote\/muflon\/"]}]},{"@type":"ImageObject","inLanguage":"sv-SE","@id":"https:\/\/houkutteleva.fi\/sv\/tuote\/muflon\/#primaryimage","url":"https:\/\/houkutteleva.fi\/wp-content\/uploads\/muflon.jpg","contentUrl":"https:\/\/houkutteleva.fi\/wp-content\/uploads\/muflon.jpg","width":750,"height":1000,"caption":"Muflon"},{"@type":"BreadcrumbList","@id":"https:\/\/houkutteleva.fi\/sv\/tuote\/muflon\/#breadcrumb","itemListElement":[{"@type":"ListItem","position":1,"name":"Etusivu","item":"https:\/\/houkutteleva.fi\/sv\/"},{"@type":"ListItem","position":2,"name":"Butik","item":"https:\/\/houkutteleva.fi\/sv\/butik\/"},{"@type":"ListItem","position":3,"name":"Muflon"}]},{"@type":"WebSite","@id":"https:\/\/houkutteleva.fi\/sv\/#website","url":"https:\/\/houkutteleva.fi\/sv\/","name":"Houkutteleva","description":"Mets\u00e4stys ja luontomatkailu Suomessa","potentialAction":[{"@type":"SearchAction","target":{"@type":"EntryPoint","urlTemplate":"https:\/\/houkutteleva.fi\/sv\/?s={search_term_string}"},"query-input":{"@type":"PropertyValueSpecification","valueRequired":true,"valueName":"search_term_string"}}],"inLanguage":"sv-SE"}]}},"_links":{"self":[{"href":"https:\/\/houkutteleva.fi\/sv\/wp-json\/wp\/v2\/product\/812","targetHints":{"allow":["GET"]}}],"collection":[{"href":"https:\/\/houkutteleva.fi\/sv\/wp-json\/wp\/v2\/product"}],"about":[{"href":"https:\/\/houkutteleva.fi\/sv\/wp-json\/wp\/v2\/types\/product"}],"wp:featuredmedia":[{"embeddable":true,"href":"https:\/\/houkutteleva.fi\/sv\/wp-json\/wp\/v2\/media\/777"}],"wp:attachment":[{"href":"https:\/\/houkutteleva.fi\/sv\/wp-json\/wp\/v2\/media?parent=812"}],"wp:term":[{"taxonomy":"product_brand","embeddable":true,"href":"https:\/\/houkutteleva.fi\/sv\/wp-json\/wp\/v2\/product_brand?post=812"},{"taxonomy":"product_cat","embeddable":true,"href":"https:\/\/houkutteleva.fi\/sv\/wp-json\/wp\/v2\/product_cat?post=812"},{"taxonomy":"product_tag","embeddable":true,"href":"https:\/\/houkutteleva.fi\/sv\/wp-json\/wp\/v2\/product_tag?post=812"}],"curies":[{"name":"wp","href":"https:\/\/api.w.org\/{rel}","templated":true}]}}