{"id":809,"date":"2024-07-10T09:29:59","date_gmt":"2024-07-10T06:29:59","guid":{"rendered":"https:\/\/houkutteleva.fi\/?post_type=product&#038;p=809"},"modified":"2024-07-23T20:00:27","modified_gmt":"2024-07-23T17:00:27","slug":"kudun-sarvitrofeet","status":"publish","type":"product","link":"https:\/\/houkutteleva.fi\/sv\/tuote\/kudun-sarvitrofeet\/","title":{"rendered":"Kudun sarvitrofeet"},"content":{"rendered":"<p>L\u00f6ytyy rehevilt\u00e4 alueilta ja liittyy aina paksuihin pusikkoalueisiin. Ruokailee laumoissa, joskus poikamieslaumoissa. Maastosta riippuen laukauset\u00e4isyys vaihtelee 50-250 metrin v\u00e4lill\u00e4; joskus voi v\u00e4ijy\u00e4 l\u00e4hemm\u00e4s, jos maasto sen sallii. Tavallisesti kytt\u00e4\u00e4mme niit\u00e4 aamuisin ja iltaisin ja v\u00e4ijymme niit\u00e4 jalkaisin. Hyv\u00e4 laukauksen sijoittelu on t\u00e4rke\u00e4\u00e4, sill\u00e4 haavoittuneena ne piiloutuvat hyvin tihe\u00e4\u00e4n pusikkoon.<\/p>\n","protected":false},"excerpt":{"rendered":"<p>S\u00e4k\u00e4korkeus: 1,3 metri\u00e4<br \/>Paino: 150 &#8211; 300 kiloa<\/p>\n<p>Voit vuokrata trofeita, tai ostaa sen omaksesi!<\/p>\n","protected":false},"featured_media":775,"template":"","meta":{"_et_pb_use_builder":"","_et_pb_old_content":"","_et_gb_content_width":""},"product_brand":[],"product_cat":[19],"product_tag":[],"class_list":{"0":"post-809","1":"product","2":"type-product","3":"status-publish","4":"has-post-thumbnail","6":"product_cat-trofeet","8":"first","9":"instock","10":"taxable","11":"shipping-taxable","12":"product-type-simple"},"yoast_head":"<!-- This site is optimized with the Yoast SEO plugin v26.6 - https:\/\/yoast.com\/wordpress\/plugins\/seo\/ -->\n<title>Kudun sarvitrofeet - Houkutteleva<\/title>\n<meta name=\"robots\" content=\"index, follow, max-snippet:-1, max-image-preview:large, max-video-preview:-1\" \/>\n<link rel=\"canonical\" href=\"https:\/\/houkutteleva.fi\/sv\/tuote\/kudun-sarvitrofeet\/\" \/>\n<meta property=\"og:locale\" content=\"sv_SE\" \/>\n<meta property=\"og:type\" content=\"article\" \/>\n<meta property=\"og:title\" content=\"Kudun sarvitrofeet - Houkutteleva\" \/>\n<meta property=\"og:description\" content=\"S\u00e4k\u00e4korkeus: 1,3 metri\u00e4Paino: 150 - 300 kiloaVoit vuokrata trofeita, tai ostaa sen omaksesi!\" \/>\n<meta property=\"og:url\" content=\"https:\/\/houkutteleva.fi\/sv\/tuote\/kudun-sarvitrofeet\/\" \/>\n<meta property=\"og:site_name\" content=\"Houkutteleva\" \/>\n<meta property=\"article:modified_time\" content=\"2024-07-23T17:00:27+00:00\" \/>\n<meta property=\"og:image\" content=\"https:\/\/houkutteleva.fi\/wp-content\/uploads\/kudun-sarvet.jpg\" \/>\n\t<meta property=\"og:image:width\" content=\"750\" \/>\n\t<meta property=\"og:image:height\" content=\"1000\" \/>\n\t<meta property=\"og:image:type\" content=\"image\/jpeg\" \/>\n<meta name=\"twitter:card\" content=\"summary_large_image\" \/>\n<script type=\"application\/ld+json\" class=\"yoast-schema-graph\">{\"@context\":\"https:\/\/schema.org\",\"@graph\":[{\"@type\":\"WebPage\",\"@id\":\"https:\/\/houkutteleva.fi\/sv\/tuote\/kudun-sarvitrofeet\/\",\"url\":\"https:\/\/houkutteleva.fi\/sv\/tuote\/kudun-sarvitrofeet\/\",\"name\":\"Kudun sarvitrofeet - Houkutteleva\",\"isPartOf\":{\"@id\":\"https:\/\/houkutteleva.fi\/sv\/#website\"},\"primaryImageOfPage\":{\"@id\":\"https:\/\/houkutteleva.fi\/sv\/tuote\/kudun-sarvitrofeet\/#primaryimage\"},\"image\":{\"@id\":\"https:\/\/houkutteleva.fi\/sv\/tuote\/kudun-sarvitrofeet\/#primaryimage\"},\"thumbnailUrl\":\"https:\/\/houkutteleva.fi\/wp-content\/uploads\/kudun-sarvet.jpg\",\"datePublished\":\"2024-07-10T06:29:59+00:00\",\"dateModified\":\"2024-07-23T17:00:27+00:00\",\"breadcrumb\":{\"@id\":\"https:\/\/houkutteleva.fi\/sv\/tuote\/kudun-sarvitrofeet\/#breadcrumb\"},\"inLanguage\":\"sv-SE\",\"potentialAction\":[{\"@type\":\"ReadAction\",\"target\":[\"https:\/\/houkutteleva.fi\/sv\/tuote\/kudun-sarvitrofeet\/\"]}]},{\"@type\":\"ImageObject\",\"inLanguage\":\"sv-SE\",\"@id\":\"https:\/\/houkutteleva.fi\/sv\/tuote\/kudun-sarvitrofeet\/#primaryimage\",\"url\":\"https:\/\/houkutteleva.fi\/wp-content\/uploads\/kudun-sarvet.jpg\",\"contentUrl\":\"https:\/\/houkutteleva.fi\/wp-content\/uploads\/kudun-sarvet.jpg\",\"width\":750,\"height\":1000,\"caption\":\"Kudun sarvitrofee\"},{\"@type\":\"BreadcrumbList\",\"@id\":\"https:\/\/houkutteleva.fi\/sv\/tuote\/kudun-sarvitrofeet\/#breadcrumb\",\"itemListElement\":[{\"@type\":\"ListItem\",\"position\":1,\"name\":\"Etusivu\",\"item\":\"https:\/\/houkutteleva.fi\/sv\/\"},{\"@type\":\"ListItem\",\"position\":2,\"name\":\"Butik\",\"item\":\"https:\/\/houkutteleva.fi\/sv\/butik\/\"},{\"@type\":\"ListItem\",\"position\":3,\"name\":\"Kudun sarvitrofeet\"}]},{\"@type\":\"WebSite\",\"@id\":\"https:\/\/houkutteleva.fi\/sv\/#website\",\"url\":\"https:\/\/houkutteleva.fi\/sv\/\",\"name\":\"Houkutteleva\",\"description\":\"Mets\u00e4stys ja luontomatkailu Suomessa\",\"potentialAction\":[{\"@type\":\"SearchAction\",\"target\":{\"@type\":\"EntryPoint\",\"urlTemplate\":\"https:\/\/houkutteleva.fi\/sv\/?s={search_term_string}\"},\"query-input\":{\"@type\":\"PropertyValueSpecification\",\"valueRequired\":true,\"valueName\":\"search_term_string\"}}],\"inLanguage\":\"sv-SE\"}]}<\/script>\n<!-- \/ Yoast SEO plugin. -->","yoast_head_json":{"title":"Kudun sarvitrofeet - Houkutteleva","robots":{"index":"index","follow":"follow","max-snippet":"max-snippet:-1","max-image-preview":"max-image-preview:large","max-video-preview":"max-video-preview:-1"},"canonical":"https:\/\/houkutteleva.fi\/sv\/tuote\/kudun-sarvitrofeet\/","og_locale":"sv_SE","og_type":"article","og_title":"Kudun sarvitrofeet - Houkutteleva","og_description":"S\u00e4k\u00e4korkeus: 1,3 metri\u00e4Paino: 150 - 300 kiloaVoit vuokrata trofeita, tai ostaa sen omaksesi!","og_url":"https:\/\/houkutteleva.fi\/sv\/tuote\/kudun-sarvitrofeet\/","og_site_name":"Houkutteleva","article_modified_time":"2024-07-23T17:00:27+00:00","og_image":[{"width":750,"height":1000,"url":"https:\/\/houkutteleva.fi\/wp-content\/uploads\/kudun-sarvet.jpg","type":"image\/jpeg"}],"twitter_card":"summary_large_image","schema":{"@context":"https:\/\/schema.org","@graph":[{"@type":"WebPage","@id":"https:\/\/houkutteleva.fi\/sv\/tuote\/kudun-sarvitrofeet\/","url":"https:\/\/houkutteleva.fi\/sv\/tuote\/kudun-sarvitrofeet\/","name":"Kudun sarvitrofeet - Houkutteleva","isPartOf":{"@id":"https:\/\/houkutteleva.fi\/sv\/#website"},"primaryImageOfPage":{"@id":"https:\/\/houkutteleva.fi\/sv\/tuote\/kudun-sarvitrofeet\/#primaryimage"},"image":{"@id":"https:\/\/houkutteleva.fi\/sv\/tuote\/kudun-sarvitrofeet\/#primaryimage"},"thumbnailUrl":"https:\/\/houkutteleva.fi\/wp-content\/uploads\/kudun-sarvet.jpg","datePublished":"2024-07-10T06:29:59+00:00","dateModified":"2024-07-23T17:00:27+00:00","breadcrumb":{"@id":"https:\/\/houkutteleva.fi\/sv\/tuote\/kudun-sarvitrofeet\/#breadcrumb"},"inLanguage":"sv-SE","potentialAction":[{"@type":"ReadAction","target":["https:\/\/houkutteleva.fi\/sv\/tuote\/kudun-sarvitrofeet\/"]}]},{"@type":"ImageObject","inLanguage":"sv-SE","@id":"https:\/\/houkutteleva.fi\/sv\/tuote\/kudun-sarvitrofeet\/#primaryimage","url":"https:\/\/houkutteleva.fi\/wp-content\/uploads\/kudun-sarvet.jpg","contentUrl":"https:\/\/houkutteleva.fi\/wp-content\/uploads\/kudun-sarvet.jpg","width":750,"height":1000,"caption":"Kudun sarvitrofee"},{"@type":"BreadcrumbList","@id":"https:\/\/houkutteleva.fi\/sv\/tuote\/kudun-sarvitrofeet\/#breadcrumb","itemListElement":[{"@type":"ListItem","position":1,"name":"Etusivu","item":"https:\/\/houkutteleva.fi\/sv\/"},{"@type":"ListItem","position":2,"name":"Butik","item":"https:\/\/houkutteleva.fi\/sv\/butik\/"},{"@type":"ListItem","position":3,"name":"Kudun sarvitrofeet"}]},{"@type":"WebSite","@id":"https:\/\/houkutteleva.fi\/sv\/#website","url":"https:\/\/houkutteleva.fi\/sv\/","name":"Houkutteleva","description":"Mets\u00e4stys ja luontomatkailu Suomessa","potentialAction":[{"@type":"SearchAction","target":{"@type":"EntryPoint","urlTemplate":"https:\/\/houkutteleva.fi\/sv\/?s={search_term_string}"},"query-input":{"@type":"PropertyValueSpecification","valueRequired":true,"valueName":"search_term_string"}}],"inLanguage":"sv-SE"}]}},"_links":{"self":[{"href":"https:\/\/houkutteleva.fi\/sv\/wp-json\/wp\/v2\/product\/809","targetHints":{"allow":["GET"]}}],"collection":[{"href":"https:\/\/houkutteleva.fi\/sv\/wp-json\/wp\/v2\/product"}],"about":[{"href":"https:\/\/houkutteleva.fi\/sv\/wp-json\/wp\/v2\/types\/product"}],"wp:featuredmedia":[{"embeddable":true,"href":"https:\/\/houkutteleva.fi\/sv\/wp-json\/wp\/v2\/media\/775"}],"wp:attachment":[{"href":"https:\/\/houkutteleva.fi\/sv\/wp-json\/wp\/v2\/media?parent=809"}],"wp:term":[{"taxonomy":"product_brand","embeddable":true,"href":"https:\/\/houkutteleva.fi\/sv\/wp-json\/wp\/v2\/product_brand?post=809"},{"taxonomy":"product_cat","embeddable":true,"href":"https:\/\/houkutteleva.fi\/sv\/wp-json\/wp\/v2\/product_cat?post=809"},{"taxonomy":"product_tag","embeddable":true,"href":"https:\/\/houkutteleva.fi\/sv\/wp-json\/wp\/v2\/product_tag?post=809"}],"curies":[{"name":"wp","href":"https:\/\/api.w.org\/{rel}","templated":true}]}}