{"id":808,"date":"2024-07-10T09:26:50","date_gmt":"2024-07-10T06:26:50","guid":{"rendered":"https:\/\/houkutteleva.fi\/?post_type=product&#038;p=808"},"modified":"2025-01-16T13:17:43","modified_gmt":"2025-01-16T11:17:43","slug":"valkohantapeuran-sarvitrofee","status":"publish","type":"product","link":"https:\/\/houkutteleva.fi\/sv\/tuote\/valkohantapeuran-sarvitrofee\/","title":{"rendered":"Valkoh\u00e4nt\u00e4peuran sarvitrofee"},"content":{"rendered":"<p><strong>White tail Deer<\/strong>, <strong>Odocoileus virgianus<\/strong>,<br \/><span style=\", serif\">Valkoh\u00e4nt\u00e4peura<\/span> <span style=\", serif\">tuotiin kahdessa ryhm\u00e4ss\u00e4 Suomeen Minnesotasta 1930 ja -40 luvulla Laukkoon. T\u00e4m\u00e4nhetkiset<\/span> <span style=\", serif\">vuotuiset saalism\u00e4\u00e4r\u00e4t hipovat 20 -25.000 yksil\u00f6\u00e4, eli voidaan hyv\u00e4ll\u00e4 syyll\u00e4<\/span> <span style=\", serif\">todeta valkoh\u00e4nt\u00e4peuran kotiutuneen hyvin maahamme. Vaikka valkoh\u00e4nt\u00e4peura on<\/span> <span style=\", serif\">hyvin sopeutunut talvisiin olosuhteisiin, on se Suomessa elinalueensa<\/span> <span style=\", serif\">pohjoisrajalla ja on pahimpina talvina riippuvainen ruokintapaikkojen tuomasta<\/span> <span style=\", serif\">lis\u00e4ravinnosta.<\/span><\/p>\n<p class=\"MsoNormal\" style=\"line-height: normal;background-image: initial;background-position: initial;background-size: initial;background-repeat: initial;background-attachment: initial\"><span style=\",serif;color:#080404\">Euroopan maista Suomi on ainoa maa, jossa valkoh\u00e4nt\u00e4peura esiintyy villin\u00e4 mets\u00e4styksen<br \/>kest\u00e4v\u00e4n\u00e4 kantana, joten meid\u00e4n tulee kaikin keinoin yll\u00e4pit\u00e4\u00e4 ja vahvistaa t\u00e4m\u00e4n hienon riistael\u00e4imen kantaa.<\/span><\/p>\n","protected":false},"excerpt":{"rendered":"<p>S\u00e4k\u00e4korkeus 0,90\u20131,05 m<br \/>Paino 70\u2013140\u00a0kg<br \/>Pituus 1,50\u20131,80 m<\/p>\n<p>Voit vuokrata trofeita, tai ostaa sen omaksesi!<\/p>\n","protected":false},"featured_media":785,"template":"","meta":{"_et_pb_use_builder":"","_et_pb_old_content":"","_et_gb_content_width":""},"product_brand":[],"product_cat":[19],"product_tag":[],"class_list":{"0":"post-808","1":"product","2":"type-product","3":"status-publish","4":"has-post-thumbnail","6":"product_cat-trofeet","8":"first","9":"instock","10":"taxable","11":"shipping-taxable","12":"product-type-simple"},"yoast_head":"<!-- This site is optimized with the Yoast SEO plugin v26.6 - https:\/\/yoast.com\/wordpress\/plugins\/seo\/ -->\n<title>Valkoh\u00e4nt\u00e4peuran sarvitrofee - Houkutteleva<\/title>\n<meta name=\"robots\" content=\"index, follow, max-snippet:-1, max-image-preview:large, max-video-preview:-1\" \/>\n<link rel=\"canonical\" href=\"https:\/\/houkutteleva.fi\/sv\/tuote\/valkohantapeuran-sarvitrofee\/\" \/>\n<meta property=\"og:locale\" content=\"sv_SE\" \/>\n<meta property=\"og:type\" content=\"article\" \/>\n<meta property=\"og:title\" content=\"Valkoh\u00e4nt\u00e4peuran sarvitrofee - Houkutteleva\" \/>\n<meta property=\"og:description\" content=\"S\u00e4k\u00e4korkeus 0,90\u20131,05 mPaino 70\u2013140\u00a0kgPituus 1,50\u20131,80 mVoit vuokrata trofeita, tai ostaa sen omaksesi!\" \/>\n<meta property=\"og:url\" content=\"https:\/\/houkutteleva.fi\/sv\/tuote\/valkohantapeuran-sarvitrofee\/\" \/>\n<meta property=\"og:site_name\" content=\"Houkutteleva\" \/>\n<meta property=\"article:modified_time\" content=\"2025-01-16T11:17:43+00:00\" \/>\n<meta property=\"og:image\" content=\"https:\/\/houkutteleva.fi\/wp-content\/uploads\/vahkohantapeuran-sarvet.jpg\" \/>\n\t<meta property=\"og:image:width\" content=\"750\" \/>\n\t<meta property=\"og:image:height\" content=\"1000\" \/>\n\t<meta property=\"og:image:type\" content=\"image\/jpeg\" \/>\n<meta name=\"twitter:card\" content=\"summary_large_image\" \/>\n<script type=\"application\/ld+json\" class=\"yoast-schema-graph\">{\"@context\":\"https:\/\/schema.org\",\"@graph\":[{\"@type\":\"WebPage\",\"@id\":\"https:\/\/houkutteleva.fi\/sv\/tuote\/valkohantapeuran-sarvitrofee\/\",\"url\":\"https:\/\/houkutteleva.fi\/sv\/tuote\/valkohantapeuran-sarvitrofee\/\",\"name\":\"Valkoh\u00e4nt\u00e4peuran sarvitrofee - Houkutteleva\",\"isPartOf\":{\"@id\":\"https:\/\/houkutteleva.fi\/sv\/#website\"},\"primaryImageOfPage\":{\"@id\":\"https:\/\/houkutteleva.fi\/sv\/tuote\/valkohantapeuran-sarvitrofee\/#primaryimage\"},\"image\":{\"@id\":\"https:\/\/houkutteleva.fi\/sv\/tuote\/valkohantapeuran-sarvitrofee\/#primaryimage\"},\"thumbnailUrl\":\"https:\/\/houkutteleva.fi\/wp-content\/uploads\/vahkohantapeuran-sarvet.jpg\",\"datePublished\":\"2024-07-10T06:26:50+00:00\",\"dateModified\":\"2025-01-16T11:17:43+00:00\",\"breadcrumb\":{\"@id\":\"https:\/\/houkutteleva.fi\/sv\/tuote\/valkohantapeuran-sarvitrofee\/#breadcrumb\"},\"inLanguage\":\"sv-SE\",\"potentialAction\":[{\"@type\":\"ReadAction\",\"target\":[\"https:\/\/houkutteleva.fi\/sv\/tuote\/valkohantapeuran-sarvitrofee\/\"]}]},{\"@type\":\"ImageObject\",\"inLanguage\":\"sv-SE\",\"@id\":\"https:\/\/houkutteleva.fi\/sv\/tuote\/valkohantapeuran-sarvitrofee\/#primaryimage\",\"url\":\"https:\/\/houkutteleva.fi\/wp-content\/uploads\/vahkohantapeuran-sarvet.jpg\",\"contentUrl\":\"https:\/\/houkutteleva.fi\/wp-content\/uploads\/vahkohantapeuran-sarvet.jpg\",\"width\":750,\"height\":1000,\"caption\":\"Valkoh\u00e4nt\u00e4peuran sarvitrofeet\"},{\"@type\":\"BreadcrumbList\",\"@id\":\"https:\/\/houkutteleva.fi\/sv\/tuote\/valkohantapeuran-sarvitrofee\/#breadcrumb\",\"itemListElement\":[{\"@type\":\"ListItem\",\"position\":1,\"name\":\"Etusivu\",\"item\":\"https:\/\/houkutteleva.fi\/sv\/\"},{\"@type\":\"ListItem\",\"position\":2,\"name\":\"Butik\",\"item\":\"https:\/\/houkutteleva.fi\/sv\/butik\/\"},{\"@type\":\"ListItem\",\"position\":3,\"name\":\"Valkoh\u00e4nt\u00e4peuran sarvitrofee\"}]},{\"@type\":\"WebSite\",\"@id\":\"https:\/\/houkutteleva.fi\/sv\/#website\",\"url\":\"https:\/\/houkutteleva.fi\/sv\/\",\"name\":\"Houkutteleva\",\"description\":\"Mets\u00e4stys ja luontomatkailu Suomessa\",\"potentialAction\":[{\"@type\":\"SearchAction\",\"target\":{\"@type\":\"EntryPoint\",\"urlTemplate\":\"https:\/\/houkutteleva.fi\/sv\/?s={search_term_string}\"},\"query-input\":{\"@type\":\"PropertyValueSpecification\",\"valueRequired\":true,\"valueName\":\"search_term_string\"}}],\"inLanguage\":\"sv-SE\"}]}<\/script>\n<!-- \/ Yoast SEO plugin. -->","yoast_head_json":{"title":"Valkoh\u00e4nt\u00e4peuran sarvitrofee - Houkutteleva","robots":{"index":"index","follow":"follow","max-snippet":"max-snippet:-1","max-image-preview":"max-image-preview:large","max-video-preview":"max-video-preview:-1"},"canonical":"https:\/\/houkutteleva.fi\/sv\/tuote\/valkohantapeuran-sarvitrofee\/","og_locale":"sv_SE","og_type":"article","og_title":"Valkoh\u00e4nt\u00e4peuran sarvitrofee - Houkutteleva","og_description":"S\u00e4k\u00e4korkeus 0,90\u20131,05 mPaino 70\u2013140\u00a0kgPituus 1,50\u20131,80 mVoit vuokrata trofeita, tai ostaa sen omaksesi!","og_url":"https:\/\/houkutteleva.fi\/sv\/tuote\/valkohantapeuran-sarvitrofee\/","og_site_name":"Houkutteleva","article_modified_time":"2025-01-16T11:17:43+00:00","og_image":[{"width":750,"height":1000,"url":"https:\/\/houkutteleva.fi\/wp-content\/uploads\/vahkohantapeuran-sarvet.jpg","type":"image\/jpeg"}],"twitter_card":"summary_large_image","schema":{"@context":"https:\/\/schema.org","@graph":[{"@type":"WebPage","@id":"https:\/\/houkutteleva.fi\/sv\/tuote\/valkohantapeuran-sarvitrofee\/","url":"https:\/\/houkutteleva.fi\/sv\/tuote\/valkohantapeuran-sarvitrofee\/","name":"Valkoh\u00e4nt\u00e4peuran sarvitrofee - Houkutteleva","isPartOf":{"@id":"https:\/\/houkutteleva.fi\/sv\/#website"},"primaryImageOfPage":{"@id":"https:\/\/houkutteleva.fi\/sv\/tuote\/valkohantapeuran-sarvitrofee\/#primaryimage"},"image":{"@id":"https:\/\/houkutteleva.fi\/sv\/tuote\/valkohantapeuran-sarvitrofee\/#primaryimage"},"thumbnailUrl":"https:\/\/houkutteleva.fi\/wp-content\/uploads\/vahkohantapeuran-sarvet.jpg","datePublished":"2024-07-10T06:26:50+00:00","dateModified":"2025-01-16T11:17:43+00:00","breadcrumb":{"@id":"https:\/\/houkutteleva.fi\/sv\/tuote\/valkohantapeuran-sarvitrofee\/#breadcrumb"},"inLanguage":"sv-SE","potentialAction":[{"@type":"ReadAction","target":["https:\/\/houkutteleva.fi\/sv\/tuote\/valkohantapeuran-sarvitrofee\/"]}]},{"@type":"ImageObject","inLanguage":"sv-SE","@id":"https:\/\/houkutteleva.fi\/sv\/tuote\/valkohantapeuran-sarvitrofee\/#primaryimage","url":"https:\/\/houkutteleva.fi\/wp-content\/uploads\/vahkohantapeuran-sarvet.jpg","contentUrl":"https:\/\/houkutteleva.fi\/wp-content\/uploads\/vahkohantapeuran-sarvet.jpg","width":750,"height":1000,"caption":"Valkoh\u00e4nt\u00e4peuran sarvitrofeet"},{"@type":"BreadcrumbList","@id":"https:\/\/houkutteleva.fi\/sv\/tuote\/valkohantapeuran-sarvitrofee\/#breadcrumb","itemListElement":[{"@type":"ListItem","position":1,"name":"Etusivu","item":"https:\/\/houkutteleva.fi\/sv\/"},{"@type":"ListItem","position":2,"name":"Butik","item":"https:\/\/houkutteleva.fi\/sv\/butik\/"},{"@type":"ListItem","position":3,"name":"Valkoh\u00e4nt\u00e4peuran sarvitrofee"}]},{"@type":"WebSite","@id":"https:\/\/houkutteleva.fi\/sv\/#website","url":"https:\/\/houkutteleva.fi\/sv\/","name":"Houkutteleva","description":"Mets\u00e4stys ja luontomatkailu Suomessa","potentialAction":[{"@type":"SearchAction","target":{"@type":"EntryPoint","urlTemplate":"https:\/\/houkutteleva.fi\/sv\/?s={search_term_string}"},"query-input":{"@type":"PropertyValueSpecification","valueRequired":true,"valueName":"search_term_string"}}],"inLanguage":"sv-SE"}]}},"_links":{"self":[{"href":"https:\/\/houkutteleva.fi\/sv\/wp-json\/wp\/v2\/product\/808","targetHints":{"allow":["GET"]}}],"collection":[{"href":"https:\/\/houkutteleva.fi\/sv\/wp-json\/wp\/v2\/product"}],"about":[{"href":"https:\/\/houkutteleva.fi\/sv\/wp-json\/wp\/v2\/types\/product"}],"wp:featuredmedia":[{"embeddable":true,"href":"https:\/\/houkutteleva.fi\/sv\/wp-json\/wp\/v2\/media\/785"}],"wp:attachment":[{"href":"https:\/\/houkutteleva.fi\/sv\/wp-json\/wp\/v2\/media?parent=808"}],"wp:term":[{"taxonomy":"product_brand","embeddable":true,"href":"https:\/\/houkutteleva.fi\/sv\/wp-json\/wp\/v2\/product_brand?post=808"},{"taxonomy":"product_cat","embeddable":true,"href":"https:\/\/houkutteleva.fi\/sv\/wp-json\/wp\/v2\/product_cat?post=808"},{"taxonomy":"product_tag","embeddable":true,"href":"https:\/\/houkutteleva.fi\/sv\/wp-json\/wp\/v2\/product_tag?post=808"}],"curies":[{"name":"wp","href":"https:\/\/api.w.org\/{rel}","templated":true}]}}