{"id":637,"date":"2024-06-19T15:21:33","date_gmt":"2024-06-19T12:21:33","guid":{"rendered":"https:\/\/houkutteleva.fi\/?post_type=product&#038;p=637"},"modified":"2024-06-19T15:37:30","modified_gmt":"2024-06-19T12:37:30","slug":"nuolukivi-maissin-jyvalla-makea-3-kg","status":"publish","type":"product","link":"https:\/\/houkutteleva.fi\/sv\/tuote\/nuolukivi-maissin-jyvalla-makea-3-kg\/","title":{"rendered":"NUOLUKIVI maissin jyv\u00e4ll\u00e4, (makea) 3 kg"},"content":{"rendered":"<p>Seulotuista rehumaisseista valmistettu nuolukivi on t\u00e4ydellinen ratkaisu houkuttelemaan villiel\u00e4imi\u00e4 ruokinta-alueellesi. Sen kova koostumus tekee siit\u00e4 pitk\u00e4kestoisen ja vaikeasti purtavan. Se on l\u00e4mp\u00f6k\u00e4sittelyn ansiosta 100 % turvallista k\u00e4ytt\u00e4\u00e4. T\u00e4m\u00e4 eliminoi tauteja sek\u00e4 punkkien ja muiden tartuntahaittoja.<br \/>Liuetessaan kivi imeytyy maahan, kaukaloon, kantoon tai puunrunkoon ja kun se on loppunut, palaavat villiel\u00e4imet siihen paikkaan ja nuolevat kantoa\/puunrunkoa. T\u00e4m\u00e4 nuolukivi pysyy tehokkaana kaikissa s\u00e4\u00e4olosuhteissa, my\u00f6s vesi- ja lumisateessa.<br \/>Tuotteemme on valmistettu k\u00e4sin luonnollisista ainesosista, eik\u00e4 se sis\u00e4ll\u00e4 synteettisi\u00e4 lis\u00e4aineita. Se sis\u00e4lt\u00e4\u00e4 luonnollisia vitamiineja ja kivenn\u00e4isaineita, jotka tarjoavat lis\u00e4ravintoa villiel\u00e4imille.<br \/>\u00a0<br \/>Tiimill\u00e4mme on yli 30 vuoden mets\u00e4styskokemus ja olemme tehneet lukuisia kokeita luonnossa tutkiaksemme, mik\u00e4 houkuttelee villiel\u00e4imi\u00e4 ruokinta-alueille. T\u00e4m\u00e4 tieto on auttanut meit\u00e4 luomaan tehokkaan villiel\u00e4inhoukuttimen.<br \/>\u00a0<br \/>Olemme saaneet Liettuan valtion elintarvike- ja el\u00e4inl\u00e4\u00e4kint\u00e4viranomaiselta luvan valmistaa ja jakaa tuotteemme menestyksekk\u00e4\u00e4sti erityisesti Suomeen ja muihin Euroopan unionin maihin. Se on helppok\u00e4ytt\u00f6inen ja k\u00e4tev\u00e4 ottaa mukaan ruokintapaikkaan. Valmistaja suosittelee k\u00e4ytt\u00e4m\u00e4\u00e4n sit\u00e4 kylmin\u00e4 vuodenaikoina parhaan tuloksen saavuttamiseksi.<br \/>Tuote houkuttelee erityisesti villisikoja, hirvi\u00e4, peuroja, kauriita ja mufloneja.<br \/><strong>\u00a0<\/strong><br \/>Koostumus: maissinjyv\u00e4t, glukoosisiirappi, sokeri.<\/p>\n","protected":false},"excerpt":{"rendered":"<p>Seulotuista rehumaisseista valmistettu nuolukivi on t\u00e4ydellinen ratkaisu houkuttelemaan villiel\u00e4imi\u00e4 ruokinta-alueellesi.<\/p>\n","protected":false},"featured_media":245,"template":"","meta":{"_et_pb_use_builder":"","_et_pb_old_content":"","_et_gb_content_width":""},"product_brand":[],"product_cat":[20],"product_tag":[],"class_list":{"0":"post-637","1":"product","2":"type-product","3":"status-publish","4":"has-post-thumbnail","6":"product_cat-houkutusaineet","8":"first","9":"instock","10":"taxable","11":"shipping-taxable","12":"purchasable","13":"product-type-simple"},"yoast_head":"<!-- This site is optimized with the Yoast SEO plugin v26.6 - https:\/\/yoast.com\/wordpress\/plugins\/seo\/ -->\n<title>NUOLUKIVI maissin jyv\u00e4ll\u00e4, (makea) 3 kg - Houkutteleva<\/title>\n<meta name=\"robots\" content=\"index, follow, max-snippet:-1, max-image-preview:large, max-video-preview:-1\" \/>\n<link rel=\"canonical\" href=\"https:\/\/houkutteleva.fi\/sv\/tuote\/nuolukivi-maissin-jyvalla-makea-3-kg\/\" \/>\n<meta property=\"og:locale\" content=\"sv_SE\" \/>\n<meta property=\"og:type\" content=\"article\" \/>\n<meta property=\"og:title\" content=\"NUOLUKIVI maissin jyv\u00e4ll\u00e4, (makea) 3 kg - Houkutteleva\" \/>\n<meta property=\"og:description\" content=\"Seulotuista rehumaisseista valmistettu nuolukivi on t\u00e4ydellinen ratkaisu houkuttelemaan villiel\u00e4imi\u00e4 ruokinta-alueellesi.\" \/>\n<meta property=\"og:url\" content=\"https:\/\/houkutteleva.fi\/sv\/tuote\/nuolukivi-maissin-jyvalla-makea-3-kg\/\" \/>\n<meta property=\"og:site_name\" content=\"Houkutteleva\" \/>\n<meta property=\"article:modified_time\" content=\"2024-06-19T12:37:30+00:00\" \/>\n<meta property=\"og:image\" content=\"https:\/\/houkutteleva.fi\/wp-content\/uploads\/0695-Suolainen-nuolukivi-maissin-jyvalla.jpg\" \/>\n\t<meta property=\"og:image:width\" content=\"1000\" \/>\n\t<meta property=\"og:image:height\" content=\"667\" \/>\n\t<meta property=\"og:image:type\" content=\"image\/jpeg\" \/>\n<meta name=\"twitter:card\" content=\"summary_large_image\" \/>\n<meta name=\"twitter:label1\" content=\"Ber\u00e4knad l\u00e4stid\" \/>\n\t<meta name=\"twitter:data1\" content=\"1 minut\" \/>\n<script type=\"application\/ld+json\" class=\"yoast-schema-graph\">{\"@context\":\"https:\/\/schema.org\",\"@graph\":[{\"@type\":\"WebPage\",\"@id\":\"https:\/\/houkutteleva.fi\/sv\/tuote\/nuolukivi-maissin-jyvalla-makea-3-kg\/\",\"url\":\"https:\/\/houkutteleva.fi\/sv\/tuote\/nuolukivi-maissin-jyvalla-makea-3-kg\/\",\"name\":\"NUOLUKIVI maissin jyv\u00e4ll\u00e4, (makea) 3 kg - Houkutteleva\",\"isPartOf\":{\"@id\":\"https:\/\/houkutteleva.fi\/sv\/#website\"},\"primaryImageOfPage\":{\"@id\":\"https:\/\/houkutteleva.fi\/sv\/tuote\/nuolukivi-maissin-jyvalla-makea-3-kg\/#primaryimage\"},\"image\":{\"@id\":\"https:\/\/houkutteleva.fi\/sv\/tuote\/nuolukivi-maissin-jyvalla-makea-3-kg\/#primaryimage\"},\"thumbnailUrl\":\"https:\/\/houkutteleva.fi\/wp-content\/uploads\/0695-Suolainen-nuolukivi-maissin-jyvalla.jpg\",\"datePublished\":\"2024-06-19T12:21:33+00:00\",\"dateModified\":\"2024-06-19T12:37:30+00:00\",\"breadcrumb\":{\"@id\":\"https:\/\/houkutteleva.fi\/sv\/tuote\/nuolukivi-maissin-jyvalla-makea-3-kg\/#breadcrumb\"},\"inLanguage\":\"sv-SE\",\"potentialAction\":[{\"@type\":\"ReadAction\",\"target\":[\"https:\/\/houkutteleva.fi\/sv\/tuote\/nuolukivi-maissin-jyvalla-makea-3-kg\/\"]}]},{\"@type\":\"ImageObject\",\"inLanguage\":\"sv-SE\",\"@id\":\"https:\/\/houkutteleva.fi\/sv\/tuote\/nuolukivi-maissin-jyvalla-makea-3-kg\/#primaryimage\",\"url\":\"https:\/\/houkutteleva.fi\/wp-content\/uploads\/0695-Suolainen-nuolukivi-maissin-jyvalla.jpg\",\"contentUrl\":\"https:\/\/houkutteleva.fi\/wp-content\/uploads\/0695-Suolainen-nuolukivi-maissin-jyvalla.jpg\",\"width\":1000,\"height\":667,\"caption\":\"Nuolukivi maissin jyv\u00e4ll\u00e4\"},{\"@type\":\"BreadcrumbList\",\"@id\":\"https:\/\/houkutteleva.fi\/sv\/tuote\/nuolukivi-maissin-jyvalla-makea-3-kg\/#breadcrumb\",\"itemListElement\":[{\"@type\":\"ListItem\",\"position\":1,\"name\":\"Etusivu\",\"item\":\"https:\/\/houkutteleva.fi\/sv\/\"},{\"@type\":\"ListItem\",\"position\":2,\"name\":\"Butik\",\"item\":\"https:\/\/houkutteleva.fi\/sv\/butik\/\"},{\"@type\":\"ListItem\",\"position\":3,\"name\":\"NUOLUKIVI maissin jyv\u00e4ll\u00e4, (makea) 3 kg\"}]},{\"@type\":\"WebSite\",\"@id\":\"https:\/\/houkutteleva.fi\/sv\/#website\",\"url\":\"https:\/\/houkutteleva.fi\/sv\/\",\"name\":\"Houkutteleva\",\"description\":\"Mets\u00e4stys ja luontomatkailu Suomessa\",\"potentialAction\":[{\"@type\":\"SearchAction\",\"target\":{\"@type\":\"EntryPoint\",\"urlTemplate\":\"https:\/\/houkutteleva.fi\/sv\/?s={search_term_string}\"},\"query-input\":{\"@type\":\"PropertyValueSpecification\",\"valueRequired\":true,\"valueName\":\"search_term_string\"}}],\"inLanguage\":\"sv-SE\"}]}<\/script>\n<!-- \/ Yoast SEO plugin. -->","yoast_head_json":{"title":"NUOLUKIVI maissin jyv\u00e4ll\u00e4, (makea) 3 kg - Houkutteleva","robots":{"index":"index","follow":"follow","max-snippet":"max-snippet:-1","max-image-preview":"max-image-preview:large","max-video-preview":"max-video-preview:-1"},"canonical":"https:\/\/houkutteleva.fi\/sv\/tuote\/nuolukivi-maissin-jyvalla-makea-3-kg\/","og_locale":"sv_SE","og_type":"article","og_title":"NUOLUKIVI maissin jyv\u00e4ll\u00e4, (makea) 3 kg - Houkutteleva","og_description":"Seulotuista rehumaisseista valmistettu nuolukivi on t\u00e4ydellinen ratkaisu houkuttelemaan villiel\u00e4imi\u00e4 ruokinta-alueellesi.","og_url":"https:\/\/houkutteleva.fi\/sv\/tuote\/nuolukivi-maissin-jyvalla-makea-3-kg\/","og_site_name":"Houkutteleva","article_modified_time":"2024-06-19T12:37:30+00:00","og_image":[{"width":1000,"height":667,"url":"https:\/\/houkutteleva.fi\/wp-content\/uploads\/0695-Suolainen-nuolukivi-maissin-jyvalla.jpg","type":"image\/jpeg"}],"twitter_card":"summary_large_image","twitter_misc":{"Ber\u00e4knad l\u00e4stid":"1 minut"},"schema":{"@context":"https:\/\/schema.org","@graph":[{"@type":"WebPage","@id":"https:\/\/houkutteleva.fi\/sv\/tuote\/nuolukivi-maissin-jyvalla-makea-3-kg\/","url":"https:\/\/houkutteleva.fi\/sv\/tuote\/nuolukivi-maissin-jyvalla-makea-3-kg\/","name":"NUOLUKIVI maissin jyv\u00e4ll\u00e4, (makea) 3 kg - Houkutteleva","isPartOf":{"@id":"https:\/\/houkutteleva.fi\/sv\/#website"},"primaryImageOfPage":{"@id":"https:\/\/houkutteleva.fi\/sv\/tuote\/nuolukivi-maissin-jyvalla-makea-3-kg\/#primaryimage"},"image":{"@id":"https:\/\/houkutteleva.fi\/sv\/tuote\/nuolukivi-maissin-jyvalla-makea-3-kg\/#primaryimage"},"thumbnailUrl":"https:\/\/houkutteleva.fi\/wp-content\/uploads\/0695-Suolainen-nuolukivi-maissin-jyvalla.jpg","datePublished":"2024-06-19T12:21:33+00:00","dateModified":"2024-06-19T12:37:30+00:00","breadcrumb":{"@id":"https:\/\/houkutteleva.fi\/sv\/tuote\/nuolukivi-maissin-jyvalla-makea-3-kg\/#breadcrumb"},"inLanguage":"sv-SE","potentialAction":[{"@type":"ReadAction","target":["https:\/\/houkutteleva.fi\/sv\/tuote\/nuolukivi-maissin-jyvalla-makea-3-kg\/"]}]},{"@type":"ImageObject","inLanguage":"sv-SE","@id":"https:\/\/houkutteleva.fi\/sv\/tuote\/nuolukivi-maissin-jyvalla-makea-3-kg\/#primaryimage","url":"https:\/\/houkutteleva.fi\/wp-content\/uploads\/0695-Suolainen-nuolukivi-maissin-jyvalla.jpg","contentUrl":"https:\/\/houkutteleva.fi\/wp-content\/uploads\/0695-Suolainen-nuolukivi-maissin-jyvalla.jpg","width":1000,"height":667,"caption":"Nuolukivi maissin jyv\u00e4ll\u00e4"},{"@type":"BreadcrumbList","@id":"https:\/\/houkutteleva.fi\/sv\/tuote\/nuolukivi-maissin-jyvalla-makea-3-kg\/#breadcrumb","itemListElement":[{"@type":"ListItem","position":1,"name":"Etusivu","item":"https:\/\/houkutteleva.fi\/sv\/"},{"@type":"ListItem","position":2,"name":"Butik","item":"https:\/\/houkutteleva.fi\/sv\/butik\/"},{"@type":"ListItem","position":3,"name":"NUOLUKIVI maissin jyv\u00e4ll\u00e4, (makea) 3 kg"}]},{"@type":"WebSite","@id":"https:\/\/houkutteleva.fi\/sv\/#website","url":"https:\/\/houkutteleva.fi\/sv\/","name":"Houkutteleva","description":"Mets\u00e4stys ja luontomatkailu Suomessa","potentialAction":[{"@type":"SearchAction","target":{"@type":"EntryPoint","urlTemplate":"https:\/\/houkutteleva.fi\/sv\/?s={search_term_string}"},"query-input":{"@type":"PropertyValueSpecification","valueRequired":true,"valueName":"search_term_string"}}],"inLanguage":"sv-SE"}]}},"_links":{"self":[{"href":"https:\/\/houkutteleva.fi\/sv\/wp-json\/wp\/v2\/product\/637","targetHints":{"allow":["GET"]}}],"collection":[{"href":"https:\/\/houkutteleva.fi\/sv\/wp-json\/wp\/v2\/product"}],"about":[{"href":"https:\/\/houkutteleva.fi\/sv\/wp-json\/wp\/v2\/types\/product"}],"wp:featuredmedia":[{"embeddable":true,"href":"https:\/\/houkutteleva.fi\/sv\/wp-json\/wp\/v2\/media\/245"}],"wp:attachment":[{"href":"https:\/\/houkutteleva.fi\/sv\/wp-json\/wp\/v2\/media?parent=637"}],"wp:term":[{"taxonomy":"product_brand","embeddable":true,"href":"https:\/\/houkutteleva.fi\/sv\/wp-json\/wp\/v2\/product_brand?post=637"},{"taxonomy":"product_cat","embeddable":true,"href":"https:\/\/houkutteleva.fi\/sv\/wp-json\/wp\/v2\/product_cat?post=637"},{"taxonomy":"product_tag","embeddable":true,"href":"https:\/\/houkutteleva.fi\/sv\/wp-json\/wp\/v2\/product_tag?post=637"}],"curies":[{"name":"wp","href":"https:\/\/api.w.org\/{rel}","templated":true}]}}