{"id":486,"date":"2024-05-20T14:23:24","date_gmt":"2024-05-20T11:23:24","guid":{"rendered":"https:\/\/houkutteleva.fi\/tuote\/slicksten-med-appelsmak-gron\/"},"modified":"2024-05-20T14:23:24","modified_gmt":"2024-05-20T11:23:24","slug":"slicksten-med-appelsmak-gron","status":"publish","type":"product","link":"https:\/\/houkutteleva.fi\/sv\/tuote\/slicksten-med-appelsmak-gron\/","title":{"rendered":"Slicksten med \u00e4ppelsmak, gr\u00f6n"},"content":{"rendered":"<p>Ingredienserna i produkten \u00e4r; glukossirap, socker, \u00e4ppelsmak och naturlig glukos. Naturlig glukos \u00e4r den viktigaste kolhydraten f\u00f6r djurorganismer. Glukos f\u00f6rser djurens kroppar som energik\u00e4lla. Kolhydrater \u00e4r ocks\u00e5 mycket viktiga f\u00f6r djurets biologiska processer.<br \/>Du kan f\u00e4sta stenen p\u00e5 en plats inom r\u00e4ckh\u00e5ll f\u00f6r djuret, p\u00e5 en h\u00f6jd av minst 20 cm fr\u00e5n markniv\u00e5n, p\u00e5 en matningsplattform, bricka, stubbe eller till och med ovanp\u00e5 en saltsten.<\/p>\n","protected":false},"excerpt":{"rendered":"<p>Ingredienserna i produkten \u00e4r; glukossirap, socker, \u00e4ppelsmak och naturlig glukos. Naturlig glukos \u00e4r den viktigaste kolhydraten f\u00f6r djurorganismer.<\/p>\n","protected":false},"featured_media":480,"template":"","meta":{"_et_pb_use_builder":"","_et_pb_old_content":"","_et_gb_content_width":""},"product_brand":[],"product_cat":[37],"product_tag":[],"class_list":{"0":"post-486","1":"product","2":"type-product","3":"status-publish","4":"has-post-thumbnail","6":"product_cat-lockbete","8":"first","9":"instock","10":"taxable","11":"shipping-taxable","12":"purchasable","13":"product-type-simple"},"yoast_head":"<!-- This site is optimized with the Yoast SEO plugin v26.6 - https:\/\/yoast.com\/wordpress\/plugins\/seo\/ -->\n<title>Slicksten med \u00e4ppelsmak, gr\u00f6n - Houkutteleva<\/title>\n<meta name=\"robots\" content=\"index, follow, max-snippet:-1, max-image-preview:large, max-video-preview:-1\" \/>\n<link rel=\"canonical\" href=\"https:\/\/houkutteleva.fi\/sv\/tuote\/slicksten-med-appelsmak-gron\/\" \/>\n<meta property=\"og:locale\" content=\"sv_SE\" \/>\n<meta property=\"og:type\" content=\"article\" \/>\n<meta property=\"og:title\" content=\"Slicksten med \u00e4ppelsmak, gr\u00f6n - Houkutteleva\" \/>\n<meta property=\"og:description\" content=\"Ingredienserna i produkten \u00e4r; glukossirap, socker, \u00e4ppelsmak och naturlig glukos. Naturlig glukos \u00e4r den viktigaste kolhydraten f\u00f6r djurorganismer.\" \/>\n<meta property=\"og:url\" content=\"https:\/\/houkutteleva.fi\/sv\/tuote\/slicksten-med-appelsmak-gron\/\" \/>\n<meta property=\"og:site_name\" content=\"Houkutteleva\" \/>\n<meta name=\"twitter:card\" content=\"summary_large_image\" \/>\n<script type=\"application\/ld+json\" class=\"yoast-schema-graph\">{\"@context\":\"https:\/\/schema.org\",\"@graph\":[{\"@type\":\"WebPage\",\"@id\":\"https:\/\/houkutteleva.fi\/sv\/tuote\/slicksten-med-appelsmak-gron\/\",\"url\":\"https:\/\/houkutteleva.fi\/sv\/tuote\/slicksten-med-appelsmak-gron\/\",\"name\":\"Slicksten med \u00e4ppelsmak, gr\u00f6n - Houkutteleva\",\"isPartOf\":{\"@id\":\"https:\/\/houkutteleva.fi\/sv\/#website\"},\"primaryImageOfPage\":{\"@id\":\"https:\/\/houkutteleva.fi\/sv\/tuote\/slicksten-med-appelsmak-gron\/#primaryimage\"},\"image\":{\"@id\":\"https:\/\/houkutteleva.fi\/sv\/tuote\/slicksten-med-appelsmak-gron\/#primaryimage\"},\"thumbnailUrl\":\"https:\/\/houkutteleva.fi\/wp-content\/uploads\/omenan-makuinen-nuolukivi.jpg\",\"datePublished\":\"2024-05-20T11:23:24+00:00\",\"breadcrumb\":{\"@id\":\"https:\/\/houkutteleva.fi\/sv\/tuote\/slicksten-med-appelsmak-gron\/#breadcrumb\"},\"inLanguage\":\"sv-SE\",\"potentialAction\":[{\"@type\":\"ReadAction\",\"target\":[\"https:\/\/houkutteleva.fi\/sv\/tuote\/slicksten-med-appelsmak-gron\/\"]}]},{\"@type\":\"ImageObject\",\"inLanguage\":\"sv-SE\",\"@id\":\"https:\/\/houkutteleva.fi\/sv\/tuote\/slicksten-med-appelsmak-gron\/#primaryimage\",\"url\":\"https:\/\/houkutteleva.fi\/wp-content\/uploads\/omenan-makuinen-nuolukivi.jpg\",\"contentUrl\":\"https:\/\/houkutteleva.fi\/wp-content\/uploads\/omenan-makuinen-nuolukivi.jpg\",\"width\":395,\"height\":295,\"caption\":\"Slicksten med \u00e4ppelsmak, gr\u00f6n\"},{\"@type\":\"BreadcrumbList\",\"@id\":\"https:\/\/houkutteleva.fi\/sv\/tuote\/slicksten-med-appelsmak-gron\/#breadcrumb\",\"itemListElement\":[{\"@type\":\"ListItem\",\"position\":1,\"name\":\"Etusivu\",\"item\":\"https:\/\/houkutteleva.fi\/sv\/\"},{\"@type\":\"ListItem\",\"position\":2,\"name\":\"Butik\",\"item\":\"https:\/\/houkutteleva.fi\/sv\/butik\/\"},{\"@type\":\"ListItem\",\"position\":3,\"name\":\"Slicksten med \u00e4ppelsmak, gr\u00f6n\"}]},{\"@type\":\"WebSite\",\"@id\":\"https:\/\/houkutteleva.fi\/sv\/#website\",\"url\":\"https:\/\/houkutteleva.fi\/sv\/\",\"name\":\"Houkutteleva\",\"description\":\"Mets\u00e4stys ja luontomatkailu Suomessa\",\"potentialAction\":[{\"@type\":\"SearchAction\",\"target\":{\"@type\":\"EntryPoint\",\"urlTemplate\":\"https:\/\/houkutteleva.fi\/sv\/?s={search_term_string}\"},\"query-input\":{\"@type\":\"PropertyValueSpecification\",\"valueRequired\":true,\"valueName\":\"search_term_string\"}}],\"inLanguage\":\"sv-SE\"}]}<\/script>\n<!-- \/ Yoast SEO plugin. -->","yoast_head_json":{"title":"Slicksten med \u00e4ppelsmak, gr\u00f6n - Houkutteleva","robots":{"index":"index","follow":"follow","max-snippet":"max-snippet:-1","max-image-preview":"max-image-preview:large","max-video-preview":"max-video-preview:-1"},"canonical":"https:\/\/houkutteleva.fi\/sv\/tuote\/slicksten-med-appelsmak-gron\/","og_locale":"sv_SE","og_type":"article","og_title":"Slicksten med \u00e4ppelsmak, gr\u00f6n - Houkutteleva","og_description":"Ingredienserna i produkten \u00e4r; glukossirap, socker, \u00e4ppelsmak och naturlig glukos. Naturlig glukos \u00e4r den viktigaste kolhydraten f\u00f6r djurorganismer.","og_url":"https:\/\/houkutteleva.fi\/sv\/tuote\/slicksten-med-appelsmak-gron\/","og_site_name":"Houkutteleva","twitter_card":"summary_large_image","schema":{"@context":"https:\/\/schema.org","@graph":[{"@type":"WebPage","@id":"https:\/\/houkutteleva.fi\/sv\/tuote\/slicksten-med-appelsmak-gron\/","url":"https:\/\/houkutteleva.fi\/sv\/tuote\/slicksten-med-appelsmak-gron\/","name":"Slicksten med \u00e4ppelsmak, gr\u00f6n - Houkutteleva","isPartOf":{"@id":"https:\/\/houkutteleva.fi\/sv\/#website"},"primaryImageOfPage":{"@id":"https:\/\/houkutteleva.fi\/sv\/tuote\/slicksten-med-appelsmak-gron\/#primaryimage"},"image":{"@id":"https:\/\/houkutteleva.fi\/sv\/tuote\/slicksten-med-appelsmak-gron\/#primaryimage"},"thumbnailUrl":"https:\/\/houkutteleva.fi\/wp-content\/uploads\/omenan-makuinen-nuolukivi.jpg","datePublished":"2024-05-20T11:23:24+00:00","breadcrumb":{"@id":"https:\/\/houkutteleva.fi\/sv\/tuote\/slicksten-med-appelsmak-gron\/#breadcrumb"},"inLanguage":"sv-SE","potentialAction":[{"@type":"ReadAction","target":["https:\/\/houkutteleva.fi\/sv\/tuote\/slicksten-med-appelsmak-gron\/"]}]},{"@type":"ImageObject","inLanguage":"sv-SE","@id":"https:\/\/houkutteleva.fi\/sv\/tuote\/slicksten-med-appelsmak-gron\/#primaryimage","url":"https:\/\/houkutteleva.fi\/wp-content\/uploads\/omenan-makuinen-nuolukivi.jpg","contentUrl":"https:\/\/houkutteleva.fi\/wp-content\/uploads\/omenan-makuinen-nuolukivi.jpg","width":395,"height":295,"caption":"Slicksten med \u00e4ppelsmak, gr\u00f6n"},{"@type":"BreadcrumbList","@id":"https:\/\/houkutteleva.fi\/sv\/tuote\/slicksten-med-appelsmak-gron\/#breadcrumb","itemListElement":[{"@type":"ListItem","position":1,"name":"Etusivu","item":"https:\/\/houkutteleva.fi\/sv\/"},{"@type":"ListItem","position":2,"name":"Butik","item":"https:\/\/houkutteleva.fi\/sv\/butik\/"},{"@type":"ListItem","position":3,"name":"Slicksten med \u00e4ppelsmak, gr\u00f6n"}]},{"@type":"WebSite","@id":"https:\/\/houkutteleva.fi\/sv\/#website","url":"https:\/\/houkutteleva.fi\/sv\/","name":"Houkutteleva","description":"Mets\u00e4stys ja luontomatkailu Suomessa","potentialAction":[{"@type":"SearchAction","target":{"@type":"EntryPoint","urlTemplate":"https:\/\/houkutteleva.fi\/sv\/?s={search_term_string}"},"query-input":{"@type":"PropertyValueSpecification","valueRequired":true,"valueName":"search_term_string"}}],"inLanguage":"sv-SE"}]}},"_links":{"self":[{"href":"https:\/\/houkutteleva.fi\/sv\/wp-json\/wp\/v2\/product\/486","targetHints":{"allow":["GET"]}}],"collection":[{"href":"https:\/\/houkutteleva.fi\/sv\/wp-json\/wp\/v2\/product"}],"about":[{"href":"https:\/\/houkutteleva.fi\/sv\/wp-json\/wp\/v2\/types\/product"}],"wp:featuredmedia":[{"embeddable":true,"href":"https:\/\/houkutteleva.fi\/sv\/wp-json\/wp\/v2\/media\/480"}],"wp:attachment":[{"href":"https:\/\/houkutteleva.fi\/sv\/wp-json\/wp\/v2\/media?parent=486"}],"wp:term":[{"taxonomy":"product_brand","embeddable":true,"href":"https:\/\/houkutteleva.fi\/sv\/wp-json\/wp\/v2\/product_brand?post=486"},{"taxonomy":"product_cat","embeddable":true,"href":"https:\/\/houkutteleva.fi\/sv\/wp-json\/wp\/v2\/product_cat?post=486"},{"taxonomy":"product_tag","embeddable":true,"href":"https:\/\/houkutteleva.fi\/sv\/wp-json\/wp\/v2\/product_tag?post=486"}],"curies":[{"name":"wp","href":"https:\/\/api.w.org\/{rel}","templated":true}]}}