{"id":317,"date":"2024-04-12T14:10:11","date_gmt":"2024-04-12T11:10:11","guid":{"rendered":"https:\/\/houkutteleva.fi\/tuote\/turbo-liquid-atel-lockmedel\/"},"modified":"2024-04-12T14:10:11","modified_gmt":"2024-04-12T11:10:11","slug":"turbo-liquid-atel-lockmedel","status":"publish","type":"product","link":"https:\/\/houkutteleva.fi\/sv\/tuote\/turbo-liquid-atel-lockmedel\/","title":{"rendered":"Turbo Liquid \u00e5tel lockmedel"},"content":{"rendered":"<p>Revolutionera din jakthobby med TURBO LIQUID. Om du letar efter ett unikt och effektivt jaktbete, prova TURBO LIQUID. Detta flytande jaktbete \u00e4r speciellt utformat f\u00f6r att locka till sig en m\u00e4ngd olika kl\u00f6vdjur som r\u00e5djur, \u00e4lg, bj\u00f6rn och andra vilt.<\/p>\n<p>Produkten \u00e4r tillverkad med ny teknik och \u00e4r revolutionerande f\u00f6r jakt. Till skillnad fr\u00e5n andra jaktbeten baserade p\u00e5 konstgjorda eller syntetiska dofter, \u00e4r TURBO LIQUID gjord av en egenutvecklad blandning av naturliga ingredienser som \u00e4r oemotst\u00e5ndliga f\u00f6r vilt. Applicera en liten m\u00e4ngd TURBO LIQUID p\u00e5 din \u00e5tel och l\u00e5t den starka doften g\u00f6ra resten.<br \/>Doften \u00e4r unik och odefinierad och inneh\u00e5ller b\u00e5de surt och s\u00f6tt. Vi \u00e4r stolta \u00f6ver att kunna erbjuda en produkt som har testats noggrant f\u00f6r att s\u00e4kerst\u00e4lla h\u00f6gsta kvalitet och tillf\u00f6rlitlighet. Under utvecklingsprocessen testade vi v\u00e5r produkt omfattande f\u00f6r att s\u00e4kerst\u00e4lla om att den uppfyller de h\u00f6gsta standarderna f\u00f6r prestanda och h\u00e5llbarhet. Doften \u00e4r otroligt intensiv. Vi \u00e4r stolta och \u00f6vertygade f\u00f6r v\u00e5r produkt. Vi litar p\u00e5 att v\u00e5ra kunder kommer att vara n\u00f6jda med resultaten av dessa tester. Du kommer inte hitta n\u00e5got liknande.<br \/>Bevisad effektivitet: gjort mer \u00e4n 100 videor som visar produktens effektivitet p\u00e5 vilda djur.<br \/>F\u00f6rutom att locka till sig spel har TURBO LIQUID m\u00e5nga andra f\u00f6rdelar. Det \u00e4r l\u00e4tt att applicera och har en l\u00e5ngvarig effekt, s\u00e5 du beh\u00f6ver inte applicera det hela tiden igen. Det \u00e4r ocks\u00e5 s\u00e4kert och milj\u00f6v\u00e4nligt, vilket g\u00f6r det till ett ansvarsfullt val f\u00f6r j\u00e4gare som bryr sig om utomhusaktiviteter och naturen.<\/p>\n<p><strong>Ingredienser: vatten, salt, socker, rostad (linfr\u00f6, kron\u00e4rtskocka, majs) arom.<\/strong><\/p>\n","protected":false},"excerpt":{"rendered":"<p>Revolutionera din jakthobby med TURBO LIQUID. Om du letar efter ett unikt och effektivt jaktbete, prova TURBO LIQUID.<\/p>\n","protected":false},"featured_media":300,"template":"","meta":{"_et_pb_use_builder":"","_et_pb_old_content":"","_et_gb_content_width":""},"product_brand":[],"product_cat":[37],"product_tag":[38],"class_list":{"0":"post-317","1":"product","2":"type-product","3":"status-publish","4":"has-post-thumbnail","6":"product_cat-lockbete","7":"product_tag-jaktbeten","8":"product_shipping_class-matkahuolto-sv","10":"first","11":"instock","12":"taxable","13":"shipping-taxable","14":"purchasable","15":"product-type-simple"},"yoast_head":"<!-- This site is optimized with the Yoast SEO plugin v26.6 - https:\/\/yoast.com\/wordpress\/plugins\/seo\/ -->\n<title>Turbo Liquid \u00e5tel lockmedel - Houkutteleva<\/title>\n<meta name=\"robots\" content=\"index, follow, max-snippet:-1, max-image-preview:large, max-video-preview:-1\" \/>\n<link rel=\"canonical\" href=\"https:\/\/houkutteleva.fi\/sv\/tuote\/turbo-liquid-atel-lockmedel\/\" \/>\n<meta property=\"og:locale\" content=\"sv_SE\" \/>\n<meta property=\"og:type\" content=\"article\" \/>\n<meta property=\"og:title\" content=\"Turbo Liquid \u00e5tel lockmedel - Houkutteleva\" \/>\n<meta property=\"og:description\" content=\"Revolutionera din jakthobby med TURBO LIQUID. Om du letar efter ett unikt och effektivt jaktbete, prova TURBO LIQUID.\" \/>\n<meta property=\"og:url\" content=\"https:\/\/houkutteleva.fi\/sv\/tuote\/turbo-liquid-atel-lockmedel\/\" \/>\n<meta property=\"og:site_name\" content=\"Houkutteleva\" \/>\n<meta property=\"og:image\" content=\"https:\/\/houkutteleva.fi\/wp-content\/uploads\/0903-turboneste.jpg\" \/>\n\t<meta property=\"og:image:width\" content=\"667\" \/>\n\t<meta property=\"og:image:height\" content=\"1000\" \/>\n\t<meta property=\"og:image:type\" content=\"image\/jpeg\" \/>\n<meta name=\"twitter:card\" content=\"summary_large_image\" \/>\n<meta name=\"twitter:label1\" content=\"Ber\u00e4knad l\u00e4stid\" \/>\n\t<meta name=\"twitter:data1\" content=\"1 minut\" \/>\n<script type=\"application\/ld+json\" class=\"yoast-schema-graph\">{\"@context\":\"https:\/\/schema.org\",\"@graph\":[{\"@type\":\"WebPage\",\"@id\":\"https:\/\/houkutteleva.fi\/sv\/tuote\/turbo-liquid-atel-lockmedel\/\",\"url\":\"https:\/\/houkutteleva.fi\/sv\/tuote\/turbo-liquid-atel-lockmedel\/\",\"name\":\"Turbo Liquid \u00e5tel lockmedel - Houkutteleva\",\"isPartOf\":{\"@id\":\"https:\/\/houkutteleva.fi\/sv\/#website\"},\"primaryImageOfPage\":{\"@id\":\"https:\/\/houkutteleva.fi\/sv\/tuote\/turbo-liquid-atel-lockmedel\/#primaryimage\"},\"image\":{\"@id\":\"https:\/\/houkutteleva.fi\/sv\/tuote\/turbo-liquid-atel-lockmedel\/#primaryimage\"},\"thumbnailUrl\":\"https:\/\/houkutteleva.fi\/wp-content\/uploads\/0903-turboneste.jpg\",\"datePublished\":\"2024-04-12T11:10:11+00:00\",\"breadcrumb\":{\"@id\":\"https:\/\/houkutteleva.fi\/sv\/tuote\/turbo-liquid-atel-lockmedel\/#breadcrumb\"},\"inLanguage\":\"sv-SE\",\"potentialAction\":[{\"@type\":\"ReadAction\",\"target\":[\"https:\/\/houkutteleva.fi\/sv\/tuote\/turbo-liquid-atel-lockmedel\/\"]}]},{\"@type\":\"ImageObject\",\"inLanguage\":\"sv-SE\",\"@id\":\"https:\/\/houkutteleva.fi\/sv\/tuote\/turbo-liquid-atel-lockmedel\/#primaryimage\",\"url\":\"https:\/\/houkutteleva.fi\/wp-content\/uploads\/0903-turboneste.jpg\",\"contentUrl\":\"https:\/\/houkutteleva.fi\/wp-content\/uploads\/0903-turboneste.jpg\",\"width\":667,\"height\":1000,\"caption\":\"0903 turbo v\u00e4tska\"},{\"@type\":\"BreadcrumbList\",\"@id\":\"https:\/\/houkutteleva.fi\/sv\/tuote\/turbo-liquid-atel-lockmedel\/#breadcrumb\",\"itemListElement\":[{\"@type\":\"ListItem\",\"position\":1,\"name\":\"Etusivu\",\"item\":\"https:\/\/houkutteleva.fi\/sv\/\"},{\"@type\":\"ListItem\",\"position\":2,\"name\":\"Butik\",\"item\":\"https:\/\/houkutteleva.fi\/sv\/butik\/\"},{\"@type\":\"ListItem\",\"position\":3,\"name\":\"Turbo Liquid \u00e5tel lockmedel\"}]},{\"@type\":\"WebSite\",\"@id\":\"https:\/\/houkutteleva.fi\/sv\/#website\",\"url\":\"https:\/\/houkutteleva.fi\/sv\/\",\"name\":\"Houkutteleva\",\"description\":\"Mets\u00e4stys ja luontomatkailu Suomessa\",\"potentialAction\":[{\"@type\":\"SearchAction\",\"target\":{\"@type\":\"EntryPoint\",\"urlTemplate\":\"https:\/\/houkutteleva.fi\/sv\/?s={search_term_string}\"},\"query-input\":{\"@type\":\"PropertyValueSpecification\",\"valueRequired\":true,\"valueName\":\"search_term_string\"}}],\"inLanguage\":\"sv-SE\"}]}<\/script>\n<!-- \/ Yoast SEO plugin. -->","yoast_head_json":{"title":"Turbo Liquid \u00e5tel lockmedel - Houkutteleva","robots":{"index":"index","follow":"follow","max-snippet":"max-snippet:-1","max-image-preview":"max-image-preview:large","max-video-preview":"max-video-preview:-1"},"canonical":"https:\/\/houkutteleva.fi\/sv\/tuote\/turbo-liquid-atel-lockmedel\/","og_locale":"sv_SE","og_type":"article","og_title":"Turbo Liquid \u00e5tel lockmedel - Houkutteleva","og_description":"Revolutionera din jakthobby med TURBO LIQUID. Om du letar efter ett unikt och effektivt jaktbete, prova TURBO LIQUID.","og_url":"https:\/\/houkutteleva.fi\/sv\/tuote\/turbo-liquid-atel-lockmedel\/","og_site_name":"Houkutteleva","og_image":[{"width":667,"height":1000,"url":"https:\/\/houkutteleva.fi\/wp-content\/uploads\/0903-turboneste.jpg","type":"image\/jpeg"}],"twitter_card":"summary_large_image","twitter_misc":{"Ber\u00e4knad l\u00e4stid":"1 minut"},"schema":{"@context":"https:\/\/schema.org","@graph":[{"@type":"WebPage","@id":"https:\/\/houkutteleva.fi\/sv\/tuote\/turbo-liquid-atel-lockmedel\/","url":"https:\/\/houkutteleva.fi\/sv\/tuote\/turbo-liquid-atel-lockmedel\/","name":"Turbo Liquid \u00e5tel lockmedel - Houkutteleva","isPartOf":{"@id":"https:\/\/houkutteleva.fi\/sv\/#website"},"primaryImageOfPage":{"@id":"https:\/\/houkutteleva.fi\/sv\/tuote\/turbo-liquid-atel-lockmedel\/#primaryimage"},"image":{"@id":"https:\/\/houkutteleva.fi\/sv\/tuote\/turbo-liquid-atel-lockmedel\/#primaryimage"},"thumbnailUrl":"https:\/\/houkutteleva.fi\/wp-content\/uploads\/0903-turboneste.jpg","datePublished":"2024-04-12T11:10:11+00:00","breadcrumb":{"@id":"https:\/\/houkutteleva.fi\/sv\/tuote\/turbo-liquid-atel-lockmedel\/#breadcrumb"},"inLanguage":"sv-SE","potentialAction":[{"@type":"ReadAction","target":["https:\/\/houkutteleva.fi\/sv\/tuote\/turbo-liquid-atel-lockmedel\/"]}]},{"@type":"ImageObject","inLanguage":"sv-SE","@id":"https:\/\/houkutteleva.fi\/sv\/tuote\/turbo-liquid-atel-lockmedel\/#primaryimage","url":"https:\/\/houkutteleva.fi\/wp-content\/uploads\/0903-turboneste.jpg","contentUrl":"https:\/\/houkutteleva.fi\/wp-content\/uploads\/0903-turboneste.jpg","width":667,"height":1000,"caption":"0903 turbo v\u00e4tska"},{"@type":"BreadcrumbList","@id":"https:\/\/houkutteleva.fi\/sv\/tuote\/turbo-liquid-atel-lockmedel\/#breadcrumb","itemListElement":[{"@type":"ListItem","position":1,"name":"Etusivu","item":"https:\/\/houkutteleva.fi\/sv\/"},{"@type":"ListItem","position":2,"name":"Butik","item":"https:\/\/houkutteleva.fi\/sv\/butik\/"},{"@type":"ListItem","position":3,"name":"Turbo Liquid \u00e5tel lockmedel"}]},{"@type":"WebSite","@id":"https:\/\/houkutteleva.fi\/sv\/#website","url":"https:\/\/houkutteleva.fi\/sv\/","name":"Houkutteleva","description":"Mets\u00e4stys ja luontomatkailu Suomessa","potentialAction":[{"@type":"SearchAction","target":{"@type":"EntryPoint","urlTemplate":"https:\/\/houkutteleva.fi\/sv\/?s={search_term_string}"},"query-input":{"@type":"PropertyValueSpecification","valueRequired":true,"valueName":"search_term_string"}}],"inLanguage":"sv-SE"}]}},"_links":{"self":[{"href":"https:\/\/houkutteleva.fi\/sv\/wp-json\/wp\/v2\/product\/317","targetHints":{"allow":["GET"]}}],"collection":[{"href":"https:\/\/houkutteleva.fi\/sv\/wp-json\/wp\/v2\/product"}],"about":[{"href":"https:\/\/houkutteleva.fi\/sv\/wp-json\/wp\/v2\/types\/product"}],"wp:featuredmedia":[{"embeddable":true,"href":"https:\/\/houkutteleva.fi\/sv\/wp-json\/wp\/v2\/media\/300"}],"wp:attachment":[{"href":"https:\/\/houkutteleva.fi\/sv\/wp-json\/wp\/v2\/media?parent=317"}],"wp:term":[{"taxonomy":"product_brand","embeddable":true,"href":"https:\/\/houkutteleva.fi\/sv\/wp-json\/wp\/v2\/product_brand?post=317"},{"taxonomy":"product_cat","embeddable":true,"href":"https:\/\/houkutteleva.fi\/sv\/wp-json\/wp\/v2\/product_cat?post=317"},{"taxonomy":"product_tag","embeddable":true,"href":"https:\/\/houkutteleva.fi\/sv\/wp-json\/wp\/v2\/product_tag?post=317"}],"curies":[{"name":"wp","href":"https:\/\/api.w.org\/{rel}","templated":true}]}}