{"id":316,"date":"2024-04-12T15:42:46","date_gmt":"2024-04-12T12:42:46","guid":{"rendered":"https:\/\/houkutteleva.fi\/tuote\/turbo-pulver-3-kg\/"},"modified":"2024-04-12T15:42:46","modified_gmt":"2024-04-12T12:42:46","slug":"turbo-pulver-3-kg","status":"publish","type":"product","link":"https:\/\/houkutteleva.fi\/sv\/tuote\/turbo-pulver-3-kg\/","title":{"rendered":"Turbo pulver 3 kg"},"content":{"rendered":"<p>Det starka och effektiva locket TURBO POWDER \u00e4r gjord f\u00f6r att ta din jakthobby till n\u00e4sta niv\u00e5. Vi tror att du aldrig har sett n\u00e5got liknande v\u00e5r produkt f\u00f6rut. Detta lockmedel, med en konsistens som liknar mj\u00f6l, \u00e4r l\u00e4tt att anv\u00e4nda, kan appliceras p\u00e5 alla typer av ytor och kan anv\u00e4ndas i olika jaktevenemang.<\/p>\n<p>Turbo Powder erbjuder en niv\u00e5 av prestanda och anv\u00e4ndbarhet som helt enkelt inte kan hittas i n\u00e5gon annan produkt p\u00e5 marknaden. Den \u00e4r gjord med en kombination av specifika komponenter och impregneringsteknik. Viltdjur \u00e4r mycket attraherade av TURBO POWDER, som har visat sig dra in dem och h\u00e5lla dem p\u00e5 plats f\u00f6r ett b\u00e4ttre viltskott. Det spelar ingen roll om du jagar bj\u00f6rn, \u00e4lg, r\u00e5djur eller andra vilt, TURBO POWDER \u00e4r ett nyttigt verktyg i ditt jaktkit. TURBO POWDERs f\u00f6rm\u00e5ga att beh\u00e5lla sin kraft under l\u00e5ng tid \u00e4r en av dess utm\u00e4rkande egenskaper. Det g\u00f6r att b\u00e5de korta och l\u00e5nga jaktturer kan dra nytta av dess anv\u00e4ndning. Detta skiljer den fr\u00e5n andra lockmedel som kanske inte h\u00e5ller lika l\u00e4nge och kan f\u00f6rlora sin effektivitet snabbt. Effektiviteten har visats i mer \u00e4n 100 videor som visar produktens effektivitet p\u00e5 vilda djur.<br \/>Varje j\u00e4gare med sj\u00e4lvrespekt beh\u00f6ver TURBO pulver, som \u00e4r l\u00e4tt att applicera och mycket effektivt. Prova det nu och se skillnaden sj\u00e4lv.<\/p>\n<p><strong>Ingredienser: majs, socker, rostad arom (linfr\u00f6, mald korn\u00e4rtskocka, majs).<\/strong><\/p>\n","protected":false},"excerpt":{"rendered":"<p>Det starka och effektiva locket TURBO POWDER \u00e4r gjord f\u00f6r att ta din jakthobby till n\u00e4sta niv\u00e5. Vi tror att du aldrig har sett n\u00e5got liknande v\u00e5r produkt f\u00f6rut.<\/p>\n","protected":false},"featured_media":301,"template":"","meta":{"_et_pb_use_builder":"","_et_pb_old_content":"","_et_gb_content_width":""},"product_brand":[],"product_cat":[37],"product_tag":[38],"class_list":{"0":"post-316","1":"product","2":"type-product","3":"status-publish","4":"has-post-thumbnail","6":"product_cat-lockbete","7":"product_tag-jaktbeten","8":"product_shipping_class-matkahuolto-sv","10":"first","11":"instock","12":"taxable","13":"shipping-taxable","14":"purchasable","15":"product-type-simple"},"yoast_head":"<!-- This site is optimized with the Yoast SEO plugin v26.6 - https:\/\/yoast.com\/wordpress\/plugins\/seo\/ -->\n<title>Turbo pulver 3 kg - Houkutteleva<\/title>\n<meta name=\"robots\" content=\"index, follow, max-snippet:-1, max-image-preview:large, max-video-preview:-1\" \/>\n<link rel=\"canonical\" href=\"https:\/\/houkutteleva.fi\/sv\/tuote\/turbo-pulver-3-kg\/\" \/>\n<meta property=\"og:locale\" content=\"sv_SE\" \/>\n<meta property=\"og:type\" content=\"article\" \/>\n<meta property=\"og:title\" content=\"Turbo pulver 3 kg - Houkutteleva\" \/>\n<meta property=\"og:description\" content=\"Det starka och effektiva locket TURBO POWDER \u00e4r gjord f\u00f6r att ta din jakthobby till n\u00e4sta niv\u00e5. Vi tror att du aldrig har sett n\u00e5got liknande v\u00e5r produkt f\u00f6rut.\" \/>\n<meta property=\"og:url\" content=\"https:\/\/houkutteleva.fi\/sv\/tuote\/turbo-pulver-3-kg\/\" \/>\n<meta property=\"og:site_name\" content=\"Houkutteleva\" \/>\n<meta property=\"og:image\" content=\"https:\/\/houkutteleva.fi\/wp-content\/uploads\/0904-Turbo-jauhe.jpg\" \/>\n\t<meta property=\"og:image:width\" content=\"667\" \/>\n\t<meta property=\"og:image:height\" content=\"1000\" \/>\n\t<meta property=\"og:image:type\" content=\"image\/jpeg\" \/>\n<meta name=\"twitter:card\" content=\"summary_large_image\" \/>\n<meta name=\"twitter:label1\" content=\"Ber\u00e4knad l\u00e4stid\" \/>\n\t<meta name=\"twitter:data1\" content=\"1 minut\" \/>\n<script type=\"application\/ld+json\" class=\"yoast-schema-graph\">{\"@context\":\"https:\/\/schema.org\",\"@graph\":[{\"@type\":\"WebPage\",\"@id\":\"https:\/\/houkutteleva.fi\/sv\/tuote\/turbo-pulver-3-kg\/\",\"url\":\"https:\/\/houkutteleva.fi\/sv\/tuote\/turbo-pulver-3-kg\/\",\"name\":\"Turbo pulver 3 kg - Houkutteleva\",\"isPartOf\":{\"@id\":\"https:\/\/houkutteleva.fi\/sv\/#website\"},\"primaryImageOfPage\":{\"@id\":\"https:\/\/houkutteleva.fi\/sv\/tuote\/turbo-pulver-3-kg\/#primaryimage\"},\"image\":{\"@id\":\"https:\/\/houkutteleva.fi\/sv\/tuote\/turbo-pulver-3-kg\/#primaryimage\"},\"thumbnailUrl\":\"https:\/\/houkutteleva.fi\/wp-content\/uploads\/0904-Turbo-jauhe.jpg\",\"datePublished\":\"2024-04-12T12:42:46+00:00\",\"breadcrumb\":{\"@id\":\"https:\/\/houkutteleva.fi\/sv\/tuote\/turbo-pulver-3-kg\/#breadcrumb\"},\"inLanguage\":\"sv-SE\",\"potentialAction\":[{\"@type\":\"ReadAction\",\"target\":[\"https:\/\/houkutteleva.fi\/sv\/tuote\/turbo-pulver-3-kg\/\"]}]},{\"@type\":\"ImageObject\",\"inLanguage\":\"sv-SE\",\"@id\":\"https:\/\/houkutteleva.fi\/sv\/tuote\/turbo-pulver-3-kg\/#primaryimage\",\"url\":\"https:\/\/houkutteleva.fi\/wp-content\/uploads\/0904-Turbo-jauhe.jpg\",\"contentUrl\":\"https:\/\/houkutteleva.fi\/wp-content\/uploads\/0904-Turbo-jauhe.jpg\",\"width\":667,\"height\":1000,\"caption\":\"0904 Turbo pulver\"},{\"@type\":\"BreadcrumbList\",\"@id\":\"https:\/\/houkutteleva.fi\/sv\/tuote\/turbo-pulver-3-kg\/#breadcrumb\",\"itemListElement\":[{\"@type\":\"ListItem\",\"position\":1,\"name\":\"Etusivu\",\"item\":\"https:\/\/houkutteleva.fi\/sv\/\"},{\"@type\":\"ListItem\",\"position\":2,\"name\":\"Butik\",\"item\":\"https:\/\/houkutteleva.fi\/sv\/butik\/\"},{\"@type\":\"ListItem\",\"position\":3,\"name\":\"Turbo pulver 3 kg\"}]},{\"@type\":\"WebSite\",\"@id\":\"https:\/\/houkutteleva.fi\/sv\/#website\",\"url\":\"https:\/\/houkutteleva.fi\/sv\/\",\"name\":\"Houkutteleva\",\"description\":\"Mets\u00e4stys ja luontomatkailu Suomessa\",\"potentialAction\":[{\"@type\":\"SearchAction\",\"target\":{\"@type\":\"EntryPoint\",\"urlTemplate\":\"https:\/\/houkutteleva.fi\/sv\/?s={search_term_string}\"},\"query-input\":{\"@type\":\"PropertyValueSpecification\",\"valueRequired\":true,\"valueName\":\"search_term_string\"}}],\"inLanguage\":\"sv-SE\"}]}<\/script>\n<!-- \/ Yoast SEO plugin. -->","yoast_head_json":{"title":"Turbo pulver 3 kg - Houkutteleva","robots":{"index":"index","follow":"follow","max-snippet":"max-snippet:-1","max-image-preview":"max-image-preview:large","max-video-preview":"max-video-preview:-1"},"canonical":"https:\/\/houkutteleva.fi\/sv\/tuote\/turbo-pulver-3-kg\/","og_locale":"sv_SE","og_type":"article","og_title":"Turbo pulver 3 kg - Houkutteleva","og_description":"Det starka och effektiva locket TURBO POWDER \u00e4r gjord f\u00f6r att ta din jakthobby till n\u00e4sta niv\u00e5. Vi tror att du aldrig har sett n\u00e5got liknande v\u00e5r produkt f\u00f6rut.","og_url":"https:\/\/houkutteleva.fi\/sv\/tuote\/turbo-pulver-3-kg\/","og_site_name":"Houkutteleva","og_image":[{"width":667,"height":1000,"url":"https:\/\/houkutteleva.fi\/wp-content\/uploads\/0904-Turbo-jauhe.jpg","type":"image\/jpeg"}],"twitter_card":"summary_large_image","twitter_misc":{"Ber\u00e4knad l\u00e4stid":"1 minut"},"schema":{"@context":"https:\/\/schema.org","@graph":[{"@type":"WebPage","@id":"https:\/\/houkutteleva.fi\/sv\/tuote\/turbo-pulver-3-kg\/","url":"https:\/\/houkutteleva.fi\/sv\/tuote\/turbo-pulver-3-kg\/","name":"Turbo pulver 3 kg - Houkutteleva","isPartOf":{"@id":"https:\/\/houkutteleva.fi\/sv\/#website"},"primaryImageOfPage":{"@id":"https:\/\/houkutteleva.fi\/sv\/tuote\/turbo-pulver-3-kg\/#primaryimage"},"image":{"@id":"https:\/\/houkutteleva.fi\/sv\/tuote\/turbo-pulver-3-kg\/#primaryimage"},"thumbnailUrl":"https:\/\/houkutteleva.fi\/wp-content\/uploads\/0904-Turbo-jauhe.jpg","datePublished":"2024-04-12T12:42:46+00:00","breadcrumb":{"@id":"https:\/\/houkutteleva.fi\/sv\/tuote\/turbo-pulver-3-kg\/#breadcrumb"},"inLanguage":"sv-SE","potentialAction":[{"@type":"ReadAction","target":["https:\/\/houkutteleva.fi\/sv\/tuote\/turbo-pulver-3-kg\/"]}]},{"@type":"ImageObject","inLanguage":"sv-SE","@id":"https:\/\/houkutteleva.fi\/sv\/tuote\/turbo-pulver-3-kg\/#primaryimage","url":"https:\/\/houkutteleva.fi\/wp-content\/uploads\/0904-Turbo-jauhe.jpg","contentUrl":"https:\/\/houkutteleva.fi\/wp-content\/uploads\/0904-Turbo-jauhe.jpg","width":667,"height":1000,"caption":"0904 Turbo pulver"},{"@type":"BreadcrumbList","@id":"https:\/\/houkutteleva.fi\/sv\/tuote\/turbo-pulver-3-kg\/#breadcrumb","itemListElement":[{"@type":"ListItem","position":1,"name":"Etusivu","item":"https:\/\/houkutteleva.fi\/sv\/"},{"@type":"ListItem","position":2,"name":"Butik","item":"https:\/\/houkutteleva.fi\/sv\/butik\/"},{"@type":"ListItem","position":3,"name":"Turbo pulver 3 kg"}]},{"@type":"WebSite","@id":"https:\/\/houkutteleva.fi\/sv\/#website","url":"https:\/\/houkutteleva.fi\/sv\/","name":"Houkutteleva","description":"Mets\u00e4stys ja luontomatkailu Suomessa","potentialAction":[{"@type":"SearchAction","target":{"@type":"EntryPoint","urlTemplate":"https:\/\/houkutteleva.fi\/sv\/?s={search_term_string}"},"query-input":{"@type":"PropertyValueSpecification","valueRequired":true,"valueName":"search_term_string"}}],"inLanguage":"sv-SE"}]}},"_links":{"self":[{"href":"https:\/\/houkutteleva.fi\/sv\/wp-json\/wp\/v2\/product\/316","targetHints":{"allow":["GET"]}}],"collection":[{"href":"https:\/\/houkutteleva.fi\/sv\/wp-json\/wp\/v2\/product"}],"about":[{"href":"https:\/\/houkutteleva.fi\/sv\/wp-json\/wp\/v2\/types\/product"}],"wp:featuredmedia":[{"embeddable":true,"href":"https:\/\/houkutteleva.fi\/sv\/wp-json\/wp\/v2\/media\/301"}],"wp:attachment":[{"href":"https:\/\/houkutteleva.fi\/sv\/wp-json\/wp\/v2\/media?parent=316"}],"wp:term":[{"taxonomy":"product_brand","embeddable":true,"href":"https:\/\/houkutteleva.fi\/sv\/wp-json\/wp\/v2\/product_brand?post=316"},{"taxonomy":"product_cat","embeddable":true,"href":"https:\/\/houkutteleva.fi\/sv\/wp-json\/wp\/v2\/product_cat?post=316"},{"taxonomy":"product_tag","embeddable":true,"href":"https:\/\/houkutteleva.fi\/sv\/wp-json\/wp\/v2\/product_tag?post=316"}],"curies":[{"name":"wp","href":"https:\/\/api.w.org\/{rel}","templated":true}]}}