{"id":314,"date":"2024-05-07T18:44:34","date_gmt":"2024-05-07T15:44:34","guid":{"rendered":"https:\/\/houkutteleva.fi\/tuote\/magiskt-effektivt-foderlockmedel-for-vilda-djur-3-kg\/"},"modified":"2024-05-07T18:44:34","modified_gmt":"2024-05-07T15:44:34","slug":"magiskt-effektivt-foderlockmedel-for-vilda-djur-3-kg","status":"publish","type":"product","link":"https:\/\/houkutteleva.fi\/sv\/tuote\/magiskt-effektivt-foderlockmedel-for-vilda-djur-3-kg\/","title":{"rendered":"Magiskt effektivt foderlockmedel f\u00f6r vilda djur 3 kg"},"content":{"rendered":"<p>Om du \u00e4r en vildsvinsj\u00e4gare och letar efter ett effektivt lockmedel, d\u00e5 \u00e4r ditt val det magiska lockmedlet.<br \/>V\u00e5r produkt \u00e4r speciellt utformad f\u00f6r vildsvin och \u00e4r det perfekta verktyget f\u00f6r att locka till sig vildsvin, r\u00e5djur, hjort och andra vilt l\u00e5ngv\u00e4ga ifr\u00e5n.<br \/>Produktens &#8221;b\u00f6nor&#8221; sm\u00e4lter gradvis, men lukten f\u00f6rsvinner inte. \u00c4ven efter regn finns lukten kvar.<\/p>\n<p>Det magiska lockmedlet \u00e4r tillverkat med h\u00f6gkvalitativa ingredienser som majs, glukossirap, socker, mj\u00f6l\/parfym och salt. Dessa ingredienser arbetar tillsammans f\u00f6r att skapa en oemotst\u00e5ndlig doft som lockar vilt till din \u00e5tel plats. Det \u00e4r enkelt att anv\u00e4nda produkten. H\u00e4ll den bara i ett fodertr\u00e5g eller blanda med annan mat.<\/p>\n<p><strong>Sammans\u00e4ttning: majskorn, glukossirap, socker, kavader lukt, salt.<\/strong><\/p>\n","protected":false},"excerpt":{"rendered":"<p>Om du \u00e4r en vildsvinsj\u00e4gare och letar efter ett effektivt lockmedel, d\u00e5 \u00e4r ditt val det magiska lockmedlet.<br \/>V\u00e5r produkt \u00e4r speciellt utformad f\u00f6r vildsvin och \u00e4r det perfekta verktyget f\u00f6r att locka vildsvin, r\u00e5djur, hjort och andra vilt p\u00e5 l\u00e5nga avst\u00e5nd<\/p>\n","protected":false},"featured_media":298,"template":"","meta":{"_et_pb_use_builder":"","_et_pb_old_content":"","_et_gb_content_width":""},"product_brand":[],"product_cat":[37],"product_tag":[38],"class_list":{"0":"post-314","1":"product","2":"type-product","3":"status-publish","4":"has-post-thumbnail","6":"product_cat-lockbete","7":"product_tag-jaktbeten","8":"product_shipping_class-matkahuolto-sv","10":"first","11":"instock","12":"taxable","13":"shipping-taxable","14":"purchasable","15":"product-type-simple"},"yoast_head":"<!-- This site is optimized with the Yoast SEO plugin v26.6 - https:\/\/yoast.com\/wordpress\/plugins\/seo\/ -->\n<title>Magiskt effektivt foderlockmedel f\u00f6r vilda djur 3 kg - Houkutteleva<\/title>\n<meta name=\"robots\" content=\"index, follow, max-snippet:-1, max-image-preview:large, max-video-preview:-1\" \/>\n<link rel=\"canonical\" href=\"https:\/\/houkutteleva.fi\/sv\/tuote\/magiskt-effektivt-foderlockmedel-for-vilda-djur-3-kg\/\" \/>\n<meta property=\"og:locale\" content=\"sv_SE\" \/>\n<meta property=\"og:type\" content=\"article\" \/>\n<meta property=\"og:title\" content=\"Magiskt effektivt foderlockmedel f\u00f6r vilda djur 3 kg - Houkutteleva\" \/>\n<meta property=\"og:description\" content=\"Om du \u00e4r en vildsvinsj\u00e4gare och letar efter ett effektivt lockmedel, d\u00e5 \u00e4r ditt val det magiska lockmedlet.V\u00e5r produkt \u00e4r speciellt utformad f\u00f6r vildsvin och \u00e4r det perfekta verktyget f\u00f6r att locka vildsvin, r\u00e5djur, hjort och andra vilt p\u00e5 l\u00e5nga avst\u00e5nd\" \/>\n<meta property=\"og:url\" content=\"https:\/\/houkutteleva.fi\/sv\/tuote\/magiskt-effektivt-foderlockmedel-for-vilda-djur-3-kg\/\" \/>\n<meta property=\"og:site_name\" content=\"Houkutteleva\" \/>\n<meta property=\"og:image\" content=\"https:\/\/houkutteleva.fi\/wp-content\/uploads\/0901-Maagisen-tehokas-rehu-houkutin-villielaimille.jpg\" \/>\n\t<meta property=\"og:image:width\" content=\"667\" \/>\n\t<meta property=\"og:image:height\" content=\"1000\" \/>\n\t<meta property=\"og:image:type\" content=\"image\/jpeg\" \/>\n<meta name=\"twitter:card\" content=\"summary_large_image\" \/>\n<meta name=\"twitter:label1\" content=\"Ber\u00e4knad l\u00e4stid\" \/>\n\t<meta name=\"twitter:data1\" content=\"1 minut\" \/>\n<script type=\"application\/ld+json\" class=\"yoast-schema-graph\">{\"@context\":\"https:\/\/schema.org\",\"@graph\":[{\"@type\":\"WebPage\",\"@id\":\"https:\/\/houkutteleva.fi\/sv\/tuote\/magiskt-effektivt-foderlockmedel-for-vilda-djur-3-kg\/\",\"url\":\"https:\/\/houkutteleva.fi\/sv\/tuote\/magiskt-effektivt-foderlockmedel-for-vilda-djur-3-kg\/\",\"name\":\"Magiskt effektivt foderlockmedel f\u00f6r vilda djur 3 kg - Houkutteleva\",\"isPartOf\":{\"@id\":\"https:\/\/houkutteleva.fi\/sv\/#website\"},\"primaryImageOfPage\":{\"@id\":\"https:\/\/houkutteleva.fi\/sv\/tuote\/magiskt-effektivt-foderlockmedel-for-vilda-djur-3-kg\/#primaryimage\"},\"image\":{\"@id\":\"https:\/\/houkutteleva.fi\/sv\/tuote\/magiskt-effektivt-foderlockmedel-for-vilda-djur-3-kg\/#primaryimage\"},\"thumbnailUrl\":\"https:\/\/houkutteleva.fi\/wp-content\/uploads\/0901-Maagisen-tehokas-rehu-houkutin-villielaimille.jpg\",\"datePublished\":\"2024-05-07T15:44:34+00:00\",\"breadcrumb\":{\"@id\":\"https:\/\/houkutteleva.fi\/sv\/tuote\/magiskt-effektivt-foderlockmedel-for-vilda-djur-3-kg\/#breadcrumb\"},\"inLanguage\":\"sv-SE\",\"potentialAction\":[{\"@type\":\"ReadAction\",\"target\":[\"https:\/\/houkutteleva.fi\/sv\/tuote\/magiskt-effektivt-foderlockmedel-for-vilda-djur-3-kg\/\"]}]},{\"@type\":\"ImageObject\",\"inLanguage\":\"sv-SE\",\"@id\":\"https:\/\/houkutteleva.fi\/sv\/tuote\/magiskt-effektivt-foderlockmedel-for-vilda-djur-3-kg\/#primaryimage\",\"url\":\"https:\/\/houkutteleva.fi\/wp-content\/uploads\/0901-Maagisen-tehokas-rehu-houkutin-villielaimille.jpg\",\"contentUrl\":\"https:\/\/houkutteleva.fi\/wp-content\/uploads\/0901-Maagisen-tehokas-rehu-houkutin-villielaimille.jpg\",\"width\":667,\"height\":1000,\"caption\":\"0901 Magiskt effektiv foder f\u00f6r lockning av vild djur\"},{\"@type\":\"BreadcrumbList\",\"@id\":\"https:\/\/houkutteleva.fi\/sv\/tuote\/magiskt-effektivt-foderlockmedel-for-vilda-djur-3-kg\/#breadcrumb\",\"itemListElement\":[{\"@type\":\"ListItem\",\"position\":1,\"name\":\"Etusivu\",\"item\":\"https:\/\/houkutteleva.fi\/sv\/\"},{\"@type\":\"ListItem\",\"position\":2,\"name\":\"Butik\",\"item\":\"https:\/\/houkutteleva.fi\/sv\/butik\/\"},{\"@type\":\"ListItem\",\"position\":3,\"name\":\"Magiskt effektivt foderlockmedel f\u00f6r vilda djur 3 kg\"}]},{\"@type\":\"WebSite\",\"@id\":\"https:\/\/houkutteleva.fi\/sv\/#website\",\"url\":\"https:\/\/houkutteleva.fi\/sv\/\",\"name\":\"Houkutteleva\",\"description\":\"Mets\u00e4stys ja luontomatkailu Suomessa\",\"potentialAction\":[{\"@type\":\"SearchAction\",\"target\":{\"@type\":\"EntryPoint\",\"urlTemplate\":\"https:\/\/houkutteleva.fi\/sv\/?s={search_term_string}\"},\"query-input\":{\"@type\":\"PropertyValueSpecification\",\"valueRequired\":true,\"valueName\":\"search_term_string\"}}],\"inLanguage\":\"sv-SE\"}]}<\/script>\n<!-- \/ Yoast SEO plugin. -->","yoast_head_json":{"title":"Magiskt effektivt foderlockmedel f\u00f6r vilda djur 3 kg - Houkutteleva","robots":{"index":"index","follow":"follow","max-snippet":"max-snippet:-1","max-image-preview":"max-image-preview:large","max-video-preview":"max-video-preview:-1"},"canonical":"https:\/\/houkutteleva.fi\/sv\/tuote\/magiskt-effektivt-foderlockmedel-for-vilda-djur-3-kg\/","og_locale":"sv_SE","og_type":"article","og_title":"Magiskt effektivt foderlockmedel f\u00f6r vilda djur 3 kg - Houkutteleva","og_description":"Om du \u00e4r en vildsvinsj\u00e4gare och letar efter ett effektivt lockmedel, d\u00e5 \u00e4r ditt val det magiska lockmedlet.V\u00e5r produkt \u00e4r speciellt utformad f\u00f6r vildsvin och \u00e4r det perfekta verktyget f\u00f6r att locka vildsvin, r\u00e5djur, hjort och andra vilt p\u00e5 l\u00e5nga avst\u00e5nd","og_url":"https:\/\/houkutteleva.fi\/sv\/tuote\/magiskt-effektivt-foderlockmedel-for-vilda-djur-3-kg\/","og_site_name":"Houkutteleva","og_image":[{"width":667,"height":1000,"url":"https:\/\/houkutteleva.fi\/wp-content\/uploads\/0901-Maagisen-tehokas-rehu-houkutin-villielaimille.jpg","type":"image\/jpeg"}],"twitter_card":"summary_large_image","twitter_misc":{"Ber\u00e4knad l\u00e4stid":"1 minut"},"schema":{"@context":"https:\/\/schema.org","@graph":[{"@type":"WebPage","@id":"https:\/\/houkutteleva.fi\/sv\/tuote\/magiskt-effektivt-foderlockmedel-for-vilda-djur-3-kg\/","url":"https:\/\/houkutteleva.fi\/sv\/tuote\/magiskt-effektivt-foderlockmedel-for-vilda-djur-3-kg\/","name":"Magiskt effektivt foderlockmedel f\u00f6r vilda djur 3 kg - Houkutteleva","isPartOf":{"@id":"https:\/\/houkutteleva.fi\/sv\/#website"},"primaryImageOfPage":{"@id":"https:\/\/houkutteleva.fi\/sv\/tuote\/magiskt-effektivt-foderlockmedel-for-vilda-djur-3-kg\/#primaryimage"},"image":{"@id":"https:\/\/houkutteleva.fi\/sv\/tuote\/magiskt-effektivt-foderlockmedel-for-vilda-djur-3-kg\/#primaryimage"},"thumbnailUrl":"https:\/\/houkutteleva.fi\/wp-content\/uploads\/0901-Maagisen-tehokas-rehu-houkutin-villielaimille.jpg","datePublished":"2024-05-07T15:44:34+00:00","breadcrumb":{"@id":"https:\/\/houkutteleva.fi\/sv\/tuote\/magiskt-effektivt-foderlockmedel-for-vilda-djur-3-kg\/#breadcrumb"},"inLanguage":"sv-SE","potentialAction":[{"@type":"ReadAction","target":["https:\/\/houkutteleva.fi\/sv\/tuote\/magiskt-effektivt-foderlockmedel-for-vilda-djur-3-kg\/"]}]},{"@type":"ImageObject","inLanguage":"sv-SE","@id":"https:\/\/houkutteleva.fi\/sv\/tuote\/magiskt-effektivt-foderlockmedel-for-vilda-djur-3-kg\/#primaryimage","url":"https:\/\/houkutteleva.fi\/wp-content\/uploads\/0901-Maagisen-tehokas-rehu-houkutin-villielaimille.jpg","contentUrl":"https:\/\/houkutteleva.fi\/wp-content\/uploads\/0901-Maagisen-tehokas-rehu-houkutin-villielaimille.jpg","width":667,"height":1000,"caption":"0901 Magiskt effektiv foder f\u00f6r lockning av vild djur"},{"@type":"BreadcrumbList","@id":"https:\/\/houkutteleva.fi\/sv\/tuote\/magiskt-effektivt-foderlockmedel-for-vilda-djur-3-kg\/#breadcrumb","itemListElement":[{"@type":"ListItem","position":1,"name":"Etusivu","item":"https:\/\/houkutteleva.fi\/sv\/"},{"@type":"ListItem","position":2,"name":"Butik","item":"https:\/\/houkutteleva.fi\/sv\/butik\/"},{"@type":"ListItem","position":3,"name":"Magiskt effektivt foderlockmedel f\u00f6r vilda djur 3 kg"}]},{"@type":"WebSite","@id":"https:\/\/houkutteleva.fi\/sv\/#website","url":"https:\/\/houkutteleva.fi\/sv\/","name":"Houkutteleva","description":"Mets\u00e4stys ja luontomatkailu Suomessa","potentialAction":[{"@type":"SearchAction","target":{"@type":"EntryPoint","urlTemplate":"https:\/\/houkutteleva.fi\/sv\/?s={search_term_string}"},"query-input":{"@type":"PropertyValueSpecification","valueRequired":true,"valueName":"search_term_string"}}],"inLanguage":"sv-SE"}]}},"_links":{"self":[{"href":"https:\/\/houkutteleva.fi\/sv\/wp-json\/wp\/v2\/product\/314","targetHints":{"allow":["GET"]}}],"collection":[{"href":"https:\/\/houkutteleva.fi\/sv\/wp-json\/wp\/v2\/product"}],"about":[{"href":"https:\/\/houkutteleva.fi\/sv\/wp-json\/wp\/v2\/types\/product"}],"wp:featuredmedia":[{"embeddable":true,"href":"https:\/\/houkutteleva.fi\/sv\/wp-json\/wp\/v2\/media\/298"}],"wp:attachment":[{"href":"https:\/\/houkutteleva.fi\/sv\/wp-json\/wp\/v2\/media?parent=314"}],"wp:term":[{"taxonomy":"product_brand","embeddable":true,"href":"https:\/\/houkutteleva.fi\/sv\/wp-json\/wp\/v2\/product_brand?post=314"},{"taxonomy":"product_cat","embeddable":true,"href":"https:\/\/houkutteleva.fi\/sv\/wp-json\/wp\/v2\/product_cat?post=314"},{"taxonomy":"product_tag","embeddable":true,"href":"https:\/\/houkutteleva.fi\/sv\/wp-json\/wp\/v2\/product_tag?post=314"}],"curies":[{"name":"wp","href":"https:\/\/api.w.org\/{rel}","templated":true}]}}