{"id":313,"date":"2024-05-07T18:46:34","date_gmt":"2024-05-07T15:46:34","guid":{"rendered":"https:\/\/houkutteleva.fi\/tuote\/saltig-slicksten-med-majskorn-3-kg\/"},"modified":"2024-05-07T18:46:34","modified_gmt":"2024-05-07T15:46:34","slug":"saltig-slicksten-med-majskorn-3-kg","status":"publish","type":"product","link":"https:\/\/houkutteleva.fi\/sv\/tuote\/saltig-slicksten-med-majskorn-3-kg\/","title":{"rendered":"Saltig slicksten med majskorn 3 kg"},"content":{"rendered":"<p>Produkten \u00e4r gjord av h\u00f6gkvalitativ fodermajs. Den \u00e4r v\u00e4rmebehandlad f\u00f6r att g\u00f6ra den s\u00e4ker att anv\u00e4nda. Den \u00e4r ocks\u00e5 planerad f\u00f6r att vara h\u00e5llbar och sv\u00e5r att tugga, s\u00e5 den kommer att forts\u00e4tta att locka djur l\u00e4ngre. Dessutom \u00e4r beten gjord av kaolinitlera, vilket hj\u00e4lper den att f\u00e4sta bra p\u00e5 en stubbe eller d\u00f6d tr\u00e4dstam och d\u00e4rmed anpassa sig till naturliga f\u00e4rger. Produkten forts\u00e4tter att locka djur \u00e4ven efter att den har slickats eller l\u00f6sts upp.<br \/>Produkten tros hj\u00e4lpa bland annat matsm\u00e4ltning, avgiftning och hudh\u00e4lsa.<br \/>V\u00e5r svarta slicksten \u00e4r s\u00e4rskilt effektiv f\u00f6r att attrahera vildsvin, \u00e4lg, r\u00e5djur, r\u00e4v, hjort och mufflon, vilket g\u00f6r den till ett idealiskt val f\u00f6r j\u00e4gare och naturfotografer.<\/p>\n<p><strong>Sammans\u00e4ttning: majskorn 40,8%, glukossirap, kaolinlera, salt.<br \/>Tillverkarens rekommendation: anv\u00e4nd under den varma \u00e5rstiden.<br \/>Tillsatser: Teknologisk tillsats: naturlig kaolinsyra (E559)<\/strong><\/p>\n","protected":false},"excerpt":{"rendered":"<p>Produkten \u00e4r gjord av h\u00f6gkvalitativ fodermajs. Den \u00e4r v\u00e4rmebehandlad f\u00f6r att g\u00f6ra den s\u00e4ker att anv\u00e4nda. Den \u00e4r ocks\u00e5 utformad f\u00f6r att vara h\u00e5llbar och sv\u00e5r att tugga<\/p>\n","protected":false},"featured_media":303,"template":"","meta":{"_et_pb_use_builder":"","_et_pb_old_content":"","_et_gb_content_width":""},"product_brand":[],"product_cat":[37],"product_tag":[38],"class_list":{"0":"post-313","1":"product","2":"type-product","3":"status-publish","4":"has-post-thumbnail","6":"product_cat-lockbete","7":"product_tag-jaktbeten","8":"product_shipping_class-matkahuolto-sv","10":"first","11":"instock","12":"taxable","13":"shipping-taxable","14":"purchasable","15":"product-type-simple"},"yoast_head":"<!-- This site is optimized with the Yoast SEO plugin v26.6 - https:\/\/yoast.com\/wordpress\/plugins\/seo\/ -->\n<title>Saltig slicksten med majskorn 3 kg - Houkutteleva<\/title>\n<meta name=\"robots\" content=\"index, follow, max-snippet:-1, max-image-preview:large, max-video-preview:-1\" \/>\n<link rel=\"canonical\" href=\"https:\/\/houkutteleva.fi\/sv\/tuote\/saltig-slicksten-med-majskorn-3-kg\/\" \/>\n<meta property=\"og:locale\" content=\"sv_SE\" \/>\n<meta property=\"og:type\" content=\"article\" \/>\n<meta property=\"og:title\" content=\"Saltig slicksten med majskorn 3 kg - Houkutteleva\" \/>\n<meta property=\"og:description\" content=\"Produkten \u00e4r gjord av h\u00f6gkvalitativ fodermajs. Den \u00e4r v\u00e4rmebehandlad f\u00f6r att g\u00f6ra den s\u00e4ker att anv\u00e4nda. Den \u00e4r ocks\u00e5 utformad f\u00f6r att vara h\u00e5llbar och sv\u00e5r att tugga\" \/>\n<meta property=\"og:url\" content=\"https:\/\/houkutteleva.fi\/sv\/tuote\/saltig-slicksten-med-majskorn-3-kg\/\" \/>\n<meta property=\"og:site_name\" content=\"Houkutteleva\" \/>\n<meta property=\"og:image\" content=\"https:\/\/houkutteleva.fi\/wp-content\/uploads\/1098-Musta-nuoltava-maissinydin.jpg\" \/>\n\t<meta property=\"og:image:width\" content=\"1000\" \/>\n\t<meta property=\"og:image:height\" content=\"667\" \/>\n\t<meta property=\"og:image:type\" content=\"image\/jpeg\" \/>\n<meta name=\"twitter:card\" content=\"summary_large_image\" \/>\n<meta name=\"twitter:label1\" content=\"Ber\u00e4knad l\u00e4stid\" \/>\n\t<meta name=\"twitter:data1\" content=\"1 minut\" \/>\n<script type=\"application\/ld+json\" class=\"yoast-schema-graph\">{\"@context\":\"https:\/\/schema.org\",\"@graph\":[{\"@type\":\"WebPage\",\"@id\":\"https:\/\/houkutteleva.fi\/sv\/tuote\/saltig-slicksten-med-majskorn-3-kg\/\",\"url\":\"https:\/\/houkutteleva.fi\/sv\/tuote\/saltig-slicksten-med-majskorn-3-kg\/\",\"name\":\"Saltig slicksten med majskorn 3 kg - Houkutteleva\",\"isPartOf\":{\"@id\":\"https:\/\/houkutteleva.fi\/sv\/#website\"},\"primaryImageOfPage\":{\"@id\":\"https:\/\/houkutteleva.fi\/sv\/tuote\/saltig-slicksten-med-majskorn-3-kg\/#primaryimage\"},\"image\":{\"@id\":\"https:\/\/houkutteleva.fi\/sv\/tuote\/saltig-slicksten-med-majskorn-3-kg\/#primaryimage\"},\"thumbnailUrl\":\"https:\/\/houkutteleva.fi\/wp-content\/uploads\/1098-Musta-nuoltava-maissinydin.jpg\",\"datePublished\":\"2024-05-07T15:46:34+00:00\",\"breadcrumb\":{\"@id\":\"https:\/\/houkutteleva.fi\/sv\/tuote\/saltig-slicksten-med-majskorn-3-kg\/#breadcrumb\"},\"inLanguage\":\"sv-SE\",\"potentialAction\":[{\"@type\":\"ReadAction\",\"target\":[\"https:\/\/houkutteleva.fi\/sv\/tuote\/saltig-slicksten-med-majskorn-3-kg\/\"]}]},{\"@type\":\"ImageObject\",\"inLanguage\":\"sv-SE\",\"@id\":\"https:\/\/houkutteleva.fi\/sv\/tuote\/saltig-slicksten-med-majskorn-3-kg\/#primaryimage\",\"url\":\"https:\/\/houkutteleva.fi\/wp-content\/uploads\/1098-Musta-nuoltava-maissinydin.jpg\",\"contentUrl\":\"https:\/\/houkutteleva.fi\/wp-content\/uploads\/1098-Musta-nuoltava-maissinydin.jpg\",\"width\":1000,\"height\":667,\"caption\":\"1098 Slicksten svart s\u00f6t\"},{\"@type\":\"BreadcrumbList\",\"@id\":\"https:\/\/houkutteleva.fi\/sv\/tuote\/saltig-slicksten-med-majskorn-3-kg\/#breadcrumb\",\"itemListElement\":[{\"@type\":\"ListItem\",\"position\":1,\"name\":\"Etusivu\",\"item\":\"https:\/\/houkutteleva.fi\/sv\/\"},{\"@type\":\"ListItem\",\"position\":2,\"name\":\"Butik\",\"item\":\"https:\/\/houkutteleva.fi\/sv\/butik\/\"},{\"@type\":\"ListItem\",\"position\":3,\"name\":\"Saltig slicksten med majskorn 3 kg\"}]},{\"@type\":\"WebSite\",\"@id\":\"https:\/\/houkutteleva.fi\/sv\/#website\",\"url\":\"https:\/\/houkutteleva.fi\/sv\/\",\"name\":\"Houkutteleva\",\"description\":\"Mets\u00e4stys ja luontomatkailu Suomessa\",\"potentialAction\":[{\"@type\":\"SearchAction\",\"target\":{\"@type\":\"EntryPoint\",\"urlTemplate\":\"https:\/\/houkutteleva.fi\/sv\/?s={search_term_string}\"},\"query-input\":{\"@type\":\"PropertyValueSpecification\",\"valueRequired\":true,\"valueName\":\"search_term_string\"}}],\"inLanguage\":\"sv-SE\"}]}<\/script>\n<!-- \/ Yoast SEO plugin. -->","yoast_head_json":{"title":"Saltig slicksten med majskorn 3 kg - Houkutteleva","robots":{"index":"index","follow":"follow","max-snippet":"max-snippet:-1","max-image-preview":"max-image-preview:large","max-video-preview":"max-video-preview:-1"},"canonical":"https:\/\/houkutteleva.fi\/sv\/tuote\/saltig-slicksten-med-majskorn-3-kg\/","og_locale":"sv_SE","og_type":"article","og_title":"Saltig slicksten med majskorn 3 kg - Houkutteleva","og_description":"Produkten \u00e4r gjord av h\u00f6gkvalitativ fodermajs. Den \u00e4r v\u00e4rmebehandlad f\u00f6r att g\u00f6ra den s\u00e4ker att anv\u00e4nda. Den \u00e4r ocks\u00e5 utformad f\u00f6r att vara h\u00e5llbar och sv\u00e5r att tugga","og_url":"https:\/\/houkutteleva.fi\/sv\/tuote\/saltig-slicksten-med-majskorn-3-kg\/","og_site_name":"Houkutteleva","og_image":[{"width":1000,"height":667,"url":"https:\/\/houkutteleva.fi\/wp-content\/uploads\/1098-Musta-nuoltava-maissinydin.jpg","type":"image\/jpeg"}],"twitter_card":"summary_large_image","twitter_misc":{"Ber\u00e4knad l\u00e4stid":"1 minut"},"schema":{"@context":"https:\/\/schema.org","@graph":[{"@type":"WebPage","@id":"https:\/\/houkutteleva.fi\/sv\/tuote\/saltig-slicksten-med-majskorn-3-kg\/","url":"https:\/\/houkutteleva.fi\/sv\/tuote\/saltig-slicksten-med-majskorn-3-kg\/","name":"Saltig slicksten med majskorn 3 kg - Houkutteleva","isPartOf":{"@id":"https:\/\/houkutteleva.fi\/sv\/#website"},"primaryImageOfPage":{"@id":"https:\/\/houkutteleva.fi\/sv\/tuote\/saltig-slicksten-med-majskorn-3-kg\/#primaryimage"},"image":{"@id":"https:\/\/houkutteleva.fi\/sv\/tuote\/saltig-slicksten-med-majskorn-3-kg\/#primaryimage"},"thumbnailUrl":"https:\/\/houkutteleva.fi\/wp-content\/uploads\/1098-Musta-nuoltava-maissinydin.jpg","datePublished":"2024-05-07T15:46:34+00:00","breadcrumb":{"@id":"https:\/\/houkutteleva.fi\/sv\/tuote\/saltig-slicksten-med-majskorn-3-kg\/#breadcrumb"},"inLanguage":"sv-SE","potentialAction":[{"@type":"ReadAction","target":["https:\/\/houkutteleva.fi\/sv\/tuote\/saltig-slicksten-med-majskorn-3-kg\/"]}]},{"@type":"ImageObject","inLanguage":"sv-SE","@id":"https:\/\/houkutteleva.fi\/sv\/tuote\/saltig-slicksten-med-majskorn-3-kg\/#primaryimage","url":"https:\/\/houkutteleva.fi\/wp-content\/uploads\/1098-Musta-nuoltava-maissinydin.jpg","contentUrl":"https:\/\/houkutteleva.fi\/wp-content\/uploads\/1098-Musta-nuoltava-maissinydin.jpg","width":1000,"height":667,"caption":"1098 Slicksten svart s\u00f6t"},{"@type":"BreadcrumbList","@id":"https:\/\/houkutteleva.fi\/sv\/tuote\/saltig-slicksten-med-majskorn-3-kg\/#breadcrumb","itemListElement":[{"@type":"ListItem","position":1,"name":"Etusivu","item":"https:\/\/houkutteleva.fi\/sv\/"},{"@type":"ListItem","position":2,"name":"Butik","item":"https:\/\/houkutteleva.fi\/sv\/butik\/"},{"@type":"ListItem","position":3,"name":"Saltig slicksten med majskorn 3 kg"}]},{"@type":"WebSite","@id":"https:\/\/houkutteleva.fi\/sv\/#website","url":"https:\/\/houkutteleva.fi\/sv\/","name":"Houkutteleva","description":"Mets\u00e4stys ja luontomatkailu Suomessa","potentialAction":[{"@type":"SearchAction","target":{"@type":"EntryPoint","urlTemplate":"https:\/\/houkutteleva.fi\/sv\/?s={search_term_string}"},"query-input":{"@type":"PropertyValueSpecification","valueRequired":true,"valueName":"search_term_string"}}],"inLanguage":"sv-SE"}]}},"_links":{"self":[{"href":"https:\/\/houkutteleva.fi\/sv\/wp-json\/wp\/v2\/product\/313","targetHints":{"allow":["GET"]}}],"collection":[{"href":"https:\/\/houkutteleva.fi\/sv\/wp-json\/wp\/v2\/product"}],"about":[{"href":"https:\/\/houkutteleva.fi\/sv\/wp-json\/wp\/v2\/types\/product"}],"wp:featuredmedia":[{"embeddable":true,"href":"https:\/\/houkutteleva.fi\/sv\/wp-json\/wp\/v2\/media\/303"}],"wp:attachment":[{"href":"https:\/\/houkutteleva.fi\/sv\/wp-json\/wp\/v2\/media?parent=313"}],"wp:term":[{"taxonomy":"product_brand","embeddable":true,"href":"https:\/\/houkutteleva.fi\/sv\/wp-json\/wp\/v2\/product_brand?post=313"},{"taxonomy":"product_cat","embeddable":true,"href":"https:\/\/houkutteleva.fi\/sv\/wp-json\/wp\/v2\/product_cat?post=313"},{"taxonomy":"product_tag","embeddable":true,"href":"https:\/\/houkutteleva.fi\/sv\/wp-json\/wp\/v2\/product_tag?post=313"}],"curies":[{"name":"wp","href":"https:\/\/api.w.org\/{rel}","templated":true}]}}