{"id":311,"date":"2024-05-07T18:55:30","date_gmt":"2024-05-07T15:55:30","guid":{"rendered":"https:\/\/houkutteleva.fi\/tuote\/flytande-spray-attraktion-kavader-carrion-50-ml-2-50-ml\/"},"modified":"2024-05-07T18:55:30","modified_gmt":"2024-05-07T15:55:30","slug":"flytande-spray-attraktion-kavader-carrion-50-ml-2-50-ml","status":"publish","type":"product","link":"https:\/\/houkutteleva.fi\/sv\/tuote\/flytande-spray-attraktion-kavader-carrion-50-ml-2-50-ml\/","title":{"rendered":"Flytande spray attraktion, kavader CARRION, 50 ml\/ 2 50 ml."},"content":{"rendered":"<p>Kraftfull lockelse Smardala &#8211; med stark kummindoft.<br \/>Flaskan avger en stark lukt av ruttnande k\u00f6tt, mat och andra djurdelar f\u00f6r att locka vilda djur p\u00e5 l\u00e5ngt h\u00e5ll. En helt naturlig produkt som inneh\u00e5ller mineraler.<br \/>Det lockar inte bara vilda djur, det gynnar dem ocks\u00e5. Flaskan har ett munstycke som g\u00f6r det enkelt att spraya \u00e5tel platsen. Alla v\u00e5ra vilda beten \u00e4r effektiva eftersom var och en \u00e4r tillverkad genom omfattande utveckling.<br \/>Denna spray lockar de flesta djur, s\u00e4rskilt vildsvin, r\u00e4var och tv\u00e4ttbj\u00f6rnar.<\/p>\n<p>Spraya p\u00e5 en attraktiv plats eller matningsmassa.<\/p>\n<p><strong>Sammans\u00e4ttning: lukt av kadaver, salt, vatten.<\/strong><\/p>\n","protected":false},"excerpt":{"rendered":"<p>Kraftfull lockelse Smardala &#8211; med stark kummindoft.<\/p>\n","protected":false},"featured_media":304,"template":"","meta":{"_et_pb_use_builder":"","_et_pb_old_content":"","_et_gb_content_width":""},"product_brand":[],"product_cat":[37],"product_tag":[38],"class_list":{"0":"post-311","1":"product","2":"type-product","3":"status-publish","4":"has-post-thumbnail","6":"product_cat-lockbete","7":"product_tag-jaktbeten","8":"product_shipping_class-matkahuolto-sv","10":"first","11":"instock","12":"taxable","13":"shipping-taxable","14":"purchasable","15":"product-type-simple"},"yoast_head":"<!-- This site is optimized with the Yoast SEO plugin v26.6 - https:\/\/yoast.com\/wordpress\/plugins\/seo\/ -->\n<title>Flytande spray attraktion, kavader CARRION, 50 ml\/ 2 50 ml. - Houkutteleva<\/title>\n<meta name=\"robots\" content=\"index, follow, max-snippet:-1, max-image-preview:large, max-video-preview:-1\" \/>\n<link rel=\"canonical\" href=\"https:\/\/houkutteleva.fi\/sv\/tuote\/flytande-spray-attraktion-kavader-carrion-50-ml-2-50-ml\/\" \/>\n<meta property=\"og:locale\" content=\"sv_SE\" \/>\n<meta property=\"og:type\" content=\"article\" \/>\n<meta property=\"og:title\" content=\"Flytande spray attraktion, kavader CARRION, 50 ml\/ 2 50 ml. - Houkutteleva\" \/>\n<meta property=\"og:description\" content=\"Kraftfull lockelse Smardala - med stark kummindoft.\" \/>\n<meta property=\"og:url\" content=\"https:\/\/houkutteleva.fi\/sv\/tuote\/flytande-spray-attraktion-kavader-carrion-50-ml-2-50-ml\/\" \/>\n<meta property=\"og:site_name\" content=\"Houkutteleva\" \/>\n<meta property=\"og:image\" content=\"https:\/\/houkutteleva.fi\/wp-content\/uploads\/Sumutusneste-houkutin-carrion.jpg\" \/>\n\t<meta property=\"og:image:width\" content=\"770\" \/>\n\t<meta property=\"og:image:height\" content=\"1000\" \/>\n\t<meta property=\"og:image:type\" content=\"image\/jpeg\" \/>\n<meta name=\"twitter:card\" content=\"summary_large_image\" \/>\n<meta name=\"twitter:label1\" content=\"Ber\u00e4knad l\u00e4stid\" \/>\n\t<meta name=\"twitter:data1\" content=\"1 minut\" \/>\n<script type=\"application\/ld+json\" class=\"yoast-schema-graph\">{\"@context\":\"https:\/\/schema.org\",\"@graph\":[{\"@type\":\"WebPage\",\"@id\":\"https:\/\/houkutteleva.fi\/sv\/tuote\/flytande-spray-attraktion-kavader-carrion-50-ml-2-50-ml\/\",\"url\":\"https:\/\/houkutteleva.fi\/sv\/tuote\/flytande-spray-attraktion-kavader-carrion-50-ml-2-50-ml\/\",\"name\":\"Flytande spray attraktion, kavader CARRION, 50 ml\/ 2 50 ml. - Houkutteleva\",\"isPartOf\":{\"@id\":\"https:\/\/houkutteleva.fi\/sv\/#website\"},\"primaryImageOfPage\":{\"@id\":\"https:\/\/houkutteleva.fi\/sv\/tuote\/flytande-spray-attraktion-kavader-carrion-50-ml-2-50-ml\/#primaryimage\"},\"image\":{\"@id\":\"https:\/\/houkutteleva.fi\/sv\/tuote\/flytande-spray-attraktion-kavader-carrion-50-ml-2-50-ml\/#primaryimage\"},\"thumbnailUrl\":\"https:\/\/houkutteleva.fi\/wp-content\/uploads\/Sumutusneste-houkutin-carrion.jpg\",\"datePublished\":\"2024-05-07T15:55:30+00:00\",\"breadcrumb\":{\"@id\":\"https:\/\/houkutteleva.fi\/sv\/tuote\/flytande-spray-attraktion-kavader-carrion-50-ml-2-50-ml\/#breadcrumb\"},\"inLanguage\":\"sv-SE\",\"potentialAction\":[{\"@type\":\"ReadAction\",\"target\":[\"https:\/\/houkutteleva.fi\/sv\/tuote\/flytande-spray-attraktion-kavader-carrion-50-ml-2-50-ml\/\"]}]},{\"@type\":\"ImageObject\",\"inLanguage\":\"sv-SE\",\"@id\":\"https:\/\/houkutteleva.fi\/sv\/tuote\/flytande-spray-attraktion-kavader-carrion-50-ml-2-50-ml\/#primaryimage\",\"url\":\"https:\/\/houkutteleva.fi\/wp-content\/uploads\/Sumutusneste-houkutin-carrion.jpg\",\"contentUrl\":\"https:\/\/houkutteleva.fi\/wp-content\/uploads\/Sumutusneste-houkutin-carrion.jpg\",\"width\":770,\"height\":1000,\"caption\":\"Flytande spray attraktion, kavader\"},{\"@type\":\"BreadcrumbList\",\"@id\":\"https:\/\/houkutteleva.fi\/sv\/tuote\/flytande-spray-attraktion-kavader-carrion-50-ml-2-50-ml\/#breadcrumb\",\"itemListElement\":[{\"@type\":\"ListItem\",\"position\":1,\"name\":\"Etusivu\",\"item\":\"https:\/\/houkutteleva.fi\/sv\/\"},{\"@type\":\"ListItem\",\"position\":2,\"name\":\"Butik\",\"item\":\"https:\/\/houkutteleva.fi\/sv\/butik\/\"},{\"@type\":\"ListItem\",\"position\":3,\"name\":\"Flytande spray attraktion, kavader CARRION, 50 ml\/ 2 50 ml.\"}]},{\"@type\":\"WebSite\",\"@id\":\"https:\/\/houkutteleva.fi\/sv\/#website\",\"url\":\"https:\/\/houkutteleva.fi\/sv\/\",\"name\":\"Houkutteleva\",\"description\":\"Mets\u00e4stys ja luontomatkailu Suomessa\",\"potentialAction\":[{\"@type\":\"SearchAction\",\"target\":{\"@type\":\"EntryPoint\",\"urlTemplate\":\"https:\/\/houkutteleva.fi\/sv\/?s={search_term_string}\"},\"query-input\":{\"@type\":\"PropertyValueSpecification\",\"valueRequired\":true,\"valueName\":\"search_term_string\"}}],\"inLanguage\":\"sv-SE\"}]}<\/script>\n<!-- \/ Yoast SEO plugin. -->","yoast_head_json":{"title":"Flytande spray attraktion, kavader CARRION, 50 ml\/ 2 50 ml. - Houkutteleva","robots":{"index":"index","follow":"follow","max-snippet":"max-snippet:-1","max-image-preview":"max-image-preview:large","max-video-preview":"max-video-preview:-1"},"canonical":"https:\/\/houkutteleva.fi\/sv\/tuote\/flytande-spray-attraktion-kavader-carrion-50-ml-2-50-ml\/","og_locale":"sv_SE","og_type":"article","og_title":"Flytande spray attraktion, kavader CARRION, 50 ml\/ 2 50 ml. - Houkutteleva","og_description":"Kraftfull lockelse Smardala - med stark kummindoft.","og_url":"https:\/\/houkutteleva.fi\/sv\/tuote\/flytande-spray-attraktion-kavader-carrion-50-ml-2-50-ml\/","og_site_name":"Houkutteleva","og_image":[{"width":770,"height":1000,"url":"https:\/\/houkutteleva.fi\/wp-content\/uploads\/Sumutusneste-houkutin-carrion.jpg","type":"image\/jpeg"}],"twitter_card":"summary_large_image","twitter_misc":{"Ber\u00e4knad l\u00e4stid":"1 minut"},"schema":{"@context":"https:\/\/schema.org","@graph":[{"@type":"WebPage","@id":"https:\/\/houkutteleva.fi\/sv\/tuote\/flytande-spray-attraktion-kavader-carrion-50-ml-2-50-ml\/","url":"https:\/\/houkutteleva.fi\/sv\/tuote\/flytande-spray-attraktion-kavader-carrion-50-ml-2-50-ml\/","name":"Flytande spray attraktion, kavader CARRION, 50 ml\/ 2 50 ml. - Houkutteleva","isPartOf":{"@id":"https:\/\/houkutteleva.fi\/sv\/#website"},"primaryImageOfPage":{"@id":"https:\/\/houkutteleva.fi\/sv\/tuote\/flytande-spray-attraktion-kavader-carrion-50-ml-2-50-ml\/#primaryimage"},"image":{"@id":"https:\/\/houkutteleva.fi\/sv\/tuote\/flytande-spray-attraktion-kavader-carrion-50-ml-2-50-ml\/#primaryimage"},"thumbnailUrl":"https:\/\/houkutteleva.fi\/wp-content\/uploads\/Sumutusneste-houkutin-carrion.jpg","datePublished":"2024-05-07T15:55:30+00:00","breadcrumb":{"@id":"https:\/\/houkutteleva.fi\/sv\/tuote\/flytande-spray-attraktion-kavader-carrion-50-ml-2-50-ml\/#breadcrumb"},"inLanguage":"sv-SE","potentialAction":[{"@type":"ReadAction","target":["https:\/\/houkutteleva.fi\/sv\/tuote\/flytande-spray-attraktion-kavader-carrion-50-ml-2-50-ml\/"]}]},{"@type":"ImageObject","inLanguage":"sv-SE","@id":"https:\/\/houkutteleva.fi\/sv\/tuote\/flytande-spray-attraktion-kavader-carrion-50-ml-2-50-ml\/#primaryimage","url":"https:\/\/houkutteleva.fi\/wp-content\/uploads\/Sumutusneste-houkutin-carrion.jpg","contentUrl":"https:\/\/houkutteleva.fi\/wp-content\/uploads\/Sumutusneste-houkutin-carrion.jpg","width":770,"height":1000,"caption":"Flytande spray attraktion, kavader"},{"@type":"BreadcrumbList","@id":"https:\/\/houkutteleva.fi\/sv\/tuote\/flytande-spray-attraktion-kavader-carrion-50-ml-2-50-ml\/#breadcrumb","itemListElement":[{"@type":"ListItem","position":1,"name":"Etusivu","item":"https:\/\/houkutteleva.fi\/sv\/"},{"@type":"ListItem","position":2,"name":"Butik","item":"https:\/\/houkutteleva.fi\/sv\/butik\/"},{"@type":"ListItem","position":3,"name":"Flytande spray attraktion, kavader CARRION, 50 ml\/ 2 50 ml."}]},{"@type":"WebSite","@id":"https:\/\/houkutteleva.fi\/sv\/#website","url":"https:\/\/houkutteleva.fi\/sv\/","name":"Houkutteleva","description":"Mets\u00e4stys ja luontomatkailu Suomessa","potentialAction":[{"@type":"SearchAction","target":{"@type":"EntryPoint","urlTemplate":"https:\/\/houkutteleva.fi\/sv\/?s={search_term_string}"},"query-input":{"@type":"PropertyValueSpecification","valueRequired":true,"valueName":"search_term_string"}}],"inLanguage":"sv-SE"}]}},"_links":{"self":[{"href":"https:\/\/houkutteleva.fi\/sv\/wp-json\/wp\/v2\/product\/311","targetHints":{"allow":["GET"]}}],"collection":[{"href":"https:\/\/houkutteleva.fi\/sv\/wp-json\/wp\/v2\/product"}],"about":[{"href":"https:\/\/houkutteleva.fi\/sv\/wp-json\/wp\/v2\/types\/product"}],"wp:featuredmedia":[{"embeddable":true,"href":"https:\/\/houkutteleva.fi\/sv\/wp-json\/wp\/v2\/media\/304"}],"wp:attachment":[{"href":"https:\/\/houkutteleva.fi\/sv\/wp-json\/wp\/v2\/media?parent=311"}],"wp:term":[{"taxonomy":"product_brand","embeddable":true,"href":"https:\/\/houkutteleva.fi\/sv\/wp-json\/wp\/v2\/product_brand?post=311"},{"taxonomy":"product_cat","embeddable":true,"href":"https:\/\/houkutteleva.fi\/sv\/wp-json\/wp\/v2\/product_cat?post=311"},{"taxonomy":"product_tag","embeddable":true,"href":"https:\/\/houkutteleva.fi\/sv\/wp-json\/wp\/v2\/product_tag?post=311"}],"curies":[{"name":"wp","href":"https:\/\/api.w.org\/{rel}","templated":true}]}}