{"id":309,"date":"2024-05-07T19:02:51","date_gmt":"2024-05-07T16:02:51","guid":{"rendered":"https:\/\/houkutteleva.fi\/tuote\/flytande-spray-majs-50-ml\/"},"modified":"2024-05-07T19:02:51","modified_gmt":"2024-05-07T16:02:51","slug":"flytande-spray-majs-50-ml","status":"publish","type":"product","link":"https:\/\/houkutteleva.fi\/sv\/tuote\/flytande-spray-majs-50-ml\/","title":{"rendered":"Flytande spray majs 50 ml."},"content":{"rendered":"<p>Naturligt lockmedel inneh\u00e5llande sockermajs, 50 ml.<br \/>V\u00e5r naturliga majssirapsspray \u00e4r precis vad du beh\u00f6ver. Med sin balanserade arom och majssmak \u00e4r den oemotst\u00e5ndlig f\u00f6r vilda djur.<br \/>V\u00e5r naturliga majssirapsspray \u00e4r gjord av ingredienser av h\u00f6gsta kvalitet. Det \u00e4r s\u00e5 vi s\u00e4kerst\u00e4ller att det \u00e4r s\u00e4kert att anv\u00e4nda i alla milj\u00f6er.<\/p>\n<p>Anv\u00e4ndning: Spraya p\u00e5 foder eller utfodringsyta (tr\u00e5g, stubbe, tr\u00e4dstam, etc.).<br \/>Denna v\u00e4tska lockar de flesta djur, men framf\u00f6r allt vildsvin, sm\u00e5vilt och r\u00e5djur.<br \/><strong> <\/strong><br \/><strong>Sammans\u00e4ttning: sockermajsarom, salt, vatten.<\/strong><\/p>\n","protected":false},"excerpt":{"rendered":"<p>Naturligt lockmedel inneh\u00e5llande sockermajs, 50 ml.<\/p>\n","protected":false},"featured_media":305,"template":"","meta":{"_et_pb_use_builder":"","_et_pb_old_content":"","_et_gb_content_width":""},"product_brand":[],"product_cat":[37],"product_tag":[38],"class_list":{"0":"post-309","1":"product","2":"type-product","3":"status-publish","4":"has-post-thumbnail","6":"product_cat-lockbete","7":"product_tag-jaktbeten","8":"product_shipping_class-matkahuolto-sv","10":"first","11":"instock","12":"taxable","13":"shipping-taxable","14":"purchasable","15":"product-type-simple"},"yoast_head":"<!-- This site is optimized with the Yoast SEO plugin v26.6 - https:\/\/yoast.com\/wordpress\/plugins\/seo\/ -->\n<title>Flytande spray majs 50 ml. - Houkutteleva<\/title>\n<meta name=\"robots\" content=\"index, follow, max-snippet:-1, max-image-preview:large, max-video-preview:-1\" \/>\n<link rel=\"canonical\" href=\"https:\/\/houkutteleva.fi\/sv\/tuote\/flytande-spray-majs-50-ml\/\" \/>\n<meta property=\"og:locale\" content=\"sv_SE\" \/>\n<meta property=\"og:type\" content=\"article\" \/>\n<meta property=\"og:title\" content=\"Flytande spray majs 50 ml. - Houkutteleva\" \/>\n<meta property=\"og:description\" content=\"Naturligt lockmedel inneh\u00e5llande sockermajs, 50 ml.\" \/>\n<meta property=\"og:url\" content=\"https:\/\/houkutteleva.fi\/sv\/tuote\/flytande-spray-majs-50-ml\/\" \/>\n<meta property=\"og:site_name\" content=\"Houkutteleva\" \/>\n<meta property=\"og:image\" content=\"https:\/\/houkutteleva.fi\/wp-content\/uploads\/Sumute-nestemaissi.jpg\" \/>\n\t<meta property=\"og:image:width\" content=\"848\" \/>\n\t<meta property=\"og:image:height\" content=\"1000\" \/>\n\t<meta property=\"og:image:type\" content=\"image\/jpeg\" \/>\n<meta name=\"twitter:card\" content=\"summary_large_image\" \/>\n<script type=\"application\/ld+json\" class=\"yoast-schema-graph\">{\"@context\":\"https:\/\/schema.org\",\"@graph\":[{\"@type\":\"WebPage\",\"@id\":\"https:\/\/houkutteleva.fi\/sv\/tuote\/flytande-spray-majs-50-ml\/\",\"url\":\"https:\/\/houkutteleva.fi\/sv\/tuote\/flytande-spray-majs-50-ml\/\",\"name\":\"Flytande spray majs 50 ml. - Houkutteleva\",\"isPartOf\":{\"@id\":\"https:\/\/houkutteleva.fi\/sv\/#website\"},\"primaryImageOfPage\":{\"@id\":\"https:\/\/houkutteleva.fi\/sv\/tuote\/flytande-spray-majs-50-ml\/#primaryimage\"},\"image\":{\"@id\":\"https:\/\/houkutteleva.fi\/sv\/tuote\/flytande-spray-majs-50-ml\/#primaryimage\"},\"thumbnailUrl\":\"https:\/\/houkutteleva.fi\/wp-content\/uploads\/Sumute-nestemaissi.jpg\",\"datePublished\":\"2024-05-07T16:02:51+00:00\",\"breadcrumb\":{\"@id\":\"https:\/\/houkutteleva.fi\/sv\/tuote\/flytande-spray-majs-50-ml\/#breadcrumb\"},\"inLanguage\":\"sv-SE\",\"potentialAction\":[{\"@type\":\"ReadAction\",\"target\":[\"https:\/\/houkutteleva.fi\/sv\/tuote\/flytande-spray-majs-50-ml\/\"]}]},{\"@type\":\"ImageObject\",\"inLanguage\":\"sv-SE\",\"@id\":\"https:\/\/houkutteleva.fi\/sv\/tuote\/flytande-spray-majs-50-ml\/#primaryimage\",\"url\":\"https:\/\/houkutteleva.fi\/wp-content\/uploads\/Sumute-nestemaissi.jpg\",\"contentUrl\":\"https:\/\/houkutteleva.fi\/wp-content\/uploads\/Sumute-nestemaissi.jpg\",\"width\":848,\"height\":1000,\"caption\":\"Flytande spray majs\"},{\"@type\":\"BreadcrumbList\",\"@id\":\"https:\/\/houkutteleva.fi\/sv\/tuote\/flytande-spray-majs-50-ml\/#breadcrumb\",\"itemListElement\":[{\"@type\":\"ListItem\",\"position\":1,\"name\":\"Etusivu\",\"item\":\"https:\/\/houkutteleva.fi\/sv\/\"},{\"@type\":\"ListItem\",\"position\":2,\"name\":\"Butik\",\"item\":\"https:\/\/houkutteleva.fi\/sv\/butik\/\"},{\"@type\":\"ListItem\",\"position\":3,\"name\":\"Flytande spray majs 50 ml.\"}]},{\"@type\":\"WebSite\",\"@id\":\"https:\/\/houkutteleva.fi\/sv\/#website\",\"url\":\"https:\/\/houkutteleva.fi\/sv\/\",\"name\":\"Houkutteleva\",\"description\":\"Mets\u00e4stys ja luontomatkailu Suomessa\",\"potentialAction\":[{\"@type\":\"SearchAction\",\"target\":{\"@type\":\"EntryPoint\",\"urlTemplate\":\"https:\/\/houkutteleva.fi\/sv\/?s={search_term_string}\"},\"query-input\":{\"@type\":\"PropertyValueSpecification\",\"valueRequired\":true,\"valueName\":\"search_term_string\"}}],\"inLanguage\":\"sv-SE\"}]}<\/script>\n<!-- \/ Yoast SEO plugin. -->","yoast_head_json":{"title":"Flytande spray majs 50 ml. - Houkutteleva","robots":{"index":"index","follow":"follow","max-snippet":"max-snippet:-1","max-image-preview":"max-image-preview:large","max-video-preview":"max-video-preview:-1"},"canonical":"https:\/\/houkutteleva.fi\/sv\/tuote\/flytande-spray-majs-50-ml\/","og_locale":"sv_SE","og_type":"article","og_title":"Flytande spray majs 50 ml. - Houkutteleva","og_description":"Naturligt lockmedel inneh\u00e5llande sockermajs, 50 ml.","og_url":"https:\/\/houkutteleva.fi\/sv\/tuote\/flytande-spray-majs-50-ml\/","og_site_name":"Houkutteleva","og_image":[{"width":848,"height":1000,"url":"https:\/\/houkutteleva.fi\/wp-content\/uploads\/Sumute-nestemaissi.jpg","type":"image\/jpeg"}],"twitter_card":"summary_large_image","schema":{"@context":"https:\/\/schema.org","@graph":[{"@type":"WebPage","@id":"https:\/\/houkutteleva.fi\/sv\/tuote\/flytande-spray-majs-50-ml\/","url":"https:\/\/houkutteleva.fi\/sv\/tuote\/flytande-spray-majs-50-ml\/","name":"Flytande spray majs 50 ml. - Houkutteleva","isPartOf":{"@id":"https:\/\/houkutteleva.fi\/sv\/#website"},"primaryImageOfPage":{"@id":"https:\/\/houkutteleva.fi\/sv\/tuote\/flytande-spray-majs-50-ml\/#primaryimage"},"image":{"@id":"https:\/\/houkutteleva.fi\/sv\/tuote\/flytande-spray-majs-50-ml\/#primaryimage"},"thumbnailUrl":"https:\/\/houkutteleva.fi\/wp-content\/uploads\/Sumute-nestemaissi.jpg","datePublished":"2024-05-07T16:02:51+00:00","breadcrumb":{"@id":"https:\/\/houkutteleva.fi\/sv\/tuote\/flytande-spray-majs-50-ml\/#breadcrumb"},"inLanguage":"sv-SE","potentialAction":[{"@type":"ReadAction","target":["https:\/\/houkutteleva.fi\/sv\/tuote\/flytande-spray-majs-50-ml\/"]}]},{"@type":"ImageObject","inLanguage":"sv-SE","@id":"https:\/\/houkutteleva.fi\/sv\/tuote\/flytande-spray-majs-50-ml\/#primaryimage","url":"https:\/\/houkutteleva.fi\/wp-content\/uploads\/Sumute-nestemaissi.jpg","contentUrl":"https:\/\/houkutteleva.fi\/wp-content\/uploads\/Sumute-nestemaissi.jpg","width":848,"height":1000,"caption":"Flytande spray majs"},{"@type":"BreadcrumbList","@id":"https:\/\/houkutteleva.fi\/sv\/tuote\/flytande-spray-majs-50-ml\/#breadcrumb","itemListElement":[{"@type":"ListItem","position":1,"name":"Etusivu","item":"https:\/\/houkutteleva.fi\/sv\/"},{"@type":"ListItem","position":2,"name":"Butik","item":"https:\/\/houkutteleva.fi\/sv\/butik\/"},{"@type":"ListItem","position":3,"name":"Flytande spray majs 50 ml."}]},{"@type":"WebSite","@id":"https:\/\/houkutteleva.fi\/sv\/#website","url":"https:\/\/houkutteleva.fi\/sv\/","name":"Houkutteleva","description":"Mets\u00e4stys ja luontomatkailu Suomessa","potentialAction":[{"@type":"SearchAction","target":{"@type":"EntryPoint","urlTemplate":"https:\/\/houkutteleva.fi\/sv\/?s={search_term_string}"},"query-input":{"@type":"PropertyValueSpecification","valueRequired":true,"valueName":"search_term_string"}}],"inLanguage":"sv-SE"}]}},"_links":{"self":[{"href":"https:\/\/houkutteleva.fi\/sv\/wp-json\/wp\/v2\/product\/309","targetHints":{"allow":["GET"]}}],"collection":[{"href":"https:\/\/houkutteleva.fi\/sv\/wp-json\/wp\/v2\/product"}],"about":[{"href":"https:\/\/houkutteleva.fi\/sv\/wp-json\/wp\/v2\/types\/product"}],"wp:featuredmedia":[{"embeddable":true,"href":"https:\/\/houkutteleva.fi\/sv\/wp-json\/wp\/v2\/media\/305"}],"wp:attachment":[{"href":"https:\/\/houkutteleva.fi\/sv\/wp-json\/wp\/v2\/media?parent=309"}],"wp:term":[{"taxonomy":"product_brand","embeddable":true,"href":"https:\/\/houkutteleva.fi\/sv\/wp-json\/wp\/v2\/product_brand?post=309"},{"taxonomy":"product_cat","embeddable":true,"href":"https:\/\/houkutteleva.fi\/sv\/wp-json\/wp\/v2\/product_cat?post=309"},{"taxonomy":"product_tag","embeddable":true,"href":"https:\/\/houkutteleva.fi\/sv\/wp-json\/wp\/v2\/product_tag?post=309"}],"curies":[{"name":"wp","href":"https:\/\/api.w.org\/{rel}","templated":true}]}}