{"id":308,"date":"2024-05-07T19:05:56","date_gmt":"2024-05-07T16:05:56","guid":{"rendered":"https:\/\/houkutteleva.fi\/tuote\/bortstotande-virdin-fear-500-ml\/"},"modified":"2024-05-22T11:34:26","modified_gmt":"2024-05-22T08:34:26","slug":"bortstotande-virdin-fear-500-ml","status":"publish","type":"product","link":"https:\/\/houkutteleva.fi\/sv\/tuote\/bortstotande-virdin-fear-500-ml\/","title":{"rendered":"Bortst\u00f6tande varg lukt, 500 ml."},"content":{"rendered":"<p>&#8221;Fear of the Boar&#8221; Lukten st\u00f6ter bort vilda djur fr\u00e5n g\u00e5rdar med lukten av en varg. 500 ml.<\/p>\n<p>Har gr\u00f6dor p\u00e5 din tr\u00e4dg\u00e5rd eller \u00e5ker skadats av r\u00e5djur, \u00e4lg, vildsvin eller andra vilda djur?<br \/>S\u00e5dden kommer snart och du t\u00e4nker fortfarande p\u00e5 fjol\u00e5rets sk\u00f6rdeskador orsakade av vilda djur. Ljudavst\u00f6tande medel, f\u00e5gelskr\u00e4mmor och m\u00e5nga andra avst\u00f6tande medel som producerar olika konstiga ljud eller r\u00f6relser p\u00e5verkar vilda djur tillf\u00e4lligt. Djur v\u00e4njer sig vid dem och \u00e4r inte l\u00e4ngre r\u00e4dda, s\u00e5 din gr\u00f6nsakstr\u00e4dg\u00e5rd och andra gr\u00f6dor forts\u00e4tter att f\u00f6rst\u00f6ras. Du beh\u00f6ver ett verktyg som faktiskt fungerar!<\/p>\n<p>&#8221;Fear of the Boar&#8221; \u00e4r vargdoftande och f\u00e5r instinktivt panik f\u00f6r vildsvin och andra vilda djur. Det \u00e4r ett unikt \u00e4mne som djur inte v\u00e4njer sig vid. R\u00e4dslan f\u00f6r vargen p\u00e5verkar naturligtvis djuren.<br \/><a>Fear of the Boar<\/a> kan skydda dina gr\u00f6dor och andra v\u00e4xter fr\u00e5n skador p\u00e5 vilda djur med upp till 85 %. Endast 500 ml av detta skydd beh\u00f6vs f\u00f6r en radie p\u00e5 3 km, n\u00e4r produkten sprayas med 2-3 sprayer var 10:e meter.<\/p>\n<p>Bruksanvisning: Spraya med hj\u00e4lp av en sprayflaska ca 1,5 ml p\u00e5 ett st\u00e4lle (2-3 klick p\u00e5 pumpen) var 10:e meter i den nys\u00e5dda jorden. I alla andra fall (t.ex. n\u00e4r gr\u00f6dan blir gr\u00f6n) rekommenderas att man anv\u00e4nder hj\u00e4lppinnar. Knyt tygremsor till dem p\u00e5 en h\u00f6jd av ca 80 cm. Spraya ca 1,5 ml av produkten p\u00e5 varje remsa. Fear of the Boar sl\u00e5r in efter 7-9 timmar. Sprayning b\u00f6r upprepas f\u00f6r b\u00e4sta resultat efter kraftigt regn eller efter 8-10 dagar.<\/p>\n<p>Milj\u00f6effekter: produkten skadar inte vattendrag och kan anv\u00e4ndas i skyddade vattenomr\u00e5den.<br \/>Produkten \u00e4r ofarlig f\u00f6r vattenlevande v\u00e4xter och djur samt husdjur.<br \/>Produkten \u00e4r inte giftig. Det \u00e4r inte ett sj\u00e4lvant\u00e4ndande eller explosivt material.<br \/>Fear of the Boar \u00e4r en 100 % biologiskt nedbrytbar produkt och \u00e4r ett avvisande medel som kan skydda dina gr\u00f6dor och andra v\u00e4xter fr\u00e5n upp till 85 % av vilda skador.<br \/>Fear of the Boar repellent f\u00f6r gr\u00f6dor \u00e4r en 100 % biologiskt nedbrytbar produkt, vilket g\u00f6r det till en milj\u00f6v\u00e4nlig l\u00f6sning f\u00f6r att skydda gr\u00f6dor fr\u00e5n skador p\u00e5 vilda djur. S\u00e5 l\u00e5t inte vilda djur f\u00f6rst\u00f6ra dina sk\u00f6rdar &#8211; prova Wildboar Crop Repellent idag! Fear of the Boar \u00e4r en 100 % biologiskt nedbrytbar produkt.<\/p>\n","protected":false},"excerpt":{"rendered":"<p>&#8221;Fear of the Boar&#8221; Lukten st\u00f6ter bort vilda djur fr\u00e5n g\u00e5rdar med lukten av en varg. 500 ml.<\/p>\n","protected":false},"featured_media":294,"template":"","meta":{"_et_pb_use_builder":"","_et_pb_old_content":"","_et_gb_content_width":""},"product_brand":[],"product_cat":[37],"product_tag":[38],"class_list":{"0":"post-308","1":"product","2":"type-product","3":"status-publish","4":"has-post-thumbnail","6":"product_cat-lockbete","7":"product_tag-jaktbeten","8":"product_shipping_class-matkahuolto-sv","10":"first","11":"instock","12":"taxable","13":"shipping-taxable","14":"purchasable","15":"product-type-simple"},"yoast_head":"<!-- This site is optimized with the Yoast SEO plugin v26.6 - https:\/\/yoast.com\/wordpress\/plugins\/seo\/ -->\n<title>Bortst\u00f6tande varg lukt, 500 ml. - Houkutteleva<\/title>\n<meta name=\"robots\" content=\"index, follow, max-snippet:-1, max-image-preview:large, max-video-preview:-1\" \/>\n<link rel=\"canonical\" href=\"https:\/\/houkutteleva.fi\/sv\/tuote\/bortstotande-virdin-fear-500-ml\/\" \/>\n<meta property=\"og:locale\" content=\"sv_SE\" \/>\n<meta property=\"og:type\" content=\"article\" \/>\n<meta property=\"og:title\" content=\"Bortst\u00f6tande varg lukt, 500 ml. - Houkutteleva\" \/>\n<meta property=\"og:description\" content=\"&quot;Fear of the Boar&quot; Lukten st\u00f6ter bort vilda djur fr\u00e5n g\u00e5rdar med lukten av en varg. 500 ml.\" \/>\n<meta property=\"og:url\" content=\"https:\/\/houkutteleva.fi\/sv\/tuote\/bortstotande-virdin-fear-500-ml\/\" \/>\n<meta property=\"og:site_name\" content=\"Houkutteleva\" \/>\n<meta property=\"article:modified_time\" content=\"2024-05-22T08:34:26+00:00\" \/>\n<meta property=\"og:image\" content=\"https:\/\/houkutteleva.fi\/wp-content\/uploads\/0145-Karkote-virdin-pelko.jpg\" \/>\n\t<meta property=\"og:image:width\" content=\"667\" \/>\n\t<meta property=\"og:image:height\" content=\"1000\" \/>\n\t<meta property=\"og:image:type\" content=\"image\/jpeg\" \/>\n<meta name=\"twitter:card\" content=\"summary_large_image\" \/>\n<meta name=\"twitter:label1\" content=\"Ber\u00e4knad l\u00e4stid\" \/>\n\t<meta name=\"twitter:data1\" content=\"2 minuter\" \/>\n<script type=\"application\/ld+json\" class=\"yoast-schema-graph\">{\"@context\":\"https:\/\/schema.org\",\"@graph\":[{\"@type\":\"WebPage\",\"@id\":\"https:\/\/houkutteleva.fi\/sv\/tuote\/bortstotande-virdin-fear-500-ml\/\",\"url\":\"https:\/\/houkutteleva.fi\/sv\/tuote\/bortstotande-virdin-fear-500-ml\/\",\"name\":\"Bortst\u00f6tande varg lukt, 500 ml. - Houkutteleva\",\"isPartOf\":{\"@id\":\"https:\/\/houkutteleva.fi\/sv\/#website\"},\"primaryImageOfPage\":{\"@id\":\"https:\/\/houkutteleva.fi\/sv\/tuote\/bortstotande-virdin-fear-500-ml\/#primaryimage\"},\"image\":{\"@id\":\"https:\/\/houkutteleva.fi\/sv\/tuote\/bortstotande-virdin-fear-500-ml\/#primaryimage\"},\"thumbnailUrl\":\"https:\/\/houkutteleva.fi\/wp-content\/uploads\/0145-Karkote-virdin-pelko.jpg\",\"datePublished\":\"2024-05-07T16:05:56+00:00\",\"dateModified\":\"2024-05-22T08:34:26+00:00\",\"breadcrumb\":{\"@id\":\"https:\/\/houkutteleva.fi\/sv\/tuote\/bortstotande-virdin-fear-500-ml\/#breadcrumb\"},\"inLanguage\":\"sv-SE\",\"potentialAction\":[{\"@type\":\"ReadAction\",\"target\":[\"https:\/\/houkutteleva.fi\/sv\/tuote\/bortstotande-virdin-fear-500-ml\/\"]}]},{\"@type\":\"ImageObject\",\"inLanguage\":\"sv-SE\",\"@id\":\"https:\/\/houkutteleva.fi\/sv\/tuote\/bortstotande-virdin-fear-500-ml\/#primaryimage\",\"url\":\"https:\/\/houkutteleva.fi\/wp-content\/uploads\/0145-Karkote-virdin-pelko.jpg\",\"contentUrl\":\"https:\/\/houkutteleva.fi\/wp-content\/uploads\/0145-Karkote-virdin-pelko.jpg\",\"width\":667,\"height\":1000,\"caption\":\"0145 Motst\u00f6tande virdin\"},{\"@type\":\"BreadcrumbList\",\"@id\":\"https:\/\/houkutteleva.fi\/sv\/tuote\/bortstotande-virdin-fear-500-ml\/#breadcrumb\",\"itemListElement\":[{\"@type\":\"ListItem\",\"position\":1,\"name\":\"Etusivu\",\"item\":\"https:\/\/houkutteleva.fi\/sv\/\"},{\"@type\":\"ListItem\",\"position\":2,\"name\":\"Butik\",\"item\":\"https:\/\/houkutteleva.fi\/sv\/butik\/\"},{\"@type\":\"ListItem\",\"position\":3,\"name\":\"Bortst\u00f6tande varg lukt, 500 ml.\"}]},{\"@type\":\"WebSite\",\"@id\":\"https:\/\/houkutteleva.fi\/sv\/#website\",\"url\":\"https:\/\/houkutteleva.fi\/sv\/\",\"name\":\"Houkutteleva\",\"description\":\"Mets\u00e4stys ja luontomatkailu Suomessa\",\"potentialAction\":[{\"@type\":\"SearchAction\",\"target\":{\"@type\":\"EntryPoint\",\"urlTemplate\":\"https:\/\/houkutteleva.fi\/sv\/?s={search_term_string}\"},\"query-input\":{\"@type\":\"PropertyValueSpecification\",\"valueRequired\":true,\"valueName\":\"search_term_string\"}}],\"inLanguage\":\"sv-SE\"}]}<\/script>\n<!-- \/ Yoast SEO plugin. -->","yoast_head_json":{"title":"Bortst\u00f6tande varg lukt, 500 ml. - Houkutteleva","robots":{"index":"index","follow":"follow","max-snippet":"max-snippet:-1","max-image-preview":"max-image-preview:large","max-video-preview":"max-video-preview:-1"},"canonical":"https:\/\/houkutteleva.fi\/sv\/tuote\/bortstotande-virdin-fear-500-ml\/","og_locale":"sv_SE","og_type":"article","og_title":"Bortst\u00f6tande varg lukt, 500 ml. - Houkutteleva","og_description":"\"Fear of the Boar\" Lukten st\u00f6ter bort vilda djur fr\u00e5n g\u00e5rdar med lukten av en varg. 500 ml.","og_url":"https:\/\/houkutteleva.fi\/sv\/tuote\/bortstotande-virdin-fear-500-ml\/","og_site_name":"Houkutteleva","article_modified_time":"2024-05-22T08:34:26+00:00","og_image":[{"width":667,"height":1000,"url":"https:\/\/houkutteleva.fi\/wp-content\/uploads\/0145-Karkote-virdin-pelko.jpg","type":"image\/jpeg"}],"twitter_card":"summary_large_image","twitter_misc":{"Ber\u00e4knad l\u00e4stid":"2 minuter"},"schema":{"@context":"https:\/\/schema.org","@graph":[{"@type":"WebPage","@id":"https:\/\/houkutteleva.fi\/sv\/tuote\/bortstotande-virdin-fear-500-ml\/","url":"https:\/\/houkutteleva.fi\/sv\/tuote\/bortstotande-virdin-fear-500-ml\/","name":"Bortst\u00f6tande varg lukt, 500 ml. - Houkutteleva","isPartOf":{"@id":"https:\/\/houkutteleva.fi\/sv\/#website"},"primaryImageOfPage":{"@id":"https:\/\/houkutteleva.fi\/sv\/tuote\/bortstotande-virdin-fear-500-ml\/#primaryimage"},"image":{"@id":"https:\/\/houkutteleva.fi\/sv\/tuote\/bortstotande-virdin-fear-500-ml\/#primaryimage"},"thumbnailUrl":"https:\/\/houkutteleva.fi\/wp-content\/uploads\/0145-Karkote-virdin-pelko.jpg","datePublished":"2024-05-07T16:05:56+00:00","dateModified":"2024-05-22T08:34:26+00:00","breadcrumb":{"@id":"https:\/\/houkutteleva.fi\/sv\/tuote\/bortstotande-virdin-fear-500-ml\/#breadcrumb"},"inLanguage":"sv-SE","potentialAction":[{"@type":"ReadAction","target":["https:\/\/houkutteleva.fi\/sv\/tuote\/bortstotande-virdin-fear-500-ml\/"]}]},{"@type":"ImageObject","inLanguage":"sv-SE","@id":"https:\/\/houkutteleva.fi\/sv\/tuote\/bortstotande-virdin-fear-500-ml\/#primaryimage","url":"https:\/\/houkutteleva.fi\/wp-content\/uploads\/0145-Karkote-virdin-pelko.jpg","contentUrl":"https:\/\/houkutteleva.fi\/wp-content\/uploads\/0145-Karkote-virdin-pelko.jpg","width":667,"height":1000,"caption":"0145 Motst\u00f6tande virdin"},{"@type":"BreadcrumbList","@id":"https:\/\/houkutteleva.fi\/sv\/tuote\/bortstotande-virdin-fear-500-ml\/#breadcrumb","itemListElement":[{"@type":"ListItem","position":1,"name":"Etusivu","item":"https:\/\/houkutteleva.fi\/sv\/"},{"@type":"ListItem","position":2,"name":"Butik","item":"https:\/\/houkutteleva.fi\/sv\/butik\/"},{"@type":"ListItem","position":3,"name":"Bortst\u00f6tande varg lukt, 500 ml."}]},{"@type":"WebSite","@id":"https:\/\/houkutteleva.fi\/sv\/#website","url":"https:\/\/houkutteleva.fi\/sv\/","name":"Houkutteleva","description":"Mets\u00e4stys ja luontomatkailu Suomessa","potentialAction":[{"@type":"SearchAction","target":{"@type":"EntryPoint","urlTemplate":"https:\/\/houkutteleva.fi\/sv\/?s={search_term_string}"},"query-input":{"@type":"PropertyValueSpecification","valueRequired":true,"valueName":"search_term_string"}}],"inLanguage":"sv-SE"}]}},"_links":{"self":[{"href":"https:\/\/houkutteleva.fi\/sv\/wp-json\/wp\/v2\/product\/308","targetHints":{"allow":["GET"]}}],"collection":[{"href":"https:\/\/houkutteleva.fi\/sv\/wp-json\/wp\/v2\/product"}],"about":[{"href":"https:\/\/houkutteleva.fi\/sv\/wp-json\/wp\/v2\/types\/product"}],"wp:featuredmedia":[{"embeddable":true,"href":"https:\/\/houkutteleva.fi\/sv\/wp-json\/wp\/v2\/media\/294"}],"wp:attachment":[{"href":"https:\/\/houkutteleva.fi\/sv\/wp-json\/wp\/v2\/media?parent=308"}],"wp:term":[{"taxonomy":"product_brand","embeddable":true,"href":"https:\/\/houkutteleva.fi\/sv\/wp-json\/wp\/v2\/product_brand?post=308"},{"taxonomy":"product_cat","embeddable":true,"href":"https:\/\/houkutteleva.fi\/sv\/wp-json\/wp\/v2\/product_cat?post=308"},{"taxonomy":"product_tag","embeddable":true,"href":"https:\/\/houkutteleva.fi\/sv\/wp-json\/wp\/v2\/product_tag?post=308"}],"curies":[{"name":"wp","href":"https:\/\/api.w.org\/{rel}","templated":true}]}}