{"id":307,"date":"2024-05-07T19:17:59","date_gmt":"2024-05-07T16:17:59","guid":{"rendered":"https:\/\/houkutteleva.fi\/tuote\/viliotins-attraktionstjara-tallharts-500-g-1-kg\/"},"modified":"2024-05-07T19:17:59","modified_gmt":"2024-05-07T16:17:59","slug":"viliotins-attraktionstjara-tallharts-500-g-1-kg","status":"publish","type":"product","link":"https:\/\/houkutteleva.fi\/sv\/tuote\/viliotins-attraktionstjara-tallharts-500-g-1-kg\/","title":{"rendered":"Viliotin&#8217;s attraktionstj\u00e4ra. Tallharts, 500 g\/1 kg"},"content":{"rendered":"<p>Denna starkt doftande flytande tj\u00e4r \u00e4r planerad f\u00f6r att locka vildsvin p\u00e5 l\u00e5ngt h\u00e5ll.<br \/>Den \u00e4r gjord p\u00e5 en bas av harts. Lukten av k\u00e5da \u00e5r inkodad i galtarnas genetik. Vildsvin \u00e4r genetiskt medvetna om hartsets p\u00e4lsdesinficerande, s\u00e5rl\u00e4kande, luktavvisande och myggavvisande effekter.<br \/>Anv\u00e4ndning: Applicera p\u00e5 en tr\u00e4dstam, stubbe eller t.ex. en snygg fodertr\u00e5g.<\/p>\n<p>Denna doft lockar mest vildsvin.<\/p>\n<p><strong>Sammans\u00e4ttning: hartsbaserad tj\u00e4rliknande massa<\/strong><\/p>\n","protected":false},"excerpt":{"rendered":"<p>Denna starkt doftande flytande tj\u00e4r \u00e4r planerad f\u00f6r att locka vildsvin p\u00e5 l\u00e5ngt h\u00e5ll.<\/p>\n","protected":false},"featured_media":296,"template":"","meta":{"_et_pb_use_builder":"","_et_pb_old_content":"","_et_gb_content_width":""},"product_brand":[],"product_cat":[37],"product_tag":[38],"class_list":{"0":"post-307","1":"product","2":"type-product","3":"status-publish","4":"has-post-thumbnail","6":"product_cat-lockbete","7":"product_tag-jaktbeten","8":"product_shipping_class-matkahuolto-sv","10":"first","11":"instock","12":"taxable","13":"shipping-taxable","14":"purchasable","15":"product-type-simple"},"yoast_head":"<!-- This site is optimized with the Yoast SEO plugin v26.6 - https:\/\/yoast.com\/wordpress\/plugins\/seo\/ -->\n<title>Viliotin&#039;s attraktionstj\u00e4ra. Tallharts, 500 g\/1 kg - Houkutteleva<\/title>\n<meta name=\"robots\" content=\"index, follow, max-snippet:-1, max-image-preview:large, max-video-preview:-1\" \/>\n<link rel=\"canonical\" href=\"https:\/\/houkutteleva.fi\/sv\/tuote\/viliotins-attraktionstjara-tallharts-500-g-1-kg\/\" \/>\n<meta property=\"og:locale\" content=\"sv_SE\" \/>\n<meta property=\"og:type\" content=\"article\" \/>\n<meta property=\"og:title\" content=\"Viliotin&#039;s attraktionstj\u00e4ra. Tallharts, 500 g\/1 kg - Houkutteleva\" \/>\n<meta property=\"og:description\" content=\"Denna starkt doftande flytande tj\u00e4r \u00e4r planerad f\u00f6r att locka vildsvin p\u00e5 l\u00e5ngt h\u00e5ll.\" \/>\n<meta property=\"og:url\" content=\"https:\/\/houkutteleva.fi\/sv\/tuote\/viliotins-attraktionstjara-tallharts-500-g-1-kg\/\" \/>\n<meta property=\"og:site_name\" content=\"Houkutteleva\" \/>\n<meta property=\"og:image\" content=\"https:\/\/houkutteleva.fi\/wp-content\/uploads\/0299-viliontis-houkutusterva.jpg\" \/>\n\t<meta property=\"og:image:width\" content=\"667\" \/>\n\t<meta property=\"og:image:height\" content=\"1000\" \/>\n\t<meta property=\"og:image:type\" content=\"image\/jpeg\" \/>\n<meta name=\"twitter:card\" content=\"summary_large_image\" \/>\n<script type=\"application\/ld+json\" class=\"yoast-schema-graph\">{\"@context\":\"https:\/\/schema.org\",\"@graph\":[{\"@type\":\"WebPage\",\"@id\":\"https:\/\/houkutteleva.fi\/sv\/tuote\/viliotins-attraktionstjara-tallharts-500-g-1-kg\/\",\"url\":\"https:\/\/houkutteleva.fi\/sv\/tuote\/viliotins-attraktionstjara-tallharts-500-g-1-kg\/\",\"name\":\"Viliotin's attraktionstj\u00e4ra. Tallharts, 500 g\/1 kg - Houkutteleva\",\"isPartOf\":{\"@id\":\"https:\/\/houkutteleva.fi\/sv\/#website\"},\"primaryImageOfPage\":{\"@id\":\"https:\/\/houkutteleva.fi\/sv\/tuote\/viliotins-attraktionstjara-tallharts-500-g-1-kg\/#primaryimage\"},\"image\":{\"@id\":\"https:\/\/houkutteleva.fi\/sv\/tuote\/viliotins-attraktionstjara-tallharts-500-g-1-kg\/#primaryimage\"},\"thumbnailUrl\":\"https:\/\/houkutteleva.fi\/wp-content\/uploads\/0299-viliontis-houkutusterva.jpg\",\"datePublished\":\"2024-05-07T16:17:59+00:00\",\"breadcrumb\":{\"@id\":\"https:\/\/houkutteleva.fi\/sv\/tuote\/viliotins-attraktionstjara-tallharts-500-g-1-kg\/#breadcrumb\"},\"inLanguage\":\"sv-SE\",\"potentialAction\":[{\"@type\":\"ReadAction\",\"target\":[\"https:\/\/houkutteleva.fi\/sv\/tuote\/viliotins-attraktionstjara-tallharts-500-g-1-kg\/\"]}]},{\"@type\":\"ImageObject\",\"inLanguage\":\"sv-SE\",\"@id\":\"https:\/\/houkutteleva.fi\/sv\/tuote\/viliotins-attraktionstjara-tallharts-500-g-1-kg\/#primaryimage\",\"url\":\"https:\/\/houkutteleva.fi\/wp-content\/uploads\/0299-viliontis-houkutusterva.jpg\",\"contentUrl\":\"https:\/\/houkutteleva.fi\/wp-content\/uploads\/0299-viliontis-houkutusterva.jpg\",\"width\":667,\"height\":1000,\"caption\":\"0299-viliontis-attraktionstj\u00e4ra\"},{\"@type\":\"BreadcrumbList\",\"@id\":\"https:\/\/houkutteleva.fi\/sv\/tuote\/viliotins-attraktionstjara-tallharts-500-g-1-kg\/#breadcrumb\",\"itemListElement\":[{\"@type\":\"ListItem\",\"position\":1,\"name\":\"Etusivu\",\"item\":\"https:\/\/houkutteleva.fi\/sv\/\"},{\"@type\":\"ListItem\",\"position\":2,\"name\":\"Butik\",\"item\":\"https:\/\/houkutteleva.fi\/sv\/butik\/\"},{\"@type\":\"ListItem\",\"position\":3,\"name\":\"Viliotin&#8217;s attraktionstj\u00e4ra. Tallharts, 500 g\/1 kg\"}]},{\"@type\":\"WebSite\",\"@id\":\"https:\/\/houkutteleva.fi\/sv\/#website\",\"url\":\"https:\/\/houkutteleva.fi\/sv\/\",\"name\":\"Houkutteleva\",\"description\":\"Mets\u00e4stys ja luontomatkailu Suomessa\",\"potentialAction\":[{\"@type\":\"SearchAction\",\"target\":{\"@type\":\"EntryPoint\",\"urlTemplate\":\"https:\/\/houkutteleva.fi\/sv\/?s={search_term_string}\"},\"query-input\":{\"@type\":\"PropertyValueSpecification\",\"valueRequired\":true,\"valueName\":\"search_term_string\"}}],\"inLanguage\":\"sv-SE\"}]}<\/script>\n<!-- \/ Yoast SEO plugin. -->","yoast_head_json":{"title":"Viliotin's attraktionstj\u00e4ra. Tallharts, 500 g\/1 kg - Houkutteleva","robots":{"index":"index","follow":"follow","max-snippet":"max-snippet:-1","max-image-preview":"max-image-preview:large","max-video-preview":"max-video-preview:-1"},"canonical":"https:\/\/houkutteleva.fi\/sv\/tuote\/viliotins-attraktionstjara-tallharts-500-g-1-kg\/","og_locale":"sv_SE","og_type":"article","og_title":"Viliotin's attraktionstj\u00e4ra. Tallharts, 500 g\/1 kg - Houkutteleva","og_description":"Denna starkt doftande flytande tj\u00e4r \u00e4r planerad f\u00f6r att locka vildsvin p\u00e5 l\u00e5ngt h\u00e5ll.","og_url":"https:\/\/houkutteleva.fi\/sv\/tuote\/viliotins-attraktionstjara-tallharts-500-g-1-kg\/","og_site_name":"Houkutteleva","og_image":[{"width":667,"height":1000,"url":"https:\/\/houkutteleva.fi\/wp-content\/uploads\/0299-viliontis-houkutusterva.jpg","type":"image\/jpeg"}],"twitter_card":"summary_large_image","schema":{"@context":"https:\/\/schema.org","@graph":[{"@type":"WebPage","@id":"https:\/\/houkutteleva.fi\/sv\/tuote\/viliotins-attraktionstjara-tallharts-500-g-1-kg\/","url":"https:\/\/houkutteleva.fi\/sv\/tuote\/viliotins-attraktionstjara-tallharts-500-g-1-kg\/","name":"Viliotin's attraktionstj\u00e4ra. Tallharts, 500 g\/1 kg - Houkutteleva","isPartOf":{"@id":"https:\/\/houkutteleva.fi\/sv\/#website"},"primaryImageOfPage":{"@id":"https:\/\/houkutteleva.fi\/sv\/tuote\/viliotins-attraktionstjara-tallharts-500-g-1-kg\/#primaryimage"},"image":{"@id":"https:\/\/houkutteleva.fi\/sv\/tuote\/viliotins-attraktionstjara-tallharts-500-g-1-kg\/#primaryimage"},"thumbnailUrl":"https:\/\/houkutteleva.fi\/wp-content\/uploads\/0299-viliontis-houkutusterva.jpg","datePublished":"2024-05-07T16:17:59+00:00","breadcrumb":{"@id":"https:\/\/houkutteleva.fi\/sv\/tuote\/viliotins-attraktionstjara-tallharts-500-g-1-kg\/#breadcrumb"},"inLanguage":"sv-SE","potentialAction":[{"@type":"ReadAction","target":["https:\/\/houkutteleva.fi\/sv\/tuote\/viliotins-attraktionstjara-tallharts-500-g-1-kg\/"]}]},{"@type":"ImageObject","inLanguage":"sv-SE","@id":"https:\/\/houkutteleva.fi\/sv\/tuote\/viliotins-attraktionstjara-tallharts-500-g-1-kg\/#primaryimage","url":"https:\/\/houkutteleva.fi\/wp-content\/uploads\/0299-viliontis-houkutusterva.jpg","contentUrl":"https:\/\/houkutteleva.fi\/wp-content\/uploads\/0299-viliontis-houkutusterva.jpg","width":667,"height":1000,"caption":"0299-viliontis-attraktionstj\u00e4ra"},{"@type":"BreadcrumbList","@id":"https:\/\/houkutteleva.fi\/sv\/tuote\/viliotins-attraktionstjara-tallharts-500-g-1-kg\/#breadcrumb","itemListElement":[{"@type":"ListItem","position":1,"name":"Etusivu","item":"https:\/\/houkutteleva.fi\/sv\/"},{"@type":"ListItem","position":2,"name":"Butik","item":"https:\/\/houkutteleva.fi\/sv\/butik\/"},{"@type":"ListItem","position":3,"name":"Viliotin&#8217;s attraktionstj\u00e4ra. Tallharts, 500 g\/1 kg"}]},{"@type":"WebSite","@id":"https:\/\/houkutteleva.fi\/sv\/#website","url":"https:\/\/houkutteleva.fi\/sv\/","name":"Houkutteleva","description":"Mets\u00e4stys ja luontomatkailu Suomessa","potentialAction":[{"@type":"SearchAction","target":{"@type":"EntryPoint","urlTemplate":"https:\/\/houkutteleva.fi\/sv\/?s={search_term_string}"},"query-input":{"@type":"PropertyValueSpecification","valueRequired":true,"valueName":"search_term_string"}}],"inLanguage":"sv-SE"}]}},"_links":{"self":[{"href":"https:\/\/houkutteleva.fi\/sv\/wp-json\/wp\/v2\/product\/307","targetHints":{"allow":["GET"]}}],"collection":[{"href":"https:\/\/houkutteleva.fi\/sv\/wp-json\/wp\/v2\/product"}],"about":[{"href":"https:\/\/houkutteleva.fi\/sv\/wp-json\/wp\/v2\/types\/product"}],"wp:featuredmedia":[{"embeddable":true,"href":"https:\/\/houkutteleva.fi\/sv\/wp-json\/wp\/v2\/media\/296"}],"wp:attachment":[{"href":"https:\/\/houkutteleva.fi\/sv\/wp-json\/wp\/v2\/media?parent=307"}],"wp:term":[{"taxonomy":"product_brand","embeddable":true,"href":"https:\/\/houkutteleva.fi\/sv\/wp-json\/wp\/v2\/product_brand?post=307"},{"taxonomy":"product_cat","embeddable":true,"href":"https:\/\/houkutteleva.fi\/sv\/wp-json\/wp\/v2\/product_cat?post=307"},{"taxonomy":"product_tag","embeddable":true,"href":"https:\/\/houkutteleva.fi\/sv\/wp-json\/wp\/v2\/product_tag?post=307"}],"curies":[{"name":"wp","href":"https:\/\/api.w.org\/{rel}","templated":true}]}}