{"id":1568,"date":"2026-02-07T12:42:01","date_gmt":"2026-02-07T10:42:01","guid":{"rendered":"https:\/\/houkutteleva.fi\/?post_type=product&#038;p=1568"},"modified":"2026-02-07T12:46:50","modified_gmt":"2026-02-07T10:46:50","slug":"nebo-slyde-king-2k-black-line-i-ladattava-kasivalaisin","status":"publish","type":"product","link":"https:\/\/houkutteleva.fi\/sv\/tuote\/nebo-slyde-king-2k-black-line-i-ladattava-kasivalaisin\/","title":{"rendered":"NEBO, Slyde King 2K &#8211; Black line I Ladattava k\u00e4sivalaisin"},"content":{"rendered":"<p data-start=\"41\" data-end=\"415\"><strong data-start=\"41\" data-end=\"74\">NEBO SLYDE KING 2K Black Line<\/strong>\u00a0on ladattava, vedenpit\u00e4v\u00e4 (IPX7) ja eritt\u00e4in monipuolinen valaisin, jossa on 2 000 lumenin taskulamppu 4x zoomilla sek\u00e4 500 lumenin C\u2022O\u2022B -ty\u00f6valo. Jokainen valotila on himmennett\u00e4viss\u00e4, ja laitteessa on ohjelmoitava muistitoiminto. Ergonominen kumipinnoitettu kahva ja tehokas magneettipohja lis\u00e4\u00e4v\u00e4t k\u00e4ytt\u00f6mukavuutta ja monipuolisuutta.<\/p>\n<p data-start=\"417\" data-end=\"668\"><strong data-start=\"417\" data-end=\"436\">NEBO Black Line<\/strong>\u00a0on valikoima korkealaatuisia ammattik\u00e4ytt\u00f6\u00f6n suunnattuja valaisimia, jotka on poimittu laajemmasta tuotekatalogistamme. Jokaisessa on tyylik\u00e4s mattamusta viimeistely ja minimaalinen br\u00e4nd\u00e4ys \u2013 t\u00e4ydellinen r\u00e4\u00e4t\u00e4l\u00f6ityyn merkint\u00e4\u00e4n.<\/p>\n<p data-start=\"417\" data-end=\"668\">Esille liutettava ty\u00f6valo on loistava valo, joka antaa valoa ymp\u00e4rilleen, esim. kaadon yhteydess\u00e4&#8230;<\/p>\n<p data-start=\"417\" data-end=\"668\">6 VALOTILAA Taskulamppu (2000 lumenia): 2 h \/ 409 mC\u2022O\u2022B ty\u00f6valo (500 lumenia): 4 h \/ 34 m Punainen C\u2022O\u2022B jatkuva (40 lumenia): 6 h \/ 9 m Punainen C\u2022O\u2022B vilkku (40 lumenia): 6 h \/ 9 m K\u00c4YTT\u00d6 Sivulla sijaitseva taustavalaistu painike, jossa virran merkkivalo TARVIKKEETUSB-A\u2013USB-C-latauskaapeli Rannehihna<\/p>\n<p data-start=\"417\" data-end=\"668\">\n","protected":false},"excerpt":{"rendered":"<p>NEBO SLYDE KING 2K Black Line\u00a0on ladattava, vedenpit\u00e4v\u00e4 (IPX7) ja eritt\u00e4in monipuolinen valaisin, jossa on 2 000 lumenin taskulamppu 4x zoomilla sek\u00e4 500 lumenin C\u2022O\u2022B -ty\u00f6valo. Jokainen valotila on himmennett\u00e4viss\u00e4, ja laitteessa on ohjelmoitava muistitoiminto. Ergonominen kumipinnoitettu kahva ja tehokas magneettipohja lis\u00e4\u00e4v\u00e4t k\u00e4ytt\u00f6mukavuutta ja monipuolisuutta. NEBO Black Line\u00a0on valikoima korkealaatuisia ammattik\u00e4ytt\u00f6\u00f6n suunnattuja valaisimia, jotka on [&hellip;]<\/p>\n","protected":false},"featured_media":1569,"template":"","meta":{"_et_pb_use_builder":"","_et_pb_old_content":"","_et_gb_content_width":""},"product_brand":[],"product_cat":[50],"product_tag":[100],"class_list":{"0":"post-1568","1":"product","2":"type-product","3":"status-publish","4":"has-post-thumbnail","6":"product_cat-tuotteet-metsastajalle","7":"product_tag-2k-kasivalaisin","9":"first","10":"instock","11":"taxable","12":"shipping-taxable","13":"purchasable","14":"product-type-simple"},"yoast_head":"<!-- This site is optimized with the Yoast SEO plugin v26.6 - https:\/\/yoast.com\/wordpress\/plugins\/seo\/ -->\n<title>NEBO, Slyde King 2K - Black line I Ladattava k\u00e4sivalaisin - Houkutteleva<\/title>\n<meta name=\"description\" content=\"6 VALOTILAA Taskulamppu (2000 lumenia): 2 h \/ 409 mC\u2022O\u2022B ty\u00f6valo (500 lumenia): 4 h \/ 34 m Punainen C\u2022O\u2022B jatkuva (40 lumenia): 6 h \/ 9 m Punainen C\u2022O\u2022B vilkku (40 lumenia): 6 h \/ 9 m K\u00c4YTT\u00d6 Sivulla sijaitseva taustavalaistu painike, jossa virran merkkivalo TARVIKKEETUSB-A\u2013USB-C-latauskaapeli Rannehihna\" \/>\n<meta name=\"robots\" content=\"index, follow, max-snippet:-1, max-image-preview:large, max-video-preview:-1\" \/>\n<link rel=\"canonical\" href=\"https:\/\/houkutteleva.fi\/sv\/tuote\/nebo-slyde-king-2k-black-line-i-ladattava-kasivalaisin\/\" \/>\n<meta property=\"og:locale\" content=\"sv_SE\" \/>\n<meta property=\"og:type\" content=\"article\" \/>\n<meta property=\"og:title\" content=\"NEBO, Slyde King 2K - Black line I Ladattava k\u00e4sivalaisin - Houkutteleva\" \/>\n<meta property=\"og:description\" content=\"6 VALOTILAA Taskulamppu (2000 lumenia): 2 h \/ 409 mC\u2022O\u2022B ty\u00f6valo (500 lumenia): 4 h \/ 34 m Punainen C\u2022O\u2022B jatkuva (40 lumenia): 6 h \/ 9 m Punainen C\u2022O\u2022B vilkku (40 lumenia): 6 h \/ 9 m K\u00c4YTT\u00d6 Sivulla sijaitseva taustavalaistu painike, jossa virran merkkivalo TARVIKKEETUSB-A\u2013USB-C-latauskaapeli Rannehihna\" \/>\n<meta property=\"og:url\" content=\"https:\/\/houkutteleva.fi\/sv\/tuote\/nebo-slyde-king-2k-black-line-i-ladattava-kasivalaisin\/\" \/>\n<meta property=\"og:site_name\" content=\"Houkutteleva\" \/>\n<meta property=\"article:modified_time\" content=\"2026-02-07T10:46:50+00:00\" \/>\n<meta property=\"og:image\" content=\"https:\/\/houkutteleva.fi\/wp-content\/uploads\/2K-valaisin_pienennetty.jpg\" \/>\n\t<meta property=\"og:image:width\" content=\"640\" \/>\n\t<meta property=\"og:image:height\" content=\"480\" \/>\n\t<meta property=\"og:image:type\" content=\"image\/jpeg\" \/>\n<meta name=\"twitter:card\" content=\"summary_large_image\" \/>\n<meta name=\"twitter:label1\" content=\"Ber\u00e4knad l\u00e4stid\" \/>\n\t<meta name=\"twitter:data1\" content=\"1 minut\" \/>\n<script type=\"application\/ld+json\" class=\"yoast-schema-graph\">{\"@context\":\"https:\/\/schema.org\",\"@graph\":[{\"@type\":\"WebPage\",\"@id\":\"https:\/\/houkutteleva.fi\/sv\/tuote\/nebo-slyde-king-2k-black-line-i-ladattava-kasivalaisin\/\",\"url\":\"https:\/\/houkutteleva.fi\/sv\/tuote\/nebo-slyde-king-2k-black-line-i-ladattava-kasivalaisin\/\",\"name\":\"NEBO, Slyde King 2K - Black line I Ladattava k\u00e4sivalaisin - Houkutteleva\",\"isPartOf\":{\"@id\":\"https:\/\/houkutteleva.fi\/sv\/#website\"},\"primaryImageOfPage\":{\"@id\":\"https:\/\/houkutteleva.fi\/sv\/tuote\/nebo-slyde-king-2k-black-line-i-ladattava-kasivalaisin\/#primaryimage\"},\"image\":{\"@id\":\"https:\/\/houkutteleva.fi\/sv\/tuote\/nebo-slyde-king-2k-black-line-i-ladattava-kasivalaisin\/#primaryimage\"},\"thumbnailUrl\":\"https:\/\/houkutteleva.fi\/wp-content\/uploads\/2K-valaisin_pienennetty.jpg\",\"datePublished\":\"2026-02-07T10:42:01+00:00\",\"dateModified\":\"2026-02-07T10:46:50+00:00\",\"description\":\"6 VALOTILAA Taskulamppu (2000 lumenia): 2 h \/ 409 mC\u2022O\u2022B ty\u00f6valo (500 lumenia): 4 h \/ 34 m Punainen C\u2022O\u2022B jatkuva (40 lumenia): 6 h \/ 9 m Punainen C\u2022O\u2022B vilkku (40 lumenia): 6 h \/ 9 m K\u00c4YTT\u00d6 Sivulla sijaitseva taustavalaistu painike, jossa virran merkkivalo TARVIKKEETUSB-A\u2013USB-C-latauskaapeli Rannehihna\",\"breadcrumb\":{\"@id\":\"https:\/\/houkutteleva.fi\/sv\/tuote\/nebo-slyde-king-2k-black-line-i-ladattava-kasivalaisin\/#breadcrumb\"},\"inLanguage\":\"sv-SE\",\"potentialAction\":[{\"@type\":\"ReadAction\",\"target\":[\"https:\/\/houkutteleva.fi\/sv\/tuote\/nebo-slyde-king-2k-black-line-i-ladattava-kasivalaisin\/\"]}]},{\"@type\":\"ImageObject\",\"inLanguage\":\"sv-SE\",\"@id\":\"https:\/\/houkutteleva.fi\/sv\/tuote\/nebo-slyde-king-2k-black-line-i-ladattava-kasivalaisin\/#primaryimage\",\"url\":\"https:\/\/houkutteleva.fi\/wp-content\/uploads\/2K-valaisin_pienennetty.jpg\",\"contentUrl\":\"https:\/\/houkutteleva.fi\/wp-content\/uploads\/2K-valaisin_pienennetty.jpg\",\"width\":640,\"height\":480},{\"@type\":\"BreadcrumbList\",\"@id\":\"https:\/\/houkutteleva.fi\/sv\/tuote\/nebo-slyde-king-2k-black-line-i-ladattava-kasivalaisin\/#breadcrumb\",\"itemListElement\":[{\"@type\":\"ListItem\",\"position\":1,\"name\":\"Etusivu\",\"item\":\"https:\/\/houkutteleva.fi\/sv\/\"},{\"@type\":\"ListItem\",\"position\":2,\"name\":\"Butik\",\"item\":\"https:\/\/houkutteleva.fi\/sv\/butik\/\"},{\"@type\":\"ListItem\",\"position\":3,\"name\":\"NEBO, Slyde King 2K &#8211; Black line I Ladattava k\u00e4sivalaisin\"}]},{\"@type\":\"WebSite\",\"@id\":\"https:\/\/houkutteleva.fi\/sv\/#website\",\"url\":\"https:\/\/houkutteleva.fi\/sv\/\",\"name\":\"Houkutteleva\",\"description\":\"Mets\u00e4stys ja luontomatkailu Suomessa\",\"potentialAction\":[{\"@type\":\"SearchAction\",\"target\":{\"@type\":\"EntryPoint\",\"urlTemplate\":\"https:\/\/houkutteleva.fi\/sv\/?s={search_term_string}\"},\"query-input\":{\"@type\":\"PropertyValueSpecification\",\"valueRequired\":true,\"valueName\":\"search_term_string\"}}],\"inLanguage\":\"sv-SE\"}]}<\/script>\n<!-- \/ Yoast SEO plugin. -->","yoast_head_json":{"title":"NEBO, Slyde King 2K - Black line I Ladattava k\u00e4sivalaisin - Houkutteleva","description":"6 VALOTILAA Taskulamppu (2000 lumenia): 2 h \/ 409 mC\u2022O\u2022B ty\u00f6valo (500 lumenia): 4 h \/ 34 m Punainen C\u2022O\u2022B jatkuva (40 lumenia): 6 h \/ 9 m Punainen C\u2022O\u2022B vilkku (40 lumenia): 6 h \/ 9 m K\u00c4YTT\u00d6 Sivulla sijaitseva taustavalaistu painike, jossa virran merkkivalo TARVIKKEETUSB-A\u2013USB-C-latauskaapeli Rannehihna","robots":{"index":"index","follow":"follow","max-snippet":"max-snippet:-1","max-image-preview":"max-image-preview:large","max-video-preview":"max-video-preview:-1"},"canonical":"https:\/\/houkutteleva.fi\/sv\/tuote\/nebo-slyde-king-2k-black-line-i-ladattava-kasivalaisin\/","og_locale":"sv_SE","og_type":"article","og_title":"NEBO, Slyde King 2K - Black line I Ladattava k\u00e4sivalaisin - Houkutteleva","og_description":"6 VALOTILAA Taskulamppu (2000 lumenia): 2 h \/ 409 mC\u2022O\u2022B ty\u00f6valo (500 lumenia): 4 h \/ 34 m Punainen C\u2022O\u2022B jatkuva (40 lumenia): 6 h \/ 9 m Punainen C\u2022O\u2022B vilkku (40 lumenia): 6 h \/ 9 m K\u00c4YTT\u00d6 Sivulla sijaitseva taustavalaistu painike, jossa virran merkkivalo TARVIKKEETUSB-A\u2013USB-C-latauskaapeli Rannehihna","og_url":"https:\/\/houkutteleva.fi\/sv\/tuote\/nebo-slyde-king-2k-black-line-i-ladattava-kasivalaisin\/","og_site_name":"Houkutteleva","article_modified_time":"2026-02-07T10:46:50+00:00","og_image":[{"width":640,"height":480,"url":"https:\/\/houkutteleva.fi\/wp-content\/uploads\/2K-valaisin_pienennetty.jpg","type":"image\/jpeg"}],"twitter_card":"summary_large_image","twitter_misc":{"Ber\u00e4knad l\u00e4stid":"1 minut"},"schema":{"@context":"https:\/\/schema.org","@graph":[{"@type":"WebPage","@id":"https:\/\/houkutteleva.fi\/sv\/tuote\/nebo-slyde-king-2k-black-line-i-ladattava-kasivalaisin\/","url":"https:\/\/houkutteleva.fi\/sv\/tuote\/nebo-slyde-king-2k-black-line-i-ladattava-kasivalaisin\/","name":"NEBO, Slyde King 2K - Black line I Ladattava k\u00e4sivalaisin - Houkutteleva","isPartOf":{"@id":"https:\/\/houkutteleva.fi\/sv\/#website"},"primaryImageOfPage":{"@id":"https:\/\/houkutteleva.fi\/sv\/tuote\/nebo-slyde-king-2k-black-line-i-ladattava-kasivalaisin\/#primaryimage"},"image":{"@id":"https:\/\/houkutteleva.fi\/sv\/tuote\/nebo-slyde-king-2k-black-line-i-ladattava-kasivalaisin\/#primaryimage"},"thumbnailUrl":"https:\/\/houkutteleva.fi\/wp-content\/uploads\/2K-valaisin_pienennetty.jpg","datePublished":"2026-02-07T10:42:01+00:00","dateModified":"2026-02-07T10:46:50+00:00","description":"6 VALOTILAA Taskulamppu (2000 lumenia): 2 h \/ 409 mC\u2022O\u2022B ty\u00f6valo (500 lumenia): 4 h \/ 34 m Punainen C\u2022O\u2022B jatkuva (40 lumenia): 6 h \/ 9 m Punainen C\u2022O\u2022B vilkku (40 lumenia): 6 h \/ 9 m K\u00c4YTT\u00d6 Sivulla sijaitseva taustavalaistu painike, jossa virran merkkivalo TARVIKKEETUSB-A\u2013USB-C-latauskaapeli Rannehihna","breadcrumb":{"@id":"https:\/\/houkutteleva.fi\/sv\/tuote\/nebo-slyde-king-2k-black-line-i-ladattava-kasivalaisin\/#breadcrumb"},"inLanguage":"sv-SE","potentialAction":[{"@type":"ReadAction","target":["https:\/\/houkutteleva.fi\/sv\/tuote\/nebo-slyde-king-2k-black-line-i-ladattava-kasivalaisin\/"]}]},{"@type":"ImageObject","inLanguage":"sv-SE","@id":"https:\/\/houkutteleva.fi\/sv\/tuote\/nebo-slyde-king-2k-black-line-i-ladattava-kasivalaisin\/#primaryimage","url":"https:\/\/houkutteleva.fi\/wp-content\/uploads\/2K-valaisin_pienennetty.jpg","contentUrl":"https:\/\/houkutteleva.fi\/wp-content\/uploads\/2K-valaisin_pienennetty.jpg","width":640,"height":480},{"@type":"BreadcrumbList","@id":"https:\/\/houkutteleva.fi\/sv\/tuote\/nebo-slyde-king-2k-black-line-i-ladattava-kasivalaisin\/#breadcrumb","itemListElement":[{"@type":"ListItem","position":1,"name":"Etusivu","item":"https:\/\/houkutteleva.fi\/sv\/"},{"@type":"ListItem","position":2,"name":"Butik","item":"https:\/\/houkutteleva.fi\/sv\/butik\/"},{"@type":"ListItem","position":3,"name":"NEBO, Slyde King 2K &#8211; Black line I Ladattava k\u00e4sivalaisin"}]},{"@type":"WebSite","@id":"https:\/\/houkutteleva.fi\/sv\/#website","url":"https:\/\/houkutteleva.fi\/sv\/","name":"Houkutteleva","description":"Mets\u00e4stys ja luontomatkailu Suomessa","potentialAction":[{"@type":"SearchAction","target":{"@type":"EntryPoint","urlTemplate":"https:\/\/houkutteleva.fi\/sv\/?s={search_term_string}"},"query-input":{"@type":"PropertyValueSpecification","valueRequired":true,"valueName":"search_term_string"}}],"inLanguage":"sv-SE"}]}},"_links":{"self":[{"href":"https:\/\/houkutteleva.fi\/sv\/wp-json\/wp\/v2\/product\/1568","targetHints":{"allow":["GET"]}}],"collection":[{"href":"https:\/\/houkutteleva.fi\/sv\/wp-json\/wp\/v2\/product"}],"about":[{"href":"https:\/\/houkutteleva.fi\/sv\/wp-json\/wp\/v2\/types\/product"}],"wp:featuredmedia":[{"embeddable":true,"href":"https:\/\/houkutteleva.fi\/sv\/wp-json\/wp\/v2\/media\/1569"}],"wp:attachment":[{"href":"https:\/\/houkutteleva.fi\/sv\/wp-json\/wp\/v2\/media?parent=1568"}],"wp:term":[{"taxonomy":"product_brand","embeddable":true,"href":"https:\/\/houkutteleva.fi\/sv\/wp-json\/wp\/v2\/product_brand?post=1568"},{"taxonomy":"product_cat","embeddable":true,"href":"https:\/\/houkutteleva.fi\/sv\/wp-json\/wp\/v2\/product_cat?post=1568"},{"taxonomy":"product_tag","embeddable":true,"href":"https:\/\/houkutteleva.fi\/sv\/wp-json\/wp\/v2\/product_tag?post=1568"}],"curies":[{"name":"wp","href":"https:\/\/api.w.org\/{rel}","templated":true}]}}