{"id":1566,"date":"2026-02-07T12:35:19","date_gmt":"2026-02-07T10:35:19","guid":{"rendered":"https:\/\/houkutteleva.fi\/?post_type=product&#038;p=1566"},"modified":"2026-02-07T12:47:48","modified_gmt":"2026-02-07T10:47:48","slug":"nebo-mycro-500-plus-ladattava-otsavalaisin-musta","status":"publish","type":"product","link":"https:\/\/houkutteleva.fi\/sv\/tuote\/nebo-mycro-500-plus-ladattava-otsavalaisin-musta\/","title":{"rendered":"NEBO, Mycro 500 Plus ladattava otsavalaisin &#8211; Musta"},"content":{"rendered":"<p>NEBO on innovatiivinen br\u00e4ndi, joka erikoistuu taskulamppuihin, monitoimity\u00f6kaluihin ja valaisimiin. Yritys on tunnettu huippuluokan LED-teknologiastaan ja k\u00e4yt\u00e4nn\u00f6llisist\u00e4 suunnitteluistaan, jotka vastaavat kuluttajien monipuolisiin tarpeisiin. NEBO valmistaa kest\u00e4vi\u00e4 ja k\u00e4ytt\u00e4j\u00e4yst\u00e4v\u00e4llisi\u00e4 tuotteita, jotka soveltuvat niin ulkoiluun, mets\u00e4stykseen, retkeilyyn kuin arkip\u00e4iv\u00e4n tarpeisiinkin. Br\u00e4ndi panostaa suorituskykyyn, tyylikk\u00e4\u00e4seen muotoiluun ja monipuoliseen toiminnallisuuteen tarjotakseen asiakkailleen luotettavia valaisuratkaisuja eri tilanteisiin.<\/p>\n<p>Kaksi erikirkkautta valkoisella valolla ja punainen valo, joka ei h\u00e4ik\u00e4ise!<\/p>\n<p>MYCRO 500+ on kompaktin kokoinen, ladattava otsa- ja lippisvalaisin, joka tarjoaa jopa 500 lumenin valotehon. Spot- ja flood-tilojen yhdistelm\u00e4 tekee siit\u00e4 monipuolisen valaisimen niin tarkkaan kohdevalaistukseen kuin laajemmalle alueelle. S\u00e4\u00e4dett\u00e4v\u00e4 kallistus mahdollistaa valokeilan suuntaamisen juuri sinne, miss\u00e4 sit\u00e4 tarvitset. Black Line -mallisto sis\u00e4lt\u00e4\u00e4 valikoituja NEBO-valaisimia, jotka erottuvat hillityll\u00e4 mattamustalla viimeistelyll\u00e4 ja minimalistisella br\u00e4nd\u00e4yksell\u00e4 \u2013 erinomainen vaihtoehto my\u00f6s personointiin.<\/p>\n<p>ValotilatSPOTTurbo (500 lm): 30 s jaksoissa \/ 90 mHigh (200 lm): 1 h \/ 60 mMedium (100 lm): 2 h \/ 42 mLow (30 lm): 3 h \/ 23 mFLOODCOB High (200 lm): 25 min \/ 24 mCOB Low (50 lm): 1 h \/ 11 mCOB Red (25 lm): 35 min \/ 8 m<\/p>\n","protected":false},"excerpt":{"rendered":"<p>NEBO on innovatiivinen br\u00e4ndi, joka erikoistuu taskulamppuihin, monitoimity\u00f6kaluihin ja valaisimiin. Yritys on tunnettu huippuluokan LED-teknologiastaan ja k\u00e4yt\u00e4nn\u00f6llisist\u00e4 suunnitteluistaan, jotka vastaavat kuluttajien monipuolisiin tarpeisiin. NEBO valmistaa kest\u00e4vi\u00e4 ja k\u00e4ytt\u00e4j\u00e4yst\u00e4v\u00e4llisi\u00e4 tuotteita, jotka soveltuvat niin ulkoiluun, mets\u00e4stykseen, retkeilyyn kuin arkip\u00e4iv\u00e4n tarpeisiinkin. Br\u00e4ndi panostaa suorituskykyyn, tyylikk\u00e4\u00e4seen muotoiluun ja monipuoliseen toiminnallisuuteen tarjotakseen asiakkailleen luotettavia valaisuratkaisuja eri tilanteisiin. Kaksi erikirkkautta valkoisella [&hellip;]<\/p>\n","protected":false},"featured_media":1567,"template":"","meta":{"_et_pb_use_builder":"","_et_pb_old_content":"","_et_gb_content_width":""},"product_brand":[],"product_cat":[50],"product_tag":[99],"class_list":{"0":"post-1566","1":"product","2":"type-product","3":"status-publish","4":"has-post-thumbnail","6":"product_cat-tuotteet-metsastajalle","7":"product_tag-otsavalo","9":"first","10":"instock","11":"taxable","12":"shipping-taxable","13":"purchasable","14":"product-type-simple"},"yoast_head":"<!-- This site is optimized with the Yoast SEO plugin v26.6 - https:\/\/yoast.com\/wordpress\/plugins\/seo\/ -->\n<title>NEBO, Mycro 500 Plus ladattava otsavalaisin - Musta - Houkutteleva<\/title>\n<meta name=\"description\" content=\"MYCRO 500+ on kompaktin kokoinen, ladattava otsa- ja lippisvalaisin, joka tarjoaa jopa 500 lumenin valotehon. Spot- ja flood-tilojen yhdistelm\u00e4 tekee siit\u00e4 monipuolisen valaisimen niin tarkkaan kohdevalaistukseen kuin laajemmalle alueelle. S\u00e4\u00e4dett\u00e4v\u00e4 kallistus mahdollistaa valokeilan suuntaamisen juuri sinne, miss\u00e4 sit\u00e4 tarvitset. Black Line -mallisto sis\u00e4lt\u00e4\u00e4 valikoituja NEBO-valaisimia, jotka erottuvat hillityll\u00e4 mattamustalla viimeistelyll\u00e4 ja minimalistisella br\u00e4nd\u00e4yksell\u00e4 \u2013 erinomainen vaihtoehto my\u00f6s personointiin. ValotilatSPOTTurbo (500 lm): 30 s jaksoissa \/ 90 mHigh (200 lm): 1 h \/ 60 mMedium (100 lm): 2 h \/ 42 mLow (30 lm): 3 h \/ 23 mFLOODCOB High (200 lm): 25 min \/ 24 mCOB Low (50 lm): 1 h \/ 11 mCOB Red (25 lm): 35 min \/ 8 m\" \/>\n<meta name=\"robots\" content=\"index, follow, max-snippet:-1, max-image-preview:large, max-video-preview:-1\" \/>\n<link rel=\"canonical\" href=\"https:\/\/houkutteleva.fi\/sv\/tuote\/nebo-mycro-500-plus-ladattava-otsavalaisin-musta\/\" \/>\n<meta property=\"og:locale\" content=\"sv_SE\" \/>\n<meta property=\"og:type\" content=\"article\" \/>\n<meta property=\"og:title\" content=\"NEBO, Mycro 500 Plus ladattava otsavalaisin - Musta - Houkutteleva\" \/>\n<meta property=\"og:description\" content=\"MYCRO 500+ on kompaktin kokoinen, ladattava otsa- ja lippisvalaisin, joka tarjoaa jopa 500 lumenin valotehon. Spot- ja flood-tilojen yhdistelm\u00e4 tekee siit\u00e4 monipuolisen valaisimen niin tarkkaan kohdevalaistukseen kuin laajemmalle alueelle. S\u00e4\u00e4dett\u00e4v\u00e4 kallistus mahdollistaa valokeilan suuntaamisen juuri sinne, miss\u00e4 sit\u00e4 tarvitset. Black Line -mallisto sis\u00e4lt\u00e4\u00e4 valikoituja NEBO-valaisimia, jotka erottuvat hillityll\u00e4 mattamustalla viimeistelyll\u00e4 ja minimalistisella br\u00e4nd\u00e4yksell\u00e4 \u2013 erinomainen vaihtoehto my\u00f6s personointiin. ValotilatSPOTTurbo (500 lm): 30 s jaksoissa \/ 90 mHigh (200 lm): 1 h \/ 60 mMedium (100 lm): 2 h \/ 42 mLow (30 lm): 3 h \/ 23 mFLOODCOB High (200 lm): 25 min \/ 24 mCOB Low (50 lm): 1 h \/ 11 mCOB Red (25 lm): 35 min \/ 8 m\" \/>\n<meta property=\"og:url\" content=\"https:\/\/houkutteleva.fi\/sv\/tuote\/nebo-mycro-500-plus-ladattava-otsavalaisin-musta\/\" \/>\n<meta property=\"og:site_name\" content=\"Houkutteleva\" \/>\n<meta property=\"article:modified_time\" content=\"2026-02-07T10:47:48+00:00\" \/>\n<meta property=\"og:image\" content=\"https:\/\/houkutteleva.fi\/wp-content\/uploads\/Otsavalo_pienennetty.jpg\" \/>\n\t<meta property=\"og:image:width\" content=\"640\" \/>\n\t<meta property=\"og:image:height\" content=\"480\" \/>\n\t<meta property=\"og:image:type\" content=\"image\/jpeg\" \/>\n<meta name=\"twitter:card\" content=\"summary_large_image\" \/>\n<meta name=\"twitter:label1\" content=\"Ber\u00e4knad l\u00e4stid\" \/>\n\t<meta name=\"twitter:data1\" content=\"2 minuter\" \/>\n<script type=\"application\/ld+json\" class=\"yoast-schema-graph\">{\"@context\":\"https:\/\/schema.org\",\"@graph\":[{\"@type\":\"WebPage\",\"@id\":\"https:\/\/houkutteleva.fi\/sv\/tuote\/nebo-mycro-500-plus-ladattava-otsavalaisin-musta\/\",\"url\":\"https:\/\/houkutteleva.fi\/sv\/tuote\/nebo-mycro-500-plus-ladattava-otsavalaisin-musta\/\",\"name\":\"NEBO, Mycro 500 Plus ladattava otsavalaisin - Musta - Houkutteleva\",\"isPartOf\":{\"@id\":\"https:\/\/houkutteleva.fi\/sv\/#website\"},\"primaryImageOfPage\":{\"@id\":\"https:\/\/houkutteleva.fi\/sv\/tuote\/nebo-mycro-500-plus-ladattava-otsavalaisin-musta\/#primaryimage\"},\"image\":{\"@id\":\"https:\/\/houkutteleva.fi\/sv\/tuote\/nebo-mycro-500-plus-ladattava-otsavalaisin-musta\/#primaryimage\"},\"thumbnailUrl\":\"https:\/\/houkutteleva.fi\/wp-content\/uploads\/Otsavalo_pienennetty.jpg\",\"datePublished\":\"2026-02-07T10:35:19+00:00\",\"dateModified\":\"2026-02-07T10:47:48+00:00\",\"description\":\"MYCRO 500+ on kompaktin kokoinen, ladattava otsa- ja lippisvalaisin, joka tarjoaa jopa 500 lumenin valotehon. Spot- ja flood-tilojen yhdistelm\u00e4 tekee siit\u00e4 monipuolisen valaisimen niin tarkkaan kohdevalaistukseen kuin laajemmalle alueelle. S\u00e4\u00e4dett\u00e4v\u00e4 kallistus mahdollistaa valokeilan suuntaamisen juuri sinne, miss\u00e4 sit\u00e4 tarvitset. Black Line -mallisto sis\u00e4lt\u00e4\u00e4 valikoituja NEBO-valaisimia, jotka erottuvat hillityll\u00e4 mattamustalla viimeistelyll\u00e4 ja minimalistisella br\u00e4nd\u00e4yksell\u00e4 \u2013 erinomainen vaihtoehto my\u00f6s personointiin. ValotilatSPOTTurbo (500 lm): 30 s jaksoissa \/ 90 mHigh (200 lm): 1 h \/ 60 mMedium (100 lm): 2 h \/ 42 mLow (30 lm): 3 h \/ 23 mFLOODCOB High (200 lm): 25 min \/ 24 mCOB Low (50 lm): 1 h \/ 11 mCOB Red (25 lm): 35 min \/ 8 m\",\"breadcrumb\":{\"@id\":\"https:\/\/houkutteleva.fi\/sv\/tuote\/nebo-mycro-500-plus-ladattava-otsavalaisin-musta\/#breadcrumb\"},\"inLanguage\":\"sv-SE\",\"potentialAction\":[{\"@type\":\"ReadAction\",\"target\":[\"https:\/\/houkutteleva.fi\/sv\/tuote\/nebo-mycro-500-plus-ladattava-otsavalaisin-musta\/\"]}]},{\"@type\":\"ImageObject\",\"inLanguage\":\"sv-SE\",\"@id\":\"https:\/\/houkutteleva.fi\/sv\/tuote\/nebo-mycro-500-plus-ladattava-otsavalaisin-musta\/#primaryimage\",\"url\":\"https:\/\/houkutteleva.fi\/wp-content\/uploads\/Otsavalo_pienennetty.jpg\",\"contentUrl\":\"https:\/\/houkutteleva.fi\/wp-content\/uploads\/Otsavalo_pienennetty.jpg\",\"width\":640,\"height\":480},{\"@type\":\"BreadcrumbList\",\"@id\":\"https:\/\/houkutteleva.fi\/sv\/tuote\/nebo-mycro-500-plus-ladattava-otsavalaisin-musta\/#breadcrumb\",\"itemListElement\":[{\"@type\":\"ListItem\",\"position\":1,\"name\":\"Etusivu\",\"item\":\"https:\/\/houkutteleva.fi\/sv\/\"},{\"@type\":\"ListItem\",\"position\":2,\"name\":\"Butik\",\"item\":\"https:\/\/houkutteleva.fi\/sv\/butik\/\"},{\"@type\":\"ListItem\",\"position\":3,\"name\":\"NEBO, Mycro 500 Plus ladattava otsavalaisin &#8211; Musta\"}]},{\"@type\":\"WebSite\",\"@id\":\"https:\/\/houkutteleva.fi\/sv\/#website\",\"url\":\"https:\/\/houkutteleva.fi\/sv\/\",\"name\":\"Houkutteleva\",\"description\":\"Mets\u00e4stys ja luontomatkailu Suomessa\",\"potentialAction\":[{\"@type\":\"SearchAction\",\"target\":{\"@type\":\"EntryPoint\",\"urlTemplate\":\"https:\/\/houkutteleva.fi\/sv\/?s={search_term_string}\"},\"query-input\":{\"@type\":\"PropertyValueSpecification\",\"valueRequired\":true,\"valueName\":\"search_term_string\"}}],\"inLanguage\":\"sv-SE\"}]}<\/script>\n<!-- \/ Yoast SEO plugin. -->","yoast_head_json":{"title":"NEBO, Mycro 500 Plus ladattava otsavalaisin - Musta - Houkutteleva","description":"MYCRO 500+ on kompaktin kokoinen, ladattava otsa- ja lippisvalaisin, joka tarjoaa jopa 500 lumenin valotehon. Spot- ja flood-tilojen yhdistelm\u00e4 tekee siit\u00e4 monipuolisen valaisimen niin tarkkaan kohdevalaistukseen kuin laajemmalle alueelle. S\u00e4\u00e4dett\u00e4v\u00e4 kallistus mahdollistaa valokeilan suuntaamisen juuri sinne, miss\u00e4 sit\u00e4 tarvitset. Black Line -mallisto sis\u00e4lt\u00e4\u00e4 valikoituja NEBO-valaisimia, jotka erottuvat hillityll\u00e4 mattamustalla viimeistelyll\u00e4 ja minimalistisella br\u00e4nd\u00e4yksell\u00e4 \u2013 erinomainen vaihtoehto my\u00f6s personointiin. ValotilatSPOTTurbo (500 lm): 30 s jaksoissa \/ 90 mHigh (200 lm): 1 h \/ 60 mMedium (100 lm): 2 h \/ 42 mLow (30 lm): 3 h \/ 23 mFLOODCOB High (200 lm): 25 min \/ 24 mCOB Low (50 lm): 1 h \/ 11 mCOB Red (25 lm): 35 min \/ 8 m","robots":{"index":"index","follow":"follow","max-snippet":"max-snippet:-1","max-image-preview":"max-image-preview:large","max-video-preview":"max-video-preview:-1"},"canonical":"https:\/\/houkutteleva.fi\/sv\/tuote\/nebo-mycro-500-plus-ladattava-otsavalaisin-musta\/","og_locale":"sv_SE","og_type":"article","og_title":"NEBO, Mycro 500 Plus ladattava otsavalaisin - Musta - Houkutteleva","og_description":"MYCRO 500+ on kompaktin kokoinen, ladattava otsa- ja lippisvalaisin, joka tarjoaa jopa 500 lumenin valotehon. Spot- ja flood-tilojen yhdistelm\u00e4 tekee siit\u00e4 monipuolisen valaisimen niin tarkkaan kohdevalaistukseen kuin laajemmalle alueelle. S\u00e4\u00e4dett\u00e4v\u00e4 kallistus mahdollistaa valokeilan suuntaamisen juuri sinne, miss\u00e4 sit\u00e4 tarvitset. Black Line -mallisto sis\u00e4lt\u00e4\u00e4 valikoituja NEBO-valaisimia, jotka erottuvat hillityll\u00e4 mattamustalla viimeistelyll\u00e4 ja minimalistisella br\u00e4nd\u00e4yksell\u00e4 \u2013 erinomainen vaihtoehto my\u00f6s personointiin. ValotilatSPOTTurbo (500 lm): 30 s jaksoissa \/ 90 mHigh (200 lm): 1 h \/ 60 mMedium (100 lm): 2 h \/ 42 mLow (30 lm): 3 h \/ 23 mFLOODCOB High (200 lm): 25 min \/ 24 mCOB Low (50 lm): 1 h \/ 11 mCOB Red (25 lm): 35 min \/ 8 m","og_url":"https:\/\/houkutteleva.fi\/sv\/tuote\/nebo-mycro-500-plus-ladattava-otsavalaisin-musta\/","og_site_name":"Houkutteleva","article_modified_time":"2026-02-07T10:47:48+00:00","og_image":[{"width":640,"height":480,"url":"https:\/\/houkutteleva.fi\/wp-content\/uploads\/Otsavalo_pienennetty.jpg","type":"image\/jpeg"}],"twitter_card":"summary_large_image","twitter_misc":{"Ber\u00e4knad l\u00e4stid":"2 minuter"},"schema":{"@context":"https:\/\/schema.org","@graph":[{"@type":"WebPage","@id":"https:\/\/houkutteleva.fi\/sv\/tuote\/nebo-mycro-500-plus-ladattava-otsavalaisin-musta\/","url":"https:\/\/houkutteleva.fi\/sv\/tuote\/nebo-mycro-500-plus-ladattava-otsavalaisin-musta\/","name":"NEBO, Mycro 500 Plus ladattava otsavalaisin - Musta - Houkutteleva","isPartOf":{"@id":"https:\/\/houkutteleva.fi\/sv\/#website"},"primaryImageOfPage":{"@id":"https:\/\/houkutteleva.fi\/sv\/tuote\/nebo-mycro-500-plus-ladattava-otsavalaisin-musta\/#primaryimage"},"image":{"@id":"https:\/\/houkutteleva.fi\/sv\/tuote\/nebo-mycro-500-plus-ladattava-otsavalaisin-musta\/#primaryimage"},"thumbnailUrl":"https:\/\/houkutteleva.fi\/wp-content\/uploads\/Otsavalo_pienennetty.jpg","datePublished":"2026-02-07T10:35:19+00:00","dateModified":"2026-02-07T10:47:48+00:00","description":"MYCRO 500+ on kompaktin kokoinen, ladattava otsa- ja lippisvalaisin, joka tarjoaa jopa 500 lumenin valotehon. Spot- ja flood-tilojen yhdistelm\u00e4 tekee siit\u00e4 monipuolisen valaisimen niin tarkkaan kohdevalaistukseen kuin laajemmalle alueelle. S\u00e4\u00e4dett\u00e4v\u00e4 kallistus mahdollistaa valokeilan suuntaamisen juuri sinne, miss\u00e4 sit\u00e4 tarvitset. Black Line -mallisto sis\u00e4lt\u00e4\u00e4 valikoituja NEBO-valaisimia, jotka erottuvat hillityll\u00e4 mattamustalla viimeistelyll\u00e4 ja minimalistisella br\u00e4nd\u00e4yksell\u00e4 \u2013 erinomainen vaihtoehto my\u00f6s personointiin. ValotilatSPOTTurbo (500 lm): 30 s jaksoissa \/ 90 mHigh (200 lm): 1 h \/ 60 mMedium (100 lm): 2 h \/ 42 mLow (30 lm): 3 h \/ 23 mFLOODCOB High (200 lm): 25 min \/ 24 mCOB Low (50 lm): 1 h \/ 11 mCOB Red (25 lm): 35 min \/ 8 m","breadcrumb":{"@id":"https:\/\/houkutteleva.fi\/sv\/tuote\/nebo-mycro-500-plus-ladattava-otsavalaisin-musta\/#breadcrumb"},"inLanguage":"sv-SE","potentialAction":[{"@type":"ReadAction","target":["https:\/\/houkutteleva.fi\/sv\/tuote\/nebo-mycro-500-plus-ladattava-otsavalaisin-musta\/"]}]},{"@type":"ImageObject","inLanguage":"sv-SE","@id":"https:\/\/houkutteleva.fi\/sv\/tuote\/nebo-mycro-500-plus-ladattava-otsavalaisin-musta\/#primaryimage","url":"https:\/\/houkutteleva.fi\/wp-content\/uploads\/Otsavalo_pienennetty.jpg","contentUrl":"https:\/\/houkutteleva.fi\/wp-content\/uploads\/Otsavalo_pienennetty.jpg","width":640,"height":480},{"@type":"BreadcrumbList","@id":"https:\/\/houkutteleva.fi\/sv\/tuote\/nebo-mycro-500-plus-ladattava-otsavalaisin-musta\/#breadcrumb","itemListElement":[{"@type":"ListItem","position":1,"name":"Etusivu","item":"https:\/\/houkutteleva.fi\/sv\/"},{"@type":"ListItem","position":2,"name":"Butik","item":"https:\/\/houkutteleva.fi\/sv\/butik\/"},{"@type":"ListItem","position":3,"name":"NEBO, Mycro 500 Plus ladattava otsavalaisin &#8211; Musta"}]},{"@type":"WebSite","@id":"https:\/\/houkutteleva.fi\/sv\/#website","url":"https:\/\/houkutteleva.fi\/sv\/","name":"Houkutteleva","description":"Mets\u00e4stys ja luontomatkailu Suomessa","potentialAction":[{"@type":"SearchAction","target":{"@type":"EntryPoint","urlTemplate":"https:\/\/houkutteleva.fi\/sv\/?s={search_term_string}"},"query-input":{"@type":"PropertyValueSpecification","valueRequired":true,"valueName":"search_term_string"}}],"inLanguage":"sv-SE"}]}},"_links":{"self":[{"href":"https:\/\/houkutteleva.fi\/sv\/wp-json\/wp\/v2\/product\/1566","targetHints":{"allow":["GET"]}}],"collection":[{"href":"https:\/\/houkutteleva.fi\/sv\/wp-json\/wp\/v2\/product"}],"about":[{"href":"https:\/\/houkutteleva.fi\/sv\/wp-json\/wp\/v2\/types\/product"}],"wp:featuredmedia":[{"embeddable":true,"href":"https:\/\/houkutteleva.fi\/sv\/wp-json\/wp\/v2\/media\/1567"}],"wp:attachment":[{"href":"https:\/\/houkutteleva.fi\/sv\/wp-json\/wp\/v2\/media?parent=1566"}],"wp:term":[{"taxonomy":"product_brand","embeddable":true,"href":"https:\/\/houkutteleva.fi\/sv\/wp-json\/wp\/v2\/product_brand?post=1566"},{"taxonomy":"product_cat","embeddable":true,"href":"https:\/\/houkutteleva.fi\/sv\/wp-json\/wp\/v2\/product_cat?post=1566"},{"taxonomy":"product_tag","embeddable":true,"href":"https:\/\/houkutteleva.fi\/sv\/wp-json\/wp\/v2\/product_tag?post=1566"}],"curies":[{"name":"wp","href":"https:\/\/api.w.org\/{rel}","templated":true}]}}