{"id":1553,"date":"2026-01-26T12:18:50","date_gmt":"2026-01-26T10:18:50","guid":{"rendered":"https:\/\/houkutteleva.fi\/?post_type=product&#038;p=1553"},"modified":"2026-01-28T12:21:16","modified_gmt":"2026-01-28T10:21:16","slug":"ukkometso-taytetty","status":"publish","type":"product","link":"https:\/\/houkutteleva.fi\/sv\/tuote\/ukkometso-taytetty\/","title":{"rendered":"Ukkometso, t\u00e4ytetty"},"content":{"rendered":"<p><b>Metso<\/b>\u00a0(<i>Tetrao urogallus<\/i>) on Suomen kanalinnuista suurin <a title=\"Mets\u00e4kanat\" href=\"https:\/\/fi.wikipedia.org\/wiki\/Mets%C3%A4kanat\">lintu<\/a>. Suomessa esiintyy kolme&#8221;erilaista&#8221;: pohjolan metso (<i>Tetrao urogallus urogallus<\/i>) Pohjois-Suomessa, karjalanmetso (<i>Tetrao urogallus karelicus<\/i>) Keski-Suomessa ja saksanmetso (<i>Tetrao urogallus major<\/i>) etel\u00e4ss\u00e4. Naaras metsoa kutsutaan &#8221;koppeliksi&#8221;. Vanhaa koirasta kutsutaan usein <i>\u201dukkometsoksi\u201d<\/i>\u00a0tai \u201d<i>homenokaksi<\/i>\u201d.<\/p>\n<p>Koirasmetso on v\u00e4ritykselt\u00e4\u00e4n mustan-, ruskean- ja harmaankirjava. Silm\u00e4n p\u00e4\u00e4ll\u00e4 on punainen \u201dpilkka\u201d ja kainalosta l\u00f6ytyy valkoinen t\u00e4pl\u00e4. Naaras on ruskeankirjava, sen rinta on punertava ja sel\u00e4ss\u00e4 saattaa olla valkeita t\u00e4pli\u00e4. Naarasmetso voidaan usein sekoittaa naarasteereen. Naaraan paino vaihtelee 1,9 kg:sta koiraan paino 4,0 kg, juttujen mukaan jopa 5,0 kilogrammaan saakka.<\/p>\n<p>&nbsp;<\/p>\n","protected":false},"excerpt":{"rendered":"<p>Metso\u00a0(Tetrao urogallus) on Suomen kanalinnuista suurin lintu. Suomessa esiintyy kolme&#8221;erilaista&#8221;: pohjolan metso (Tetrao urogallus urogallus) Pohjois-Suomessa, karjalanmetso (Tetrao urogallus karelicus) Keski-Suomessa ja saksanmetso (Tetrao urogallus major) etel\u00e4ss\u00e4. Naaras metsoa kutsutaan &#8221;koppeliksi&#8221;. Vanhaa koirasta kutsutaan usein \u201dukkometsoksi\u201d\u00a0tai \u201dhomenokaksi\u201d. Koirasmetso on v\u00e4ritykselt\u00e4\u00e4n mustan-, ruskean- ja harmaankirjava. Silm\u00e4n p\u00e4\u00e4ll\u00e4 on punainen \u201dpilkka\u201d ja kainalosta l\u00f6ytyy valkoinen t\u00e4pl\u00e4. Naaras [&hellip;]<\/p>\n","protected":false},"featured_media":1554,"template":"","meta":{"_et_pb_use_builder":"","_et_pb_old_content":"","_et_gb_content_width":""},"product_brand":[],"product_cat":[19],"product_tag":[94,95],"class_list":{"0":"post-1553","1":"product","2":"type-product","3":"status-publish","4":"has-post-thumbnail","6":"product_cat-trofeet","7":"product_tag-metso","8":"product_tag-ukkometso","10":"first","11":"instock","12":"taxable","13":"shipping-taxable","14":"product-type-simple"},"yoast_head":"<!-- This site is optimized with the Yoast SEO plugin v26.6 - https:\/\/yoast.com\/wordpress\/plugins\/seo\/ -->\n<title>Ukkometso, t\u00e4ytetty - Houkutteleva<\/title>\n<meta name=\"description\" content=\"Metso kanalintu\" \/>\n<meta name=\"robots\" content=\"index, follow, max-snippet:-1, max-image-preview:large, max-video-preview:-1\" \/>\n<link rel=\"canonical\" href=\"https:\/\/houkutteleva.fi\/sv\/tuote\/ukkometso-taytetty\/\" \/>\n<meta property=\"og:locale\" content=\"sv_SE\" \/>\n<meta property=\"og:type\" content=\"article\" \/>\n<meta property=\"og:title\" content=\"Ukkometso, t\u00e4ytetty - Houkutteleva\" \/>\n<meta property=\"og:description\" content=\"Metso kanalintu\" \/>\n<meta property=\"og:url\" content=\"https:\/\/houkutteleva.fi\/sv\/tuote\/ukkometso-taytetty\/\" \/>\n<meta property=\"og:site_name\" content=\"Houkutteleva\" \/>\n<meta property=\"article:modified_time\" content=\"2026-01-28T10:21:16+00:00\" \/>\n<meta property=\"og:image\" content=\"https:\/\/houkutteleva.fi\/wp-content\/uploads\/Ukkometso_pienennetty.png\" \/>\n\t<meta property=\"og:image:width\" content=\"433\" \/>\n\t<meta property=\"og:image:height\" content=\"577\" \/>\n\t<meta property=\"og:image:type\" content=\"image\/png\" \/>\n<meta name=\"twitter:card\" content=\"summary_large_image\" \/>\n<meta name=\"twitter:label1\" content=\"Ber\u00e4knad l\u00e4stid\" \/>\n\t<meta name=\"twitter:data1\" content=\"1 minut\" \/>\n<script type=\"application\/ld+json\" class=\"yoast-schema-graph\">{\"@context\":\"https:\/\/schema.org\",\"@graph\":[{\"@type\":\"WebPage\",\"@id\":\"https:\/\/houkutteleva.fi\/sv\/tuote\/ukkometso-taytetty\/\",\"url\":\"https:\/\/houkutteleva.fi\/sv\/tuote\/ukkometso-taytetty\/\",\"name\":\"Ukkometso, t\u00e4ytetty - Houkutteleva\",\"isPartOf\":{\"@id\":\"https:\/\/houkutteleva.fi\/sv\/#website\"},\"primaryImageOfPage\":{\"@id\":\"https:\/\/houkutteleva.fi\/sv\/tuote\/ukkometso-taytetty\/#primaryimage\"},\"image\":{\"@id\":\"https:\/\/houkutteleva.fi\/sv\/tuote\/ukkometso-taytetty\/#primaryimage\"},\"thumbnailUrl\":\"https:\/\/houkutteleva.fi\/wp-content\/uploads\/Ukkometso_pienennetty.png\",\"datePublished\":\"2026-01-26T10:18:50+00:00\",\"dateModified\":\"2026-01-28T10:21:16+00:00\",\"description\":\"Metso kanalintu\",\"breadcrumb\":{\"@id\":\"https:\/\/houkutteleva.fi\/sv\/tuote\/ukkometso-taytetty\/#breadcrumb\"},\"inLanguage\":\"sv-SE\",\"potentialAction\":[{\"@type\":\"ReadAction\",\"target\":[\"https:\/\/houkutteleva.fi\/sv\/tuote\/ukkometso-taytetty\/\"]}]},{\"@type\":\"ImageObject\",\"inLanguage\":\"sv-SE\",\"@id\":\"https:\/\/houkutteleva.fi\/sv\/tuote\/ukkometso-taytetty\/#primaryimage\",\"url\":\"https:\/\/houkutteleva.fi\/wp-content\/uploads\/Ukkometso_pienennetty.png\",\"contentUrl\":\"https:\/\/houkutteleva.fi\/wp-content\/uploads\/Ukkometso_pienennetty.png\",\"width\":433,\"height\":577},{\"@type\":\"BreadcrumbList\",\"@id\":\"https:\/\/houkutteleva.fi\/sv\/tuote\/ukkometso-taytetty\/#breadcrumb\",\"itemListElement\":[{\"@type\":\"ListItem\",\"position\":1,\"name\":\"Etusivu\",\"item\":\"https:\/\/houkutteleva.fi\/sv\/\"},{\"@type\":\"ListItem\",\"position\":2,\"name\":\"Butik\",\"item\":\"https:\/\/houkutteleva.fi\/sv\/butik\/\"},{\"@type\":\"ListItem\",\"position\":3,\"name\":\"Ukkometso, t\u00e4ytetty\"}]},{\"@type\":\"WebSite\",\"@id\":\"https:\/\/houkutteleva.fi\/sv\/#website\",\"url\":\"https:\/\/houkutteleva.fi\/sv\/\",\"name\":\"Houkutteleva\",\"description\":\"Mets\u00e4stys ja luontomatkailu Suomessa\",\"potentialAction\":[{\"@type\":\"SearchAction\",\"target\":{\"@type\":\"EntryPoint\",\"urlTemplate\":\"https:\/\/houkutteleva.fi\/sv\/?s={search_term_string}\"},\"query-input\":{\"@type\":\"PropertyValueSpecification\",\"valueRequired\":true,\"valueName\":\"search_term_string\"}}],\"inLanguage\":\"sv-SE\"}]}<\/script>\n<!-- \/ Yoast SEO plugin. -->","yoast_head_json":{"title":"Ukkometso, t\u00e4ytetty - Houkutteleva","description":"Metso kanalintu","robots":{"index":"index","follow":"follow","max-snippet":"max-snippet:-1","max-image-preview":"max-image-preview:large","max-video-preview":"max-video-preview:-1"},"canonical":"https:\/\/houkutteleva.fi\/sv\/tuote\/ukkometso-taytetty\/","og_locale":"sv_SE","og_type":"article","og_title":"Ukkometso, t\u00e4ytetty - Houkutteleva","og_description":"Metso kanalintu","og_url":"https:\/\/houkutteleva.fi\/sv\/tuote\/ukkometso-taytetty\/","og_site_name":"Houkutteleva","article_modified_time":"2026-01-28T10:21:16+00:00","og_image":[{"width":433,"height":577,"url":"https:\/\/houkutteleva.fi\/wp-content\/uploads\/Ukkometso_pienennetty.png","type":"image\/png"}],"twitter_card":"summary_large_image","twitter_misc":{"Ber\u00e4knad l\u00e4stid":"1 minut"},"schema":{"@context":"https:\/\/schema.org","@graph":[{"@type":"WebPage","@id":"https:\/\/houkutteleva.fi\/sv\/tuote\/ukkometso-taytetty\/","url":"https:\/\/houkutteleva.fi\/sv\/tuote\/ukkometso-taytetty\/","name":"Ukkometso, t\u00e4ytetty - Houkutteleva","isPartOf":{"@id":"https:\/\/houkutteleva.fi\/sv\/#website"},"primaryImageOfPage":{"@id":"https:\/\/houkutteleva.fi\/sv\/tuote\/ukkometso-taytetty\/#primaryimage"},"image":{"@id":"https:\/\/houkutteleva.fi\/sv\/tuote\/ukkometso-taytetty\/#primaryimage"},"thumbnailUrl":"https:\/\/houkutteleva.fi\/wp-content\/uploads\/Ukkometso_pienennetty.png","datePublished":"2026-01-26T10:18:50+00:00","dateModified":"2026-01-28T10:21:16+00:00","description":"Metso kanalintu","breadcrumb":{"@id":"https:\/\/houkutteleva.fi\/sv\/tuote\/ukkometso-taytetty\/#breadcrumb"},"inLanguage":"sv-SE","potentialAction":[{"@type":"ReadAction","target":["https:\/\/houkutteleva.fi\/sv\/tuote\/ukkometso-taytetty\/"]}]},{"@type":"ImageObject","inLanguage":"sv-SE","@id":"https:\/\/houkutteleva.fi\/sv\/tuote\/ukkometso-taytetty\/#primaryimage","url":"https:\/\/houkutteleva.fi\/wp-content\/uploads\/Ukkometso_pienennetty.png","contentUrl":"https:\/\/houkutteleva.fi\/wp-content\/uploads\/Ukkometso_pienennetty.png","width":433,"height":577},{"@type":"BreadcrumbList","@id":"https:\/\/houkutteleva.fi\/sv\/tuote\/ukkometso-taytetty\/#breadcrumb","itemListElement":[{"@type":"ListItem","position":1,"name":"Etusivu","item":"https:\/\/houkutteleva.fi\/sv\/"},{"@type":"ListItem","position":2,"name":"Butik","item":"https:\/\/houkutteleva.fi\/sv\/butik\/"},{"@type":"ListItem","position":3,"name":"Ukkometso, t\u00e4ytetty"}]},{"@type":"WebSite","@id":"https:\/\/houkutteleva.fi\/sv\/#website","url":"https:\/\/houkutteleva.fi\/sv\/","name":"Houkutteleva","description":"Mets\u00e4stys ja luontomatkailu Suomessa","potentialAction":[{"@type":"SearchAction","target":{"@type":"EntryPoint","urlTemplate":"https:\/\/houkutteleva.fi\/sv\/?s={search_term_string}"},"query-input":{"@type":"PropertyValueSpecification","valueRequired":true,"valueName":"search_term_string"}}],"inLanguage":"sv-SE"}]}},"_links":{"self":[{"href":"https:\/\/houkutteleva.fi\/sv\/wp-json\/wp\/v2\/product\/1553","targetHints":{"allow":["GET"]}}],"collection":[{"href":"https:\/\/houkutteleva.fi\/sv\/wp-json\/wp\/v2\/product"}],"about":[{"href":"https:\/\/houkutteleva.fi\/sv\/wp-json\/wp\/v2\/types\/product"}],"wp:featuredmedia":[{"embeddable":true,"href":"https:\/\/houkutteleva.fi\/sv\/wp-json\/wp\/v2\/media\/1554"}],"wp:attachment":[{"href":"https:\/\/houkutteleva.fi\/sv\/wp-json\/wp\/v2\/media?parent=1553"}],"wp:term":[{"taxonomy":"product_brand","embeddable":true,"href":"https:\/\/houkutteleva.fi\/sv\/wp-json\/wp\/v2\/product_brand?post=1553"},{"taxonomy":"product_cat","embeddable":true,"href":"https:\/\/houkutteleva.fi\/sv\/wp-json\/wp\/v2\/product_cat?post=1553"},{"taxonomy":"product_tag","embeddable":true,"href":"https:\/\/houkutteleva.fi\/sv\/wp-json\/wp\/v2\/product_tag?post=1553"}],"curies":[{"name":"wp","href":"https:\/\/api.w.org\/{rel}","templated":true}]}}