{"id":1479,"date":"2025-07-16T23:00:13","date_gmt":"2025-07-16T20:00:13","guid":{"rendered":"https:\/\/houkutteleva.fi\/?post_type=product&#038;p=1479"},"modified":"2025-07-16T23:03:04","modified_gmt":"2025-07-16T20:03:04","slug":"kettupilli-weisskirchen-fox-flute-ranzlaut","status":"publish","type":"product","link":"https:\/\/houkutteleva.fi\/sv\/tuote\/kettupilli-weisskirchen-fox-flute-ranzlaut\/","title":{"rendered":"Kettupilli &#8211; Weisskirchen Fox Flute Ranzlaut"},"content":{"rendered":"<p>Kettupilli j\u00e4ljittelee kiimaisen naarasketun hienoa vinkumista. T\u00e4m\u00e4 antaa sinulle etsiv\u00e4n urosketun hetkess\u00e4. Paras aika kettupilli k\u00e4ytt\u00f6\u00f6n on marraskuusta jouluun sek\u00e4 helmikuun kiima-ajan j\u00e4lkeen. Vain urospuolinen kettu reagoi siihen.<\/p>\n","protected":false},"excerpt":{"rendered":"<p>Kettupilli j\u00e4ljittelee kiimaisen naarasketun hienoa vinkumista. T\u00e4m\u00e4 antaa sinulle etsiv\u00e4n urosketun hetkess\u00e4. Paras aika kettupilli k\u00e4ytt\u00f6\u00f6n on marraskuusta jouluun sek\u00e4 helmikuun kiima-ajan j\u00e4lkeen. Vain urospuolinen kettu reagoi siihen.<\/p>\n","protected":false},"featured_media":1480,"template":"","meta":{"_et_pb_use_builder":"","_et_pb_old_content":"","_et_gb_content_width":""},"product_brand":[],"product_cat":[50],"product_tag":[78],"class_list":{"0":"post-1479","1":"product","2":"type-product","3":"status-publish","4":"has-post-thumbnail","6":"product_cat-tuotteet-metsastajalle","7":"product_tag-kettupilli","9":"first","10":"instock","11":"taxable","12":"shipping-taxable","13":"purchasable","14":"product-type-simple"},"yoast_head":"<!-- This site is optimized with the Yoast SEO plugin v26.6 - https:\/\/yoast.com\/wordpress\/plugins\/seo\/ -->\n<title>Kettupilli - Weisskirchen Fox Flute Ranzlaut - Houkutteleva<\/title>\n<meta name=\"description\" content=\"Kiimaisen naarasketun \u00e4\u00e4nen matkija, Fox flute\" \/>\n<meta name=\"robots\" content=\"index, follow, max-snippet:-1, max-image-preview:large, max-video-preview:-1\" \/>\n<link rel=\"canonical\" href=\"https:\/\/houkutteleva.fi\/sv\/tuote\/kettupilli-weisskirchen-fox-flute-ranzlaut\/\" \/>\n<meta property=\"og:locale\" content=\"sv_SE\" \/>\n<meta property=\"og:type\" content=\"article\" \/>\n<meta property=\"og:title\" content=\"Kettupilli - Weisskirchen Fox Flute Ranzlaut - Houkutteleva\" \/>\n<meta property=\"og:description\" content=\"Kiimaisen naarasketun \u00e4\u00e4nen matkija, Fox flute\" \/>\n<meta property=\"og:url\" content=\"https:\/\/houkutteleva.fi\/sv\/tuote\/kettupilli-weisskirchen-fox-flute-ranzlaut\/\" \/>\n<meta property=\"og:site_name\" content=\"Houkutteleva\" \/>\n<meta property=\"article:modified_time\" content=\"2025-07-16T20:03:04+00:00\" \/>\n<meta property=\"og:image\" content=\"https:\/\/houkutteleva.fi\/wp-content\/uploads\/510520_3_puinen-kettupilli.jpg\" \/>\n\t<meta property=\"og:image:width\" content=\"1800\" \/>\n\t<meta property=\"og:image:height\" content=\"1800\" \/>\n\t<meta property=\"og:image:type\" content=\"image\/jpeg\" \/>\n<meta name=\"twitter:card\" content=\"summary_large_image\" \/>\n<meta name=\"twitter:label1\" content=\"Ber\u00e4knad l\u00e4stid\" \/>\n\t<meta name=\"twitter:data1\" content=\"1 minut\" \/>\n<script type=\"application\/ld+json\" class=\"yoast-schema-graph\">{\"@context\":\"https:\/\/schema.org\",\"@graph\":[{\"@type\":\"WebPage\",\"@id\":\"https:\/\/houkutteleva.fi\/sv\/tuote\/kettupilli-weisskirchen-fox-flute-ranzlaut\/\",\"url\":\"https:\/\/houkutteleva.fi\/sv\/tuote\/kettupilli-weisskirchen-fox-flute-ranzlaut\/\",\"name\":\"Kettupilli - Weisskirchen Fox Flute Ranzlaut - Houkutteleva\",\"isPartOf\":{\"@id\":\"https:\/\/houkutteleva.fi\/sv\/#website\"},\"primaryImageOfPage\":{\"@id\":\"https:\/\/houkutteleva.fi\/sv\/tuote\/kettupilli-weisskirchen-fox-flute-ranzlaut\/#primaryimage\"},\"image\":{\"@id\":\"https:\/\/houkutteleva.fi\/sv\/tuote\/kettupilli-weisskirchen-fox-flute-ranzlaut\/#primaryimage\"},\"thumbnailUrl\":\"https:\/\/houkutteleva.fi\/wp-content\/uploads\/510520_3_puinen-kettupilli.jpg\",\"datePublished\":\"2025-07-16T20:00:13+00:00\",\"dateModified\":\"2025-07-16T20:03:04+00:00\",\"description\":\"Kiimaisen naarasketun \u00e4\u00e4nen matkija, Fox flute\",\"breadcrumb\":{\"@id\":\"https:\/\/houkutteleva.fi\/sv\/tuote\/kettupilli-weisskirchen-fox-flute-ranzlaut\/#breadcrumb\"},\"inLanguage\":\"sv-SE\",\"potentialAction\":[{\"@type\":\"ReadAction\",\"target\":[\"https:\/\/houkutteleva.fi\/sv\/tuote\/kettupilli-weisskirchen-fox-flute-ranzlaut\/\"]}]},{\"@type\":\"ImageObject\",\"inLanguage\":\"sv-SE\",\"@id\":\"https:\/\/houkutteleva.fi\/sv\/tuote\/kettupilli-weisskirchen-fox-flute-ranzlaut\/#primaryimage\",\"url\":\"https:\/\/houkutteleva.fi\/wp-content\/uploads\/510520_3_puinen-kettupilli.jpg\",\"contentUrl\":\"https:\/\/houkutteleva.fi\/wp-content\/uploads\/510520_3_puinen-kettupilli.jpg\",\"width\":1800,\"height\":1800},{\"@type\":\"BreadcrumbList\",\"@id\":\"https:\/\/houkutteleva.fi\/sv\/tuote\/kettupilli-weisskirchen-fox-flute-ranzlaut\/#breadcrumb\",\"itemListElement\":[{\"@type\":\"ListItem\",\"position\":1,\"name\":\"Etusivu\",\"item\":\"https:\/\/houkutteleva.fi\/sv\/\"},{\"@type\":\"ListItem\",\"position\":2,\"name\":\"Butik\",\"item\":\"https:\/\/houkutteleva.fi\/sv\/butik\/\"},{\"@type\":\"ListItem\",\"position\":3,\"name\":\"Kettupilli &#8211; Weisskirchen Fox Flute Ranzlaut\"}]},{\"@type\":\"WebSite\",\"@id\":\"https:\/\/houkutteleva.fi\/sv\/#website\",\"url\":\"https:\/\/houkutteleva.fi\/sv\/\",\"name\":\"Houkutteleva\",\"description\":\"Mets\u00e4stys ja luontomatkailu Suomessa\",\"potentialAction\":[{\"@type\":\"SearchAction\",\"target\":{\"@type\":\"EntryPoint\",\"urlTemplate\":\"https:\/\/houkutteleva.fi\/sv\/?s={search_term_string}\"},\"query-input\":{\"@type\":\"PropertyValueSpecification\",\"valueRequired\":true,\"valueName\":\"search_term_string\"}}],\"inLanguage\":\"sv-SE\"}]}<\/script>\n<!-- \/ Yoast SEO plugin. -->","yoast_head_json":{"title":"Kettupilli - Weisskirchen Fox Flute Ranzlaut - Houkutteleva","description":"Kiimaisen naarasketun \u00e4\u00e4nen matkija, Fox flute","robots":{"index":"index","follow":"follow","max-snippet":"max-snippet:-1","max-image-preview":"max-image-preview:large","max-video-preview":"max-video-preview:-1"},"canonical":"https:\/\/houkutteleva.fi\/sv\/tuote\/kettupilli-weisskirchen-fox-flute-ranzlaut\/","og_locale":"sv_SE","og_type":"article","og_title":"Kettupilli - Weisskirchen Fox Flute Ranzlaut - Houkutteleva","og_description":"Kiimaisen naarasketun \u00e4\u00e4nen matkija, Fox flute","og_url":"https:\/\/houkutteleva.fi\/sv\/tuote\/kettupilli-weisskirchen-fox-flute-ranzlaut\/","og_site_name":"Houkutteleva","article_modified_time":"2025-07-16T20:03:04+00:00","og_image":[{"width":1800,"height":1800,"url":"https:\/\/houkutteleva.fi\/wp-content\/uploads\/510520_3_puinen-kettupilli.jpg","type":"image\/jpeg"}],"twitter_card":"summary_large_image","twitter_misc":{"Ber\u00e4knad l\u00e4stid":"1 minut"},"schema":{"@context":"https:\/\/schema.org","@graph":[{"@type":"WebPage","@id":"https:\/\/houkutteleva.fi\/sv\/tuote\/kettupilli-weisskirchen-fox-flute-ranzlaut\/","url":"https:\/\/houkutteleva.fi\/sv\/tuote\/kettupilli-weisskirchen-fox-flute-ranzlaut\/","name":"Kettupilli - Weisskirchen Fox Flute Ranzlaut - Houkutteleva","isPartOf":{"@id":"https:\/\/houkutteleva.fi\/sv\/#website"},"primaryImageOfPage":{"@id":"https:\/\/houkutteleva.fi\/sv\/tuote\/kettupilli-weisskirchen-fox-flute-ranzlaut\/#primaryimage"},"image":{"@id":"https:\/\/houkutteleva.fi\/sv\/tuote\/kettupilli-weisskirchen-fox-flute-ranzlaut\/#primaryimage"},"thumbnailUrl":"https:\/\/houkutteleva.fi\/wp-content\/uploads\/510520_3_puinen-kettupilli.jpg","datePublished":"2025-07-16T20:00:13+00:00","dateModified":"2025-07-16T20:03:04+00:00","description":"Kiimaisen naarasketun \u00e4\u00e4nen matkija, Fox flute","breadcrumb":{"@id":"https:\/\/houkutteleva.fi\/sv\/tuote\/kettupilli-weisskirchen-fox-flute-ranzlaut\/#breadcrumb"},"inLanguage":"sv-SE","potentialAction":[{"@type":"ReadAction","target":["https:\/\/houkutteleva.fi\/sv\/tuote\/kettupilli-weisskirchen-fox-flute-ranzlaut\/"]}]},{"@type":"ImageObject","inLanguage":"sv-SE","@id":"https:\/\/houkutteleva.fi\/sv\/tuote\/kettupilli-weisskirchen-fox-flute-ranzlaut\/#primaryimage","url":"https:\/\/houkutteleva.fi\/wp-content\/uploads\/510520_3_puinen-kettupilli.jpg","contentUrl":"https:\/\/houkutteleva.fi\/wp-content\/uploads\/510520_3_puinen-kettupilli.jpg","width":1800,"height":1800},{"@type":"BreadcrumbList","@id":"https:\/\/houkutteleva.fi\/sv\/tuote\/kettupilli-weisskirchen-fox-flute-ranzlaut\/#breadcrumb","itemListElement":[{"@type":"ListItem","position":1,"name":"Etusivu","item":"https:\/\/houkutteleva.fi\/sv\/"},{"@type":"ListItem","position":2,"name":"Butik","item":"https:\/\/houkutteleva.fi\/sv\/butik\/"},{"@type":"ListItem","position":3,"name":"Kettupilli &#8211; Weisskirchen Fox Flute Ranzlaut"}]},{"@type":"WebSite","@id":"https:\/\/houkutteleva.fi\/sv\/#website","url":"https:\/\/houkutteleva.fi\/sv\/","name":"Houkutteleva","description":"Mets\u00e4stys ja luontomatkailu Suomessa","potentialAction":[{"@type":"SearchAction","target":{"@type":"EntryPoint","urlTemplate":"https:\/\/houkutteleva.fi\/sv\/?s={search_term_string}"},"query-input":{"@type":"PropertyValueSpecification","valueRequired":true,"valueName":"search_term_string"}}],"inLanguage":"sv-SE"}]}},"_links":{"self":[{"href":"https:\/\/houkutteleva.fi\/sv\/wp-json\/wp\/v2\/product\/1479","targetHints":{"allow":["GET"]}}],"collection":[{"href":"https:\/\/houkutteleva.fi\/sv\/wp-json\/wp\/v2\/product"}],"about":[{"href":"https:\/\/houkutteleva.fi\/sv\/wp-json\/wp\/v2\/types\/product"}],"wp:featuredmedia":[{"embeddable":true,"href":"https:\/\/houkutteleva.fi\/sv\/wp-json\/wp\/v2\/media\/1480"}],"wp:attachment":[{"href":"https:\/\/houkutteleva.fi\/sv\/wp-json\/wp\/v2\/media?parent=1479"}],"wp:term":[{"taxonomy":"product_brand","embeddable":true,"href":"https:\/\/houkutteleva.fi\/sv\/wp-json\/wp\/v2\/product_brand?post=1479"},{"taxonomy":"product_cat","embeddable":true,"href":"https:\/\/houkutteleva.fi\/sv\/wp-json\/wp\/v2\/product_cat?post=1479"},{"taxonomy":"product_tag","embeddable":true,"href":"https:\/\/houkutteleva.fi\/sv\/wp-json\/wp\/v2\/product_tag?post=1479"}],"curies":[{"name":"wp","href":"https:\/\/api.w.org\/{rel}","templated":true}]}}