{"id":1476,"date":"2025-07-16T22:56:08","date_gmt":"2025-07-16T19:56:08","guid":{"rendered":"https:\/\/houkutteleva.fi\/?post_type=product&#038;p=1476"},"modified":"2025-07-16T22:56:08","modified_gmt":"2025-07-16T19:56:08","slug":"tuote-koirille-hpg-noutolelu-200g-oranssi","status":"publish","type":"product","link":"https:\/\/houkutteleva.fi\/sv\/tuote\/tuote-koirille-hpg-noutolelu-200g-oranssi\/","title":{"rendered":"Tuote koirille; HP&amp;G noutolelu, 200g oranssi"},"content":{"rendered":"<p>Eurohantin kest\u00e4vi\u00e4 noutolelu on saatavana kolmessa eri mallissa ja koossa sek\u00e4 eri v\u00e4reiss\u00e4 (musta-harmaa, oranssi, valkoinen).<\/p>\n<p>N\u00e4in ollen ne muodostavat aina t\u00e4ydellisen kontrastin ymp\u00e4rist\u00f6\u00f6n, jotta koira voi aina keskitty\u00e4 olennaiseen.<\/p>\n<p>Kuusikulmaisen muodon ansiosta koira voi aina tarttua ja pit\u00e4\u00e4 siit\u00e4 hyvin kiinni. My\u00f6s kohokuvio takaa paremman otteen.<\/p>\n<p>8 mm paksun puuvillanarun avulla ohjaaja voi vapauttaa lelun lyhyelt\u00e4 tai pitk\u00e4lt\u00e4 matkalta.<\/p>\n<p>Kaikki noutolelut ovat kelluvia, joten ne soveltuvat erinomaisesti my\u00f6s vesity\u00f6h\u00f6n.<\/p>\n<p>Olipa kyse sitten mets\u00e4styskoulutuksesta, koiraurheilusta tai vain huvin vuoksi &#8211; rakas nelijalkainen yst\u00e4v\u00e4si tulee rakastamaan noutolelua.<\/p>\n","protected":false},"excerpt":{"rendered":"<p>Olipa kyse sitten mets\u00e4styskoulutuksesta, koiraurheilusta tai vain huvin vuoksi &#8211; rakas nelijalkainen yst\u00e4v\u00e4si tulee rakastamaan noutolelua.<\/p>\n","protected":false},"featured_media":1477,"template":"","meta":{"_et_pb_use_builder":"","_et_pb_old_content":"","_et_gb_content_width":""},"product_brand":[],"product_cat":[50],"product_tag":[77],"class_list":{"0":"post-1476","1":"product","2":"type-product","3":"status-publish","4":"has-post-thumbnail","6":"product_cat-tuotteet-metsastajalle","7":"product_tag-nouto-lelu-koirille","9":"first","10":"instock","11":"taxable","12":"shipping-taxable","13":"purchasable","14":"product-type-simple"},"yoast_head":"<!-- This site is optimized with the Yoast SEO plugin v26.6 - https:\/\/yoast.com\/wordpress\/plugins\/seo\/ -->\n<title>Tuote koirille; HP&amp;G noutolelu, 200g oranssi - Houkutteleva<\/title>\n<meta name=\"description\" content=\"Noutolelu koiran koulutukseen\" \/>\n<meta name=\"robots\" content=\"index, follow, max-snippet:-1, max-image-preview:large, max-video-preview:-1\" \/>\n<link rel=\"canonical\" href=\"https:\/\/houkutteleva.fi\/sv\/tuote\/tuote-koirille-hpg-noutolelu-200g-oranssi\/\" \/>\n<meta property=\"og:locale\" content=\"sv_SE\" \/>\n<meta property=\"og:type\" content=\"article\" \/>\n<meta property=\"og:title\" content=\"Tuote koirille; HP&amp;G noutolelu, 200g oranssi - Houkutteleva\" \/>\n<meta property=\"og:description\" content=\"Noutolelu koiran koulutukseen\" \/>\n<meta property=\"og:url\" content=\"https:\/\/houkutteleva.fi\/sv\/tuote\/tuote-koirille-hpg-noutolelu-200g-oranssi\/\" \/>\n<meta property=\"og:site_name\" content=\"Houkutteleva\" \/>\n<meta property=\"og:image\" content=\"https:\/\/houkutteleva.fi\/wp-content\/uploads\/510821_1_koiralle-opetuslelu.jpg\" \/>\n\t<meta property=\"og:image:width\" content=\"1800\" \/>\n\t<meta property=\"og:image:height\" content=\"1800\" \/>\n\t<meta property=\"og:image:type\" content=\"image\/jpeg\" \/>\n<meta name=\"twitter:card\" content=\"summary_large_image\" \/>\n<meta name=\"twitter:label1\" content=\"Ber\u00e4knad l\u00e4stid\" \/>\n\t<meta name=\"twitter:data1\" content=\"1 minut\" \/>\n<script type=\"application\/ld+json\" class=\"yoast-schema-graph\">{\"@context\":\"https:\/\/schema.org\",\"@graph\":[{\"@type\":\"WebPage\",\"@id\":\"https:\/\/houkutteleva.fi\/sv\/tuote\/tuote-koirille-hpg-noutolelu-200g-oranssi\/\",\"url\":\"https:\/\/houkutteleva.fi\/sv\/tuote\/tuote-koirille-hpg-noutolelu-200g-oranssi\/\",\"name\":\"Tuote koirille; HP&amp;G noutolelu, 200g oranssi - Houkutteleva\",\"isPartOf\":{\"@id\":\"https:\/\/houkutteleva.fi\/sv\/#website\"},\"primaryImageOfPage\":{\"@id\":\"https:\/\/houkutteleva.fi\/sv\/tuote\/tuote-koirille-hpg-noutolelu-200g-oranssi\/#primaryimage\"},\"image\":{\"@id\":\"https:\/\/houkutteleva.fi\/sv\/tuote\/tuote-koirille-hpg-noutolelu-200g-oranssi\/#primaryimage\"},\"thumbnailUrl\":\"https:\/\/houkutteleva.fi\/wp-content\/uploads\/510821_1_koiralle-opetuslelu.jpg\",\"datePublished\":\"2025-07-16T19:56:08+00:00\",\"description\":\"Noutolelu koiran koulutukseen\",\"breadcrumb\":{\"@id\":\"https:\/\/houkutteleva.fi\/sv\/tuote\/tuote-koirille-hpg-noutolelu-200g-oranssi\/#breadcrumb\"},\"inLanguage\":\"sv-SE\",\"potentialAction\":[{\"@type\":\"ReadAction\",\"target\":[\"https:\/\/houkutteleva.fi\/sv\/tuote\/tuote-koirille-hpg-noutolelu-200g-oranssi\/\"]}]},{\"@type\":\"ImageObject\",\"inLanguage\":\"sv-SE\",\"@id\":\"https:\/\/houkutteleva.fi\/sv\/tuote\/tuote-koirille-hpg-noutolelu-200g-oranssi\/#primaryimage\",\"url\":\"https:\/\/houkutteleva.fi\/wp-content\/uploads\/510821_1_koiralle-opetuslelu.jpg\",\"contentUrl\":\"https:\/\/houkutteleva.fi\/wp-content\/uploads\/510821_1_koiralle-opetuslelu.jpg\",\"width\":1800,\"height\":1800},{\"@type\":\"BreadcrumbList\",\"@id\":\"https:\/\/houkutteleva.fi\/sv\/tuote\/tuote-koirille-hpg-noutolelu-200g-oranssi\/#breadcrumb\",\"itemListElement\":[{\"@type\":\"ListItem\",\"position\":1,\"name\":\"Etusivu\",\"item\":\"https:\/\/houkutteleva.fi\/sv\/\"},{\"@type\":\"ListItem\",\"position\":2,\"name\":\"Butik\",\"item\":\"https:\/\/houkutteleva.fi\/sv\/butik\/\"},{\"@type\":\"ListItem\",\"position\":3,\"name\":\"Tuote koirille; HP&amp;G noutolelu, 200g oranssi\"}]},{\"@type\":\"WebSite\",\"@id\":\"https:\/\/houkutteleva.fi\/sv\/#website\",\"url\":\"https:\/\/houkutteleva.fi\/sv\/\",\"name\":\"Houkutteleva\",\"description\":\"Mets\u00e4stys ja luontomatkailu Suomessa\",\"potentialAction\":[{\"@type\":\"SearchAction\",\"target\":{\"@type\":\"EntryPoint\",\"urlTemplate\":\"https:\/\/houkutteleva.fi\/sv\/?s={search_term_string}\"},\"query-input\":{\"@type\":\"PropertyValueSpecification\",\"valueRequired\":true,\"valueName\":\"search_term_string\"}}],\"inLanguage\":\"sv-SE\"}]}<\/script>\n<!-- \/ Yoast SEO plugin. -->","yoast_head_json":{"title":"Tuote koirille; HP&amp;G noutolelu, 200g oranssi - Houkutteleva","description":"Noutolelu koiran koulutukseen","robots":{"index":"index","follow":"follow","max-snippet":"max-snippet:-1","max-image-preview":"max-image-preview:large","max-video-preview":"max-video-preview:-1"},"canonical":"https:\/\/houkutteleva.fi\/sv\/tuote\/tuote-koirille-hpg-noutolelu-200g-oranssi\/","og_locale":"sv_SE","og_type":"article","og_title":"Tuote koirille; HP&amp;G noutolelu, 200g oranssi - Houkutteleva","og_description":"Noutolelu koiran koulutukseen","og_url":"https:\/\/houkutteleva.fi\/sv\/tuote\/tuote-koirille-hpg-noutolelu-200g-oranssi\/","og_site_name":"Houkutteleva","og_image":[{"width":1800,"height":1800,"url":"https:\/\/houkutteleva.fi\/wp-content\/uploads\/510821_1_koiralle-opetuslelu.jpg","type":"image\/jpeg"}],"twitter_card":"summary_large_image","twitter_misc":{"Ber\u00e4knad l\u00e4stid":"1 minut"},"schema":{"@context":"https:\/\/schema.org","@graph":[{"@type":"WebPage","@id":"https:\/\/houkutteleva.fi\/sv\/tuote\/tuote-koirille-hpg-noutolelu-200g-oranssi\/","url":"https:\/\/houkutteleva.fi\/sv\/tuote\/tuote-koirille-hpg-noutolelu-200g-oranssi\/","name":"Tuote koirille; HP&amp;G noutolelu, 200g oranssi - Houkutteleva","isPartOf":{"@id":"https:\/\/houkutteleva.fi\/sv\/#website"},"primaryImageOfPage":{"@id":"https:\/\/houkutteleva.fi\/sv\/tuote\/tuote-koirille-hpg-noutolelu-200g-oranssi\/#primaryimage"},"image":{"@id":"https:\/\/houkutteleva.fi\/sv\/tuote\/tuote-koirille-hpg-noutolelu-200g-oranssi\/#primaryimage"},"thumbnailUrl":"https:\/\/houkutteleva.fi\/wp-content\/uploads\/510821_1_koiralle-opetuslelu.jpg","datePublished":"2025-07-16T19:56:08+00:00","description":"Noutolelu koiran koulutukseen","breadcrumb":{"@id":"https:\/\/houkutteleva.fi\/sv\/tuote\/tuote-koirille-hpg-noutolelu-200g-oranssi\/#breadcrumb"},"inLanguage":"sv-SE","potentialAction":[{"@type":"ReadAction","target":["https:\/\/houkutteleva.fi\/sv\/tuote\/tuote-koirille-hpg-noutolelu-200g-oranssi\/"]}]},{"@type":"ImageObject","inLanguage":"sv-SE","@id":"https:\/\/houkutteleva.fi\/sv\/tuote\/tuote-koirille-hpg-noutolelu-200g-oranssi\/#primaryimage","url":"https:\/\/houkutteleva.fi\/wp-content\/uploads\/510821_1_koiralle-opetuslelu.jpg","contentUrl":"https:\/\/houkutteleva.fi\/wp-content\/uploads\/510821_1_koiralle-opetuslelu.jpg","width":1800,"height":1800},{"@type":"BreadcrumbList","@id":"https:\/\/houkutteleva.fi\/sv\/tuote\/tuote-koirille-hpg-noutolelu-200g-oranssi\/#breadcrumb","itemListElement":[{"@type":"ListItem","position":1,"name":"Etusivu","item":"https:\/\/houkutteleva.fi\/sv\/"},{"@type":"ListItem","position":2,"name":"Butik","item":"https:\/\/houkutteleva.fi\/sv\/butik\/"},{"@type":"ListItem","position":3,"name":"Tuote koirille; HP&amp;G noutolelu, 200g oranssi"}]},{"@type":"WebSite","@id":"https:\/\/houkutteleva.fi\/sv\/#website","url":"https:\/\/houkutteleva.fi\/sv\/","name":"Houkutteleva","description":"Mets\u00e4stys ja luontomatkailu Suomessa","potentialAction":[{"@type":"SearchAction","target":{"@type":"EntryPoint","urlTemplate":"https:\/\/houkutteleva.fi\/sv\/?s={search_term_string}"},"query-input":{"@type":"PropertyValueSpecification","valueRequired":true,"valueName":"search_term_string"}}],"inLanguage":"sv-SE"}]}},"_links":{"self":[{"href":"https:\/\/houkutteleva.fi\/sv\/wp-json\/wp\/v2\/product\/1476","targetHints":{"allow":["GET"]}}],"collection":[{"href":"https:\/\/houkutteleva.fi\/sv\/wp-json\/wp\/v2\/product"}],"about":[{"href":"https:\/\/houkutteleva.fi\/sv\/wp-json\/wp\/v2\/types\/product"}],"wp:featuredmedia":[{"embeddable":true,"href":"https:\/\/houkutteleva.fi\/sv\/wp-json\/wp\/v2\/media\/1477"}],"wp:attachment":[{"href":"https:\/\/houkutteleva.fi\/sv\/wp-json\/wp\/v2\/media?parent=1476"}],"wp:term":[{"taxonomy":"product_brand","embeddable":true,"href":"https:\/\/houkutteleva.fi\/sv\/wp-json\/wp\/v2\/product_brand?post=1476"},{"taxonomy":"product_cat","embeddable":true,"href":"https:\/\/houkutteleva.fi\/sv\/wp-json\/wp\/v2\/product_cat?post=1476"},{"taxonomy":"product_tag","embeddable":true,"href":"https:\/\/houkutteleva.fi\/sv\/wp-json\/wp\/v2\/product_tag?post=1476"}],"curies":[{"name":"wp","href":"https:\/\/api.w.org\/{rel}","templated":true}]}}