{"id":1467,"date":"2025-07-16T22:46:21","date_gmt":"2025-07-16T19:46:21","guid":{"rendered":"https:\/\/houkutteleva.fi\/?post_type=product&#038;p=1467"},"modified":"2025-07-16T22:46:22","modified_gmt":"2025-07-16T19:46:22","slug":"takateline-890x580x180-mm-paallystetty-alas-taitettavalla-pikaliittimella","status":"publish","type":"product","link":"https:\/\/houkutteleva.fi\/sv\/tuote\/takateline-890x580x180-mm-paallystetty-alas-taitettavalla-pikaliittimella\/","title":{"rendered":"&#8221;Takateline 890x580x180 mm, p\u00e4\u00e4llystetty alas taitettavalla pikaliittimell\u00e4&#8221;"},"content":{"rendered":"<p>Pinnoitettu takateline on t\u00e4ydellinen ratkaisu alueesi s\u00e4\u00e4nn\u00f6llisiin kuljetuksiin. Halusitpa sitten kuljettaa mets\u00e4stett\u00e4v\u00e4\u00e4 riistaa, rehua tai muita tavaroita &#8211; t\u00e4ll\u00e4 takatelineell\u00e4 kuljetus k\u00e4y helposti.<br \/>\nVisuaalisen edun lis\u00e4ksi pinnoite tarjoaa my\u00f6s korroosiosuojan, naarmuuntumisen, iskujen ja kulumisen kest\u00e4vyyden sek\u00e4 yksinkertaisen puhdistuksen ja huollon. Sinun tarvitsee<br \/>\nvain kiinnitt\u00e4\u00e4 takateline <strong>vetokoukkuun<\/strong> yksivipuisella pikakiinnikkeell\u00e4, ja olet valmis kuljetukseen. Takateline voidaan taittaa kokonaan alas, joten se on helppo lastata ja purkaa kuorma. Kantavuus riippuen vetoaisan kuormituksesta. Omapaino vain n. 9 kg.<br \/>\nTakatelineen erinomainen ominaisuus on sen vaikuttava kantavuus.<br \/>\nVoit helposti mukauttaa sen yksil\u00f6llisiin tarpeisiisi ja kuljettaa erilaisia kuormia.<\/p>\n","protected":false},"excerpt":{"rendered":"<p>Pinnoitettu takateline on t\u00e4ydellinen ratkaisu alueesi s\u00e4\u00e4nn\u00f6llisiin kuljetuksiin. Halusitpa sitten kuljettaa mets\u00e4stett\u00e4v\u00e4\u00e4 riistaa, rehua tai muita tavaroita &#8211; t\u00e4ll\u00e4 takatelineell\u00e4 kuljetus k\u00e4y helposti. Visuaalisen edun lis\u00e4ksi pinnoite tarjoaa my\u00f6s korroosiosuojan, naarmuuntumisen, iskujen ja kulumisen kest\u00e4vyyden sek\u00e4 yksinkertaisen puhdistuksen ja huollon. Sinun tarvitsee vain kiinnitt\u00e4\u00e4 takateline vetokoukkuun yksivipuisella pikakiinnikkeell\u00e4, ja olet valmis kuljetukseen. Takateline voidaan taittaa [&hellip;]<\/p>\n","protected":false},"featured_media":1468,"template":"","meta":{"_et_pb_use_builder":"","_et_pb_old_content":"","_et_gb_content_width":""},"product_brand":[],"product_cat":[50],"product_tag":[76],"class_list":{"0":"post-1467","1":"product","2":"type-product","3":"status-publish","4":"has-post-thumbnail","6":"product_cat-tuotteet-metsastajalle","7":"product_tag-vetokoukkuun-asennettava-riistateline","9":"first","10":"instock","11":"taxable","12":"shipping-taxable","13":"purchasable","14":"product-type-simple"},"yoast_head":"<!-- This site is optimized with the Yoast SEO plugin v26.6 - https:\/\/yoast.com\/wordpress\/plugins\/seo\/ -->\n<title>&quot;Takateline 890x580x180 mm, p\u00e4\u00e4llystetty alas taitettavalla pikaliittimell\u00e4&quot; - Houkutteleva<\/title>\n<meta name=\"description\" content=\"Takatelineen mitat ovat n. 890 x 580 x 180 mm (pituus x leveys x korkeus). T\u00e4m\u00e4 tarkoittaa, ett\u00e4 se tarjoaa riitt\u00e4v\u00e4sti tilaa kuljetustavaroillesi n\u00e4ytt\u00e4m\u00e4tt\u00e4 tilaa viev\u00e4lt\u00e4.Huomaa, ett\u00e4 takateline toimitetaan ilman valaistusta. Jos tarvitset lis\u00e4valaistusta takatelineeseen, suosittelemme, ett\u00e4 ostat sen erikseen.\" \/>\n<meta name=\"robots\" content=\"index, follow, max-snippet:-1, max-image-preview:large, max-video-preview:-1\" \/>\n<link rel=\"canonical\" href=\"https:\/\/houkutteleva.fi\/sv\/tuote\/takateline-890x580x180-mm-paallystetty-alas-taitettavalla-pikaliittimella\/\" \/>\n<meta property=\"og:locale\" content=\"sv_SE\" \/>\n<meta property=\"og:type\" content=\"article\" \/>\n<meta property=\"og:title\" content=\"&quot;Takateline 890x580x180 mm, p\u00e4\u00e4llystetty alas taitettavalla pikaliittimell\u00e4&quot; - Houkutteleva\" \/>\n<meta property=\"og:description\" content=\"Takatelineen mitat ovat n. 890 x 580 x 180 mm (pituus x leveys x korkeus). T\u00e4m\u00e4 tarkoittaa, ett\u00e4 se tarjoaa riitt\u00e4v\u00e4sti tilaa kuljetustavaroillesi n\u00e4ytt\u00e4m\u00e4tt\u00e4 tilaa viev\u00e4lt\u00e4.Huomaa, ett\u00e4 takateline toimitetaan ilman valaistusta. Jos tarvitset lis\u00e4valaistusta takatelineeseen, suosittelemme, ett\u00e4 ostat sen erikseen.\" \/>\n<meta property=\"og:url\" content=\"https:\/\/houkutteleva.fi\/sv\/tuote\/takateline-890x580x180-mm-paallystetty-alas-taitettavalla-pikaliittimella\/\" \/>\n<meta property=\"og:site_name\" content=\"Houkutteleva\" \/>\n<meta property=\"article:modified_time\" content=\"2025-07-16T19:46:22+00:00\" \/>\n<meta property=\"og:image\" content=\"https:\/\/houkutteleva.fi\/wp-content\/uploads\/A-101930_1_koukkuharri_pien.jpg\" \/>\n\t<meta property=\"og:image:width\" content=\"1800\" \/>\n\t<meta property=\"og:image:height\" content=\"1800\" \/>\n\t<meta property=\"og:image:type\" content=\"image\/jpeg\" \/>\n<meta name=\"twitter:card\" content=\"summary_large_image\" \/>\n<meta name=\"twitter:label1\" content=\"Ber\u00e4knad l\u00e4stid\" \/>\n\t<meta name=\"twitter:data1\" content=\"1 minut\" \/>\n<script type=\"application\/ld+json\" class=\"yoast-schema-graph\">{\"@context\":\"https:\/\/schema.org\",\"@graph\":[{\"@type\":\"WebPage\",\"@id\":\"https:\/\/houkutteleva.fi\/sv\/tuote\/takateline-890x580x180-mm-paallystetty-alas-taitettavalla-pikaliittimella\/\",\"url\":\"https:\/\/houkutteleva.fi\/sv\/tuote\/takateline-890x580x180-mm-paallystetty-alas-taitettavalla-pikaliittimella\/\",\"name\":\"\\\"Takateline 890x580x180 mm, p\u00e4\u00e4llystetty alas taitettavalla pikaliittimell\u00e4\\\" - Houkutteleva\",\"isPartOf\":{\"@id\":\"https:\/\/houkutteleva.fi\/sv\/#website\"},\"primaryImageOfPage\":{\"@id\":\"https:\/\/houkutteleva.fi\/sv\/tuote\/takateline-890x580x180-mm-paallystetty-alas-taitettavalla-pikaliittimella\/#primaryimage\"},\"image\":{\"@id\":\"https:\/\/houkutteleva.fi\/sv\/tuote\/takateline-890x580x180-mm-paallystetty-alas-taitettavalla-pikaliittimella\/#primaryimage\"},\"thumbnailUrl\":\"https:\/\/houkutteleva.fi\/wp-content\/uploads\/A-101930_1_koukkuharri_pien.jpg\",\"datePublished\":\"2025-07-16T19:46:21+00:00\",\"dateModified\":\"2025-07-16T19:46:22+00:00\",\"description\":\"Takatelineen mitat ovat n. 890 x 580 x 180 mm (pituus x leveys x korkeus). T\u00e4m\u00e4 tarkoittaa, ett\u00e4 se tarjoaa riitt\u00e4v\u00e4sti tilaa kuljetustavaroillesi n\u00e4ytt\u00e4m\u00e4tt\u00e4 tilaa viev\u00e4lt\u00e4.Huomaa, ett\u00e4 takateline toimitetaan ilman valaistusta. Jos tarvitset lis\u00e4valaistusta takatelineeseen, suosittelemme, ett\u00e4 ostat sen erikseen.\",\"breadcrumb\":{\"@id\":\"https:\/\/houkutteleva.fi\/sv\/tuote\/takateline-890x580x180-mm-paallystetty-alas-taitettavalla-pikaliittimella\/#breadcrumb\"},\"inLanguage\":\"sv-SE\",\"potentialAction\":[{\"@type\":\"ReadAction\",\"target\":[\"https:\/\/houkutteleva.fi\/sv\/tuote\/takateline-890x580x180-mm-paallystetty-alas-taitettavalla-pikaliittimella\/\"]}]},{\"@type\":\"ImageObject\",\"inLanguage\":\"sv-SE\",\"@id\":\"https:\/\/houkutteleva.fi\/sv\/tuote\/takateline-890x580x180-mm-paallystetty-alas-taitettavalla-pikaliittimella\/#primaryimage\",\"url\":\"https:\/\/houkutteleva.fi\/wp-content\/uploads\/A-101930_1_koukkuharri_pien.jpg\",\"contentUrl\":\"https:\/\/houkutteleva.fi\/wp-content\/uploads\/A-101930_1_koukkuharri_pien.jpg\",\"width\":1800,\"height\":1800},{\"@type\":\"BreadcrumbList\",\"@id\":\"https:\/\/houkutteleva.fi\/sv\/tuote\/takateline-890x580x180-mm-paallystetty-alas-taitettavalla-pikaliittimella\/#breadcrumb\",\"itemListElement\":[{\"@type\":\"ListItem\",\"position\":1,\"name\":\"Etusivu\",\"item\":\"https:\/\/houkutteleva.fi\/sv\/\"},{\"@type\":\"ListItem\",\"position\":2,\"name\":\"Butik\",\"item\":\"https:\/\/houkutteleva.fi\/sv\/butik\/\"},{\"@type\":\"ListItem\",\"position\":3,\"name\":\"&#8221;Takateline 890x580x180 mm, p\u00e4\u00e4llystetty alas taitettavalla pikaliittimell\u00e4&#8221;\"}]},{\"@type\":\"WebSite\",\"@id\":\"https:\/\/houkutteleva.fi\/sv\/#website\",\"url\":\"https:\/\/houkutteleva.fi\/sv\/\",\"name\":\"Houkutteleva\",\"description\":\"Mets\u00e4stys ja luontomatkailu Suomessa\",\"potentialAction\":[{\"@type\":\"SearchAction\",\"target\":{\"@type\":\"EntryPoint\",\"urlTemplate\":\"https:\/\/houkutteleva.fi\/sv\/?s={search_term_string}\"},\"query-input\":{\"@type\":\"PropertyValueSpecification\",\"valueRequired\":true,\"valueName\":\"search_term_string\"}}],\"inLanguage\":\"sv-SE\"}]}<\/script>\n<!-- \/ Yoast SEO plugin. -->","yoast_head_json":{"title":"\"Takateline 890x580x180 mm, p\u00e4\u00e4llystetty alas taitettavalla pikaliittimell\u00e4\" - Houkutteleva","description":"Takatelineen mitat ovat n. 890 x 580 x 180 mm (pituus x leveys x korkeus). T\u00e4m\u00e4 tarkoittaa, ett\u00e4 se tarjoaa riitt\u00e4v\u00e4sti tilaa kuljetustavaroillesi n\u00e4ytt\u00e4m\u00e4tt\u00e4 tilaa viev\u00e4lt\u00e4.Huomaa, ett\u00e4 takateline toimitetaan ilman valaistusta. Jos tarvitset lis\u00e4valaistusta takatelineeseen, suosittelemme, ett\u00e4 ostat sen erikseen.","robots":{"index":"index","follow":"follow","max-snippet":"max-snippet:-1","max-image-preview":"max-image-preview:large","max-video-preview":"max-video-preview:-1"},"canonical":"https:\/\/houkutteleva.fi\/sv\/tuote\/takateline-890x580x180-mm-paallystetty-alas-taitettavalla-pikaliittimella\/","og_locale":"sv_SE","og_type":"article","og_title":"\"Takateline 890x580x180 mm, p\u00e4\u00e4llystetty alas taitettavalla pikaliittimell\u00e4\" - Houkutteleva","og_description":"Takatelineen mitat ovat n. 890 x 580 x 180 mm (pituus x leveys x korkeus). T\u00e4m\u00e4 tarkoittaa, ett\u00e4 se tarjoaa riitt\u00e4v\u00e4sti tilaa kuljetustavaroillesi n\u00e4ytt\u00e4m\u00e4tt\u00e4 tilaa viev\u00e4lt\u00e4.Huomaa, ett\u00e4 takateline toimitetaan ilman valaistusta. Jos tarvitset lis\u00e4valaistusta takatelineeseen, suosittelemme, ett\u00e4 ostat sen erikseen.","og_url":"https:\/\/houkutteleva.fi\/sv\/tuote\/takateline-890x580x180-mm-paallystetty-alas-taitettavalla-pikaliittimella\/","og_site_name":"Houkutteleva","article_modified_time":"2025-07-16T19:46:22+00:00","og_image":[{"width":1800,"height":1800,"url":"https:\/\/houkutteleva.fi\/wp-content\/uploads\/A-101930_1_koukkuharri_pien.jpg","type":"image\/jpeg"}],"twitter_card":"summary_large_image","twitter_misc":{"Ber\u00e4knad l\u00e4stid":"1 minut"},"schema":{"@context":"https:\/\/schema.org","@graph":[{"@type":"WebPage","@id":"https:\/\/houkutteleva.fi\/sv\/tuote\/takateline-890x580x180-mm-paallystetty-alas-taitettavalla-pikaliittimella\/","url":"https:\/\/houkutteleva.fi\/sv\/tuote\/takateline-890x580x180-mm-paallystetty-alas-taitettavalla-pikaliittimella\/","name":"\"Takateline 890x580x180 mm, p\u00e4\u00e4llystetty alas taitettavalla pikaliittimell\u00e4\" - Houkutteleva","isPartOf":{"@id":"https:\/\/houkutteleva.fi\/sv\/#website"},"primaryImageOfPage":{"@id":"https:\/\/houkutteleva.fi\/sv\/tuote\/takateline-890x580x180-mm-paallystetty-alas-taitettavalla-pikaliittimella\/#primaryimage"},"image":{"@id":"https:\/\/houkutteleva.fi\/sv\/tuote\/takateline-890x580x180-mm-paallystetty-alas-taitettavalla-pikaliittimella\/#primaryimage"},"thumbnailUrl":"https:\/\/houkutteleva.fi\/wp-content\/uploads\/A-101930_1_koukkuharri_pien.jpg","datePublished":"2025-07-16T19:46:21+00:00","dateModified":"2025-07-16T19:46:22+00:00","description":"Takatelineen mitat ovat n. 890 x 580 x 180 mm (pituus x leveys x korkeus). T\u00e4m\u00e4 tarkoittaa, ett\u00e4 se tarjoaa riitt\u00e4v\u00e4sti tilaa kuljetustavaroillesi n\u00e4ytt\u00e4m\u00e4tt\u00e4 tilaa viev\u00e4lt\u00e4.Huomaa, ett\u00e4 takateline toimitetaan ilman valaistusta. Jos tarvitset lis\u00e4valaistusta takatelineeseen, suosittelemme, ett\u00e4 ostat sen erikseen.","breadcrumb":{"@id":"https:\/\/houkutteleva.fi\/sv\/tuote\/takateline-890x580x180-mm-paallystetty-alas-taitettavalla-pikaliittimella\/#breadcrumb"},"inLanguage":"sv-SE","potentialAction":[{"@type":"ReadAction","target":["https:\/\/houkutteleva.fi\/sv\/tuote\/takateline-890x580x180-mm-paallystetty-alas-taitettavalla-pikaliittimella\/"]}]},{"@type":"ImageObject","inLanguage":"sv-SE","@id":"https:\/\/houkutteleva.fi\/sv\/tuote\/takateline-890x580x180-mm-paallystetty-alas-taitettavalla-pikaliittimella\/#primaryimage","url":"https:\/\/houkutteleva.fi\/wp-content\/uploads\/A-101930_1_koukkuharri_pien.jpg","contentUrl":"https:\/\/houkutteleva.fi\/wp-content\/uploads\/A-101930_1_koukkuharri_pien.jpg","width":1800,"height":1800},{"@type":"BreadcrumbList","@id":"https:\/\/houkutteleva.fi\/sv\/tuote\/takateline-890x580x180-mm-paallystetty-alas-taitettavalla-pikaliittimella\/#breadcrumb","itemListElement":[{"@type":"ListItem","position":1,"name":"Etusivu","item":"https:\/\/houkutteleva.fi\/sv\/"},{"@type":"ListItem","position":2,"name":"Butik","item":"https:\/\/houkutteleva.fi\/sv\/butik\/"},{"@type":"ListItem","position":3,"name":"&#8221;Takateline 890x580x180 mm, p\u00e4\u00e4llystetty alas taitettavalla pikaliittimell\u00e4&#8221;"}]},{"@type":"WebSite","@id":"https:\/\/houkutteleva.fi\/sv\/#website","url":"https:\/\/houkutteleva.fi\/sv\/","name":"Houkutteleva","description":"Mets\u00e4stys ja luontomatkailu Suomessa","potentialAction":[{"@type":"SearchAction","target":{"@type":"EntryPoint","urlTemplate":"https:\/\/houkutteleva.fi\/sv\/?s={search_term_string}"},"query-input":{"@type":"PropertyValueSpecification","valueRequired":true,"valueName":"search_term_string"}}],"inLanguage":"sv-SE"}]}},"_links":{"self":[{"href":"https:\/\/houkutteleva.fi\/sv\/wp-json\/wp\/v2\/product\/1467","targetHints":{"allow":["GET"]}}],"collection":[{"href":"https:\/\/houkutteleva.fi\/sv\/wp-json\/wp\/v2\/product"}],"about":[{"href":"https:\/\/houkutteleva.fi\/sv\/wp-json\/wp\/v2\/types\/product"}],"wp:featuredmedia":[{"embeddable":true,"href":"https:\/\/houkutteleva.fi\/sv\/wp-json\/wp\/v2\/media\/1468"}],"wp:attachment":[{"href":"https:\/\/houkutteleva.fi\/sv\/wp-json\/wp\/v2\/media?parent=1467"}],"wp:term":[{"taxonomy":"product_brand","embeddable":true,"href":"https:\/\/houkutteleva.fi\/sv\/wp-json\/wp\/v2\/product_brand?post=1467"},{"taxonomy":"product_cat","embeddable":true,"href":"https:\/\/houkutteleva.fi\/sv\/wp-json\/wp\/v2\/product_cat?post=1467"},{"taxonomy":"product_tag","embeddable":true,"href":"https:\/\/houkutteleva.fi\/sv\/wp-json\/wp\/v2\/product_tag?post=1467"}],"curies":[{"name":"wp","href":"https:\/\/api.w.org\/{rel}","templated":true}]}}