{"id":1443,"date":"2025-07-16T22:07:07","date_gmt":"2025-07-16T19:07:07","guid":{"rendered":"https:\/\/houkutteleva.fi\/?post_type=product&#038;p=1443"},"modified":"2025-07-16T22:07:07","modified_gmt":"2025-07-16T19:07:07","slug":"eurohunt-ruokintakartio-fedding-cone","status":"publish","type":"product","link":"https:\/\/houkutteleva.fi\/sv\/tuote\/eurohunt-ruokintakartio-fedding-cone\/","title":{"rendered":"&#8221;EUROHUNT-ruokintakartio&#8221;"},"content":{"rendered":"<p>Ruokintap\u00f6ntt\u00f6 kaikille riistael\u00e4imille. Uudelleen kehitetty suppilon muoto ja 14 mm paksut rei\u00e4t (vahvistettu metallisilmukoilla) ruokinta ei tyhjene heti, vaan el\u00e4in haistaa herkun hajun ja py\u00f6rittelee suppiloa saadakseen papanoita. Ihanteellinen villisikojen pit\u00e4miseen pitk\u00e4\u00e4n ruokintapaikoilla.<\/p>\n<p>Kartio on pakkasenkest\u00e4v\u00e4, murtumaton ja iskunkest\u00e4v\u00e4<\/p>\n<p>Kapasiteetti: n. 18 kg<\/p>\n<p>V\u00e4ri: ruskeanvihre\u00e4<\/p>\n<p>Paino: 3,0 kg.<\/p>\n","protected":false},"excerpt":{"rendered":"<p>Ruokintap\u00f6ntt\u00f6 kaikille riistael\u00e4imille. Uudelleen kehitetty suppilon muoto ja 14 mm paksut rei\u00e4t (vahvistettu metallisilmukoilla) ruokinta ei tyhjene heti, vaan el\u00e4in haistaa herkun hajun ja py\u00f6rittelee suppiloa saadakseen papanoita. Ihanteellinen villisikojen pit\u00e4miseen pitk\u00e4\u00e4n ruokintapaikoilla. Kartio on pakkasenkest\u00e4v\u00e4, murtumaton ja iskunkest\u00e4v\u00e4 Kapasiteetti: n. 18 kg V\u00e4ri: ruskeanvihre\u00e4 Paino: 3,0 kg.<\/p>\n","protected":false},"featured_media":1444,"template":"","meta":{"_et_pb_use_builder":"","_et_pb_old_content":"","_et_gb_content_width":""},"product_brand":[],"product_cat":[50],"product_tag":[72],"class_list":{"0":"post-1443","1":"product","2":"type-product","3":"status-publish","4":"has-post-thumbnail","6":"product_cat-tuotteet-metsastajalle","7":"product_tag-ruokintapontto-kaikille-riistaelaimille","9":"first","10":"instock","11":"taxable","12":"shipping-taxable","13":"purchasable","14":"product-type-simple"},"yoast_head":"<!-- This site is optimized with the Yoast SEO plugin v26.6 - https:\/\/yoast.com\/wordpress\/plugins\/seo\/ -->\n<title>&quot;EUROHUNT-ruokintakartio&quot; - Houkutteleva<\/title>\n<meta name=\"robots\" content=\"index, follow, max-snippet:-1, max-image-preview:large, max-video-preview:-1\" \/>\n<link rel=\"canonical\" href=\"https:\/\/houkutteleva.fi\/sv\/tuote\/eurohunt-ruokintakartio-fedding-cone\/\" \/>\n<meta property=\"og:locale\" content=\"sv_SE\" \/>\n<meta property=\"og:type\" content=\"article\" \/>\n<meta property=\"og:title\" content=\"&quot;EUROHUNT-ruokintakartio&quot; - Houkutteleva\" \/>\n<meta property=\"og:description\" content=\"Ruokintap\u00f6ntt\u00f6 kaikille riistael\u00e4imille. Uudelleen kehitetty suppilon muoto ja 14 mm paksut rei\u00e4t (vahvistettu metallisilmukoilla) ruokinta ei tyhjene heti, vaan el\u00e4in haistaa herkun hajun ja py\u00f6rittelee suppiloa saadakseen papanoita. Ihanteellinen villisikojen pit\u00e4miseen pitk\u00e4\u00e4n ruokintapaikoilla. Kartio on pakkasenkest\u00e4v\u00e4, murtumaton ja iskunkest\u00e4v\u00e4 Kapasiteetti: n. 18 kg V\u00e4ri: ruskeanvihre\u00e4 Paino: 3,0 kg.\" \/>\n<meta property=\"og:url\" content=\"https:\/\/houkutteleva.fi\/sv\/tuote\/eurohunt-ruokintakartio-fedding-cone\/\" \/>\n<meta property=\"og:site_name\" content=\"Houkutteleva\" \/>\n<meta property=\"og:image\" content=\"https:\/\/houkutteleva.fi\/wp-content\/uploads\/510042_4_ruokintapontta.jpg\" \/>\n\t<meta property=\"og:image:width\" content=\"1800\" \/>\n\t<meta property=\"og:image:height\" content=\"1800\" \/>\n\t<meta property=\"og:image:type\" content=\"image\/jpeg\" \/>\n<meta name=\"twitter:card\" content=\"summary_large_image\" \/>\n<meta name=\"twitter:label1\" content=\"Ber\u00e4knad l\u00e4stid\" \/>\n\t<meta name=\"twitter:data1\" content=\"1 minut\" \/>\n<script type=\"application\/ld+json\" class=\"yoast-schema-graph\">{\"@context\":\"https:\/\/schema.org\",\"@graph\":[{\"@type\":\"WebPage\",\"@id\":\"https:\/\/houkutteleva.fi\/sv\/tuote\/eurohunt-ruokintakartio-fedding-cone\/\",\"url\":\"https:\/\/houkutteleva.fi\/sv\/tuote\/eurohunt-ruokintakartio-fedding-cone\/\",\"name\":\"\\\"EUROHUNT-ruokintakartio\\\" - Houkutteleva\",\"isPartOf\":{\"@id\":\"https:\/\/houkutteleva.fi\/sv\/#website\"},\"primaryImageOfPage\":{\"@id\":\"https:\/\/houkutteleva.fi\/sv\/tuote\/eurohunt-ruokintakartio-fedding-cone\/#primaryimage\"},\"image\":{\"@id\":\"https:\/\/houkutteleva.fi\/sv\/tuote\/eurohunt-ruokintakartio-fedding-cone\/#primaryimage\"},\"thumbnailUrl\":\"https:\/\/houkutteleva.fi\/wp-content\/uploads\/510042_4_ruokintapontta.jpg\",\"datePublished\":\"2025-07-16T19:07:07+00:00\",\"breadcrumb\":{\"@id\":\"https:\/\/houkutteleva.fi\/sv\/tuote\/eurohunt-ruokintakartio-fedding-cone\/#breadcrumb\"},\"inLanguage\":\"sv-SE\",\"potentialAction\":[{\"@type\":\"ReadAction\",\"target\":[\"https:\/\/houkutteleva.fi\/sv\/tuote\/eurohunt-ruokintakartio-fedding-cone\/\"]}]},{\"@type\":\"ImageObject\",\"inLanguage\":\"sv-SE\",\"@id\":\"https:\/\/houkutteleva.fi\/sv\/tuote\/eurohunt-ruokintakartio-fedding-cone\/#primaryimage\",\"url\":\"https:\/\/houkutteleva.fi\/wp-content\/uploads\/510042_4_ruokintapontta.jpg\",\"contentUrl\":\"https:\/\/houkutteleva.fi\/wp-content\/uploads\/510042_4_ruokintapontta.jpg\",\"width\":1800,\"height\":1800},{\"@type\":\"BreadcrumbList\",\"@id\":\"https:\/\/houkutteleva.fi\/sv\/tuote\/eurohunt-ruokintakartio-fedding-cone\/#breadcrumb\",\"itemListElement\":[{\"@type\":\"ListItem\",\"position\":1,\"name\":\"Etusivu\",\"item\":\"https:\/\/houkutteleva.fi\/sv\/\"},{\"@type\":\"ListItem\",\"position\":2,\"name\":\"Butik\",\"item\":\"https:\/\/houkutteleva.fi\/sv\/butik\/\"},{\"@type\":\"ListItem\",\"position\":3,\"name\":\"&#8221;EUROHUNT-ruokintakartio&#8221;\"}]},{\"@type\":\"WebSite\",\"@id\":\"https:\/\/houkutteleva.fi\/sv\/#website\",\"url\":\"https:\/\/houkutteleva.fi\/sv\/\",\"name\":\"Houkutteleva\",\"description\":\"Mets\u00e4stys ja luontomatkailu Suomessa\",\"potentialAction\":[{\"@type\":\"SearchAction\",\"target\":{\"@type\":\"EntryPoint\",\"urlTemplate\":\"https:\/\/houkutteleva.fi\/sv\/?s={search_term_string}\"},\"query-input\":{\"@type\":\"PropertyValueSpecification\",\"valueRequired\":true,\"valueName\":\"search_term_string\"}}],\"inLanguage\":\"sv-SE\"}]}<\/script>\n<!-- \/ Yoast SEO plugin. -->","yoast_head_json":{"title":"\"EUROHUNT-ruokintakartio\" - Houkutteleva","robots":{"index":"index","follow":"follow","max-snippet":"max-snippet:-1","max-image-preview":"max-image-preview:large","max-video-preview":"max-video-preview:-1"},"canonical":"https:\/\/houkutteleva.fi\/sv\/tuote\/eurohunt-ruokintakartio-fedding-cone\/","og_locale":"sv_SE","og_type":"article","og_title":"\"EUROHUNT-ruokintakartio\" - Houkutteleva","og_description":"Ruokintap\u00f6ntt\u00f6 kaikille riistael\u00e4imille. Uudelleen kehitetty suppilon muoto ja 14 mm paksut rei\u00e4t (vahvistettu metallisilmukoilla) ruokinta ei tyhjene heti, vaan el\u00e4in haistaa herkun hajun ja py\u00f6rittelee suppiloa saadakseen papanoita. Ihanteellinen villisikojen pit\u00e4miseen pitk\u00e4\u00e4n ruokintapaikoilla. Kartio on pakkasenkest\u00e4v\u00e4, murtumaton ja iskunkest\u00e4v\u00e4 Kapasiteetti: n. 18 kg V\u00e4ri: ruskeanvihre\u00e4 Paino: 3,0 kg.","og_url":"https:\/\/houkutteleva.fi\/sv\/tuote\/eurohunt-ruokintakartio-fedding-cone\/","og_site_name":"Houkutteleva","og_image":[{"width":1800,"height":1800,"url":"https:\/\/houkutteleva.fi\/wp-content\/uploads\/510042_4_ruokintapontta.jpg","type":"image\/jpeg"}],"twitter_card":"summary_large_image","twitter_misc":{"Ber\u00e4knad l\u00e4stid":"1 minut"},"schema":{"@context":"https:\/\/schema.org","@graph":[{"@type":"WebPage","@id":"https:\/\/houkutteleva.fi\/sv\/tuote\/eurohunt-ruokintakartio-fedding-cone\/","url":"https:\/\/houkutteleva.fi\/sv\/tuote\/eurohunt-ruokintakartio-fedding-cone\/","name":"\"EUROHUNT-ruokintakartio\" - Houkutteleva","isPartOf":{"@id":"https:\/\/houkutteleva.fi\/sv\/#website"},"primaryImageOfPage":{"@id":"https:\/\/houkutteleva.fi\/sv\/tuote\/eurohunt-ruokintakartio-fedding-cone\/#primaryimage"},"image":{"@id":"https:\/\/houkutteleva.fi\/sv\/tuote\/eurohunt-ruokintakartio-fedding-cone\/#primaryimage"},"thumbnailUrl":"https:\/\/houkutteleva.fi\/wp-content\/uploads\/510042_4_ruokintapontta.jpg","datePublished":"2025-07-16T19:07:07+00:00","breadcrumb":{"@id":"https:\/\/houkutteleva.fi\/sv\/tuote\/eurohunt-ruokintakartio-fedding-cone\/#breadcrumb"},"inLanguage":"sv-SE","potentialAction":[{"@type":"ReadAction","target":["https:\/\/houkutteleva.fi\/sv\/tuote\/eurohunt-ruokintakartio-fedding-cone\/"]}]},{"@type":"ImageObject","inLanguage":"sv-SE","@id":"https:\/\/houkutteleva.fi\/sv\/tuote\/eurohunt-ruokintakartio-fedding-cone\/#primaryimage","url":"https:\/\/houkutteleva.fi\/wp-content\/uploads\/510042_4_ruokintapontta.jpg","contentUrl":"https:\/\/houkutteleva.fi\/wp-content\/uploads\/510042_4_ruokintapontta.jpg","width":1800,"height":1800},{"@type":"BreadcrumbList","@id":"https:\/\/houkutteleva.fi\/sv\/tuote\/eurohunt-ruokintakartio-fedding-cone\/#breadcrumb","itemListElement":[{"@type":"ListItem","position":1,"name":"Etusivu","item":"https:\/\/houkutteleva.fi\/sv\/"},{"@type":"ListItem","position":2,"name":"Butik","item":"https:\/\/houkutteleva.fi\/sv\/butik\/"},{"@type":"ListItem","position":3,"name":"&#8221;EUROHUNT-ruokintakartio&#8221;"}]},{"@type":"WebSite","@id":"https:\/\/houkutteleva.fi\/sv\/#website","url":"https:\/\/houkutteleva.fi\/sv\/","name":"Houkutteleva","description":"Mets\u00e4stys ja luontomatkailu Suomessa","potentialAction":[{"@type":"SearchAction","target":{"@type":"EntryPoint","urlTemplate":"https:\/\/houkutteleva.fi\/sv\/?s={search_term_string}"},"query-input":{"@type":"PropertyValueSpecification","valueRequired":true,"valueName":"search_term_string"}}],"inLanguage":"sv-SE"}]}},"_links":{"self":[{"href":"https:\/\/houkutteleva.fi\/sv\/wp-json\/wp\/v2\/product\/1443","targetHints":{"allow":["GET"]}}],"collection":[{"href":"https:\/\/houkutteleva.fi\/sv\/wp-json\/wp\/v2\/product"}],"about":[{"href":"https:\/\/houkutteleva.fi\/sv\/wp-json\/wp\/v2\/types\/product"}],"wp:featuredmedia":[{"embeddable":true,"href":"https:\/\/houkutteleva.fi\/sv\/wp-json\/wp\/v2\/media\/1444"}],"wp:attachment":[{"href":"https:\/\/houkutteleva.fi\/sv\/wp-json\/wp\/v2\/media?parent=1443"}],"wp:term":[{"taxonomy":"product_brand","embeddable":true,"href":"https:\/\/houkutteleva.fi\/sv\/wp-json\/wp\/v2\/product_brand?post=1443"},{"taxonomy":"product_cat","embeddable":true,"href":"https:\/\/houkutteleva.fi\/sv\/wp-json\/wp\/v2\/product_cat?post=1443"},{"taxonomy":"product_tag","embeddable":true,"href":"https:\/\/houkutteleva.fi\/sv\/wp-json\/wp\/v2\/product_tag?post=1443"}],"curies":[{"name":"wp","href":"https:\/\/api.w.org\/{rel}","templated":true}]}}