{"id":1435,"date":"2025-07-13T23:36:03","date_gmt":"2025-07-13T20:36:03","guid":{"rendered":"https:\/\/houkutteleva.fi\/?post_type=product&#038;p=1435"},"modified":"2025-07-16T21:43:00","modified_gmt":"2025-07-16T18:43:00","slug":"minkki-ja-naataloukku","status":"publish","type":"product","link":"https:\/\/houkutteleva.fi\/sv\/tuote\/minkki-ja-naataloukku\/","title":{"rendered":"Minkki- ja n\u00e4\u00e4t\u00e4loukku"},"content":{"rendered":"<p>Tehokas kotimainen k\u00e4ytt\u00f6valmis hetitappava loukku minkille ja n\u00e4\u00e4d\u00e4lle. Eritt\u00e4in luja rakenne. Valmistettu puusta ja vanerista. Kevyt ja turvallinen irrotettavalla kammella. Voit laittaa mink\u00e4 tahansa oman laukaisimen loukun sis\u00e4lle. Yksi sis\u00e4\u00e4nmenoaukkoa, jonka halkaisija on 78 mm.<\/p>\n<p>Tuotteen ominaisuudet\/kuvaus:<\/p>\n<ul>\n<li>Valmistettu Suomessa<\/li>\n<li>Avattava kansi<\/li>\n<li>Mukana ei siis tule virityskampea tai laukaisinta<\/li>\n<li>puinen rakenne mahdollistaa helpon asennuksen<\/li>\n<li>Pituus 60 cm, leveys 20 cm, korkeus 18 cm<\/li>\n<li>Paino 3 kg<\/li>\n<\/ul>\n","protected":false},"excerpt":{"rendered":"<p>Tehokas kotimainen k\u00e4ytt\u00f6valmis hetitappava loukku minkille ja n\u00e4\u00e4d\u00e4lle. Eritt\u00e4in luja rakenne. Valmistettu puusta ja vanerista. Kevyt ja turvallinen irrotettavalla kammella. Voit laittaa mink\u00e4 tahansa oman laukaisimen loukun sis\u00e4lle. Yksi sis\u00e4\u00e4nmenoaukkoa, jonka halkaisija on 78 mm. Tuotteen ominaisuudet\/kuvaus: Valmistettu Suomessa Avattava kansi Mukana ei siis tule virityskampea tai laukaisinta puinen rakenne mahdollistaa helpon asennuksen Pituus 60 [&hellip;]<\/p>\n","protected":false},"featured_media":1441,"template":"","meta":{"_et_pb_use_builder":"","_et_pb_old_content":"","_et_gb_content_width":""},"product_brand":[],"product_cat":[50],"product_tag":[68,69],"class_list":{"0":"post-1435","1":"product","2":"type-product","3":"status-publish","4":"has-post-thumbnail","6":"product_cat-tuotteet-metsastajalle","7":"product_tag-minkkiloukku","8":"product_tag-naataloukku-ja-pyyntilaite","10":"first","11":"instock","12":"taxable","13":"shipping-taxable","14":"purchasable","15":"product-type-simple"},"yoast_head":"<!-- This site is optimized with the Yoast SEO plugin v26.6 - https:\/\/yoast.com\/wordpress\/plugins\/seo\/ -->\n<title>Minkki- ja n\u00e4\u00e4t\u00e4loukku - Houkutteleva<\/title>\n<meta name=\"description\" content=\"Tehokas kotimainen k\u00e4ytt\u00f6valmis hetitappava loukku minkille ja n\u00e4\u00e4d\u00e4lle. Eritt\u00e4in luja rakenne. Valmistettu puusta ja vanerista. Kevyt ja turvallinen irrotettavalla kammella. Voit laittaa mink\u00e4 tahansa oman laukaisimen loukun sis\u00e4lle. Yksi sis\u00e4\u00e4nmenoaukkoa, jonka halkaisija on 78 mm.\" \/>\n<meta name=\"robots\" content=\"index, follow, max-snippet:-1, max-image-preview:large, max-video-preview:-1\" \/>\n<link rel=\"canonical\" href=\"https:\/\/houkutteleva.fi\/sv\/tuote\/minkki-ja-naataloukku\/\" \/>\n<meta property=\"og:locale\" content=\"sv_SE\" \/>\n<meta property=\"og:type\" content=\"article\" \/>\n<meta property=\"og:title\" content=\"Minkki- ja n\u00e4\u00e4t\u00e4loukku - Houkutteleva\" \/>\n<meta property=\"og:description\" content=\"Tehokas kotimainen k\u00e4ytt\u00f6valmis hetitappava loukku minkille ja n\u00e4\u00e4d\u00e4lle. Eritt\u00e4in luja rakenne. Valmistettu puusta ja vanerista. Kevyt ja turvallinen irrotettavalla kammella. Voit laittaa mink\u00e4 tahansa oman laukaisimen loukun sis\u00e4lle. Yksi sis\u00e4\u00e4nmenoaukkoa, jonka halkaisija on 78 mm.\" \/>\n<meta property=\"og:url\" content=\"https:\/\/houkutteleva.fi\/sv\/tuote\/minkki-ja-naataloukku\/\" \/>\n<meta property=\"og:site_name\" content=\"Houkutteleva\" \/>\n<meta property=\"article:modified_time\" content=\"2025-07-16T18:43:00+00:00\" \/>\n<meta property=\"og:image\" content=\"https:\/\/houkutteleva.fi\/wp-content\/uploads\/Minkkiloukku-sisalta_pienen.jpg\" \/>\n\t<meta property=\"og:image:width\" content=\"481\" \/>\n\t<meta property=\"og:image:height\" content=\"640\" \/>\n\t<meta property=\"og:image:type\" content=\"image\/jpeg\" \/>\n<meta name=\"twitter:card\" content=\"summary_large_image\" \/>\n<meta name=\"twitter:label1\" content=\"Ber\u00e4knad l\u00e4stid\" \/>\n\t<meta name=\"twitter:data1\" content=\"1 minut\" \/>\n<script type=\"application\/ld+json\" class=\"yoast-schema-graph\">{\"@context\":\"https:\/\/schema.org\",\"@graph\":[{\"@type\":\"WebPage\",\"@id\":\"https:\/\/houkutteleva.fi\/sv\/tuote\/minkki-ja-naataloukku\/\",\"url\":\"https:\/\/houkutteleva.fi\/sv\/tuote\/minkki-ja-naataloukku\/\",\"name\":\"Minkki- ja n\u00e4\u00e4t\u00e4loukku - Houkutteleva\",\"isPartOf\":{\"@id\":\"https:\/\/houkutteleva.fi\/sv\/#website\"},\"primaryImageOfPage\":{\"@id\":\"https:\/\/houkutteleva.fi\/sv\/tuote\/minkki-ja-naataloukku\/#primaryimage\"},\"image\":{\"@id\":\"https:\/\/houkutteleva.fi\/sv\/tuote\/minkki-ja-naataloukku\/#primaryimage\"},\"thumbnailUrl\":\"https:\/\/houkutteleva.fi\/wp-content\/uploads\/Minkkiloukku-sisalta_pienen.jpg\",\"datePublished\":\"2025-07-13T20:36:03+00:00\",\"dateModified\":\"2025-07-16T18:43:00+00:00\",\"description\":\"Tehokas kotimainen k\u00e4ytt\u00f6valmis hetitappava loukku minkille ja n\u00e4\u00e4d\u00e4lle. Eritt\u00e4in luja rakenne. Valmistettu puusta ja vanerista. Kevyt ja turvallinen irrotettavalla kammella. Voit laittaa mink\u00e4 tahansa oman laukaisimen loukun sis\u00e4lle. Yksi sis\u00e4\u00e4nmenoaukkoa, jonka halkaisija on 78 mm.\",\"breadcrumb\":{\"@id\":\"https:\/\/houkutteleva.fi\/sv\/tuote\/minkki-ja-naataloukku\/#breadcrumb\"},\"inLanguage\":\"sv-SE\",\"potentialAction\":[{\"@type\":\"ReadAction\",\"target\":[\"https:\/\/houkutteleva.fi\/sv\/tuote\/minkki-ja-naataloukku\/\"]}]},{\"@type\":\"ImageObject\",\"inLanguage\":\"sv-SE\",\"@id\":\"https:\/\/houkutteleva.fi\/sv\/tuote\/minkki-ja-naataloukku\/#primaryimage\",\"url\":\"https:\/\/houkutteleva.fi\/wp-content\/uploads\/Minkkiloukku-sisalta_pienen.jpg\",\"contentUrl\":\"https:\/\/houkutteleva.fi\/wp-content\/uploads\/Minkkiloukku-sisalta_pienen.jpg\",\"width\":481,\"height\":640},{\"@type\":\"BreadcrumbList\",\"@id\":\"https:\/\/houkutteleva.fi\/sv\/tuote\/minkki-ja-naataloukku\/#breadcrumb\",\"itemListElement\":[{\"@type\":\"ListItem\",\"position\":1,\"name\":\"Etusivu\",\"item\":\"https:\/\/houkutteleva.fi\/sv\/\"},{\"@type\":\"ListItem\",\"position\":2,\"name\":\"Butik\",\"item\":\"https:\/\/houkutteleva.fi\/sv\/butik\/\"},{\"@type\":\"ListItem\",\"position\":3,\"name\":\"Minkki- ja n\u00e4\u00e4t\u00e4loukku\"}]},{\"@type\":\"WebSite\",\"@id\":\"https:\/\/houkutteleva.fi\/sv\/#website\",\"url\":\"https:\/\/houkutteleva.fi\/sv\/\",\"name\":\"Houkutteleva\",\"description\":\"Mets\u00e4stys ja luontomatkailu Suomessa\",\"potentialAction\":[{\"@type\":\"SearchAction\",\"target\":{\"@type\":\"EntryPoint\",\"urlTemplate\":\"https:\/\/houkutteleva.fi\/sv\/?s={search_term_string}\"},\"query-input\":{\"@type\":\"PropertyValueSpecification\",\"valueRequired\":true,\"valueName\":\"search_term_string\"}}],\"inLanguage\":\"sv-SE\"}]}<\/script>\n<!-- \/ Yoast SEO plugin. -->","yoast_head_json":{"title":"Minkki- ja n\u00e4\u00e4t\u00e4loukku - Houkutteleva","description":"Tehokas kotimainen k\u00e4ytt\u00f6valmis hetitappava loukku minkille ja n\u00e4\u00e4d\u00e4lle. Eritt\u00e4in luja rakenne. Valmistettu puusta ja vanerista. Kevyt ja turvallinen irrotettavalla kammella. Voit laittaa mink\u00e4 tahansa oman laukaisimen loukun sis\u00e4lle. Yksi sis\u00e4\u00e4nmenoaukkoa, jonka halkaisija on 78 mm.","robots":{"index":"index","follow":"follow","max-snippet":"max-snippet:-1","max-image-preview":"max-image-preview:large","max-video-preview":"max-video-preview:-1"},"canonical":"https:\/\/houkutteleva.fi\/sv\/tuote\/minkki-ja-naataloukku\/","og_locale":"sv_SE","og_type":"article","og_title":"Minkki- ja n\u00e4\u00e4t\u00e4loukku - Houkutteleva","og_description":"Tehokas kotimainen k\u00e4ytt\u00f6valmis hetitappava loukku minkille ja n\u00e4\u00e4d\u00e4lle. Eritt\u00e4in luja rakenne. Valmistettu puusta ja vanerista. Kevyt ja turvallinen irrotettavalla kammella. Voit laittaa mink\u00e4 tahansa oman laukaisimen loukun sis\u00e4lle. Yksi sis\u00e4\u00e4nmenoaukkoa, jonka halkaisija on 78 mm.","og_url":"https:\/\/houkutteleva.fi\/sv\/tuote\/minkki-ja-naataloukku\/","og_site_name":"Houkutteleva","article_modified_time":"2025-07-16T18:43:00+00:00","og_image":[{"width":481,"height":640,"url":"https:\/\/houkutteleva.fi\/wp-content\/uploads\/Minkkiloukku-sisalta_pienen.jpg","type":"image\/jpeg"}],"twitter_card":"summary_large_image","twitter_misc":{"Ber\u00e4knad l\u00e4stid":"1 minut"},"schema":{"@context":"https:\/\/schema.org","@graph":[{"@type":"WebPage","@id":"https:\/\/houkutteleva.fi\/sv\/tuote\/minkki-ja-naataloukku\/","url":"https:\/\/houkutteleva.fi\/sv\/tuote\/minkki-ja-naataloukku\/","name":"Minkki- ja n\u00e4\u00e4t\u00e4loukku - Houkutteleva","isPartOf":{"@id":"https:\/\/houkutteleva.fi\/sv\/#website"},"primaryImageOfPage":{"@id":"https:\/\/houkutteleva.fi\/sv\/tuote\/minkki-ja-naataloukku\/#primaryimage"},"image":{"@id":"https:\/\/houkutteleva.fi\/sv\/tuote\/minkki-ja-naataloukku\/#primaryimage"},"thumbnailUrl":"https:\/\/houkutteleva.fi\/wp-content\/uploads\/Minkkiloukku-sisalta_pienen.jpg","datePublished":"2025-07-13T20:36:03+00:00","dateModified":"2025-07-16T18:43:00+00:00","description":"Tehokas kotimainen k\u00e4ytt\u00f6valmis hetitappava loukku minkille ja n\u00e4\u00e4d\u00e4lle. Eritt\u00e4in luja rakenne. Valmistettu puusta ja vanerista. Kevyt ja turvallinen irrotettavalla kammella. Voit laittaa mink\u00e4 tahansa oman laukaisimen loukun sis\u00e4lle. Yksi sis\u00e4\u00e4nmenoaukkoa, jonka halkaisija on 78 mm.","breadcrumb":{"@id":"https:\/\/houkutteleva.fi\/sv\/tuote\/minkki-ja-naataloukku\/#breadcrumb"},"inLanguage":"sv-SE","potentialAction":[{"@type":"ReadAction","target":["https:\/\/houkutteleva.fi\/sv\/tuote\/minkki-ja-naataloukku\/"]}]},{"@type":"ImageObject","inLanguage":"sv-SE","@id":"https:\/\/houkutteleva.fi\/sv\/tuote\/minkki-ja-naataloukku\/#primaryimage","url":"https:\/\/houkutteleva.fi\/wp-content\/uploads\/Minkkiloukku-sisalta_pienen.jpg","contentUrl":"https:\/\/houkutteleva.fi\/wp-content\/uploads\/Minkkiloukku-sisalta_pienen.jpg","width":481,"height":640},{"@type":"BreadcrumbList","@id":"https:\/\/houkutteleva.fi\/sv\/tuote\/minkki-ja-naataloukku\/#breadcrumb","itemListElement":[{"@type":"ListItem","position":1,"name":"Etusivu","item":"https:\/\/houkutteleva.fi\/sv\/"},{"@type":"ListItem","position":2,"name":"Butik","item":"https:\/\/houkutteleva.fi\/sv\/butik\/"},{"@type":"ListItem","position":3,"name":"Minkki- ja n\u00e4\u00e4t\u00e4loukku"}]},{"@type":"WebSite","@id":"https:\/\/houkutteleva.fi\/sv\/#website","url":"https:\/\/houkutteleva.fi\/sv\/","name":"Houkutteleva","description":"Mets\u00e4stys ja luontomatkailu Suomessa","potentialAction":[{"@type":"SearchAction","target":{"@type":"EntryPoint","urlTemplate":"https:\/\/houkutteleva.fi\/sv\/?s={search_term_string}"},"query-input":{"@type":"PropertyValueSpecification","valueRequired":true,"valueName":"search_term_string"}}],"inLanguage":"sv-SE"}]}},"_links":{"self":[{"href":"https:\/\/houkutteleva.fi\/sv\/wp-json\/wp\/v2\/product\/1435","targetHints":{"allow":["GET"]}}],"collection":[{"href":"https:\/\/houkutteleva.fi\/sv\/wp-json\/wp\/v2\/product"}],"about":[{"href":"https:\/\/houkutteleva.fi\/sv\/wp-json\/wp\/v2\/types\/product"}],"wp:featuredmedia":[{"embeddable":true,"href":"https:\/\/houkutteleva.fi\/sv\/wp-json\/wp\/v2\/media\/1441"}],"wp:attachment":[{"href":"https:\/\/houkutteleva.fi\/sv\/wp-json\/wp\/v2\/media?parent=1435"}],"wp:term":[{"taxonomy":"product_brand","embeddable":true,"href":"https:\/\/houkutteleva.fi\/sv\/wp-json\/wp\/v2\/product_brand?post=1435"},{"taxonomy":"product_cat","embeddable":true,"href":"https:\/\/houkutteleva.fi\/sv\/wp-json\/wp\/v2\/product_cat?post=1435"},{"taxonomy":"product_tag","embeddable":true,"href":"https:\/\/houkutteleva.fi\/sv\/wp-json\/wp\/v2\/product_tag?post=1435"}],"curies":[{"name":"wp","href":"https:\/\/api.w.org\/{rel}","templated":true}]}}