{"id":1408,"date":"2025-05-17T19:35:23","date_gmt":"2025-05-17T16:35:23","guid":{"rendered":"https:\/\/houkutteleva.fi\/?post_type=product&#038;p=1408"},"modified":"2025-07-16T21:58:21","modified_gmt":"2025-07-16T18:58:21","slug":"evolution-ruokinta-automaatti-prospektuksen-papanoille","status":"publish","type":"product","link":"https:\/\/houkutteleva.fi\/sv\/tuote\/evolution-ruokinta-automaatti-prospektuksen-papanoille\/","title":{"rendered":"Evolution -ruokinta-automaatti Prospektuksen -papanoille"},"content":{"rendered":"<p>EUROHUNT-ruokinta-automaatti asennetaan sopivaan houkuttelupaikkaan. Sy\u00f6tt\u00f6laite voidaan irrottaa s\u00e4ilytysastiasta, pidike j\u00e4\u00e4 s\u00e4ilytysastiaan. Pidikkeess\u00e4 oleva l\u00e4pp\u00e4 est\u00e4\u00e4 ei-toivotun rehun putoamisen s\u00e4ilytysastiasta. N\u00e4in ruokinta-automaattia on helppo s\u00e4\u00e4t\u00e4\u00e4. EUROHUNT-sy\u00f6tt\u00f6automaatti on varustettu levityskiekon suojah\u00e4kill\u00e4. Sen alla on suppilo, joka valuttaa ylim\u00e4\u00e4r\u00e4isen rehun alasp\u00e4in. Sy\u00f6tt\u00f6laitteeseen ei j\u00e4\u00e4 papana- tai rehuj\u00e4\u00e4mi\u00e4. Levityskiekko on suljettu, kun sit\u00e4 ei k\u00e4ytet\u00e4, ei rehuun p\u00e4\u00e4se suoraan k\u00e4siksi. Vasta kun ruokinta-automaatti kytket\u00e4\u00e4n p\u00e4\u00e4lle, levityskiekon l\u00e4p\u00e4t avautuvat keskipakovoiman vaikutuksesta ja papanat levi\u00e4\u00e4. Kun levitysprosessi on p\u00e4\u00e4ttynyt, l\u00e4p\u00e4t sulkeutuvat j\u00e4lleen automaattisesti. Sy\u00f6tt\u00f6automaatti on helppo ohjelmoida digitaalisen ohjausyksik\u00f6n avulla.<\/p>\n<p>Sorkkael\u00e4imille tarkoitettuja papanoita k\u00e4ytet\u00e4\u00e4n stimuloimaan niiden sy\u00f6nti\u00e4 ja edist\u00e4m\u00e4\u00e4n riistan ja trofeiden kehityst\u00e4.<\/p>\n","protected":false},"excerpt":{"rendered":"<p>Automaatilla houkuttelet riistaa paikalle, muttet sy\u00f6t\u00e4 niit\u00e4 ja automaatti sinkoaa houkutteluainetta vain tarvittavan m\u00e4\u00e4r\u00e4.<\/p>\n<p>Ruokinta-automaatti annostelee sopivaan m\u00e4\u00e4r\u00e4n sy\u00f6t\u00e4v\u00e4\u00e4 houkuttelupaikkaan. Ruokinta-automaattia on helppo s\u00e4\u00e4t\u00e4\u00e4. Sy\u00f6tt\u00f6laitteeseen ei j\u00e4\u00e4 papana- tai rehuj\u00e4\u00e4mi\u00e4. Levityskiekko on suljettu, kun sit\u00e4 ei k\u00e4ytet\u00e4, ei rehuun p\u00e4\u00e4se suoraan k\u00e4siksi. Vasta kun ruokinta-automaatti kytket\u00e4\u00e4n p\u00e4\u00e4lle, levityskiekon l\u00e4p\u00e4t avautuvat keskipakovoiman vaikutuksesta ja papanat levi\u00e4\u00e4. Kun levitysprosessi on p\u00e4\u00e4ttynyt, l\u00e4p\u00e4t sulkeutuvat j\u00e4lleen automaattisesti. Sy\u00f6tt\u00f6automaatti on helppo ohjelmoida digitaalisen ohjausyksik\u00f6n avulla.<\/p>\n","protected":false},"featured_media":1409,"template":"","meta":{"_et_pb_use_builder":"","_et_pb_old_content":"","_et_gb_content_width":""},"product_brand":[],"product_cat":[50],"product_tag":[71],"class_list":{"0":"post-1408","1":"product","2":"type-product","3":"status-publish","4":"has-post-thumbnail","6":"product_cat-tuotteet-metsastajalle","7":"product_tag-eurohunt-ruokinta-automaatti","9":"first","10":"instock","11":"taxable","12":"shipping-taxable","13":"purchasable","14":"product-type-simple"},"yoast_head":"<!-- This site is optimized with the Yoast SEO plugin v26.6 - https:\/\/yoast.com\/wordpress\/plugins\/seo\/ -->\n<title>Evolution -ruokinta-automaatti Prospektuksen -papanoille - Houkutteleva<\/title>\n<meta name=\"description\" content=\"Sorkkael\u00e4imille tarkoitettuja papanoita k\u00e4ytet\u00e4\u00e4n stimuloimaan niiden sy\u00f6nti\u00e4 ja edist\u00e4m\u00e4\u00e4n riistan ja trofeiden kehityst\u00e4.\" \/>\n<meta name=\"robots\" content=\"index, follow, max-snippet:-1, max-image-preview:large, max-video-preview:-1\" \/>\n<link rel=\"canonical\" href=\"https:\/\/houkutteleva.fi\/sv\/tuote\/evolution-ruokinta-automaatti-prospektuksen-papanoille\/\" \/>\n<meta property=\"og:locale\" content=\"sv_SE\" \/>\n<meta property=\"og:type\" content=\"article\" \/>\n<meta property=\"og:title\" content=\"Evolution -ruokinta-automaatti Prospektuksen -papanoille - Houkutteleva\" \/>\n<meta property=\"og:description\" content=\"Sorkkael\u00e4imille tarkoitettuja papanoita k\u00e4ytet\u00e4\u00e4n stimuloimaan niiden sy\u00f6nti\u00e4 ja edist\u00e4m\u00e4\u00e4n riistan ja trofeiden kehityst\u00e4.\" \/>\n<meta property=\"og:url\" content=\"https:\/\/houkutteleva.fi\/sv\/tuote\/evolution-ruokinta-automaatti-prospektuksen-papanoille\/\" \/>\n<meta property=\"og:site_name\" content=\"Houkutteleva\" \/>\n<meta property=\"article:modified_time\" content=\"2025-07-16T18:58:21+00:00\" \/>\n<meta property=\"og:image\" content=\"https:\/\/houkutteleva.fi\/wp-content\/uploads\/510027_2_rukinta-automaatti.jpg\" \/>\n\t<meta property=\"og:image:width\" content=\"1800\" \/>\n\t<meta property=\"og:image:height\" content=\"1800\" \/>\n\t<meta property=\"og:image:type\" content=\"image\/jpeg\" \/>\n<meta name=\"twitter:card\" content=\"summary_large_image\" \/>\n<meta name=\"twitter:label1\" content=\"Ber\u00e4knad l\u00e4stid\" \/>\n\t<meta name=\"twitter:data1\" content=\"1 minut\" \/>\n<script type=\"application\/ld+json\" class=\"yoast-schema-graph\">{\"@context\":\"https:\/\/schema.org\",\"@graph\":[{\"@type\":\"WebPage\",\"@id\":\"https:\/\/houkutteleva.fi\/sv\/tuote\/evolution-ruokinta-automaatti-prospektuksen-papanoille\/\",\"url\":\"https:\/\/houkutteleva.fi\/sv\/tuote\/evolution-ruokinta-automaatti-prospektuksen-papanoille\/\",\"name\":\"Evolution -ruokinta-automaatti Prospektuksen -papanoille - Houkutteleva\",\"isPartOf\":{\"@id\":\"https:\/\/houkutteleva.fi\/sv\/#website\"},\"primaryImageOfPage\":{\"@id\":\"https:\/\/houkutteleva.fi\/sv\/tuote\/evolution-ruokinta-automaatti-prospektuksen-papanoille\/#primaryimage\"},\"image\":{\"@id\":\"https:\/\/houkutteleva.fi\/sv\/tuote\/evolution-ruokinta-automaatti-prospektuksen-papanoille\/#primaryimage\"},\"thumbnailUrl\":\"https:\/\/houkutteleva.fi\/wp-content\/uploads\/510027_2_rukinta-automaatti.jpg\",\"datePublished\":\"2025-05-17T16:35:23+00:00\",\"dateModified\":\"2025-07-16T18:58:21+00:00\",\"description\":\"Sorkkael\u00e4imille tarkoitettuja papanoita k\u00e4ytet\u00e4\u00e4n stimuloimaan niiden sy\u00f6nti\u00e4 ja edist\u00e4m\u00e4\u00e4n riistan ja trofeiden kehityst\u00e4.\",\"breadcrumb\":{\"@id\":\"https:\/\/houkutteleva.fi\/sv\/tuote\/evolution-ruokinta-automaatti-prospektuksen-papanoille\/#breadcrumb\"},\"inLanguage\":\"sv-SE\",\"potentialAction\":[{\"@type\":\"ReadAction\",\"target\":[\"https:\/\/houkutteleva.fi\/sv\/tuote\/evolution-ruokinta-automaatti-prospektuksen-papanoille\/\"]}]},{\"@type\":\"ImageObject\",\"inLanguage\":\"sv-SE\",\"@id\":\"https:\/\/houkutteleva.fi\/sv\/tuote\/evolution-ruokinta-automaatti-prospektuksen-papanoille\/#primaryimage\",\"url\":\"https:\/\/houkutteleva.fi\/wp-content\/uploads\/510027_2_rukinta-automaatti.jpg\",\"contentUrl\":\"https:\/\/houkutteleva.fi\/wp-content\/uploads\/510027_2_rukinta-automaatti.jpg\",\"width\":1800,\"height\":1800,\"caption\":\"ruokinta-automaatti\"},{\"@type\":\"BreadcrumbList\",\"@id\":\"https:\/\/houkutteleva.fi\/sv\/tuote\/evolution-ruokinta-automaatti-prospektuksen-papanoille\/#breadcrumb\",\"itemListElement\":[{\"@type\":\"ListItem\",\"position\":1,\"name\":\"Etusivu\",\"item\":\"https:\/\/houkutteleva.fi\/sv\/\"},{\"@type\":\"ListItem\",\"position\":2,\"name\":\"Butik\",\"item\":\"https:\/\/houkutteleva.fi\/sv\/butik\/\"},{\"@type\":\"ListItem\",\"position\":3,\"name\":\"Evolution -ruokinta-automaatti Prospektuksen -papanoille\"}]},{\"@type\":\"WebSite\",\"@id\":\"https:\/\/houkutteleva.fi\/sv\/#website\",\"url\":\"https:\/\/houkutteleva.fi\/sv\/\",\"name\":\"Houkutteleva\",\"description\":\"Mets\u00e4stys ja luontomatkailu Suomessa\",\"potentialAction\":[{\"@type\":\"SearchAction\",\"target\":{\"@type\":\"EntryPoint\",\"urlTemplate\":\"https:\/\/houkutteleva.fi\/sv\/?s={search_term_string}\"},\"query-input\":{\"@type\":\"PropertyValueSpecification\",\"valueRequired\":true,\"valueName\":\"search_term_string\"}}],\"inLanguage\":\"sv-SE\"}]}<\/script>\n<!-- \/ Yoast SEO plugin. -->","yoast_head_json":{"title":"Evolution -ruokinta-automaatti Prospektuksen -papanoille - Houkutteleva","description":"Sorkkael\u00e4imille tarkoitettuja papanoita k\u00e4ytet\u00e4\u00e4n stimuloimaan niiden sy\u00f6nti\u00e4 ja edist\u00e4m\u00e4\u00e4n riistan ja trofeiden kehityst\u00e4.","robots":{"index":"index","follow":"follow","max-snippet":"max-snippet:-1","max-image-preview":"max-image-preview:large","max-video-preview":"max-video-preview:-1"},"canonical":"https:\/\/houkutteleva.fi\/sv\/tuote\/evolution-ruokinta-automaatti-prospektuksen-papanoille\/","og_locale":"sv_SE","og_type":"article","og_title":"Evolution -ruokinta-automaatti Prospektuksen -papanoille - Houkutteleva","og_description":"Sorkkael\u00e4imille tarkoitettuja papanoita k\u00e4ytet\u00e4\u00e4n stimuloimaan niiden sy\u00f6nti\u00e4 ja edist\u00e4m\u00e4\u00e4n riistan ja trofeiden kehityst\u00e4.","og_url":"https:\/\/houkutteleva.fi\/sv\/tuote\/evolution-ruokinta-automaatti-prospektuksen-papanoille\/","og_site_name":"Houkutteleva","article_modified_time":"2025-07-16T18:58:21+00:00","og_image":[{"width":1800,"height":1800,"url":"https:\/\/houkutteleva.fi\/wp-content\/uploads\/510027_2_rukinta-automaatti.jpg","type":"image\/jpeg"}],"twitter_card":"summary_large_image","twitter_misc":{"Ber\u00e4knad l\u00e4stid":"1 minut"},"schema":{"@context":"https:\/\/schema.org","@graph":[{"@type":"WebPage","@id":"https:\/\/houkutteleva.fi\/sv\/tuote\/evolution-ruokinta-automaatti-prospektuksen-papanoille\/","url":"https:\/\/houkutteleva.fi\/sv\/tuote\/evolution-ruokinta-automaatti-prospektuksen-papanoille\/","name":"Evolution -ruokinta-automaatti Prospektuksen -papanoille - Houkutteleva","isPartOf":{"@id":"https:\/\/houkutteleva.fi\/sv\/#website"},"primaryImageOfPage":{"@id":"https:\/\/houkutteleva.fi\/sv\/tuote\/evolution-ruokinta-automaatti-prospektuksen-papanoille\/#primaryimage"},"image":{"@id":"https:\/\/houkutteleva.fi\/sv\/tuote\/evolution-ruokinta-automaatti-prospektuksen-papanoille\/#primaryimage"},"thumbnailUrl":"https:\/\/houkutteleva.fi\/wp-content\/uploads\/510027_2_rukinta-automaatti.jpg","datePublished":"2025-05-17T16:35:23+00:00","dateModified":"2025-07-16T18:58:21+00:00","description":"Sorkkael\u00e4imille tarkoitettuja papanoita k\u00e4ytet\u00e4\u00e4n stimuloimaan niiden sy\u00f6nti\u00e4 ja edist\u00e4m\u00e4\u00e4n riistan ja trofeiden kehityst\u00e4.","breadcrumb":{"@id":"https:\/\/houkutteleva.fi\/sv\/tuote\/evolution-ruokinta-automaatti-prospektuksen-papanoille\/#breadcrumb"},"inLanguage":"sv-SE","potentialAction":[{"@type":"ReadAction","target":["https:\/\/houkutteleva.fi\/sv\/tuote\/evolution-ruokinta-automaatti-prospektuksen-papanoille\/"]}]},{"@type":"ImageObject","inLanguage":"sv-SE","@id":"https:\/\/houkutteleva.fi\/sv\/tuote\/evolution-ruokinta-automaatti-prospektuksen-papanoille\/#primaryimage","url":"https:\/\/houkutteleva.fi\/wp-content\/uploads\/510027_2_rukinta-automaatti.jpg","contentUrl":"https:\/\/houkutteleva.fi\/wp-content\/uploads\/510027_2_rukinta-automaatti.jpg","width":1800,"height":1800,"caption":"ruokinta-automaatti"},{"@type":"BreadcrumbList","@id":"https:\/\/houkutteleva.fi\/sv\/tuote\/evolution-ruokinta-automaatti-prospektuksen-papanoille\/#breadcrumb","itemListElement":[{"@type":"ListItem","position":1,"name":"Etusivu","item":"https:\/\/houkutteleva.fi\/sv\/"},{"@type":"ListItem","position":2,"name":"Butik","item":"https:\/\/houkutteleva.fi\/sv\/butik\/"},{"@type":"ListItem","position":3,"name":"Evolution -ruokinta-automaatti Prospektuksen -papanoille"}]},{"@type":"WebSite","@id":"https:\/\/houkutteleva.fi\/sv\/#website","url":"https:\/\/houkutteleva.fi\/sv\/","name":"Houkutteleva","description":"Mets\u00e4stys ja luontomatkailu Suomessa","potentialAction":[{"@type":"SearchAction","target":{"@type":"EntryPoint","urlTemplate":"https:\/\/houkutteleva.fi\/sv\/?s={search_term_string}"},"query-input":{"@type":"PropertyValueSpecification","valueRequired":true,"valueName":"search_term_string"}}],"inLanguage":"sv-SE"}]}},"_links":{"self":[{"href":"https:\/\/houkutteleva.fi\/sv\/wp-json\/wp\/v2\/product\/1408","targetHints":{"allow":["GET"]}}],"collection":[{"href":"https:\/\/houkutteleva.fi\/sv\/wp-json\/wp\/v2\/product"}],"about":[{"href":"https:\/\/houkutteleva.fi\/sv\/wp-json\/wp\/v2\/types\/product"}],"wp:featuredmedia":[{"embeddable":true,"href":"https:\/\/houkutteleva.fi\/sv\/wp-json\/wp\/v2\/media\/1409"}],"wp:attachment":[{"href":"https:\/\/houkutteleva.fi\/sv\/wp-json\/wp\/v2\/media?parent=1408"}],"wp:term":[{"taxonomy":"product_brand","embeddable":true,"href":"https:\/\/houkutteleva.fi\/sv\/wp-json\/wp\/v2\/product_brand?post=1408"},{"taxonomy":"product_cat","embeddable":true,"href":"https:\/\/houkutteleva.fi\/sv\/wp-json\/wp\/v2\/product_cat?post=1408"},{"taxonomy":"product_tag","embeddable":true,"href":"https:\/\/houkutteleva.fi\/sv\/wp-json\/wp\/v2\/product_tag?post=1408"}],"curies":[{"name":"wp","href":"https:\/\/api.w.org\/{rel}","templated":true}]}}