{"id":1362,"date":"2025-04-23T12:30:29","date_gmt":"2025-04-23T09:30:29","guid":{"rendered":"https:\/\/houkutteleva.fi\/?post_type=product&#038;p=1362"},"modified":"2026-01-28T12:27:39","modified_gmt":"2026-01-28T10:27:39","slug":"talja-ilves","status":"publish","type":"product","link":"https:\/\/houkutteleva.fi\/sv\/tuote\/talja-ilves\/","title":{"rendered":"Ilveksen talja, alustakankaalla ja kallo"},"content":{"rendered":"<p>Kysy lis\u00e4\u00e4 t\u00e4ytetyist\u00e4 el\u00e4imist\u00e4 <a href=\"mailto:hunting@houkutteleva.fi\">hunting@houkutteleva.fi<\/a>. Saat yhteystietoja hyvist\u00e4 t\u00e4ytt\u00e4jist\u00e4 ja nahan parkitsijoista.<\/p>\n<p>Ilves on suurin kissapedoistamme ja Euroopan kolmanneksi suurin luonnonvarainen petoel\u00e4in karhun ja suden j\u00e4lkeen.\u00a0Ilveksen ruumiin pituus on noin 70\u2013140 senttimetri\u00e4 ja h\u00e4nn\u00e4n pituus 15\u201325 senttimetri\u00e4. Ilves painaa tavallisesti 10\u201325 kilogrammaa.\u00a0Suomessa aikuiset urokset painavat keskim\u00e4\u00e4rin noin 18 kilogrammaa ja naaraat 14 kg. Ilveksen tunnusomaisia piirteit\u00e4 ovat tupsukorvat, paksu ja yleens\u00e4 kirjava turkki sek\u00e4 isot tassut. Ilves sy\u00f6 monen kokoisia el\u00e4imi\u00e4 hiirist\u00e4 peuroihin. Se on keskittynyt kauriisiin ja peuroihin, mutta levinneisyysalueen pohjoisosissa j\u00e4niksien osuus kasvaa.<\/p>\n","protected":false},"excerpt":{"rendered":"<p>Kysy lis\u00e4\u00e4 t\u00e4ytetyist\u00e4 el\u00e4imist\u00e4 hunting@houkutteleva.fi. Saat yhteystietoja hyvist\u00e4 t\u00e4ytt\u00e4jist\u00e4 ja nahan parkitsijoista. Ilves on suurin kissapedoistamme ja Euroopan kolmanneksi suurin luonnonvarainen petoel\u00e4in karhun ja suden j\u00e4lkeen.\u00a0Ilveksen ruumiin pituus on noin 70\u2013140 senttimetri\u00e4 ja h\u00e4nn\u00e4n pituus 15\u201325 senttimetri\u00e4. Ilves painaa tavallisesti 10\u201325 kilogrammaa.\u00a0Suomessa aikuiset urokset painavat keskim\u00e4\u00e4rin noin 18 kilogrammaa ja naaraat 14 kg. Ilveksen tunnusomaisia [&hellip;]<\/p>\n","protected":false},"featured_media":1356,"template":"","meta":{"_et_pb_use_builder":"","_et_pb_old_content":"","_et_gb_content_width":""},"product_brand":[],"product_cat":[19],"product_tag":[65,61],"class_list":{"0":"post-1362","1":"product","2":"type-product","3":"status-publish","4":"has-post-thumbnail","6":"product_cat-trofeet","7":"product_tag-ilveksen-nahka","8":"product_tag-taytetty-elain","10":"first","11":"instock","12":"taxable","13":"shipping-taxable","14":"product-type-simple"},"yoast_head":"<!-- This site is optimized with the Yoast SEO plugin v26.6 - https:\/\/yoast.com\/wordpress\/plugins\/seo\/ -->\n<title>Ilveksen talja, alustakankaalla ja kallo - Houkutteleva<\/title>\n<meta name=\"description\" content=\"T\u00e4ytetty ilves. Kysy lis\u00e4\u00e4 t\u00e4ytetyist\u00e4 el\u00e4imist\u00e4 hunting@houkutteleva.fi. Saat yhteystietoja hyvist\u00e4 t\u00e4ytt\u00e4jist\u00e4.\" \/>\n<meta name=\"robots\" content=\"index, follow, max-snippet:-1, max-image-preview:large, max-video-preview:-1\" \/>\n<link rel=\"canonical\" href=\"https:\/\/houkutteleva.fi\/sv\/tuote\/talja-ilves\/\" \/>\n<meta property=\"og:locale\" content=\"sv_SE\" \/>\n<meta property=\"og:type\" content=\"article\" \/>\n<meta property=\"og:title\" content=\"Ilveksen talja, alustakankaalla ja kallo - Houkutteleva\" \/>\n<meta property=\"og:description\" content=\"T\u00e4ytetty ilves. Kysy lis\u00e4\u00e4 t\u00e4ytetyist\u00e4 el\u00e4imist\u00e4 hunting@houkutteleva.fi. Saat yhteystietoja hyvist\u00e4 t\u00e4ytt\u00e4jist\u00e4.\" \/>\n<meta property=\"og:url\" content=\"https:\/\/houkutteleva.fi\/sv\/tuote\/talja-ilves\/\" \/>\n<meta property=\"og:site_name\" content=\"Houkutteleva\" \/>\n<meta property=\"article:modified_time\" content=\"2026-01-28T10:27:39+00:00\" \/>\n<meta property=\"og:image\" content=\"https:\/\/houkutteleva.fi\/wp-content\/uploads\/ilves.jpg\" \/>\n\t<meta property=\"og:image:width\" content=\"1000\" \/>\n\t<meta property=\"og:image:height\" content=\"614\" \/>\n\t<meta property=\"og:image:type\" content=\"image\/jpeg\" \/>\n<meta name=\"twitter:card\" content=\"summary_large_image\" \/>\n<meta name=\"twitter:label1\" content=\"Ber\u00e4knad l\u00e4stid\" \/>\n\t<meta name=\"twitter:data1\" content=\"1 minut\" \/>\n<script type=\"application\/ld+json\" class=\"yoast-schema-graph\">{\"@context\":\"https:\/\/schema.org\",\"@graph\":[{\"@type\":\"WebPage\",\"@id\":\"https:\/\/houkutteleva.fi\/sv\/tuote\/talja-ilves\/\",\"url\":\"https:\/\/houkutteleva.fi\/sv\/tuote\/talja-ilves\/\",\"name\":\"Ilveksen talja, alustakankaalla ja kallo - Houkutteleva\",\"isPartOf\":{\"@id\":\"https:\/\/houkutteleva.fi\/sv\/#website\"},\"primaryImageOfPage\":{\"@id\":\"https:\/\/houkutteleva.fi\/sv\/tuote\/talja-ilves\/#primaryimage\"},\"image\":{\"@id\":\"https:\/\/houkutteleva.fi\/sv\/tuote\/talja-ilves\/#primaryimage\"},\"thumbnailUrl\":\"https:\/\/houkutteleva.fi\/wp-content\/uploads\/ilves.jpg\",\"datePublished\":\"2025-04-23T09:30:29+00:00\",\"dateModified\":\"2026-01-28T10:27:39+00:00\",\"description\":\"T\u00e4ytetty ilves. Kysy lis\u00e4\u00e4 t\u00e4ytetyist\u00e4 el\u00e4imist\u00e4 hunting@houkutteleva.fi. Saat yhteystietoja hyvist\u00e4 t\u00e4ytt\u00e4jist\u00e4.\",\"breadcrumb\":{\"@id\":\"https:\/\/houkutteleva.fi\/sv\/tuote\/talja-ilves\/#breadcrumb\"},\"inLanguage\":\"sv-SE\",\"potentialAction\":[{\"@type\":\"ReadAction\",\"target\":[\"https:\/\/houkutteleva.fi\/sv\/tuote\/talja-ilves\/\"]}]},{\"@type\":\"ImageObject\",\"inLanguage\":\"sv-SE\",\"@id\":\"https:\/\/houkutteleva.fi\/sv\/tuote\/talja-ilves\/#primaryimage\",\"url\":\"https:\/\/houkutteleva.fi\/wp-content\/uploads\/ilves.jpg\",\"contentUrl\":\"https:\/\/houkutteleva.fi\/wp-content\/uploads\/ilves.jpg\",\"width\":1000,\"height\":614,\"caption\":\"t\u00e4ytetty ilves\"},{\"@type\":\"BreadcrumbList\",\"@id\":\"https:\/\/houkutteleva.fi\/sv\/tuote\/talja-ilves\/#breadcrumb\",\"itemListElement\":[{\"@type\":\"ListItem\",\"position\":1,\"name\":\"Etusivu\",\"item\":\"https:\/\/houkutteleva.fi\/sv\/\"},{\"@type\":\"ListItem\",\"position\":2,\"name\":\"Butik\",\"item\":\"https:\/\/houkutteleva.fi\/sv\/butik\/\"},{\"@type\":\"ListItem\",\"position\":3,\"name\":\"Ilveksen talja, alustakankaalla ja kallo\"}]},{\"@type\":\"WebSite\",\"@id\":\"https:\/\/houkutteleva.fi\/sv\/#website\",\"url\":\"https:\/\/houkutteleva.fi\/sv\/\",\"name\":\"Houkutteleva\",\"description\":\"Mets\u00e4stys ja luontomatkailu Suomessa\",\"potentialAction\":[{\"@type\":\"SearchAction\",\"target\":{\"@type\":\"EntryPoint\",\"urlTemplate\":\"https:\/\/houkutteleva.fi\/sv\/?s={search_term_string}\"},\"query-input\":{\"@type\":\"PropertyValueSpecification\",\"valueRequired\":true,\"valueName\":\"search_term_string\"}}],\"inLanguage\":\"sv-SE\"}]}<\/script>\n<!-- \/ Yoast SEO plugin. -->","yoast_head_json":{"title":"Ilveksen talja, alustakankaalla ja kallo - Houkutteleva","description":"T\u00e4ytetty ilves. Kysy lis\u00e4\u00e4 t\u00e4ytetyist\u00e4 el\u00e4imist\u00e4 hunting@houkutteleva.fi. Saat yhteystietoja hyvist\u00e4 t\u00e4ytt\u00e4jist\u00e4.","robots":{"index":"index","follow":"follow","max-snippet":"max-snippet:-1","max-image-preview":"max-image-preview:large","max-video-preview":"max-video-preview:-1"},"canonical":"https:\/\/houkutteleva.fi\/sv\/tuote\/talja-ilves\/","og_locale":"sv_SE","og_type":"article","og_title":"Ilveksen talja, alustakankaalla ja kallo - Houkutteleva","og_description":"T\u00e4ytetty ilves. Kysy lis\u00e4\u00e4 t\u00e4ytetyist\u00e4 el\u00e4imist\u00e4 hunting@houkutteleva.fi. Saat yhteystietoja hyvist\u00e4 t\u00e4ytt\u00e4jist\u00e4.","og_url":"https:\/\/houkutteleva.fi\/sv\/tuote\/talja-ilves\/","og_site_name":"Houkutteleva","article_modified_time":"2026-01-28T10:27:39+00:00","og_image":[{"width":1000,"height":614,"url":"https:\/\/houkutteleva.fi\/wp-content\/uploads\/ilves.jpg","type":"image\/jpeg"}],"twitter_card":"summary_large_image","twitter_misc":{"Ber\u00e4knad l\u00e4stid":"1 minut"},"schema":{"@context":"https:\/\/schema.org","@graph":[{"@type":"WebPage","@id":"https:\/\/houkutteleva.fi\/sv\/tuote\/talja-ilves\/","url":"https:\/\/houkutteleva.fi\/sv\/tuote\/talja-ilves\/","name":"Ilveksen talja, alustakankaalla ja kallo - Houkutteleva","isPartOf":{"@id":"https:\/\/houkutteleva.fi\/sv\/#website"},"primaryImageOfPage":{"@id":"https:\/\/houkutteleva.fi\/sv\/tuote\/talja-ilves\/#primaryimage"},"image":{"@id":"https:\/\/houkutteleva.fi\/sv\/tuote\/talja-ilves\/#primaryimage"},"thumbnailUrl":"https:\/\/houkutteleva.fi\/wp-content\/uploads\/ilves.jpg","datePublished":"2025-04-23T09:30:29+00:00","dateModified":"2026-01-28T10:27:39+00:00","description":"T\u00e4ytetty ilves. Kysy lis\u00e4\u00e4 t\u00e4ytetyist\u00e4 el\u00e4imist\u00e4 hunting@houkutteleva.fi. Saat yhteystietoja hyvist\u00e4 t\u00e4ytt\u00e4jist\u00e4.","breadcrumb":{"@id":"https:\/\/houkutteleva.fi\/sv\/tuote\/talja-ilves\/#breadcrumb"},"inLanguage":"sv-SE","potentialAction":[{"@type":"ReadAction","target":["https:\/\/houkutteleva.fi\/sv\/tuote\/talja-ilves\/"]}]},{"@type":"ImageObject","inLanguage":"sv-SE","@id":"https:\/\/houkutteleva.fi\/sv\/tuote\/talja-ilves\/#primaryimage","url":"https:\/\/houkutteleva.fi\/wp-content\/uploads\/ilves.jpg","contentUrl":"https:\/\/houkutteleva.fi\/wp-content\/uploads\/ilves.jpg","width":1000,"height":614,"caption":"t\u00e4ytetty ilves"},{"@type":"BreadcrumbList","@id":"https:\/\/houkutteleva.fi\/sv\/tuote\/talja-ilves\/#breadcrumb","itemListElement":[{"@type":"ListItem","position":1,"name":"Etusivu","item":"https:\/\/houkutteleva.fi\/sv\/"},{"@type":"ListItem","position":2,"name":"Butik","item":"https:\/\/houkutteleva.fi\/sv\/butik\/"},{"@type":"ListItem","position":3,"name":"Ilveksen talja, alustakankaalla ja kallo"}]},{"@type":"WebSite","@id":"https:\/\/houkutteleva.fi\/sv\/#website","url":"https:\/\/houkutteleva.fi\/sv\/","name":"Houkutteleva","description":"Mets\u00e4stys ja luontomatkailu Suomessa","potentialAction":[{"@type":"SearchAction","target":{"@type":"EntryPoint","urlTemplate":"https:\/\/houkutteleva.fi\/sv\/?s={search_term_string}"},"query-input":{"@type":"PropertyValueSpecification","valueRequired":true,"valueName":"search_term_string"}}],"inLanguage":"sv-SE"}]}},"_links":{"self":[{"href":"https:\/\/houkutteleva.fi\/sv\/wp-json\/wp\/v2\/product\/1362","targetHints":{"allow":["GET"]}}],"collection":[{"href":"https:\/\/houkutteleva.fi\/sv\/wp-json\/wp\/v2\/product"}],"about":[{"href":"https:\/\/houkutteleva.fi\/sv\/wp-json\/wp\/v2\/types\/product"}],"wp:featuredmedia":[{"embeddable":true,"href":"https:\/\/houkutteleva.fi\/sv\/wp-json\/wp\/v2\/media\/1356"}],"wp:attachment":[{"href":"https:\/\/houkutteleva.fi\/sv\/wp-json\/wp\/v2\/media?parent=1362"}],"wp:term":[{"taxonomy":"product_brand","embeddable":true,"href":"https:\/\/houkutteleva.fi\/sv\/wp-json\/wp\/v2\/product_brand?post=1362"},{"taxonomy":"product_cat","embeddable":true,"href":"https:\/\/houkutteleva.fi\/sv\/wp-json\/wp\/v2\/product_cat?post=1362"},{"taxonomy":"product_tag","embeddable":true,"href":"https:\/\/houkutteleva.fi\/sv\/wp-json\/wp\/v2\/product_tag?post=1362"}],"curies":[{"name":"wp","href":"https:\/\/api.w.org\/{rel}","templated":true}]}}