{"id":1361,"date":"2025-04-23T12:28:46","date_gmt":"2025-04-23T09:28:46","guid":{"rendered":"https:\/\/houkutteleva.fi\/?post_type=product&#038;p=1361"},"modified":"2026-01-28T16:38:51","modified_gmt":"2026-01-28T14:38:51","slug":"taytetty-lumikko","status":"publish","type":"product","link":"https:\/\/houkutteleva.fi\/sv\/tuote\/taytetty-lumikko\/","title":{"rendered":"T\u00e4ytetty lumikko"},"content":{"rendered":"<p>Kysy lis\u00e4\u00e4 t\u00e4ytetyist\u00e4 el\u00e4imist\u00e4 <a href=\"mailto:hunting@houkutteleva.fi\">hunting@houkutteleva.fi<\/a>. Saat yhteystietoja hyvist\u00e4 t\u00e4ytt\u00e4jist\u00e4 ja nahan parkkaajista.<\/p>\n<p>Lumikko on pienin n\u00e4\u00e4t\u00e4el\u00e4in. Lumikon l\u00e4hisukulainen on sit\u00e4 vain v\u00e4h\u00e4n suurempi k\u00e4rpp\u00e4. Lumikon koko vaihtelee suuresti sen esiintymisalueen eri osissa, ja ne ovat suurimpia etel\u00e4ss\u00e4 ja pienimpi\u00e4 pohjoisessa. Sen turkki on talvella kokonaan valkoinen, joskin joillakin yksil\u00f6ill\u00e4 voi olla ruskeasta kes\u00e4turkista j\u00e4\u00e4neit\u00e4 laikkuja. Pikkulumikon vatsapuoli on my\u00f6s kes\u00e4ll\u00e4 valkoinen, selk\u00e4puoli ruskea, ja raja n\u00e4iden v\u00e4lill\u00e4 on suora ja ter\u00e4v\u00e4. Tassut ovat p\u00e4\u00e4lt\u00e4 ruskeat ja alta valkoiset. Ruumiin pituus uroksilla on 15\u201320\u00a0cm, naarailla 13\u201315\u00a0cm.<\/p>\n<p>&nbsp;<\/p>\n","protected":false},"excerpt":{"rendered":"<p>Kysy lis\u00e4\u00e4 t\u00e4ytetyist\u00e4 el\u00e4imist\u00e4 hunting@houkutteleva.fi. Saat yhteystietoja hyvist\u00e4 t\u00e4ytt\u00e4jist\u00e4 ja nahan parkkaajista. Lumikko on pienin n\u00e4\u00e4t\u00e4el\u00e4in. Lumikon l\u00e4hisukulainen on sit\u00e4 vain v\u00e4h\u00e4n suurempi k\u00e4rpp\u00e4. Lumikon koko vaihtelee suuresti sen esiintymisalueen eri osissa, ja ne ovat suurimpia etel\u00e4ss\u00e4 ja pienimpi\u00e4 pohjoisessa. Sen turkki on talvella kokonaan valkoinen, joskin joillakin yksil\u00f6ill\u00e4 voi olla ruskeasta kes\u00e4turkista j\u00e4\u00e4neit\u00e4 laikkuja. [&hellip;]<\/p>\n","protected":false},"featured_media":1358,"template":"","meta":{"_et_pb_use_builder":"","_et_pb_old_content":"","_et_gb_content_width":""},"product_brand":[],"product_cat":[19],"product_tag":[93,61],"class_list":{"0":"post-1361","1":"product","2":"type-product","3":"status-publish","4":"has-post-thumbnail","6":"product_cat-trofeet","7":"product_tag-hilleri","8":"product_tag-taytetty-elain","10":"first","11":"instock","12":"taxable","13":"shipping-taxable","14":"product-type-simple"},"yoast_head":"<!-- This site is optimized with the Yoast SEO plugin v26.6 - https:\/\/yoast.com\/wordpress\/plugins\/seo\/ -->\n<title>T\u00e4ytetty lumikko - Houkutteleva<\/title>\n<meta name=\"description\" content=\"T\u00e4ytetty k\u00e4rpp\u00e4. Kysy lis\u00e4\u00e4 t\u00e4ytetyist\u00e4 el\u00e4imist\u00e4 hunting@houkutteleva.fi. Saat yhteystietoja hyvist\u00e4 t\u00e4ytt\u00e4jist\u00e4.\" \/>\n<meta name=\"robots\" content=\"index, follow, max-snippet:-1, max-image-preview:large, max-video-preview:-1\" \/>\n<link rel=\"canonical\" href=\"https:\/\/houkutteleva.fi\/sv\/tuote\/taytetty-lumikko\/\" \/>\n<meta property=\"og:locale\" content=\"sv_SE\" \/>\n<meta property=\"og:type\" content=\"article\" \/>\n<meta property=\"og:title\" content=\"T\u00e4ytetty lumikko - Houkutteleva\" \/>\n<meta property=\"og:description\" content=\"T\u00e4ytetty k\u00e4rpp\u00e4. Kysy lis\u00e4\u00e4 t\u00e4ytetyist\u00e4 el\u00e4imist\u00e4 hunting@houkutteleva.fi. Saat yhteystietoja hyvist\u00e4 t\u00e4ytt\u00e4jist\u00e4.\" \/>\n<meta property=\"og:url\" content=\"https:\/\/houkutteleva.fi\/sv\/tuote\/taytetty-lumikko\/\" \/>\n<meta property=\"og:site_name\" content=\"Houkutteleva\" \/>\n<meta property=\"article:modified_time\" content=\"2026-01-28T14:38:51+00:00\" \/>\n<meta property=\"og:image\" content=\"https:\/\/houkutteleva.fi\/wp-content\/uploads\/karppa.jpg\" \/>\n\t<meta property=\"og:image:width\" content=\"1000\" \/>\n\t<meta property=\"og:image:height\" content=\"682\" \/>\n\t<meta property=\"og:image:type\" content=\"image\/jpeg\" \/>\n<meta name=\"twitter:card\" content=\"summary_large_image\" \/>\n<meta name=\"twitter:label1\" content=\"Ber\u00e4knad l\u00e4stid\" \/>\n\t<meta name=\"twitter:data1\" content=\"1 minut\" \/>\n<script type=\"application\/ld+json\" class=\"yoast-schema-graph\">{\"@context\":\"https:\/\/schema.org\",\"@graph\":[{\"@type\":\"WebPage\",\"@id\":\"https:\/\/houkutteleva.fi\/sv\/tuote\/taytetty-lumikko\/\",\"url\":\"https:\/\/houkutteleva.fi\/sv\/tuote\/taytetty-lumikko\/\",\"name\":\"T\u00e4ytetty lumikko - Houkutteleva\",\"isPartOf\":{\"@id\":\"https:\/\/houkutteleva.fi\/sv\/#website\"},\"primaryImageOfPage\":{\"@id\":\"https:\/\/houkutteleva.fi\/sv\/tuote\/taytetty-lumikko\/#primaryimage\"},\"image\":{\"@id\":\"https:\/\/houkutteleva.fi\/sv\/tuote\/taytetty-lumikko\/#primaryimage\"},\"thumbnailUrl\":\"https:\/\/houkutteleva.fi\/wp-content\/uploads\/karppa.jpg\",\"datePublished\":\"2025-04-23T09:28:46+00:00\",\"dateModified\":\"2026-01-28T14:38:51+00:00\",\"description\":\"T\u00e4ytetty k\u00e4rpp\u00e4. Kysy lis\u00e4\u00e4 t\u00e4ytetyist\u00e4 el\u00e4imist\u00e4 hunting@houkutteleva.fi. Saat yhteystietoja hyvist\u00e4 t\u00e4ytt\u00e4jist\u00e4.\",\"breadcrumb\":{\"@id\":\"https:\/\/houkutteleva.fi\/sv\/tuote\/taytetty-lumikko\/#breadcrumb\"},\"inLanguage\":\"sv-SE\",\"potentialAction\":[{\"@type\":\"ReadAction\",\"target\":[\"https:\/\/houkutteleva.fi\/sv\/tuote\/taytetty-lumikko\/\"]}]},{\"@type\":\"ImageObject\",\"inLanguage\":\"sv-SE\",\"@id\":\"https:\/\/houkutteleva.fi\/sv\/tuote\/taytetty-lumikko\/#primaryimage\",\"url\":\"https:\/\/houkutteleva.fi\/wp-content\/uploads\/karppa.jpg\",\"contentUrl\":\"https:\/\/houkutteleva.fi\/wp-content\/uploads\/karppa.jpg\",\"width\":1000,\"height\":682,\"caption\":\"t\u00e4ytetty k\u00e4rpp\u00e4\"},{\"@type\":\"BreadcrumbList\",\"@id\":\"https:\/\/houkutteleva.fi\/sv\/tuote\/taytetty-lumikko\/#breadcrumb\",\"itemListElement\":[{\"@type\":\"ListItem\",\"position\":1,\"name\":\"Etusivu\",\"item\":\"https:\/\/houkutteleva.fi\/sv\/\"},{\"@type\":\"ListItem\",\"position\":2,\"name\":\"Butik\",\"item\":\"https:\/\/houkutteleva.fi\/sv\/butik\/\"},{\"@type\":\"ListItem\",\"position\":3,\"name\":\"T\u00e4ytetty lumikko\"}]},{\"@type\":\"WebSite\",\"@id\":\"https:\/\/houkutteleva.fi\/sv\/#website\",\"url\":\"https:\/\/houkutteleva.fi\/sv\/\",\"name\":\"Houkutteleva\",\"description\":\"Mets\u00e4stys ja luontomatkailu Suomessa\",\"potentialAction\":[{\"@type\":\"SearchAction\",\"target\":{\"@type\":\"EntryPoint\",\"urlTemplate\":\"https:\/\/houkutteleva.fi\/sv\/?s={search_term_string}\"},\"query-input\":{\"@type\":\"PropertyValueSpecification\",\"valueRequired\":true,\"valueName\":\"search_term_string\"}}],\"inLanguage\":\"sv-SE\"}]}<\/script>\n<!-- \/ Yoast SEO plugin. -->","yoast_head_json":{"title":"T\u00e4ytetty lumikko - Houkutteleva","description":"T\u00e4ytetty k\u00e4rpp\u00e4. Kysy lis\u00e4\u00e4 t\u00e4ytetyist\u00e4 el\u00e4imist\u00e4 hunting@houkutteleva.fi. Saat yhteystietoja hyvist\u00e4 t\u00e4ytt\u00e4jist\u00e4.","robots":{"index":"index","follow":"follow","max-snippet":"max-snippet:-1","max-image-preview":"max-image-preview:large","max-video-preview":"max-video-preview:-1"},"canonical":"https:\/\/houkutteleva.fi\/sv\/tuote\/taytetty-lumikko\/","og_locale":"sv_SE","og_type":"article","og_title":"T\u00e4ytetty lumikko - Houkutteleva","og_description":"T\u00e4ytetty k\u00e4rpp\u00e4. Kysy lis\u00e4\u00e4 t\u00e4ytetyist\u00e4 el\u00e4imist\u00e4 hunting@houkutteleva.fi. Saat yhteystietoja hyvist\u00e4 t\u00e4ytt\u00e4jist\u00e4.","og_url":"https:\/\/houkutteleva.fi\/sv\/tuote\/taytetty-lumikko\/","og_site_name":"Houkutteleva","article_modified_time":"2026-01-28T14:38:51+00:00","og_image":[{"width":1000,"height":682,"url":"https:\/\/houkutteleva.fi\/wp-content\/uploads\/karppa.jpg","type":"image\/jpeg"}],"twitter_card":"summary_large_image","twitter_misc":{"Ber\u00e4knad l\u00e4stid":"1 minut"},"schema":{"@context":"https:\/\/schema.org","@graph":[{"@type":"WebPage","@id":"https:\/\/houkutteleva.fi\/sv\/tuote\/taytetty-lumikko\/","url":"https:\/\/houkutteleva.fi\/sv\/tuote\/taytetty-lumikko\/","name":"T\u00e4ytetty lumikko - Houkutteleva","isPartOf":{"@id":"https:\/\/houkutteleva.fi\/sv\/#website"},"primaryImageOfPage":{"@id":"https:\/\/houkutteleva.fi\/sv\/tuote\/taytetty-lumikko\/#primaryimage"},"image":{"@id":"https:\/\/houkutteleva.fi\/sv\/tuote\/taytetty-lumikko\/#primaryimage"},"thumbnailUrl":"https:\/\/houkutteleva.fi\/wp-content\/uploads\/karppa.jpg","datePublished":"2025-04-23T09:28:46+00:00","dateModified":"2026-01-28T14:38:51+00:00","description":"T\u00e4ytetty k\u00e4rpp\u00e4. Kysy lis\u00e4\u00e4 t\u00e4ytetyist\u00e4 el\u00e4imist\u00e4 hunting@houkutteleva.fi. Saat yhteystietoja hyvist\u00e4 t\u00e4ytt\u00e4jist\u00e4.","breadcrumb":{"@id":"https:\/\/houkutteleva.fi\/sv\/tuote\/taytetty-lumikko\/#breadcrumb"},"inLanguage":"sv-SE","potentialAction":[{"@type":"ReadAction","target":["https:\/\/houkutteleva.fi\/sv\/tuote\/taytetty-lumikko\/"]}]},{"@type":"ImageObject","inLanguage":"sv-SE","@id":"https:\/\/houkutteleva.fi\/sv\/tuote\/taytetty-lumikko\/#primaryimage","url":"https:\/\/houkutteleva.fi\/wp-content\/uploads\/karppa.jpg","contentUrl":"https:\/\/houkutteleva.fi\/wp-content\/uploads\/karppa.jpg","width":1000,"height":682,"caption":"t\u00e4ytetty k\u00e4rpp\u00e4"},{"@type":"BreadcrumbList","@id":"https:\/\/houkutteleva.fi\/sv\/tuote\/taytetty-lumikko\/#breadcrumb","itemListElement":[{"@type":"ListItem","position":1,"name":"Etusivu","item":"https:\/\/houkutteleva.fi\/sv\/"},{"@type":"ListItem","position":2,"name":"Butik","item":"https:\/\/houkutteleva.fi\/sv\/butik\/"},{"@type":"ListItem","position":3,"name":"T\u00e4ytetty lumikko"}]},{"@type":"WebSite","@id":"https:\/\/houkutteleva.fi\/sv\/#website","url":"https:\/\/houkutteleva.fi\/sv\/","name":"Houkutteleva","description":"Mets\u00e4stys ja luontomatkailu Suomessa","potentialAction":[{"@type":"SearchAction","target":{"@type":"EntryPoint","urlTemplate":"https:\/\/houkutteleva.fi\/sv\/?s={search_term_string}"},"query-input":{"@type":"PropertyValueSpecification","valueRequired":true,"valueName":"search_term_string"}}],"inLanguage":"sv-SE"}]}},"_links":{"self":[{"href":"https:\/\/houkutteleva.fi\/sv\/wp-json\/wp\/v2\/product\/1361","targetHints":{"allow":["GET"]}}],"collection":[{"href":"https:\/\/houkutteleva.fi\/sv\/wp-json\/wp\/v2\/product"}],"about":[{"href":"https:\/\/houkutteleva.fi\/sv\/wp-json\/wp\/v2\/types\/product"}],"wp:featuredmedia":[{"embeddable":true,"href":"https:\/\/houkutteleva.fi\/sv\/wp-json\/wp\/v2\/media\/1358"}],"wp:attachment":[{"href":"https:\/\/houkutteleva.fi\/sv\/wp-json\/wp\/v2\/media?parent=1361"}],"wp:term":[{"taxonomy":"product_brand","embeddable":true,"href":"https:\/\/houkutteleva.fi\/sv\/wp-json\/wp\/v2\/product_brand?post=1361"},{"taxonomy":"product_cat","embeddable":true,"href":"https:\/\/houkutteleva.fi\/sv\/wp-json\/wp\/v2\/product_cat?post=1361"},{"taxonomy":"product_tag","embeddable":true,"href":"https:\/\/houkutteleva.fi\/sv\/wp-json\/wp\/v2\/product_tag?post=1361"}],"curies":[{"name":"wp","href":"https:\/\/api.w.org\/{rel}","templated":true}]}}