{"id":1360,"date":"2025-04-23T12:26:32","date_gmt":"2025-04-23T09:26:32","guid":{"rendered":"https:\/\/houkutteleva.fi\/?post_type=product&#038;p=1360"},"modified":"2026-01-28T16:49:17","modified_gmt":"2026-01-28T14:49:17","slug":"taytetty-hilleri","status":"publish","type":"product","link":"https:\/\/houkutteleva.fi\/sv\/tuote\/taytetty-hilleri\/","title":{"rendered":"T\u00e4ytetty hilleri"},"content":{"rendered":"<p>Kysy lis\u00e4\u00e4 t\u00e4ytetyist\u00e4 el\u00e4imist\u00e4 <a href=\"mailto:hunting@houkutteleva.fi\">hunting@houkutteleva.fi<\/a>. Saat yhteystietoja hyvist\u00e4 t\u00e4ytt\u00e4jist\u00e4 ja nahkureista.<\/p>\n<p>Hilleri kuuluu pieniin n\u00e4\u00e4t\u00e4el\u00e4imiin. Hillerille on ominaista pitk\u00e4 lieri\u00f6m\u00e4inen vartalo ja lyhyet jalat. Naaraat ovat selv\u00e4sti pienempi\u00e4 kuin urokset. Ruumiin pituus on uroksilla 35\u201345 senttimetri\u00e4 ja naarailla 30\u201337 cm, h\u00e4nn\u00e4n pituus on 11\u201319 cm. Uroshillerit painavat 0,7\u20131,5 kg ja naaraat 0,2\u20130,8 kg.\u00a0 \u00a0 \u00a0 \u00a0 \u00a0 \u00a0 \u00a0 Hilleri\u00e4\u00a0kutsutaan my\u00f6skin\u00a0<strong>lahokkaaksi<\/strong> ja se on eurooppalainen n\u00e4\u00e4t\u00e4el\u00e4inlaji, joka on melko huonosti sopeutunut Suomen talviolosuhteisiin.<\/p>\n","protected":false},"excerpt":{"rendered":"<p>Kysy lis\u00e4\u00e4 t\u00e4ytetyist\u00e4 el\u00e4imist\u00e4 hunting@houkutteleva.fi. Saat yhteystietoja hyvist\u00e4 t\u00e4ytt\u00e4jist\u00e4 ja nahkureista. Hilleri kuuluu pieniin n\u00e4\u00e4t\u00e4el\u00e4imiin. Hillerille on ominaista pitk\u00e4 lieri\u00f6m\u00e4inen vartalo ja lyhyet jalat. Naaraat ovat selv\u00e4sti pienempi\u00e4 kuin urokset. Ruumiin pituus on uroksilla 35\u201345 senttimetri\u00e4 ja naarailla 30\u201337 cm, h\u00e4nn\u00e4n pituus on 11\u201319 cm. Uroshillerit painavat 0,7\u20131,5 kg ja naaraat 0,2\u20130,8 kg.\u00a0 \u00a0 \u00a0 [&hellip;]<\/p>\n","protected":false},"featured_media":1354,"template":"","meta":{"_et_pb_use_builder":"","_et_pb_old_content":"","_et_gb_content_width":""},"product_brand":[],"product_cat":[19],"product_tag":[60,61],"class_list":{"0":"post-1360","1":"product","2":"type-product","3":"status-publish","4":"has-post-thumbnail","6":"product_cat-trofeet","7":"product_tag-naata","8":"product_tag-taytetty-elain","10":"first","11":"instock","12":"taxable","13":"shipping-taxable","14":"product-type-simple"},"yoast_head":"<!-- This site is optimized with the Yoast SEO plugin v26.6 - https:\/\/yoast.com\/wordpress\/plugins\/seo\/ -->\n<title>T\u00e4ytetty hilleri - Houkutteleva<\/title>\n<meta name=\"description\" content=\"T\u00e4ytetty n\u00e4\u00e4t\u00e4. Kysy lis\u00e4\u00e4 t\u00e4ytetyist\u00e4 el\u00e4imist\u00e4 hunting@houkutteleva.fi. Saat yhteystietoja hyvist\u00e4 t\u00e4ytt\u00e4jist\u00e4.\" \/>\n<meta name=\"robots\" content=\"index, follow, max-snippet:-1, max-image-preview:large, max-video-preview:-1\" \/>\n<link rel=\"canonical\" href=\"https:\/\/houkutteleva.fi\/sv\/tuote\/taytetty-hilleri\/\" \/>\n<meta property=\"og:locale\" content=\"sv_SE\" \/>\n<meta property=\"og:type\" content=\"article\" \/>\n<meta property=\"og:title\" content=\"T\u00e4ytetty hilleri - Houkutteleva\" \/>\n<meta property=\"og:description\" content=\"T\u00e4ytetty n\u00e4\u00e4t\u00e4. Kysy lis\u00e4\u00e4 t\u00e4ytetyist\u00e4 el\u00e4imist\u00e4 hunting@houkutteleva.fi. Saat yhteystietoja hyvist\u00e4 t\u00e4ytt\u00e4jist\u00e4.\" \/>\n<meta property=\"og:url\" content=\"https:\/\/houkutteleva.fi\/sv\/tuote\/taytetty-hilleri\/\" \/>\n<meta property=\"og:site_name\" content=\"Houkutteleva\" \/>\n<meta property=\"article:modified_time\" content=\"2026-01-28T14:49:17+00:00\" \/>\n<meta property=\"og:image\" content=\"https:\/\/houkutteleva.fi\/wp-content\/uploads\/naata.jpg\" \/>\n\t<meta property=\"og:image:width\" content=\"1000\" \/>\n\t<meta property=\"og:image:height\" content=\"625\" \/>\n\t<meta property=\"og:image:type\" content=\"image\/jpeg\" \/>\n<meta name=\"twitter:card\" content=\"summary_large_image\" \/>\n<meta name=\"twitter:label1\" content=\"Ber\u00e4knad l\u00e4stid\" \/>\n\t<meta name=\"twitter:data1\" content=\"1 minut\" \/>\n<script type=\"application\/ld+json\" class=\"yoast-schema-graph\">{\"@context\":\"https:\/\/schema.org\",\"@graph\":[{\"@type\":\"WebPage\",\"@id\":\"https:\/\/houkutteleva.fi\/sv\/tuote\/taytetty-hilleri\/\",\"url\":\"https:\/\/houkutteleva.fi\/sv\/tuote\/taytetty-hilleri\/\",\"name\":\"T\u00e4ytetty hilleri - Houkutteleva\",\"isPartOf\":{\"@id\":\"https:\/\/houkutteleva.fi\/sv\/#website\"},\"primaryImageOfPage\":{\"@id\":\"https:\/\/houkutteleva.fi\/sv\/tuote\/taytetty-hilleri\/#primaryimage\"},\"image\":{\"@id\":\"https:\/\/houkutteleva.fi\/sv\/tuote\/taytetty-hilleri\/#primaryimage\"},\"thumbnailUrl\":\"https:\/\/houkutteleva.fi\/wp-content\/uploads\/naata.jpg\",\"datePublished\":\"2025-04-23T09:26:32+00:00\",\"dateModified\":\"2026-01-28T14:49:17+00:00\",\"description\":\"T\u00e4ytetty n\u00e4\u00e4t\u00e4. Kysy lis\u00e4\u00e4 t\u00e4ytetyist\u00e4 el\u00e4imist\u00e4 hunting@houkutteleva.fi. Saat yhteystietoja hyvist\u00e4 t\u00e4ytt\u00e4jist\u00e4.\",\"breadcrumb\":{\"@id\":\"https:\/\/houkutteleva.fi\/sv\/tuote\/taytetty-hilleri\/#breadcrumb\"},\"inLanguage\":\"sv-SE\",\"potentialAction\":[{\"@type\":\"ReadAction\",\"target\":[\"https:\/\/houkutteleva.fi\/sv\/tuote\/taytetty-hilleri\/\"]}]},{\"@type\":\"ImageObject\",\"inLanguage\":\"sv-SE\",\"@id\":\"https:\/\/houkutteleva.fi\/sv\/tuote\/taytetty-hilleri\/#primaryimage\",\"url\":\"https:\/\/houkutteleva.fi\/wp-content\/uploads\/naata.jpg\",\"contentUrl\":\"https:\/\/houkutteleva.fi\/wp-content\/uploads\/naata.jpg\",\"width\":1000,\"height\":625,\"caption\":\"t\u00e4ytetty n\u00e4\u00e4t\u00e4\"},{\"@type\":\"BreadcrumbList\",\"@id\":\"https:\/\/houkutteleva.fi\/sv\/tuote\/taytetty-hilleri\/#breadcrumb\",\"itemListElement\":[{\"@type\":\"ListItem\",\"position\":1,\"name\":\"Etusivu\",\"item\":\"https:\/\/houkutteleva.fi\/sv\/\"},{\"@type\":\"ListItem\",\"position\":2,\"name\":\"Butik\",\"item\":\"https:\/\/houkutteleva.fi\/sv\/butik\/\"},{\"@type\":\"ListItem\",\"position\":3,\"name\":\"T\u00e4ytetty hilleri\"}]},{\"@type\":\"WebSite\",\"@id\":\"https:\/\/houkutteleva.fi\/sv\/#website\",\"url\":\"https:\/\/houkutteleva.fi\/sv\/\",\"name\":\"Houkutteleva\",\"description\":\"Mets\u00e4stys ja luontomatkailu Suomessa\",\"potentialAction\":[{\"@type\":\"SearchAction\",\"target\":{\"@type\":\"EntryPoint\",\"urlTemplate\":\"https:\/\/houkutteleva.fi\/sv\/?s={search_term_string}\"},\"query-input\":{\"@type\":\"PropertyValueSpecification\",\"valueRequired\":true,\"valueName\":\"search_term_string\"}}],\"inLanguage\":\"sv-SE\"}]}<\/script>\n<!-- \/ Yoast SEO plugin. -->","yoast_head_json":{"title":"T\u00e4ytetty hilleri - Houkutteleva","description":"T\u00e4ytetty n\u00e4\u00e4t\u00e4. Kysy lis\u00e4\u00e4 t\u00e4ytetyist\u00e4 el\u00e4imist\u00e4 hunting@houkutteleva.fi. Saat yhteystietoja hyvist\u00e4 t\u00e4ytt\u00e4jist\u00e4.","robots":{"index":"index","follow":"follow","max-snippet":"max-snippet:-1","max-image-preview":"max-image-preview:large","max-video-preview":"max-video-preview:-1"},"canonical":"https:\/\/houkutteleva.fi\/sv\/tuote\/taytetty-hilleri\/","og_locale":"sv_SE","og_type":"article","og_title":"T\u00e4ytetty hilleri - Houkutteleva","og_description":"T\u00e4ytetty n\u00e4\u00e4t\u00e4. Kysy lis\u00e4\u00e4 t\u00e4ytetyist\u00e4 el\u00e4imist\u00e4 hunting@houkutteleva.fi. Saat yhteystietoja hyvist\u00e4 t\u00e4ytt\u00e4jist\u00e4.","og_url":"https:\/\/houkutteleva.fi\/sv\/tuote\/taytetty-hilleri\/","og_site_name":"Houkutteleva","article_modified_time":"2026-01-28T14:49:17+00:00","og_image":[{"width":1000,"height":625,"url":"https:\/\/houkutteleva.fi\/wp-content\/uploads\/naata.jpg","type":"image\/jpeg"}],"twitter_card":"summary_large_image","twitter_misc":{"Ber\u00e4knad l\u00e4stid":"1 minut"},"schema":{"@context":"https:\/\/schema.org","@graph":[{"@type":"WebPage","@id":"https:\/\/houkutteleva.fi\/sv\/tuote\/taytetty-hilleri\/","url":"https:\/\/houkutteleva.fi\/sv\/tuote\/taytetty-hilleri\/","name":"T\u00e4ytetty hilleri - Houkutteleva","isPartOf":{"@id":"https:\/\/houkutteleva.fi\/sv\/#website"},"primaryImageOfPage":{"@id":"https:\/\/houkutteleva.fi\/sv\/tuote\/taytetty-hilleri\/#primaryimage"},"image":{"@id":"https:\/\/houkutteleva.fi\/sv\/tuote\/taytetty-hilleri\/#primaryimage"},"thumbnailUrl":"https:\/\/houkutteleva.fi\/wp-content\/uploads\/naata.jpg","datePublished":"2025-04-23T09:26:32+00:00","dateModified":"2026-01-28T14:49:17+00:00","description":"T\u00e4ytetty n\u00e4\u00e4t\u00e4. Kysy lis\u00e4\u00e4 t\u00e4ytetyist\u00e4 el\u00e4imist\u00e4 hunting@houkutteleva.fi. Saat yhteystietoja hyvist\u00e4 t\u00e4ytt\u00e4jist\u00e4.","breadcrumb":{"@id":"https:\/\/houkutteleva.fi\/sv\/tuote\/taytetty-hilleri\/#breadcrumb"},"inLanguage":"sv-SE","potentialAction":[{"@type":"ReadAction","target":["https:\/\/houkutteleva.fi\/sv\/tuote\/taytetty-hilleri\/"]}]},{"@type":"ImageObject","inLanguage":"sv-SE","@id":"https:\/\/houkutteleva.fi\/sv\/tuote\/taytetty-hilleri\/#primaryimage","url":"https:\/\/houkutteleva.fi\/wp-content\/uploads\/naata.jpg","contentUrl":"https:\/\/houkutteleva.fi\/wp-content\/uploads\/naata.jpg","width":1000,"height":625,"caption":"t\u00e4ytetty n\u00e4\u00e4t\u00e4"},{"@type":"BreadcrumbList","@id":"https:\/\/houkutteleva.fi\/sv\/tuote\/taytetty-hilleri\/#breadcrumb","itemListElement":[{"@type":"ListItem","position":1,"name":"Etusivu","item":"https:\/\/houkutteleva.fi\/sv\/"},{"@type":"ListItem","position":2,"name":"Butik","item":"https:\/\/houkutteleva.fi\/sv\/butik\/"},{"@type":"ListItem","position":3,"name":"T\u00e4ytetty hilleri"}]},{"@type":"WebSite","@id":"https:\/\/houkutteleva.fi\/sv\/#website","url":"https:\/\/houkutteleva.fi\/sv\/","name":"Houkutteleva","description":"Mets\u00e4stys ja luontomatkailu Suomessa","potentialAction":[{"@type":"SearchAction","target":{"@type":"EntryPoint","urlTemplate":"https:\/\/houkutteleva.fi\/sv\/?s={search_term_string}"},"query-input":{"@type":"PropertyValueSpecification","valueRequired":true,"valueName":"search_term_string"}}],"inLanguage":"sv-SE"}]}},"_links":{"self":[{"href":"https:\/\/houkutteleva.fi\/sv\/wp-json\/wp\/v2\/product\/1360","targetHints":{"allow":["GET"]}}],"collection":[{"href":"https:\/\/houkutteleva.fi\/sv\/wp-json\/wp\/v2\/product"}],"about":[{"href":"https:\/\/houkutteleva.fi\/sv\/wp-json\/wp\/v2\/types\/product"}],"wp:featuredmedia":[{"embeddable":true,"href":"https:\/\/houkutteleva.fi\/sv\/wp-json\/wp\/v2\/media\/1354"}],"wp:attachment":[{"href":"https:\/\/houkutteleva.fi\/sv\/wp-json\/wp\/v2\/media?parent=1360"}],"wp:term":[{"taxonomy":"product_brand","embeddable":true,"href":"https:\/\/houkutteleva.fi\/sv\/wp-json\/wp\/v2\/product_brand?post=1360"},{"taxonomy":"product_cat","embeddable":true,"href":"https:\/\/houkutteleva.fi\/sv\/wp-json\/wp\/v2\/product_cat?post=1360"},{"taxonomy":"product_tag","embeddable":true,"href":"https:\/\/houkutteleva.fi\/sv\/wp-json\/wp\/v2\/product_tag?post=1360"}],"curies":[{"name":"wp","href":"https:\/\/api.w.org\/{rel}","templated":true}]}}