{"id":1333,"date":"2025-04-03T21:23:47","date_gmt":"2025-04-03T18:23:47","guid":{"rendered":"https:\/\/houkutteleva.fi\/?post_type=product&#038;p=1333"},"modified":"2025-04-04T10:38:45","modified_gmt":"2025-04-04T07:38:45","slug":"majavan-nahkainen-kaantoliivi","status":"publish","type":"product","link":"https:\/\/houkutteleva.fi\/sv\/tuote\/majavan-nahkainen-kaantoliivi\/","title":{"rendered":"Majavan nahkainen k\u00e4\u00e4nt\u00f6liivi"},"content":{"rendered":"<p>Itselle teetetty majavan nahkainen k\u00e4\u00e4nt\u00f6liivi, k\u00e4ytt\u00e4m\u00e4t\u00f6n!<\/p>\n","protected":false},"excerpt":{"rendered":"<p>Itselle teetetty majavan nahkainen k\u00e4\u00e4nt\u00f6liivi, k\u00e4ytt\u00e4m\u00e4t\u00f6n!<\/p>\n","protected":false},"featured_media":1340,"template":"","meta":{"_et_pb_use_builder":"","_et_pb_old_content":"","_et_gb_content_width":""},"product_brand":[],"product_cat":[50],"product_tag":[59],"class_list":{"0":"post-1333","1":"product","2":"type-product","3":"status-publish","4":"has-post-thumbnail","6":"product_cat-tuotteet-metsastajalle","7":"product_tag-majavan-nahkainen-kaantoliivi","9":"first","10":"instock","11":"taxable","12":"shipping-taxable","13":"purchasable","14":"product-type-simple"},"yoast_head":"<!-- This site is optimized with the Yoast SEO plugin v26.6 - https:\/\/yoast.com\/wordpress\/plugins\/seo\/ -->\n<title>Majavan nahkainen k\u00e4\u00e4nt\u00f6liivi - Houkutteleva<\/title>\n<meta name=\"description\" content=\"Majavan nahkainen k\u00e4\u00e4nt\u00f6liivi. Itselle teetetty majavan nahkainen k\u00e4\u00e4nt\u00f6liivi, k\u00e4ytt\u00e4m\u00e4t\u00f6n!\" \/>\n<meta name=\"robots\" content=\"index, follow, max-snippet:-1, max-image-preview:large, max-video-preview:-1\" \/>\n<link rel=\"canonical\" href=\"https:\/\/houkutteleva.fi\/sv\/tuote\/majavan-nahkainen-kaantoliivi\/\" \/>\n<meta property=\"og:locale\" content=\"sv_SE\" \/>\n<meta property=\"og:type\" content=\"article\" \/>\n<meta property=\"og:title\" content=\"Majavan nahkainen k\u00e4\u00e4nt\u00f6liivi - Houkutteleva\" \/>\n<meta property=\"og:description\" content=\"Majavan nahkainen k\u00e4\u00e4nt\u00f6liivi. Itselle teetetty majavan nahkainen k\u00e4\u00e4nt\u00f6liivi, k\u00e4ytt\u00e4m\u00e4t\u00f6n!\" \/>\n<meta property=\"og:url\" content=\"https:\/\/houkutteleva.fi\/sv\/tuote\/majavan-nahkainen-kaantoliivi\/\" \/>\n<meta property=\"og:site_name\" content=\"Houkutteleva\" \/>\n<meta property=\"article:modified_time\" content=\"2025-04-04T07:38:45+00:00\" \/>\n<meta property=\"og:image\" content=\"https:\/\/houkutteleva.fi\/wp-content\/uploads\/majavanliivi-edesta_pieni.jpg\" \/>\n\t<meta property=\"og:image:width\" content=\"481\" \/>\n\t<meta property=\"og:image:height\" content=\"640\" \/>\n\t<meta property=\"og:image:type\" content=\"image\/jpeg\" \/>\n<meta name=\"twitter:card\" content=\"summary_large_image\" \/>\n<meta name=\"twitter:label1\" content=\"Ber\u00e4knad l\u00e4stid\" \/>\n\t<meta name=\"twitter:data1\" content=\"1 minut\" \/>\n<script type=\"application\/ld+json\" class=\"yoast-schema-graph\">{\"@context\":\"https:\/\/schema.org\",\"@graph\":[{\"@type\":\"WebPage\",\"@id\":\"https:\/\/houkutteleva.fi\/sv\/tuote\/majavan-nahkainen-kaantoliivi\/\",\"url\":\"https:\/\/houkutteleva.fi\/sv\/tuote\/majavan-nahkainen-kaantoliivi\/\",\"name\":\"Majavan nahkainen k\u00e4\u00e4nt\u00f6liivi - Houkutteleva\",\"isPartOf\":{\"@id\":\"https:\/\/houkutteleva.fi\/sv\/#website\"},\"primaryImageOfPage\":{\"@id\":\"https:\/\/houkutteleva.fi\/sv\/tuote\/majavan-nahkainen-kaantoliivi\/#primaryimage\"},\"image\":{\"@id\":\"https:\/\/houkutteleva.fi\/sv\/tuote\/majavan-nahkainen-kaantoliivi\/#primaryimage\"},\"thumbnailUrl\":\"https:\/\/houkutteleva.fi\/wp-content\/uploads\/majavanliivi-edesta_pieni.jpg\",\"datePublished\":\"2025-04-03T18:23:47+00:00\",\"dateModified\":\"2025-04-04T07:38:45+00:00\",\"description\":\"Majavan nahkainen k\u00e4\u00e4nt\u00f6liivi. Itselle teetetty majavan nahkainen k\u00e4\u00e4nt\u00f6liivi, k\u00e4ytt\u00e4m\u00e4t\u00f6n!\",\"breadcrumb\":{\"@id\":\"https:\/\/houkutteleva.fi\/sv\/tuote\/majavan-nahkainen-kaantoliivi\/#breadcrumb\"},\"inLanguage\":\"sv-SE\",\"potentialAction\":[{\"@type\":\"ReadAction\",\"target\":[\"https:\/\/houkutteleva.fi\/sv\/tuote\/majavan-nahkainen-kaantoliivi\/\"]}]},{\"@type\":\"ImageObject\",\"inLanguage\":\"sv-SE\",\"@id\":\"https:\/\/houkutteleva.fi\/sv\/tuote\/majavan-nahkainen-kaantoliivi\/#primaryimage\",\"url\":\"https:\/\/houkutteleva.fi\/wp-content\/uploads\/majavanliivi-edesta_pieni.jpg\",\"contentUrl\":\"https:\/\/houkutteleva.fi\/wp-content\/uploads\/majavanliivi-edesta_pieni.jpg\",\"width\":481,\"height\":640,\"caption\":\"majavanliivi\"},{\"@type\":\"BreadcrumbList\",\"@id\":\"https:\/\/houkutteleva.fi\/sv\/tuote\/majavan-nahkainen-kaantoliivi\/#breadcrumb\",\"itemListElement\":[{\"@type\":\"ListItem\",\"position\":1,\"name\":\"Etusivu\",\"item\":\"https:\/\/houkutteleva.fi\/sv\/\"},{\"@type\":\"ListItem\",\"position\":2,\"name\":\"Butik\",\"item\":\"https:\/\/houkutteleva.fi\/sv\/butik\/\"},{\"@type\":\"ListItem\",\"position\":3,\"name\":\"Majavan nahkainen k\u00e4\u00e4nt\u00f6liivi\"}]},{\"@type\":\"WebSite\",\"@id\":\"https:\/\/houkutteleva.fi\/sv\/#website\",\"url\":\"https:\/\/houkutteleva.fi\/sv\/\",\"name\":\"Houkutteleva\",\"description\":\"Mets\u00e4stys ja luontomatkailu Suomessa\",\"potentialAction\":[{\"@type\":\"SearchAction\",\"target\":{\"@type\":\"EntryPoint\",\"urlTemplate\":\"https:\/\/houkutteleva.fi\/sv\/?s={search_term_string}\"},\"query-input\":{\"@type\":\"PropertyValueSpecification\",\"valueRequired\":true,\"valueName\":\"search_term_string\"}}],\"inLanguage\":\"sv-SE\"}]}<\/script>\n<!-- \/ Yoast SEO plugin. -->","yoast_head_json":{"title":"Majavan nahkainen k\u00e4\u00e4nt\u00f6liivi - Houkutteleva","description":"Majavan nahkainen k\u00e4\u00e4nt\u00f6liivi. Itselle teetetty majavan nahkainen k\u00e4\u00e4nt\u00f6liivi, k\u00e4ytt\u00e4m\u00e4t\u00f6n!","robots":{"index":"index","follow":"follow","max-snippet":"max-snippet:-1","max-image-preview":"max-image-preview:large","max-video-preview":"max-video-preview:-1"},"canonical":"https:\/\/houkutteleva.fi\/sv\/tuote\/majavan-nahkainen-kaantoliivi\/","og_locale":"sv_SE","og_type":"article","og_title":"Majavan nahkainen k\u00e4\u00e4nt\u00f6liivi - Houkutteleva","og_description":"Majavan nahkainen k\u00e4\u00e4nt\u00f6liivi. Itselle teetetty majavan nahkainen k\u00e4\u00e4nt\u00f6liivi, k\u00e4ytt\u00e4m\u00e4t\u00f6n!","og_url":"https:\/\/houkutteleva.fi\/sv\/tuote\/majavan-nahkainen-kaantoliivi\/","og_site_name":"Houkutteleva","article_modified_time":"2025-04-04T07:38:45+00:00","og_image":[{"width":481,"height":640,"url":"https:\/\/houkutteleva.fi\/wp-content\/uploads\/majavanliivi-edesta_pieni.jpg","type":"image\/jpeg"}],"twitter_card":"summary_large_image","twitter_misc":{"Ber\u00e4knad l\u00e4stid":"1 minut"},"schema":{"@context":"https:\/\/schema.org","@graph":[{"@type":"WebPage","@id":"https:\/\/houkutteleva.fi\/sv\/tuote\/majavan-nahkainen-kaantoliivi\/","url":"https:\/\/houkutteleva.fi\/sv\/tuote\/majavan-nahkainen-kaantoliivi\/","name":"Majavan nahkainen k\u00e4\u00e4nt\u00f6liivi - Houkutteleva","isPartOf":{"@id":"https:\/\/houkutteleva.fi\/sv\/#website"},"primaryImageOfPage":{"@id":"https:\/\/houkutteleva.fi\/sv\/tuote\/majavan-nahkainen-kaantoliivi\/#primaryimage"},"image":{"@id":"https:\/\/houkutteleva.fi\/sv\/tuote\/majavan-nahkainen-kaantoliivi\/#primaryimage"},"thumbnailUrl":"https:\/\/houkutteleva.fi\/wp-content\/uploads\/majavanliivi-edesta_pieni.jpg","datePublished":"2025-04-03T18:23:47+00:00","dateModified":"2025-04-04T07:38:45+00:00","description":"Majavan nahkainen k\u00e4\u00e4nt\u00f6liivi. Itselle teetetty majavan nahkainen k\u00e4\u00e4nt\u00f6liivi, k\u00e4ytt\u00e4m\u00e4t\u00f6n!","breadcrumb":{"@id":"https:\/\/houkutteleva.fi\/sv\/tuote\/majavan-nahkainen-kaantoliivi\/#breadcrumb"},"inLanguage":"sv-SE","potentialAction":[{"@type":"ReadAction","target":["https:\/\/houkutteleva.fi\/sv\/tuote\/majavan-nahkainen-kaantoliivi\/"]}]},{"@type":"ImageObject","inLanguage":"sv-SE","@id":"https:\/\/houkutteleva.fi\/sv\/tuote\/majavan-nahkainen-kaantoliivi\/#primaryimage","url":"https:\/\/houkutteleva.fi\/wp-content\/uploads\/majavanliivi-edesta_pieni.jpg","contentUrl":"https:\/\/houkutteleva.fi\/wp-content\/uploads\/majavanliivi-edesta_pieni.jpg","width":481,"height":640,"caption":"majavanliivi"},{"@type":"BreadcrumbList","@id":"https:\/\/houkutteleva.fi\/sv\/tuote\/majavan-nahkainen-kaantoliivi\/#breadcrumb","itemListElement":[{"@type":"ListItem","position":1,"name":"Etusivu","item":"https:\/\/houkutteleva.fi\/sv\/"},{"@type":"ListItem","position":2,"name":"Butik","item":"https:\/\/houkutteleva.fi\/sv\/butik\/"},{"@type":"ListItem","position":3,"name":"Majavan nahkainen k\u00e4\u00e4nt\u00f6liivi"}]},{"@type":"WebSite","@id":"https:\/\/houkutteleva.fi\/sv\/#website","url":"https:\/\/houkutteleva.fi\/sv\/","name":"Houkutteleva","description":"Mets\u00e4stys ja luontomatkailu Suomessa","potentialAction":[{"@type":"SearchAction","target":{"@type":"EntryPoint","urlTemplate":"https:\/\/houkutteleva.fi\/sv\/?s={search_term_string}"},"query-input":{"@type":"PropertyValueSpecification","valueRequired":true,"valueName":"search_term_string"}}],"inLanguage":"sv-SE"}]}},"_links":{"self":[{"href":"https:\/\/houkutteleva.fi\/sv\/wp-json\/wp\/v2\/product\/1333","targetHints":{"allow":["GET"]}}],"collection":[{"href":"https:\/\/houkutteleva.fi\/sv\/wp-json\/wp\/v2\/product"}],"about":[{"href":"https:\/\/houkutteleva.fi\/sv\/wp-json\/wp\/v2\/types\/product"}],"wp:featuredmedia":[{"embeddable":true,"href":"https:\/\/houkutteleva.fi\/sv\/wp-json\/wp\/v2\/media\/1340"}],"wp:attachment":[{"href":"https:\/\/houkutteleva.fi\/sv\/wp-json\/wp\/v2\/media?parent=1333"}],"wp:term":[{"taxonomy":"product_brand","embeddable":true,"href":"https:\/\/houkutteleva.fi\/sv\/wp-json\/wp\/v2\/product_brand?post=1333"},{"taxonomy":"product_cat","embeddable":true,"href":"https:\/\/houkutteleva.fi\/sv\/wp-json\/wp\/v2\/product_cat?post=1333"},{"taxonomy":"product_tag","embeddable":true,"href":"https:\/\/houkutteleva.fi\/sv\/wp-json\/wp\/v2\/product_tag?post=1333"}],"curies":[{"name":"wp","href":"https:\/\/api.w.org\/{rel}","templated":true}]}}