{"id":1289,"date":"2025-01-12T19:13:01","date_gmt":"2025-01-12T17:13:01","guid":{"rendered":"https:\/\/houkutteleva.fi\/?post_type=product&#038;p=1289"},"modified":"2025-01-16T13:16:40","modified_gmt":"2025-01-16T11:16:40","slug":"mustan-karhun-kaksi-kalloa","status":"publish","type":"product","link":"https:\/\/houkutteleva.fi\/sv\/tuote\/mustan-karhun-kaksi-kalloa\/","title":{"rendered":"Kaksi mustan karhun kalloa"},"content":{"rendered":"<p>Mustan karhun kaksi kalloa<\/p>\n<p>Mustakarhu, joskus my\u00f6s kutustaan Amerikan mustakarhu tai baribali (Ursus americanus), on Pohjois-Amerikan mantereen yleisin karhulaji.<br \/>\nS\u00e4k\u00e4korkeus; 1,2\u20132,0<br \/>\nPaino; Naaras painaa 39\u2013236 kilogrammaa ja urokset 47\u2013409 kilogrammaa.<\/p>\n<p>Mustakarhu on levinnyt suurimpaan osaan mannerta Pohjois-Kanadasta ja Alaskasta Meksikoon ja Atlantin valtamerelt\u00e4 Tyynelle valtamerelle. Mustakarhut ovat kaikkiruokaisia, mutta ravinto koostuu enimm\u00e4kseen kasveista ja hy\u00f6nteisist\u00e4. Ne saalistavat selk\u00e4rankaisia l\u00e4hinn\u00e4 kun siihen on tilaisuus, etenkin kev\u00e4isin enemm\u00e4n kasviravinnon saatavuuden ollessa heikompaa<\/p>\n","protected":false},"excerpt":{"rendered":"<p>Mustan karhun kaksi kalloa Mustakarhu, joskus my\u00f6s kutustaan Amerikan mustakarhu tai baribali (Ursus americanus), on Pohjois-Amerikan mantereen yleisin karhulaji. S\u00e4k\u00e4korkeus; 1,2\u20132,0 Paino; Naaras painaa 39\u2013236 kilogrammaa ja urokset 47\u2013409 kilogrammaa. Mustakarhu on levinnyt suurimpaan osaan mannerta Pohjois-Kanadasta ja Alaskasta Meksikoon ja Atlantin valtamerelt\u00e4 Tyynelle valtamerelle. Mustakarhut ovat kaikkiruokaisia, mutta ravinto koostuu enimm\u00e4kseen kasveista ja hy\u00f6nteisist\u00e4. [&hellip;]<\/p>\n","protected":false},"featured_media":1290,"template":"","meta":{"_et_pb_use_builder":"","_et_pb_old_content":"","_et_gb_content_width":""},"product_brand":[],"product_cat":[19],"product_tag":[],"class_list":{"0":"post-1289","1":"product","2":"type-product","3":"status-publish","4":"has-post-thumbnail","6":"product_cat-trofeet","8":"first","9":"instock","10":"taxable","11":"shipping-taxable","12":"product-type-simple"},"yoast_head":"<!-- This site is optimized with the Yoast SEO plugin v26.6 - https:\/\/yoast.com\/wordpress\/plugins\/seo\/ -->\n<title>Kaksi mustan karhun kalloa - Houkutteleva<\/title>\n<meta name=\"description\" content=\"Kaksi kpl karhunkalloa\" \/>\n<meta name=\"robots\" content=\"index, follow, max-snippet:-1, max-image-preview:large, max-video-preview:-1\" \/>\n<link rel=\"canonical\" href=\"https:\/\/houkutteleva.fi\/sv\/tuote\/mustan-karhun-kaksi-kalloa\/\" \/>\n<meta property=\"og:locale\" content=\"sv_SE\" \/>\n<meta property=\"og:type\" content=\"article\" \/>\n<meta property=\"og:title\" content=\"Kaksi mustan karhun kalloa - Houkutteleva\" \/>\n<meta property=\"og:description\" content=\"Kaksi kpl karhunkalloa\" \/>\n<meta property=\"og:url\" content=\"https:\/\/houkutteleva.fi\/sv\/tuote\/mustan-karhun-kaksi-kalloa\/\" \/>\n<meta property=\"og:site_name\" content=\"Houkutteleva\" \/>\n<meta property=\"article:modified_time\" content=\"2025-01-16T11:16:40+00:00\" \/>\n<meta property=\"og:image\" content=\"https:\/\/houkutteleva.fi\/wp-content\/uploads\/mustan-karhun-molemmat-kallot.jpg\" \/>\n\t<meta property=\"og:image:width\" content=\"754\" \/>\n\t<meta property=\"og:image:height\" content=\"583\" \/>\n\t<meta property=\"og:image:type\" content=\"image\/jpeg\" \/>\n<meta name=\"twitter:card\" content=\"summary_large_image\" \/>\n<meta name=\"twitter:label1\" content=\"Ber\u00e4knad l\u00e4stid\" \/>\n\t<meta name=\"twitter:data1\" content=\"1 minut\" \/>\n<script type=\"application\/ld+json\" class=\"yoast-schema-graph\">{\"@context\":\"https:\/\/schema.org\",\"@graph\":[{\"@type\":\"WebPage\",\"@id\":\"https:\/\/houkutteleva.fi\/sv\/tuote\/mustan-karhun-kaksi-kalloa\/\",\"url\":\"https:\/\/houkutteleva.fi\/sv\/tuote\/mustan-karhun-kaksi-kalloa\/\",\"name\":\"Kaksi mustan karhun kalloa - Houkutteleva\",\"isPartOf\":{\"@id\":\"https:\/\/houkutteleva.fi\/sv\/#website\"},\"primaryImageOfPage\":{\"@id\":\"https:\/\/houkutteleva.fi\/sv\/tuote\/mustan-karhun-kaksi-kalloa\/#primaryimage\"},\"image\":{\"@id\":\"https:\/\/houkutteleva.fi\/sv\/tuote\/mustan-karhun-kaksi-kalloa\/#primaryimage\"},\"thumbnailUrl\":\"https:\/\/houkutteleva.fi\/wp-content\/uploads\/mustan-karhun-molemmat-kallot.jpg\",\"datePublished\":\"2025-01-12T17:13:01+00:00\",\"dateModified\":\"2025-01-16T11:16:40+00:00\",\"description\":\"Kaksi kpl karhunkalloa\",\"breadcrumb\":{\"@id\":\"https:\/\/houkutteleva.fi\/sv\/tuote\/mustan-karhun-kaksi-kalloa\/#breadcrumb\"},\"inLanguage\":\"sv-SE\",\"potentialAction\":[{\"@type\":\"ReadAction\",\"target\":[\"https:\/\/houkutteleva.fi\/sv\/tuote\/mustan-karhun-kaksi-kalloa\/\"]}]},{\"@type\":\"ImageObject\",\"inLanguage\":\"sv-SE\",\"@id\":\"https:\/\/houkutteleva.fi\/sv\/tuote\/mustan-karhun-kaksi-kalloa\/#primaryimage\",\"url\":\"https:\/\/houkutteleva.fi\/wp-content\/uploads\/mustan-karhun-molemmat-kallot.jpg\",\"contentUrl\":\"https:\/\/houkutteleva.fi\/wp-content\/uploads\/mustan-karhun-molemmat-kallot.jpg\",\"width\":754,\"height\":583},{\"@type\":\"BreadcrumbList\",\"@id\":\"https:\/\/houkutteleva.fi\/sv\/tuote\/mustan-karhun-kaksi-kalloa\/#breadcrumb\",\"itemListElement\":[{\"@type\":\"ListItem\",\"position\":1,\"name\":\"Etusivu\",\"item\":\"https:\/\/houkutteleva.fi\/sv\/\"},{\"@type\":\"ListItem\",\"position\":2,\"name\":\"Butik\",\"item\":\"https:\/\/houkutteleva.fi\/sv\/butik\/\"},{\"@type\":\"ListItem\",\"position\":3,\"name\":\"Kaksi mustan karhun kalloa\"}]},{\"@type\":\"WebSite\",\"@id\":\"https:\/\/houkutteleva.fi\/sv\/#website\",\"url\":\"https:\/\/houkutteleva.fi\/sv\/\",\"name\":\"Houkutteleva\",\"description\":\"Mets\u00e4stys ja luontomatkailu Suomessa\",\"potentialAction\":[{\"@type\":\"SearchAction\",\"target\":{\"@type\":\"EntryPoint\",\"urlTemplate\":\"https:\/\/houkutteleva.fi\/sv\/?s={search_term_string}\"},\"query-input\":{\"@type\":\"PropertyValueSpecification\",\"valueRequired\":true,\"valueName\":\"search_term_string\"}}],\"inLanguage\":\"sv-SE\"}]}<\/script>\n<!-- \/ Yoast SEO plugin. -->","yoast_head_json":{"title":"Kaksi mustan karhun kalloa - Houkutteleva","description":"Kaksi kpl karhunkalloa","robots":{"index":"index","follow":"follow","max-snippet":"max-snippet:-1","max-image-preview":"max-image-preview:large","max-video-preview":"max-video-preview:-1"},"canonical":"https:\/\/houkutteleva.fi\/sv\/tuote\/mustan-karhun-kaksi-kalloa\/","og_locale":"sv_SE","og_type":"article","og_title":"Kaksi mustan karhun kalloa - Houkutteleva","og_description":"Kaksi kpl karhunkalloa","og_url":"https:\/\/houkutteleva.fi\/sv\/tuote\/mustan-karhun-kaksi-kalloa\/","og_site_name":"Houkutteleva","article_modified_time":"2025-01-16T11:16:40+00:00","og_image":[{"width":754,"height":583,"url":"https:\/\/houkutteleva.fi\/wp-content\/uploads\/mustan-karhun-molemmat-kallot.jpg","type":"image\/jpeg"}],"twitter_card":"summary_large_image","twitter_misc":{"Ber\u00e4knad l\u00e4stid":"1 minut"},"schema":{"@context":"https:\/\/schema.org","@graph":[{"@type":"WebPage","@id":"https:\/\/houkutteleva.fi\/sv\/tuote\/mustan-karhun-kaksi-kalloa\/","url":"https:\/\/houkutteleva.fi\/sv\/tuote\/mustan-karhun-kaksi-kalloa\/","name":"Kaksi mustan karhun kalloa - Houkutteleva","isPartOf":{"@id":"https:\/\/houkutteleva.fi\/sv\/#website"},"primaryImageOfPage":{"@id":"https:\/\/houkutteleva.fi\/sv\/tuote\/mustan-karhun-kaksi-kalloa\/#primaryimage"},"image":{"@id":"https:\/\/houkutteleva.fi\/sv\/tuote\/mustan-karhun-kaksi-kalloa\/#primaryimage"},"thumbnailUrl":"https:\/\/houkutteleva.fi\/wp-content\/uploads\/mustan-karhun-molemmat-kallot.jpg","datePublished":"2025-01-12T17:13:01+00:00","dateModified":"2025-01-16T11:16:40+00:00","description":"Kaksi kpl karhunkalloa","breadcrumb":{"@id":"https:\/\/houkutteleva.fi\/sv\/tuote\/mustan-karhun-kaksi-kalloa\/#breadcrumb"},"inLanguage":"sv-SE","potentialAction":[{"@type":"ReadAction","target":["https:\/\/houkutteleva.fi\/sv\/tuote\/mustan-karhun-kaksi-kalloa\/"]}]},{"@type":"ImageObject","inLanguage":"sv-SE","@id":"https:\/\/houkutteleva.fi\/sv\/tuote\/mustan-karhun-kaksi-kalloa\/#primaryimage","url":"https:\/\/houkutteleva.fi\/wp-content\/uploads\/mustan-karhun-molemmat-kallot.jpg","contentUrl":"https:\/\/houkutteleva.fi\/wp-content\/uploads\/mustan-karhun-molemmat-kallot.jpg","width":754,"height":583},{"@type":"BreadcrumbList","@id":"https:\/\/houkutteleva.fi\/sv\/tuote\/mustan-karhun-kaksi-kalloa\/#breadcrumb","itemListElement":[{"@type":"ListItem","position":1,"name":"Etusivu","item":"https:\/\/houkutteleva.fi\/sv\/"},{"@type":"ListItem","position":2,"name":"Butik","item":"https:\/\/houkutteleva.fi\/sv\/butik\/"},{"@type":"ListItem","position":3,"name":"Kaksi mustan karhun kalloa"}]},{"@type":"WebSite","@id":"https:\/\/houkutteleva.fi\/sv\/#website","url":"https:\/\/houkutteleva.fi\/sv\/","name":"Houkutteleva","description":"Mets\u00e4stys ja luontomatkailu Suomessa","potentialAction":[{"@type":"SearchAction","target":{"@type":"EntryPoint","urlTemplate":"https:\/\/houkutteleva.fi\/sv\/?s={search_term_string}"},"query-input":{"@type":"PropertyValueSpecification","valueRequired":true,"valueName":"search_term_string"}}],"inLanguage":"sv-SE"}]}},"_links":{"self":[{"href":"https:\/\/houkutteleva.fi\/sv\/wp-json\/wp\/v2\/product\/1289","targetHints":{"allow":["GET"]}}],"collection":[{"href":"https:\/\/houkutteleva.fi\/sv\/wp-json\/wp\/v2\/product"}],"about":[{"href":"https:\/\/houkutteleva.fi\/sv\/wp-json\/wp\/v2\/types\/product"}],"wp:featuredmedia":[{"embeddable":true,"href":"https:\/\/houkutteleva.fi\/sv\/wp-json\/wp\/v2\/media\/1290"}],"wp:attachment":[{"href":"https:\/\/houkutteleva.fi\/sv\/wp-json\/wp\/v2\/media?parent=1289"}],"wp:term":[{"taxonomy":"product_brand","embeddable":true,"href":"https:\/\/houkutteleva.fi\/sv\/wp-json\/wp\/v2\/product_brand?post=1289"},{"taxonomy":"product_cat","embeddable":true,"href":"https:\/\/houkutteleva.fi\/sv\/wp-json\/wp\/v2\/product_cat?post=1289"},{"taxonomy":"product_tag","embeddable":true,"href":"https:\/\/houkutteleva.fi\/sv\/wp-json\/wp\/v2\/product_tag?post=1289"}],"curies":[{"name":"wp","href":"https:\/\/api.w.org\/{rel}","templated":true}]}}