{"id":1278,"date":"2025-01-08T20:25:30","date_gmt":"2025-01-08T18:25:30","guid":{"rendered":"https:\/\/houkutteleva.fi\/?post_type=product&#038;p=1278"},"modified":"2025-01-16T12:38:57","modified_gmt":"2025-01-16T10:38:57","slug":"ruskeankarhun-kallo","status":"publish","type":"product","link":"https:\/\/houkutteleva.fi\/sv\/tuote\/ruskeankarhun-kallo\/","title":{"rendered":"Ruskeankarhun kallo"},"content":{"rendered":"<p>Karhun kallo kiinnitetty alustaan<\/p>\n<p>Karhu eli ruskeakarhu (Ursus arctos) on Euroopan suurimpia petoel\u00e4imi\u00e4. Sen eri alalajeja tavataan monilla alueilla Euraasiassa ja Pohjois-Amerikassa. Karhun pituus on 135\u2013250 senttimetri\u00e4 ja paino 60\u2013300 kilogrammaa, uros on selv\u00e4sti suurempi kuin naaras. <\/p>\n<p>S\u00e4k\u00e4korkeus;\tnaaras 80\u201390 cm ja uros 90\u2013125 cm<br \/>\nPaino;\t60-360 kg<br \/>\nKarhun ruskean turkin s\u00e4vy vaihtelee melkein mustasta vaalean kellanharmaaseen.<br \/>\nKarhut nukkuvat talviunta puoli vuotta. Pennut syntyv\u00e4t talvipes\u00e4\u00e4n. Karhu on kaikkiruokainen, se sy\u00f6 paljon kasviravintoa ja varsinkin marjoja.<\/p>\n","protected":false},"excerpt":{"rendered":"<p>Karhun kallo<\/p>\n","protected":false},"featured_media":1279,"template":"","meta":{"_et_pb_use_builder":"","_et_pb_old_content":"","_et_gb_content_width":""},"product_brand":[],"product_cat":[19],"product_tag":[],"class_list":{"0":"post-1278","1":"product","2":"type-product","3":"status-publish","4":"has-post-thumbnail","6":"product_cat-trofeet","8":"first","9":"instock","10":"taxable","11":"shipping-taxable","12":"product-type-simple"},"yoast_head":"<!-- This site is optimized with the Yoast SEO plugin v26.6 - https:\/\/yoast.com\/wordpress\/plugins\/seo\/ -->\n<title>Ruskeankarhun kallo - Houkutteleva<\/title>\n<meta name=\"robots\" content=\"index, follow, max-snippet:-1, max-image-preview:large, max-video-preview:-1\" \/>\n<link rel=\"canonical\" href=\"https:\/\/houkutteleva.fi\/sv\/tuote\/ruskeankarhun-kallo\/\" \/>\n<meta property=\"og:locale\" content=\"sv_SE\" \/>\n<meta property=\"og:type\" content=\"article\" \/>\n<meta property=\"og:title\" content=\"Ruskeankarhun kallo - Houkutteleva\" \/>\n<meta property=\"og:description\" content=\"Karhun kallo\" \/>\n<meta property=\"og:url\" content=\"https:\/\/houkutteleva.fi\/sv\/tuote\/ruskeankarhun-kallo\/\" \/>\n<meta property=\"og:site_name\" content=\"Houkutteleva\" \/>\n<meta property=\"article:modified_time\" content=\"2025-01-16T10:38:57+00:00\" \/>\n<meta property=\"og:image\" content=\"https:\/\/houkutteleva.fi\/wp-content\/uploads\/Karhu-kallo-sivulta.jpg\" \/>\n\t<meta property=\"og:image:width\" content=\"676\" \/>\n\t<meta property=\"og:image:height\" content=\"526\" \/>\n\t<meta property=\"og:image:type\" content=\"image\/jpeg\" \/>\n<meta name=\"twitter:card\" content=\"summary_large_image\" \/>\n<meta name=\"twitter:label1\" content=\"Ber\u00e4knad l\u00e4stid\" \/>\n\t<meta name=\"twitter:data1\" content=\"1 minut\" \/>\n<script type=\"application\/ld+json\" class=\"yoast-schema-graph\">{\"@context\":\"https:\/\/schema.org\",\"@graph\":[{\"@type\":\"WebPage\",\"@id\":\"https:\/\/houkutteleva.fi\/sv\/tuote\/ruskeankarhun-kallo\/\",\"url\":\"https:\/\/houkutteleva.fi\/sv\/tuote\/ruskeankarhun-kallo\/\",\"name\":\"Ruskeankarhun kallo - Houkutteleva\",\"isPartOf\":{\"@id\":\"https:\/\/houkutteleva.fi\/sv\/#website\"},\"primaryImageOfPage\":{\"@id\":\"https:\/\/houkutteleva.fi\/sv\/tuote\/ruskeankarhun-kallo\/#primaryimage\"},\"image\":{\"@id\":\"https:\/\/houkutteleva.fi\/sv\/tuote\/ruskeankarhun-kallo\/#primaryimage\"},\"thumbnailUrl\":\"https:\/\/houkutteleva.fi\/wp-content\/uploads\/Karhu-kallo-sivulta.jpg\",\"datePublished\":\"2025-01-08T18:25:30+00:00\",\"dateModified\":\"2025-01-16T10:38:57+00:00\",\"breadcrumb\":{\"@id\":\"https:\/\/houkutteleva.fi\/sv\/tuote\/ruskeankarhun-kallo\/#breadcrumb\"},\"inLanguage\":\"sv-SE\",\"potentialAction\":[{\"@type\":\"ReadAction\",\"target\":[\"https:\/\/houkutteleva.fi\/sv\/tuote\/ruskeankarhun-kallo\/\"]}]},{\"@type\":\"ImageObject\",\"inLanguage\":\"sv-SE\",\"@id\":\"https:\/\/houkutteleva.fi\/sv\/tuote\/ruskeankarhun-kallo\/#primaryimage\",\"url\":\"https:\/\/houkutteleva.fi\/wp-content\/uploads\/Karhu-kallo-sivulta.jpg\",\"contentUrl\":\"https:\/\/houkutteleva.fi\/wp-content\/uploads\/Karhu-kallo-sivulta.jpg\",\"width\":676,\"height\":526},{\"@type\":\"BreadcrumbList\",\"@id\":\"https:\/\/houkutteleva.fi\/sv\/tuote\/ruskeankarhun-kallo\/#breadcrumb\",\"itemListElement\":[{\"@type\":\"ListItem\",\"position\":1,\"name\":\"Etusivu\",\"item\":\"https:\/\/houkutteleva.fi\/sv\/\"},{\"@type\":\"ListItem\",\"position\":2,\"name\":\"Butik\",\"item\":\"https:\/\/houkutteleva.fi\/sv\/butik\/\"},{\"@type\":\"ListItem\",\"position\":3,\"name\":\"Ruskeankarhun kallo\"}]},{\"@type\":\"WebSite\",\"@id\":\"https:\/\/houkutteleva.fi\/sv\/#website\",\"url\":\"https:\/\/houkutteleva.fi\/sv\/\",\"name\":\"Houkutteleva\",\"description\":\"Mets\u00e4stys ja luontomatkailu Suomessa\",\"potentialAction\":[{\"@type\":\"SearchAction\",\"target\":{\"@type\":\"EntryPoint\",\"urlTemplate\":\"https:\/\/houkutteleva.fi\/sv\/?s={search_term_string}\"},\"query-input\":{\"@type\":\"PropertyValueSpecification\",\"valueRequired\":true,\"valueName\":\"search_term_string\"}}],\"inLanguage\":\"sv-SE\"}]}<\/script>\n<!-- \/ Yoast SEO plugin. -->","yoast_head_json":{"title":"Ruskeankarhun kallo - Houkutteleva","robots":{"index":"index","follow":"follow","max-snippet":"max-snippet:-1","max-image-preview":"max-image-preview:large","max-video-preview":"max-video-preview:-1"},"canonical":"https:\/\/houkutteleva.fi\/sv\/tuote\/ruskeankarhun-kallo\/","og_locale":"sv_SE","og_type":"article","og_title":"Ruskeankarhun kallo - Houkutteleva","og_description":"Karhun kallo","og_url":"https:\/\/houkutteleva.fi\/sv\/tuote\/ruskeankarhun-kallo\/","og_site_name":"Houkutteleva","article_modified_time":"2025-01-16T10:38:57+00:00","og_image":[{"width":676,"height":526,"url":"https:\/\/houkutteleva.fi\/wp-content\/uploads\/Karhu-kallo-sivulta.jpg","type":"image\/jpeg"}],"twitter_card":"summary_large_image","twitter_misc":{"Ber\u00e4knad l\u00e4stid":"1 minut"},"schema":{"@context":"https:\/\/schema.org","@graph":[{"@type":"WebPage","@id":"https:\/\/houkutteleva.fi\/sv\/tuote\/ruskeankarhun-kallo\/","url":"https:\/\/houkutteleva.fi\/sv\/tuote\/ruskeankarhun-kallo\/","name":"Ruskeankarhun kallo - Houkutteleva","isPartOf":{"@id":"https:\/\/houkutteleva.fi\/sv\/#website"},"primaryImageOfPage":{"@id":"https:\/\/houkutteleva.fi\/sv\/tuote\/ruskeankarhun-kallo\/#primaryimage"},"image":{"@id":"https:\/\/houkutteleva.fi\/sv\/tuote\/ruskeankarhun-kallo\/#primaryimage"},"thumbnailUrl":"https:\/\/houkutteleva.fi\/wp-content\/uploads\/Karhu-kallo-sivulta.jpg","datePublished":"2025-01-08T18:25:30+00:00","dateModified":"2025-01-16T10:38:57+00:00","breadcrumb":{"@id":"https:\/\/houkutteleva.fi\/sv\/tuote\/ruskeankarhun-kallo\/#breadcrumb"},"inLanguage":"sv-SE","potentialAction":[{"@type":"ReadAction","target":["https:\/\/houkutteleva.fi\/sv\/tuote\/ruskeankarhun-kallo\/"]}]},{"@type":"ImageObject","inLanguage":"sv-SE","@id":"https:\/\/houkutteleva.fi\/sv\/tuote\/ruskeankarhun-kallo\/#primaryimage","url":"https:\/\/houkutteleva.fi\/wp-content\/uploads\/Karhu-kallo-sivulta.jpg","contentUrl":"https:\/\/houkutteleva.fi\/wp-content\/uploads\/Karhu-kallo-sivulta.jpg","width":676,"height":526},{"@type":"BreadcrumbList","@id":"https:\/\/houkutteleva.fi\/sv\/tuote\/ruskeankarhun-kallo\/#breadcrumb","itemListElement":[{"@type":"ListItem","position":1,"name":"Etusivu","item":"https:\/\/houkutteleva.fi\/sv\/"},{"@type":"ListItem","position":2,"name":"Butik","item":"https:\/\/houkutteleva.fi\/sv\/butik\/"},{"@type":"ListItem","position":3,"name":"Ruskeankarhun kallo"}]},{"@type":"WebSite","@id":"https:\/\/houkutteleva.fi\/sv\/#website","url":"https:\/\/houkutteleva.fi\/sv\/","name":"Houkutteleva","description":"Mets\u00e4stys ja luontomatkailu Suomessa","potentialAction":[{"@type":"SearchAction","target":{"@type":"EntryPoint","urlTemplate":"https:\/\/houkutteleva.fi\/sv\/?s={search_term_string}"},"query-input":{"@type":"PropertyValueSpecification","valueRequired":true,"valueName":"search_term_string"}}],"inLanguage":"sv-SE"}]}},"_links":{"self":[{"href":"https:\/\/houkutteleva.fi\/sv\/wp-json\/wp\/v2\/product\/1278","targetHints":{"allow":["GET"]}}],"collection":[{"href":"https:\/\/houkutteleva.fi\/sv\/wp-json\/wp\/v2\/product"}],"about":[{"href":"https:\/\/houkutteleva.fi\/sv\/wp-json\/wp\/v2\/types\/product"}],"wp:featuredmedia":[{"embeddable":true,"href":"https:\/\/houkutteleva.fi\/sv\/wp-json\/wp\/v2\/media\/1279"}],"wp:attachment":[{"href":"https:\/\/houkutteleva.fi\/sv\/wp-json\/wp\/v2\/media?parent=1278"}],"wp:term":[{"taxonomy":"product_brand","embeddable":true,"href":"https:\/\/houkutteleva.fi\/sv\/wp-json\/wp\/v2\/product_brand?post=1278"},{"taxonomy":"product_cat","embeddable":true,"href":"https:\/\/houkutteleva.fi\/sv\/wp-json\/wp\/v2\/product_cat?post=1278"},{"taxonomy":"product_tag","embeddable":true,"href":"https:\/\/houkutteleva.fi\/sv\/wp-json\/wp\/v2\/product_tag?post=1278"}],"curies":[{"name":"wp","href":"https:\/\/api.w.org\/{rel}","templated":true}]}}