{"id":1272,"date":"2025-01-08T20:20:53","date_gmt":"2025-01-08T18:20:53","guid":{"rendered":"https:\/\/houkutteleva.fi\/?post_type=product&#038;p=1272"},"modified":"2025-01-16T12:36:17","modified_gmt":"2025-01-16T10:36:17","slug":"villisian-talja","status":"publish","type":"product","link":"https:\/\/houkutteleva.fi\/sv\/tuote\/villisian-talja\/","title":{"rendered":"Villisian talja"},"content":{"rendered":"<p>Villisian nahka<\/p>\n<p>Villisika on yksi arvostetuimpia saaliita Euroopassa eik\u00e4 suotta. Ajomets\u00e4styksess\u00e4 t\u00e4ysikasvuinen villisika on eritt\u00e4in valpas ja onnistuu usein saamaan vainun mets\u00e4st\u00e4j\u00e4st\u00e4 ennen kuin syntyy ampumatilannetta ja varmasti moni villisikaa ruokintapaikalta kyt\u00e4nnyt on p\u00e4\u00e4ssyt kuulemaan l\u00e4hestyv\u00e4n karjun nuuhkaisut, vain joutuakseen toteamaan sen kiert\u00e4v\u00e4n tornin ja poistuvan paikalta.<\/p>\n<p>Houkutteleva j\u00e4rjest\u00e4\u00e4 villisikajahteja Tunisiassa, Virossa ja vaikka Puolassa ja Romaniassa, valitsemme alueet, jossa ajomets\u00e4stys on eritt\u00e4in hyvin organisoitua ja saalism\u00e4\u00e4r\u00e4t usein suuria. Tunisiassa, jossa villisikojen valtava koko tuo oman j\u00e4nnityksens\u00e4 jahtiin, sek\u00e4 suuret trofeet. N\u00e4iss\u00e4 maissa villisikoja voidaan mets\u00e4st\u00e4\u00e4 niin kytt\u00e4\u00e4m\u00e4ll\u00e4, kuin my\u00f6s ajomets\u00e4styksen\u00e4, ajomets\u00e4styksen ollessa kuitenkin ylivoimaisesti yleisin mets\u00e4stysmuoto.<\/p>\n","protected":false},"excerpt":{"rendered":"<p>Villisian nahka<\/p>\n","protected":false},"featured_media":1273,"template":"","meta":{"_et_pb_use_builder":"","_et_pb_old_content":"","_et_gb_content_width":""},"product_brand":[],"product_cat":[19],"product_tag":[],"class_list":{"0":"post-1272","1":"product","2":"type-product","3":"status-publish","4":"has-post-thumbnail","6":"product_cat-trofeet","8":"first","9":"instock","10":"taxable","11":"shipping-taxable","12":"product-type-simple"},"yoast_head":"<!-- This site is optimized with the Yoast SEO plugin v26.6 - https:\/\/yoast.com\/wordpress\/plugins\/seo\/ -->\n<title>Villisian talja - Houkutteleva<\/title>\n<meta name=\"robots\" content=\"index, follow, max-snippet:-1, max-image-preview:large, max-video-preview:-1\" \/>\n<link rel=\"canonical\" href=\"https:\/\/houkutteleva.fi\/sv\/tuote\/villisian-talja\/\" \/>\n<meta property=\"og:locale\" content=\"sv_SE\" \/>\n<meta property=\"og:type\" content=\"article\" \/>\n<meta property=\"og:title\" content=\"Villisian talja - Houkutteleva\" \/>\n<meta property=\"og:description\" content=\"Villisian nahka\" \/>\n<meta property=\"og:url\" content=\"https:\/\/houkutteleva.fi\/sv\/tuote\/villisian-talja\/\" \/>\n<meta property=\"og:site_name\" content=\"Houkutteleva\" \/>\n<meta property=\"article:modified_time\" content=\"2025-01-16T10:36:17+00:00\" \/>\n<meta property=\"og:image\" content=\"https:\/\/houkutteleva.fi\/wp-content\/uploads\/Villisian-talja.jpg\" \/>\n\t<meta property=\"og:image:width\" content=\"847\" \/>\n\t<meta property=\"og:image:height\" content=\"676\" \/>\n\t<meta property=\"og:image:type\" content=\"image\/jpeg\" \/>\n<meta name=\"twitter:card\" content=\"summary_large_image\" \/>\n<meta name=\"twitter:label1\" content=\"Ber\u00e4knad l\u00e4stid\" \/>\n\t<meta name=\"twitter:data1\" content=\"1 minut\" \/>\n<script type=\"application\/ld+json\" class=\"yoast-schema-graph\">{\"@context\":\"https:\/\/schema.org\",\"@graph\":[{\"@type\":\"WebPage\",\"@id\":\"https:\/\/houkutteleva.fi\/sv\/tuote\/villisian-talja\/\",\"url\":\"https:\/\/houkutteleva.fi\/sv\/tuote\/villisian-talja\/\",\"name\":\"Villisian talja - Houkutteleva\",\"isPartOf\":{\"@id\":\"https:\/\/houkutteleva.fi\/sv\/#website\"},\"primaryImageOfPage\":{\"@id\":\"https:\/\/houkutteleva.fi\/sv\/tuote\/villisian-talja\/#primaryimage\"},\"image\":{\"@id\":\"https:\/\/houkutteleva.fi\/sv\/tuote\/villisian-talja\/#primaryimage\"},\"thumbnailUrl\":\"https:\/\/houkutteleva.fi\/wp-content\/uploads\/Villisian-talja.jpg\",\"datePublished\":\"2025-01-08T18:20:53+00:00\",\"dateModified\":\"2025-01-16T10:36:17+00:00\",\"breadcrumb\":{\"@id\":\"https:\/\/houkutteleva.fi\/sv\/tuote\/villisian-talja\/#breadcrumb\"},\"inLanguage\":\"sv-SE\",\"potentialAction\":[{\"@type\":\"ReadAction\",\"target\":[\"https:\/\/houkutteleva.fi\/sv\/tuote\/villisian-talja\/\"]}]},{\"@type\":\"ImageObject\",\"inLanguage\":\"sv-SE\",\"@id\":\"https:\/\/houkutteleva.fi\/sv\/tuote\/villisian-talja\/#primaryimage\",\"url\":\"https:\/\/houkutteleva.fi\/wp-content\/uploads\/Villisian-talja.jpg\",\"contentUrl\":\"https:\/\/houkutteleva.fi\/wp-content\/uploads\/Villisian-talja.jpg\",\"width\":847,\"height\":676},{\"@type\":\"BreadcrumbList\",\"@id\":\"https:\/\/houkutteleva.fi\/sv\/tuote\/villisian-talja\/#breadcrumb\",\"itemListElement\":[{\"@type\":\"ListItem\",\"position\":1,\"name\":\"Etusivu\",\"item\":\"https:\/\/houkutteleva.fi\/sv\/\"},{\"@type\":\"ListItem\",\"position\":2,\"name\":\"Butik\",\"item\":\"https:\/\/houkutteleva.fi\/sv\/butik\/\"},{\"@type\":\"ListItem\",\"position\":3,\"name\":\"Villisian talja\"}]},{\"@type\":\"WebSite\",\"@id\":\"https:\/\/houkutteleva.fi\/sv\/#website\",\"url\":\"https:\/\/houkutteleva.fi\/sv\/\",\"name\":\"Houkutteleva\",\"description\":\"Mets\u00e4stys ja luontomatkailu Suomessa\",\"potentialAction\":[{\"@type\":\"SearchAction\",\"target\":{\"@type\":\"EntryPoint\",\"urlTemplate\":\"https:\/\/houkutteleva.fi\/sv\/?s={search_term_string}\"},\"query-input\":{\"@type\":\"PropertyValueSpecification\",\"valueRequired\":true,\"valueName\":\"search_term_string\"}}],\"inLanguage\":\"sv-SE\"}]}<\/script>\n<!-- \/ Yoast SEO plugin. -->","yoast_head_json":{"title":"Villisian talja - Houkutteleva","robots":{"index":"index","follow":"follow","max-snippet":"max-snippet:-1","max-image-preview":"max-image-preview:large","max-video-preview":"max-video-preview:-1"},"canonical":"https:\/\/houkutteleva.fi\/sv\/tuote\/villisian-talja\/","og_locale":"sv_SE","og_type":"article","og_title":"Villisian talja - Houkutteleva","og_description":"Villisian nahka","og_url":"https:\/\/houkutteleva.fi\/sv\/tuote\/villisian-talja\/","og_site_name":"Houkutteleva","article_modified_time":"2025-01-16T10:36:17+00:00","og_image":[{"width":847,"height":676,"url":"https:\/\/houkutteleva.fi\/wp-content\/uploads\/Villisian-talja.jpg","type":"image\/jpeg"}],"twitter_card":"summary_large_image","twitter_misc":{"Ber\u00e4knad l\u00e4stid":"1 minut"},"schema":{"@context":"https:\/\/schema.org","@graph":[{"@type":"WebPage","@id":"https:\/\/houkutteleva.fi\/sv\/tuote\/villisian-talja\/","url":"https:\/\/houkutteleva.fi\/sv\/tuote\/villisian-talja\/","name":"Villisian talja - Houkutteleva","isPartOf":{"@id":"https:\/\/houkutteleva.fi\/sv\/#website"},"primaryImageOfPage":{"@id":"https:\/\/houkutteleva.fi\/sv\/tuote\/villisian-talja\/#primaryimage"},"image":{"@id":"https:\/\/houkutteleva.fi\/sv\/tuote\/villisian-talja\/#primaryimage"},"thumbnailUrl":"https:\/\/houkutteleva.fi\/wp-content\/uploads\/Villisian-talja.jpg","datePublished":"2025-01-08T18:20:53+00:00","dateModified":"2025-01-16T10:36:17+00:00","breadcrumb":{"@id":"https:\/\/houkutteleva.fi\/sv\/tuote\/villisian-talja\/#breadcrumb"},"inLanguage":"sv-SE","potentialAction":[{"@type":"ReadAction","target":["https:\/\/houkutteleva.fi\/sv\/tuote\/villisian-talja\/"]}]},{"@type":"ImageObject","inLanguage":"sv-SE","@id":"https:\/\/houkutteleva.fi\/sv\/tuote\/villisian-talja\/#primaryimage","url":"https:\/\/houkutteleva.fi\/wp-content\/uploads\/Villisian-talja.jpg","contentUrl":"https:\/\/houkutteleva.fi\/wp-content\/uploads\/Villisian-talja.jpg","width":847,"height":676},{"@type":"BreadcrumbList","@id":"https:\/\/houkutteleva.fi\/sv\/tuote\/villisian-talja\/#breadcrumb","itemListElement":[{"@type":"ListItem","position":1,"name":"Etusivu","item":"https:\/\/houkutteleva.fi\/sv\/"},{"@type":"ListItem","position":2,"name":"Butik","item":"https:\/\/houkutteleva.fi\/sv\/butik\/"},{"@type":"ListItem","position":3,"name":"Villisian talja"}]},{"@type":"WebSite","@id":"https:\/\/houkutteleva.fi\/sv\/#website","url":"https:\/\/houkutteleva.fi\/sv\/","name":"Houkutteleva","description":"Mets\u00e4stys ja luontomatkailu Suomessa","potentialAction":[{"@type":"SearchAction","target":{"@type":"EntryPoint","urlTemplate":"https:\/\/houkutteleva.fi\/sv\/?s={search_term_string}"},"query-input":{"@type":"PropertyValueSpecification","valueRequired":true,"valueName":"search_term_string"}}],"inLanguage":"sv-SE"}]}},"_links":{"self":[{"href":"https:\/\/houkutteleva.fi\/sv\/wp-json\/wp\/v2\/product\/1272","targetHints":{"allow":["GET"]}}],"collection":[{"href":"https:\/\/houkutteleva.fi\/sv\/wp-json\/wp\/v2\/product"}],"about":[{"href":"https:\/\/houkutteleva.fi\/sv\/wp-json\/wp\/v2\/types\/product"}],"wp:featuredmedia":[{"embeddable":true,"href":"https:\/\/houkutteleva.fi\/sv\/wp-json\/wp\/v2\/media\/1273"}],"wp:attachment":[{"href":"https:\/\/houkutteleva.fi\/sv\/wp-json\/wp\/v2\/media?parent=1272"}],"wp:term":[{"taxonomy":"product_brand","embeddable":true,"href":"https:\/\/houkutteleva.fi\/sv\/wp-json\/wp\/v2\/product_brand?post=1272"},{"taxonomy":"product_cat","embeddable":true,"href":"https:\/\/houkutteleva.fi\/sv\/wp-json\/wp\/v2\/product_cat?post=1272"},{"taxonomy":"product_tag","embeddable":true,"href":"https:\/\/houkutteleva.fi\/sv\/wp-json\/wp\/v2\/product_tag?post=1272"}],"curies":[{"name":"wp","href":"https:\/\/api.w.org\/{rel}","templated":true}]}}