{"id":1242,"date":"2024-12-05T15:43:57","date_gmt":"2024-12-05T13:43:57","guid":{"rendered":"https:\/\/houkutteleva.fi\/?post_type=product&#038;p=1242"},"modified":"2024-12-18T10:51:54","modified_gmt":"2024-12-18T08:51:54","slug":"prscalsang-perberin-lammitin","status":"publish","type":"product","link":"https:\/\/houkutteleva.fi\/sv\/tuote\/prscalsang-perberin-lammitin\/","title":{"rendered":"Prscals\u00e5ng perberin l\u00e4mmitin"},"content":{"rendered":"<p>Prscals\u00e5ng on yksinkertaisuudessaan istuimen tai paremmin perberin l\u00e4mmitin. Se ei ole ihan vain perinteinen istuinalusta, koska se kulkee mukanasi, on aina p\u00e4in perberi\u00e4, ei karkaa tuulen mukana tai unohdu maastoon. Sen kanssa ei tarvitse etsi\u00e4 taskua, survoa reppuun tai kaivaa sit\u00e4 sielt\u00e4 joka v\u00e4liss\u00e4, kun haluat istua. Se ei kuitenkaan kuumota perberi\u00e4 koko ajan. Se roikkuu kallisarvoisen perberisi ja erityisen arvokkaiden housujesi v\u00e4liss\u00e4.<\/p>\n<p><strong>Huom! 15% hinnasta pois<\/strong> <a href=\"https:\/\/prscalsang.com\/product-category\/prscalsang-fi\/\" data-type=\"link\" data-id=\"https:\/\/prscalsang.com\/product-category\/prscalsang-fi\/\" target=\"_blank\" rel=\"noreferrer noopener\"><strong>t\u00e4st\u00e4 linkist\u00e4<\/strong><\/a> koodilla <strong><strong>HOUKUTTELEVAPERBERI<\/strong><\/strong><br \/>Kirjoita koodi kassalla kohdassa <strong>&#8221;Onko sinulla kuponki?\u00a0Paina t\u00e4st\u00e4 ja kirjoita kuponkikoodi&#8221;<\/strong><br \/>Max 4\/asiakas<\/p>\n","protected":false},"excerpt":{"rendered":"<p>Prscals\u00e5ng on yksinkertaisuudessaan istuimen tai paremmin perberin l\u00e4mmitin. <\/p>\n<p><strong>Huom! 15% hinnasta pois<\/strong> <a href=\"https:\/\/prscalsang.com\/product-category\/prscalsang-fi\/\" data-type=\"link\" data-id=\"https:\/\/prscalsang.com\/product-category\/prscalsang-fi\/\" target=\"_blank\" rel=\"noreferrer noopener\"><strong>t\u00e4st\u00e4 linkist\u00e4<\/strong><\/a> koodilla <strong>HOUKUTTELEVAPERBERI<\/strong><br \/>Kirjoita koodi kassalla kohdassa <strong>&#8221;Onko sinulla kuponki?\u00a0Paina t\u00e4st\u00e4 ja kirjoita kuponkikoodi&#8221;<\/strong><br \/>Max 4\/asiakas<\/p>\n","protected":false},"featured_media":1243,"template":"","meta":{"_et_pb_use_builder":"","_et_pb_old_content":"","_et_gb_content_width":""},"product_brand":[],"product_cat":[50],"product_tag":[57],"class_list":{"0":"post-1242","1":"product","2":"type-product","3":"status-publish","4":"has-post-thumbnail","6":"product_cat-tuotteet-metsastajalle","7":"product_tag-prscalsang-perperin-lammitin","9":"first","10":"instock","11":"taxable","12":"shipping-taxable","13":"product-type-simple"},"yoast_head":"<!-- This site is optimized with the Yoast SEO plugin v26.6 - https:\/\/yoast.com\/wordpress\/plugins\/seo\/ -->\n<title>Prscals\u00e5ng perberin l\u00e4mmitin - Houkutteleva<\/title>\n<meta name=\"robots\" content=\"index, follow, max-snippet:-1, max-image-preview:large, max-video-preview:-1\" \/>\n<link rel=\"canonical\" href=\"https:\/\/houkutteleva.fi\/sv\/tuote\/prscalsang-perberin-lammitin\/\" \/>\n<meta property=\"og:locale\" content=\"sv_SE\" \/>\n<meta property=\"og:type\" content=\"article\" \/>\n<meta property=\"og:title\" content=\"Prscals\u00e5ng perberin l\u00e4mmitin - Houkutteleva\" \/>\n<meta property=\"og:description\" content=\"Prscals\u00e5ng on yksinkertaisuudessaan istuimen tai paremmin perberin l\u00e4mmitin. Huom! 15% hinnasta pois t\u00e4st\u00e4 linkist\u00e4 koodilla HOUKUTTELEVAPERBERIKirjoita koodi kassalla kohdassa &quot;Onko sinulla kuponki?\u00a0Paina t\u00e4st\u00e4 ja kirjoita kuponkikoodi&quot;Max 4\/asiakas\" \/>\n<meta property=\"og:url\" content=\"https:\/\/houkutteleva.fi\/sv\/tuote\/prscalsang-perberin-lammitin\/\" \/>\n<meta property=\"og:site_name\" content=\"Houkutteleva\" \/>\n<meta property=\"article:modified_time\" content=\"2024-12-18T08:51:54+00:00\" \/>\n<meta property=\"og:image\" content=\"https:\/\/houkutteleva.fi\/wp-content\/uploads\/prscalsang-lampoalushousut-1.jpg\" \/>\n\t<meta property=\"og:image:width\" content=\"890\" \/>\n\t<meta property=\"og:image:height\" content=\"838\" \/>\n\t<meta property=\"og:image:type\" content=\"image\/jpeg\" \/>\n<meta name=\"twitter:card\" content=\"summary_large_image\" \/>\n<script type=\"application\/ld+json\" class=\"yoast-schema-graph\">{\"@context\":\"https:\/\/schema.org\",\"@graph\":[{\"@type\":\"WebPage\",\"@id\":\"https:\/\/houkutteleva.fi\/sv\/tuote\/prscalsang-perberin-lammitin\/\",\"url\":\"https:\/\/houkutteleva.fi\/sv\/tuote\/prscalsang-perberin-lammitin\/\",\"name\":\"Prscals\u00e5ng perberin l\u00e4mmitin - Houkutteleva\",\"isPartOf\":{\"@id\":\"https:\/\/houkutteleva.fi\/sv\/#website\"},\"primaryImageOfPage\":{\"@id\":\"https:\/\/houkutteleva.fi\/sv\/tuote\/prscalsang-perberin-lammitin\/#primaryimage\"},\"image\":{\"@id\":\"https:\/\/houkutteleva.fi\/sv\/tuote\/prscalsang-perberin-lammitin\/#primaryimage\"},\"thumbnailUrl\":\"https:\/\/houkutteleva.fi\/wp-content\/uploads\/prscalsang-lampoalushousut-1.jpg\",\"datePublished\":\"2024-12-05T13:43:57+00:00\",\"dateModified\":\"2024-12-18T08:51:54+00:00\",\"breadcrumb\":{\"@id\":\"https:\/\/houkutteleva.fi\/sv\/tuote\/prscalsang-perberin-lammitin\/#breadcrumb\"},\"inLanguage\":\"sv-SE\",\"potentialAction\":[{\"@type\":\"ReadAction\",\"target\":[\"https:\/\/houkutteleva.fi\/sv\/tuote\/prscalsang-perberin-lammitin\/\"]}]},{\"@type\":\"ImageObject\",\"inLanguage\":\"sv-SE\",\"@id\":\"https:\/\/houkutteleva.fi\/sv\/tuote\/prscalsang-perberin-lammitin\/#primaryimage\",\"url\":\"https:\/\/houkutteleva.fi\/wp-content\/uploads\/prscalsang-lampoalushousut-1.jpg\",\"contentUrl\":\"https:\/\/houkutteleva.fi\/wp-content\/uploads\/prscalsang-lampoalushousut-1.jpg\",\"width\":890,\"height\":838,\"caption\":\"prscalsang l\u00e4mp\u00f6alushousut 1\"},{\"@type\":\"BreadcrumbList\",\"@id\":\"https:\/\/houkutteleva.fi\/sv\/tuote\/prscalsang-perberin-lammitin\/#breadcrumb\",\"itemListElement\":[{\"@type\":\"ListItem\",\"position\":1,\"name\":\"Etusivu\",\"item\":\"https:\/\/houkutteleva.fi\/sv\/\"},{\"@type\":\"ListItem\",\"position\":2,\"name\":\"Butik\",\"item\":\"https:\/\/houkutteleva.fi\/sv\/butik\/\"},{\"@type\":\"ListItem\",\"position\":3,\"name\":\"Prscals\u00e5ng perberin l\u00e4mmitin\"}]},{\"@type\":\"WebSite\",\"@id\":\"https:\/\/houkutteleva.fi\/sv\/#website\",\"url\":\"https:\/\/houkutteleva.fi\/sv\/\",\"name\":\"Houkutteleva\",\"description\":\"Mets\u00e4stys ja luontomatkailu Suomessa\",\"potentialAction\":[{\"@type\":\"SearchAction\",\"target\":{\"@type\":\"EntryPoint\",\"urlTemplate\":\"https:\/\/houkutteleva.fi\/sv\/?s={search_term_string}\"},\"query-input\":{\"@type\":\"PropertyValueSpecification\",\"valueRequired\":true,\"valueName\":\"search_term_string\"}}],\"inLanguage\":\"sv-SE\"}]}<\/script>\n<!-- \/ Yoast SEO plugin. -->","yoast_head_json":{"title":"Prscals\u00e5ng perberin l\u00e4mmitin - Houkutteleva","robots":{"index":"index","follow":"follow","max-snippet":"max-snippet:-1","max-image-preview":"max-image-preview:large","max-video-preview":"max-video-preview:-1"},"canonical":"https:\/\/houkutteleva.fi\/sv\/tuote\/prscalsang-perberin-lammitin\/","og_locale":"sv_SE","og_type":"article","og_title":"Prscals\u00e5ng perberin l\u00e4mmitin - Houkutteleva","og_description":"Prscals\u00e5ng on yksinkertaisuudessaan istuimen tai paremmin perberin l\u00e4mmitin. Huom! 15% hinnasta pois t\u00e4st\u00e4 linkist\u00e4 koodilla HOUKUTTELEVAPERBERIKirjoita koodi kassalla kohdassa \"Onko sinulla kuponki?\u00a0Paina t\u00e4st\u00e4 ja kirjoita kuponkikoodi\"Max 4\/asiakas","og_url":"https:\/\/houkutteleva.fi\/sv\/tuote\/prscalsang-perberin-lammitin\/","og_site_name":"Houkutteleva","article_modified_time":"2024-12-18T08:51:54+00:00","og_image":[{"width":890,"height":838,"url":"https:\/\/houkutteleva.fi\/wp-content\/uploads\/prscalsang-lampoalushousut-1.jpg","type":"image\/jpeg"}],"twitter_card":"summary_large_image","schema":{"@context":"https:\/\/schema.org","@graph":[{"@type":"WebPage","@id":"https:\/\/houkutteleva.fi\/sv\/tuote\/prscalsang-perberin-lammitin\/","url":"https:\/\/houkutteleva.fi\/sv\/tuote\/prscalsang-perberin-lammitin\/","name":"Prscals\u00e5ng perberin l\u00e4mmitin - Houkutteleva","isPartOf":{"@id":"https:\/\/houkutteleva.fi\/sv\/#website"},"primaryImageOfPage":{"@id":"https:\/\/houkutteleva.fi\/sv\/tuote\/prscalsang-perberin-lammitin\/#primaryimage"},"image":{"@id":"https:\/\/houkutteleva.fi\/sv\/tuote\/prscalsang-perberin-lammitin\/#primaryimage"},"thumbnailUrl":"https:\/\/houkutteleva.fi\/wp-content\/uploads\/prscalsang-lampoalushousut-1.jpg","datePublished":"2024-12-05T13:43:57+00:00","dateModified":"2024-12-18T08:51:54+00:00","breadcrumb":{"@id":"https:\/\/houkutteleva.fi\/sv\/tuote\/prscalsang-perberin-lammitin\/#breadcrumb"},"inLanguage":"sv-SE","potentialAction":[{"@type":"ReadAction","target":["https:\/\/houkutteleva.fi\/sv\/tuote\/prscalsang-perberin-lammitin\/"]}]},{"@type":"ImageObject","inLanguage":"sv-SE","@id":"https:\/\/houkutteleva.fi\/sv\/tuote\/prscalsang-perberin-lammitin\/#primaryimage","url":"https:\/\/houkutteleva.fi\/wp-content\/uploads\/prscalsang-lampoalushousut-1.jpg","contentUrl":"https:\/\/houkutteleva.fi\/wp-content\/uploads\/prscalsang-lampoalushousut-1.jpg","width":890,"height":838,"caption":"prscalsang l\u00e4mp\u00f6alushousut 1"},{"@type":"BreadcrumbList","@id":"https:\/\/houkutteleva.fi\/sv\/tuote\/prscalsang-perberin-lammitin\/#breadcrumb","itemListElement":[{"@type":"ListItem","position":1,"name":"Etusivu","item":"https:\/\/houkutteleva.fi\/sv\/"},{"@type":"ListItem","position":2,"name":"Butik","item":"https:\/\/houkutteleva.fi\/sv\/butik\/"},{"@type":"ListItem","position":3,"name":"Prscals\u00e5ng perberin l\u00e4mmitin"}]},{"@type":"WebSite","@id":"https:\/\/houkutteleva.fi\/sv\/#website","url":"https:\/\/houkutteleva.fi\/sv\/","name":"Houkutteleva","description":"Mets\u00e4stys ja luontomatkailu Suomessa","potentialAction":[{"@type":"SearchAction","target":{"@type":"EntryPoint","urlTemplate":"https:\/\/houkutteleva.fi\/sv\/?s={search_term_string}"},"query-input":{"@type":"PropertyValueSpecification","valueRequired":true,"valueName":"search_term_string"}}],"inLanguage":"sv-SE"}]}},"_links":{"self":[{"href":"https:\/\/houkutteleva.fi\/sv\/wp-json\/wp\/v2\/product\/1242","targetHints":{"allow":["GET"]}}],"collection":[{"href":"https:\/\/houkutteleva.fi\/sv\/wp-json\/wp\/v2\/product"}],"about":[{"href":"https:\/\/houkutteleva.fi\/sv\/wp-json\/wp\/v2\/types\/product"}],"wp:featuredmedia":[{"embeddable":true,"href":"https:\/\/houkutteleva.fi\/sv\/wp-json\/wp\/v2\/media\/1243"}],"wp:attachment":[{"href":"https:\/\/houkutteleva.fi\/sv\/wp-json\/wp\/v2\/media?parent=1242"}],"wp:term":[{"taxonomy":"product_brand","embeddable":true,"href":"https:\/\/houkutteleva.fi\/sv\/wp-json\/wp\/v2\/product_brand?post=1242"},{"taxonomy":"product_cat","embeddable":true,"href":"https:\/\/houkutteleva.fi\/sv\/wp-json\/wp\/v2\/product_cat?post=1242"},{"taxonomy":"product_tag","embeddable":true,"href":"https:\/\/houkutteleva.fi\/sv\/wp-json\/wp\/v2\/product_tag?post=1242"}],"curies":[{"name":"wp","href":"https:\/\/api.w.org\/{rel}","templated":true}]}}