{"id":1181,"date":"2024-11-21T19:18:35","date_gmt":"2024-11-21T17:18:35","guid":{"rendered":"https:\/\/houkutteleva.fi\/?post_type=product&#038;p=1181"},"modified":"2024-11-21T19:33:37","modified_gmt":"2024-11-21T17:33:37","slug":"tuubihuivi-oranssin-varinen","status":"publish","type":"product","link":"https:\/\/houkutteleva.fi\/sv\/tuote\/tuubihuivi-oranssin-varinen\/","title":{"rendered":"Tuubihuivi, oranssin v\u00e4rinen"},"content":{"rendered":"<p>Putkihuivi, jota voit k\u00e4ytt\u00e4\u00e4 kuten haluat ja vain mielikuvituksesi on rajana.<br \/>Mets\u00e4st\u00e4jille ja muille er\u00e4k\u00e4vij\u00f6ille suojav\u00e4ri\u00e4. <br \/>Huivia voit k\u00e4ytt\u00e4\u00e4 my\u00f6s; hikipantana, pakkassuojana poskille ja kaulalle, ponilenkkin\u00e4 hiuksissa, tyynyliinana ja vaikka kyp\u00e4r\u00e4n alusena.<\/p>\n","protected":false},"excerpt":{"rendered":"<p>Houkuttelevan monik\u00e4ytt\u00f6inen tuubihuivi, joka on tehty nopeasti kuivuvasta materiaalista.\u00a0<br \/>Voidaan k\u00e4ytt\u00e4\u00e4 my\u00f6s p\u00e4\u00e4hineen\u00e4, peitt\u00e4\u00e4 muu p\u00e4\u00e4hine tai maskina. Valmistettu ainutlaatuisesta omasta naamiokuvioidusta kankaasta.\u00a0<\/p>\n","protected":false},"featured_media":1182,"template":"","meta":{"_et_pb_use_builder":"","_et_pb_old_content":"","_et_gb_content_width":""},"product_brand":[],"product_cat":[50],"product_tag":[],"class_list":{"0":"post-1181","1":"product","2":"type-product","3":"status-publish","4":"has-post-thumbnail","6":"product_cat-tuotteet-metsastajalle","8":"first","9":"instock","10":"taxable","11":"shipping-taxable","12":"purchasable","13":"product-type-simple"},"yoast_head":"<!-- This site is optimized with the Yoast SEO plugin v26.6 - https:\/\/yoast.com\/wordpress\/plugins\/seo\/ -->\n<title>Tuubihuivi, oranssin v\u00e4rinen - Houkutteleva<\/title>\n<meta name=\"robots\" content=\"index, follow, max-snippet:-1, max-image-preview:large, max-video-preview:-1\" \/>\n<link rel=\"canonical\" href=\"https:\/\/houkutteleva.fi\/sv\/tuote\/tuubihuivi-oranssin-varinen\/\" \/>\n<meta property=\"og:locale\" content=\"sv_SE\" \/>\n<meta property=\"og:type\" content=\"article\" \/>\n<meta property=\"og:title\" content=\"Tuubihuivi, oranssin v\u00e4rinen - Houkutteleva\" \/>\n<meta property=\"og:description\" content=\"Houkuttelevan monik\u00e4ytt\u00f6inen tuubihuivi, joka on tehty nopeasti kuivuvasta materiaalista.\u00a0Voidaan k\u00e4ytt\u00e4\u00e4 my\u00f6s p\u00e4\u00e4hineen\u00e4, peitt\u00e4\u00e4 muu p\u00e4\u00e4hine tai maskina. Valmistettu ainutlaatuisesta omasta naamiokuvioidusta kankaasta.\u00a0\" \/>\n<meta property=\"og:url\" content=\"https:\/\/houkutteleva.fi\/sv\/tuote\/tuubihuivi-oranssin-varinen\/\" \/>\n<meta property=\"og:site_name\" content=\"Houkutteleva\" \/>\n<meta property=\"article:modified_time\" content=\"2024-11-21T17:33:37+00:00\" \/>\n<meta property=\"og:image\" content=\"https:\/\/houkutteleva.fi\/wp-content\/uploads\/Putkihuivi.jpg\" \/>\n\t<meta property=\"og:image:width\" content=\"265\" \/>\n\t<meta property=\"og:image:height\" content=\"525\" \/>\n\t<meta property=\"og:image:type\" content=\"image\/jpeg\" \/>\n<meta name=\"twitter:card\" content=\"summary_large_image\" \/>\n<script type=\"application\/ld+json\" class=\"yoast-schema-graph\">{\"@context\":\"https:\/\/schema.org\",\"@graph\":[{\"@type\":\"WebPage\",\"@id\":\"https:\/\/houkutteleva.fi\/sv\/tuote\/tuubihuivi-oranssin-varinen\/\",\"url\":\"https:\/\/houkutteleva.fi\/sv\/tuote\/tuubihuivi-oranssin-varinen\/\",\"name\":\"Tuubihuivi, oranssin v\u00e4rinen - Houkutteleva\",\"isPartOf\":{\"@id\":\"https:\/\/houkutteleva.fi\/sv\/#website\"},\"primaryImageOfPage\":{\"@id\":\"https:\/\/houkutteleva.fi\/sv\/tuote\/tuubihuivi-oranssin-varinen\/#primaryimage\"},\"image\":{\"@id\":\"https:\/\/houkutteleva.fi\/sv\/tuote\/tuubihuivi-oranssin-varinen\/#primaryimage\"},\"thumbnailUrl\":\"https:\/\/houkutteleva.fi\/wp-content\/uploads\/Putkihuivi.jpg\",\"datePublished\":\"2024-11-21T17:18:35+00:00\",\"dateModified\":\"2024-11-21T17:33:37+00:00\",\"breadcrumb\":{\"@id\":\"https:\/\/houkutteleva.fi\/sv\/tuote\/tuubihuivi-oranssin-varinen\/#breadcrumb\"},\"inLanguage\":\"sv-SE\",\"potentialAction\":[{\"@type\":\"ReadAction\",\"target\":[\"https:\/\/houkutteleva.fi\/sv\/tuote\/tuubihuivi-oranssin-varinen\/\"]}]},{\"@type\":\"ImageObject\",\"inLanguage\":\"sv-SE\",\"@id\":\"https:\/\/houkutteleva.fi\/sv\/tuote\/tuubihuivi-oranssin-varinen\/#primaryimage\",\"url\":\"https:\/\/houkutteleva.fi\/wp-content\/uploads\/Putkihuivi.jpg\",\"contentUrl\":\"https:\/\/houkutteleva.fi\/wp-content\/uploads\/Putkihuivi.jpg\",\"width\":265,\"height\":525},{\"@type\":\"BreadcrumbList\",\"@id\":\"https:\/\/houkutteleva.fi\/sv\/tuote\/tuubihuivi-oranssin-varinen\/#breadcrumb\",\"itemListElement\":[{\"@type\":\"ListItem\",\"position\":1,\"name\":\"Etusivu\",\"item\":\"https:\/\/houkutteleva.fi\/sv\/\"},{\"@type\":\"ListItem\",\"position\":2,\"name\":\"Butik\",\"item\":\"https:\/\/houkutteleva.fi\/sv\/butik\/\"},{\"@type\":\"ListItem\",\"position\":3,\"name\":\"Tuubihuivi, oranssin v\u00e4rinen\"}]},{\"@type\":\"WebSite\",\"@id\":\"https:\/\/houkutteleva.fi\/sv\/#website\",\"url\":\"https:\/\/houkutteleva.fi\/sv\/\",\"name\":\"Houkutteleva\",\"description\":\"Mets\u00e4stys ja luontomatkailu Suomessa\",\"potentialAction\":[{\"@type\":\"SearchAction\",\"target\":{\"@type\":\"EntryPoint\",\"urlTemplate\":\"https:\/\/houkutteleva.fi\/sv\/?s={search_term_string}\"},\"query-input\":{\"@type\":\"PropertyValueSpecification\",\"valueRequired\":true,\"valueName\":\"search_term_string\"}}],\"inLanguage\":\"sv-SE\"}]}<\/script>\n<!-- \/ Yoast SEO plugin. -->","yoast_head_json":{"title":"Tuubihuivi, oranssin v\u00e4rinen - Houkutteleva","robots":{"index":"index","follow":"follow","max-snippet":"max-snippet:-1","max-image-preview":"max-image-preview:large","max-video-preview":"max-video-preview:-1"},"canonical":"https:\/\/houkutteleva.fi\/sv\/tuote\/tuubihuivi-oranssin-varinen\/","og_locale":"sv_SE","og_type":"article","og_title":"Tuubihuivi, oranssin v\u00e4rinen - Houkutteleva","og_description":"Houkuttelevan monik\u00e4ytt\u00f6inen tuubihuivi, joka on tehty nopeasti kuivuvasta materiaalista.\u00a0Voidaan k\u00e4ytt\u00e4\u00e4 my\u00f6s p\u00e4\u00e4hineen\u00e4, peitt\u00e4\u00e4 muu p\u00e4\u00e4hine tai maskina. Valmistettu ainutlaatuisesta omasta naamiokuvioidusta kankaasta.\u00a0","og_url":"https:\/\/houkutteleva.fi\/sv\/tuote\/tuubihuivi-oranssin-varinen\/","og_site_name":"Houkutteleva","article_modified_time":"2024-11-21T17:33:37+00:00","og_image":[{"width":265,"height":525,"url":"https:\/\/houkutteleva.fi\/wp-content\/uploads\/Putkihuivi.jpg","type":"image\/jpeg"}],"twitter_card":"summary_large_image","schema":{"@context":"https:\/\/schema.org","@graph":[{"@type":"WebPage","@id":"https:\/\/houkutteleva.fi\/sv\/tuote\/tuubihuivi-oranssin-varinen\/","url":"https:\/\/houkutteleva.fi\/sv\/tuote\/tuubihuivi-oranssin-varinen\/","name":"Tuubihuivi, oranssin v\u00e4rinen - Houkutteleva","isPartOf":{"@id":"https:\/\/houkutteleva.fi\/sv\/#website"},"primaryImageOfPage":{"@id":"https:\/\/houkutteleva.fi\/sv\/tuote\/tuubihuivi-oranssin-varinen\/#primaryimage"},"image":{"@id":"https:\/\/houkutteleva.fi\/sv\/tuote\/tuubihuivi-oranssin-varinen\/#primaryimage"},"thumbnailUrl":"https:\/\/houkutteleva.fi\/wp-content\/uploads\/Putkihuivi.jpg","datePublished":"2024-11-21T17:18:35+00:00","dateModified":"2024-11-21T17:33:37+00:00","breadcrumb":{"@id":"https:\/\/houkutteleva.fi\/sv\/tuote\/tuubihuivi-oranssin-varinen\/#breadcrumb"},"inLanguage":"sv-SE","potentialAction":[{"@type":"ReadAction","target":["https:\/\/houkutteleva.fi\/sv\/tuote\/tuubihuivi-oranssin-varinen\/"]}]},{"@type":"ImageObject","inLanguage":"sv-SE","@id":"https:\/\/houkutteleva.fi\/sv\/tuote\/tuubihuivi-oranssin-varinen\/#primaryimage","url":"https:\/\/houkutteleva.fi\/wp-content\/uploads\/Putkihuivi.jpg","contentUrl":"https:\/\/houkutteleva.fi\/wp-content\/uploads\/Putkihuivi.jpg","width":265,"height":525},{"@type":"BreadcrumbList","@id":"https:\/\/houkutteleva.fi\/sv\/tuote\/tuubihuivi-oranssin-varinen\/#breadcrumb","itemListElement":[{"@type":"ListItem","position":1,"name":"Etusivu","item":"https:\/\/houkutteleva.fi\/sv\/"},{"@type":"ListItem","position":2,"name":"Butik","item":"https:\/\/houkutteleva.fi\/sv\/butik\/"},{"@type":"ListItem","position":3,"name":"Tuubihuivi, oranssin v\u00e4rinen"}]},{"@type":"WebSite","@id":"https:\/\/houkutteleva.fi\/sv\/#website","url":"https:\/\/houkutteleva.fi\/sv\/","name":"Houkutteleva","description":"Mets\u00e4stys ja luontomatkailu Suomessa","potentialAction":[{"@type":"SearchAction","target":{"@type":"EntryPoint","urlTemplate":"https:\/\/houkutteleva.fi\/sv\/?s={search_term_string}"},"query-input":{"@type":"PropertyValueSpecification","valueRequired":true,"valueName":"search_term_string"}}],"inLanguage":"sv-SE"}]}},"_links":{"self":[{"href":"https:\/\/houkutteleva.fi\/sv\/wp-json\/wp\/v2\/product\/1181","targetHints":{"allow":["GET"]}}],"collection":[{"href":"https:\/\/houkutteleva.fi\/sv\/wp-json\/wp\/v2\/product"}],"about":[{"href":"https:\/\/houkutteleva.fi\/sv\/wp-json\/wp\/v2\/types\/product"}],"wp:featuredmedia":[{"embeddable":true,"href":"https:\/\/houkutteleva.fi\/sv\/wp-json\/wp\/v2\/media\/1182"}],"wp:attachment":[{"href":"https:\/\/houkutteleva.fi\/sv\/wp-json\/wp\/v2\/media?parent=1181"}],"wp:term":[{"taxonomy":"product_brand","embeddable":true,"href":"https:\/\/houkutteleva.fi\/sv\/wp-json\/wp\/v2\/product_brand?post=1181"},{"taxonomy":"product_cat","embeddable":true,"href":"https:\/\/houkutteleva.fi\/sv\/wp-json\/wp\/v2\/product_cat?post=1181"},{"taxonomy":"product_tag","embeddable":true,"href":"https:\/\/houkutteleva.fi\/sv\/wp-json\/wp\/v2\/product_tag?post=1181"}],"curies":[{"name":"wp","href":"https:\/\/api.w.org\/{rel}","templated":true}]}}