{"id":1178,"date":"2024-11-21T18:47:49","date_gmt":"2024-11-21T16:47:49","guid":{"rendered":"https:\/\/houkutteleva.fi\/?post_type=product&#038;p=1178"},"modified":"2024-11-21T19:33:53","modified_gmt":"2024-11-21T17:33:53","slug":"tuulensuunnan-osoittava-jauhe","status":"publish","type":"product","link":"https:\/\/houkutteleva.fi\/sv\/tuote\/tuulensuunnan-osoittava-jauhe\/","title":{"rendered":"Tuulensuunnan osoittava jauhe"},"content":{"rendered":"<p>Paikalliset olosuhteet muuttuvat usein ja siksi sinun on syyt\u00e4 tarkistaa mist\u00e4 suunnasta todellisuudessa tuulee!<\/p>\n","protected":false},"excerpt":{"rendered":"<p>HME-tuulensuunta testerill\u00e4 tarkistat hiipiess\u00e4si tai passittaessasi vallitsevan tuulensuunnan nopeasti ja k\u00e4tev\u00e4sti. Tracker n\u00e4ytt\u00e4\u00e4 suuntaa antavasti, mutta t\u00e4m\u00e4 on varasti paikallinen ja paikansa pit\u00e4v\u00e4. Purista pullosta hienojakoinen jauhe ilmavirran viet\u00e4v\u00e4ksi. Pullon pienikoko tekee k\u00e4yt\u00f6st\u00e4 helppoa ja nopeaa. Suosittelemme tuotetta ampumapassissa oleville, jousimets\u00e4st\u00e4jille ja houkuttelumets\u00e4st\u00e4jille = kaikille!<\/p>\n","protected":false},"featured_media":1179,"template":"","meta":{"_et_pb_use_builder":"","_et_pb_old_content":"","_et_gb_content_width":""},"product_brand":[],"product_cat":[50],"product_tag":[],"class_list":{"0":"post-1178","1":"product","2":"type-product","3":"status-publish","4":"has-post-thumbnail","6":"product_cat-tuotteet-metsastajalle","8":"first","9":"instock","10":"taxable","11":"shipping-taxable","12":"purchasable","13":"product-type-simple"},"yoast_head":"<!-- This site is optimized with the Yoast SEO plugin v26.6 - https:\/\/yoast.com\/wordpress\/plugins\/seo\/ -->\n<title>Tuulensuunnan osoittava jauhe - Houkutteleva<\/title>\n<meta name=\"robots\" content=\"index, follow, max-snippet:-1, max-image-preview:large, max-video-preview:-1\" \/>\n<link rel=\"canonical\" href=\"https:\/\/houkutteleva.fi\/sv\/tuote\/tuulensuunnan-osoittava-jauhe\/\" \/>\n<meta property=\"og:locale\" content=\"sv_SE\" \/>\n<meta property=\"og:type\" content=\"article\" \/>\n<meta property=\"og:title\" content=\"Tuulensuunnan osoittava jauhe - Houkutteleva\" \/>\n<meta property=\"og:description\" content=\"HME-tuulensuunta testerill\u00e4 tarkistat hiipiess\u00e4si tai passittaessasi vallitsevan tuulensuunnan nopeasti ja k\u00e4tev\u00e4sti. Tracker n\u00e4ytt\u00e4\u00e4 suuntaa antavasti, mutta t\u00e4m\u00e4 on varasti paikallinen ja paikansa pit\u00e4v\u00e4. Purista pullosta hienojakoinen jauhe ilmavirran viet\u00e4v\u00e4ksi. Pullon pienikoko tekee k\u00e4yt\u00f6st\u00e4 helppoa ja nopeaa. Suosittelemme tuotetta ampumapassissa oleville, jousimets\u00e4st\u00e4jille ja houkuttelumets\u00e4st\u00e4jille = kaikille!\" \/>\n<meta property=\"og:url\" content=\"https:\/\/houkutteleva.fi\/sv\/tuote\/tuulensuunnan-osoittava-jauhe\/\" \/>\n<meta property=\"og:site_name\" content=\"Houkutteleva\" \/>\n<meta property=\"article:modified_time\" content=\"2024-11-21T17:33:53+00:00\" \/>\n<meta property=\"og:image\" content=\"https:\/\/houkutteleva.fi\/wp-content\/uploads\/Tuulensuunta-indigaattori.jpg\" \/>\n\t<meta property=\"og:image:width\" content=\"337\" \/>\n\t<meta property=\"og:image:height\" content=\"658\" \/>\n\t<meta property=\"og:image:type\" content=\"image\/jpeg\" \/>\n<meta name=\"twitter:card\" content=\"summary_large_image\" \/>\n<script type=\"application\/ld+json\" class=\"yoast-schema-graph\">{\"@context\":\"https:\/\/schema.org\",\"@graph\":[{\"@type\":\"WebPage\",\"@id\":\"https:\/\/houkutteleva.fi\/sv\/tuote\/tuulensuunnan-osoittava-jauhe\/\",\"url\":\"https:\/\/houkutteleva.fi\/sv\/tuote\/tuulensuunnan-osoittava-jauhe\/\",\"name\":\"Tuulensuunnan osoittava jauhe - Houkutteleva\",\"isPartOf\":{\"@id\":\"https:\/\/houkutteleva.fi\/sv\/#website\"},\"primaryImageOfPage\":{\"@id\":\"https:\/\/houkutteleva.fi\/sv\/tuote\/tuulensuunnan-osoittava-jauhe\/#primaryimage\"},\"image\":{\"@id\":\"https:\/\/houkutteleva.fi\/sv\/tuote\/tuulensuunnan-osoittava-jauhe\/#primaryimage\"},\"thumbnailUrl\":\"https:\/\/houkutteleva.fi\/wp-content\/uploads\/Tuulensuunta-indigaattori.jpg\",\"datePublished\":\"2024-11-21T16:47:49+00:00\",\"dateModified\":\"2024-11-21T17:33:53+00:00\",\"breadcrumb\":{\"@id\":\"https:\/\/houkutteleva.fi\/sv\/tuote\/tuulensuunnan-osoittava-jauhe\/#breadcrumb\"},\"inLanguage\":\"sv-SE\",\"potentialAction\":[{\"@type\":\"ReadAction\",\"target\":[\"https:\/\/houkutteleva.fi\/sv\/tuote\/tuulensuunnan-osoittava-jauhe\/\"]}]},{\"@type\":\"ImageObject\",\"inLanguage\":\"sv-SE\",\"@id\":\"https:\/\/houkutteleva.fi\/sv\/tuote\/tuulensuunnan-osoittava-jauhe\/#primaryimage\",\"url\":\"https:\/\/houkutteleva.fi\/wp-content\/uploads\/Tuulensuunta-indigaattori.jpg\",\"contentUrl\":\"https:\/\/houkutteleva.fi\/wp-content\/uploads\/Tuulensuunta-indigaattori.jpg\",\"width\":337,\"height\":658},{\"@type\":\"BreadcrumbList\",\"@id\":\"https:\/\/houkutteleva.fi\/sv\/tuote\/tuulensuunnan-osoittava-jauhe\/#breadcrumb\",\"itemListElement\":[{\"@type\":\"ListItem\",\"position\":1,\"name\":\"Etusivu\",\"item\":\"https:\/\/houkutteleva.fi\/sv\/\"},{\"@type\":\"ListItem\",\"position\":2,\"name\":\"Butik\",\"item\":\"https:\/\/houkutteleva.fi\/sv\/butik\/\"},{\"@type\":\"ListItem\",\"position\":3,\"name\":\"Tuulensuunnan osoittava jauhe\"}]},{\"@type\":\"WebSite\",\"@id\":\"https:\/\/houkutteleva.fi\/sv\/#website\",\"url\":\"https:\/\/houkutteleva.fi\/sv\/\",\"name\":\"Houkutteleva\",\"description\":\"Mets\u00e4stys ja luontomatkailu Suomessa\",\"potentialAction\":[{\"@type\":\"SearchAction\",\"target\":{\"@type\":\"EntryPoint\",\"urlTemplate\":\"https:\/\/houkutteleva.fi\/sv\/?s={search_term_string}\"},\"query-input\":{\"@type\":\"PropertyValueSpecification\",\"valueRequired\":true,\"valueName\":\"search_term_string\"}}],\"inLanguage\":\"sv-SE\"}]}<\/script>\n<!-- \/ Yoast SEO plugin. -->","yoast_head_json":{"title":"Tuulensuunnan osoittava jauhe - Houkutteleva","robots":{"index":"index","follow":"follow","max-snippet":"max-snippet:-1","max-image-preview":"max-image-preview:large","max-video-preview":"max-video-preview:-1"},"canonical":"https:\/\/houkutteleva.fi\/sv\/tuote\/tuulensuunnan-osoittava-jauhe\/","og_locale":"sv_SE","og_type":"article","og_title":"Tuulensuunnan osoittava jauhe - Houkutteleva","og_description":"HME-tuulensuunta testerill\u00e4 tarkistat hiipiess\u00e4si tai passittaessasi vallitsevan tuulensuunnan nopeasti ja k\u00e4tev\u00e4sti. Tracker n\u00e4ytt\u00e4\u00e4 suuntaa antavasti, mutta t\u00e4m\u00e4 on varasti paikallinen ja paikansa pit\u00e4v\u00e4. Purista pullosta hienojakoinen jauhe ilmavirran viet\u00e4v\u00e4ksi. Pullon pienikoko tekee k\u00e4yt\u00f6st\u00e4 helppoa ja nopeaa. Suosittelemme tuotetta ampumapassissa oleville, jousimets\u00e4st\u00e4jille ja houkuttelumets\u00e4st\u00e4jille = kaikille!","og_url":"https:\/\/houkutteleva.fi\/sv\/tuote\/tuulensuunnan-osoittava-jauhe\/","og_site_name":"Houkutteleva","article_modified_time":"2024-11-21T17:33:53+00:00","og_image":[{"width":337,"height":658,"url":"https:\/\/houkutteleva.fi\/wp-content\/uploads\/Tuulensuunta-indigaattori.jpg","type":"image\/jpeg"}],"twitter_card":"summary_large_image","schema":{"@context":"https:\/\/schema.org","@graph":[{"@type":"WebPage","@id":"https:\/\/houkutteleva.fi\/sv\/tuote\/tuulensuunnan-osoittava-jauhe\/","url":"https:\/\/houkutteleva.fi\/sv\/tuote\/tuulensuunnan-osoittava-jauhe\/","name":"Tuulensuunnan osoittava jauhe - Houkutteleva","isPartOf":{"@id":"https:\/\/houkutteleva.fi\/sv\/#website"},"primaryImageOfPage":{"@id":"https:\/\/houkutteleva.fi\/sv\/tuote\/tuulensuunnan-osoittava-jauhe\/#primaryimage"},"image":{"@id":"https:\/\/houkutteleva.fi\/sv\/tuote\/tuulensuunnan-osoittava-jauhe\/#primaryimage"},"thumbnailUrl":"https:\/\/houkutteleva.fi\/wp-content\/uploads\/Tuulensuunta-indigaattori.jpg","datePublished":"2024-11-21T16:47:49+00:00","dateModified":"2024-11-21T17:33:53+00:00","breadcrumb":{"@id":"https:\/\/houkutteleva.fi\/sv\/tuote\/tuulensuunnan-osoittava-jauhe\/#breadcrumb"},"inLanguage":"sv-SE","potentialAction":[{"@type":"ReadAction","target":["https:\/\/houkutteleva.fi\/sv\/tuote\/tuulensuunnan-osoittava-jauhe\/"]}]},{"@type":"ImageObject","inLanguage":"sv-SE","@id":"https:\/\/houkutteleva.fi\/sv\/tuote\/tuulensuunnan-osoittava-jauhe\/#primaryimage","url":"https:\/\/houkutteleva.fi\/wp-content\/uploads\/Tuulensuunta-indigaattori.jpg","contentUrl":"https:\/\/houkutteleva.fi\/wp-content\/uploads\/Tuulensuunta-indigaattori.jpg","width":337,"height":658},{"@type":"BreadcrumbList","@id":"https:\/\/houkutteleva.fi\/sv\/tuote\/tuulensuunnan-osoittava-jauhe\/#breadcrumb","itemListElement":[{"@type":"ListItem","position":1,"name":"Etusivu","item":"https:\/\/houkutteleva.fi\/sv\/"},{"@type":"ListItem","position":2,"name":"Butik","item":"https:\/\/houkutteleva.fi\/sv\/butik\/"},{"@type":"ListItem","position":3,"name":"Tuulensuunnan osoittava jauhe"}]},{"@type":"WebSite","@id":"https:\/\/houkutteleva.fi\/sv\/#website","url":"https:\/\/houkutteleva.fi\/sv\/","name":"Houkutteleva","description":"Mets\u00e4stys ja luontomatkailu Suomessa","potentialAction":[{"@type":"SearchAction","target":{"@type":"EntryPoint","urlTemplate":"https:\/\/houkutteleva.fi\/sv\/?s={search_term_string}"},"query-input":{"@type":"PropertyValueSpecification","valueRequired":true,"valueName":"search_term_string"}}],"inLanguage":"sv-SE"}]}},"_links":{"self":[{"href":"https:\/\/houkutteleva.fi\/sv\/wp-json\/wp\/v2\/product\/1178","targetHints":{"allow":["GET"]}}],"collection":[{"href":"https:\/\/houkutteleva.fi\/sv\/wp-json\/wp\/v2\/product"}],"about":[{"href":"https:\/\/houkutteleva.fi\/sv\/wp-json\/wp\/v2\/types\/product"}],"wp:featuredmedia":[{"embeddable":true,"href":"https:\/\/houkutteleva.fi\/sv\/wp-json\/wp\/v2\/media\/1179"}],"wp:attachment":[{"href":"https:\/\/houkutteleva.fi\/sv\/wp-json\/wp\/v2\/media?parent=1178"}],"wp:term":[{"taxonomy":"product_brand","embeddable":true,"href":"https:\/\/houkutteleva.fi\/sv\/wp-json\/wp\/v2\/product_brand?post=1178"},{"taxonomy":"product_cat","embeddable":true,"href":"https:\/\/houkutteleva.fi\/sv\/wp-json\/wp\/v2\/product_cat?post=1178"},{"taxonomy":"product_tag","embeddable":true,"href":"https:\/\/houkutteleva.fi\/sv\/wp-json\/wp\/v2\/product_tag?post=1178"}],"curies":[{"name":"wp","href":"https:\/\/api.w.org\/{rel}","templated":true}]}}